{"id":8432,"date":"2026-04-07T19:44:37","date_gmt":"2026-04-07T19:44:37","guid":{"rendered":"https:\/\/aglow.org\/falar-em-linguas\/"},"modified":"2026-04-23T20:58:40","modified_gmt":"2026-04-23T20:58:40","slug":"falar-em-linguas","status":"publish","type":"page","link":"https:\/\/aglow.org\/pt-pt\/falar-em-linguas\/","title":{"rendered":"Falar em l\u00ednguas"},"content":{"rendered":"\n<h1>\n\t\t\tEsp\u00edrito Santo e a Linguagem Governamental Linguagem do C\u00e9u\t<\/h1>\n\t<p>Desde o in\u00edcio da Aglow, um requisito para aqueles em posi\u00e7\u00f5es de lideran\u00e7a \u00e9 serem cheios do Esp\u00edrito Santo com a evid\u00eancia de falar em l\u00ednguas. Pedimos e recebemos permiss\u00e3o de Tim Sheets, da Igreja Oasis, para usar uma mensagem que ele proferiu intitulada &#8220;O Dom que Ele Prometeu&#8221;. Reserve um tempo para ler esta mensagem e refletir sobre o Dom que Deus deu ao Seu povo. Voc\u00ea encontrar\u00e1 perguntas para discuss\u00e3o que aprofundar\u00e3o sua compreens\u00e3o da necessidade de os crentes orarem diariamente no Esp\u00edrito.<\/p>\n<ul>\n<li><a href=\"https:\/\/aglow.org\/wp-content\/uploads\/2026\/04\/2025-The-Gift-He-Promised-with-discussion-questions-Tim-Sheets-PT.pdf\" target=\"_blank\" rel=\"noopener\">O Presente que Ele Prometeu &#8211; Tim Sheets (Com Perguntas para Discuss\u00e3o)<\/a><\/li>\n<li><a href=\"https:\/\/aglow.org\/wp-content\/uploads\/2026\/04\/2025-The-Gift-He-Promised-Tim-Sheets-PT.pdf\" target=\"_blank\" rel=\"noopener\">O Presente que Ele Prometeu &#8211; Tim Sheets (Sem Perguntas para Discuss\u00e3o)<\/a><\/li>\n<li><a href=\"https:\/\/aglow.org\/wp-content\/uploads\/2026\/04\/2025-The-Gift-He-Promised-Discussion-Questions-Tim-Sheets-PT.pdf\" target=\"_blank\" rel=\"noopener\">O Presente que Ele Prometeu &#8211; Tim Sheets (Perguntas para Discuss\u00e3o)<\/a><\/li>\n<\/ul>\n<figure itemscope itemtype=\"https:\/\/schema.org\/ImageObject\">\n\t\t\t\t<img decoding=\"async\" src=\"https:\/\/aglow.org\/wp-content\/uploads\/2025\/08\/Tongues-pt.jpg\" alt=\"Tongues-pt\" height=\"800\" width=\"800\" title=\"Tongues-pt\" onerror=\"this.style.display='none'\" loading=\"lazy\" \/>\n\t<\/figure>\n\n","protected":false},"excerpt":{"rendered":"<p>Esp\u00edrito Santo e a Linguagem Governamental Linguagem do C\u00e9u Desde o in\u00edcio da Aglow, um requisito para aqueles em posi\u00e7\u00f5es de lideran\u00e7a \u00e9 serem cheios do Esp\u00edrito Santo com a evid\u00eancia de falar em l\u00ednguas. Pedimos e recebemos permiss\u00e3o de Tim Sheets, da Igreja Oasis, para usar uma mensagem que ele proferiu intitulada &#8220;O Dom&hellip;<\/p>\n","protected":false},"author":9,"featured_media":0,"parent":0,"menu_order":0,"comment_status":"closed","ping_status":"closed","template":"","meta":{"footnotes":""},"class_list":["post-8432","page","type-page","status-publish","hentry"],"yoast_head":"<!-- This site is optimized with the Yoast SEO plugin v27.4 - https:\/\/yoast.com\/product\/yoast-seo-wordpress\/ -->\n<title>Falar em l\u00ednguas - Aglow International<\/title>\n<meta name=\"robots\" content=\"index, follow, max-snippet:-1, max-image-preview:large, max-video-preview:-1\" \/>\n<link rel=\"canonical\" href=\"https:\/\/aglow.org\/pt-pt\/falar-em-linguas\/\" \/>\n<meta property=\"og:locale\" content=\"pt_PT\" \/>\n<meta property=\"og:type\" content=\"article\" \/>\n<meta property=\"og:title\" content=\"Falar em l\u00ednguas - Aglow International\" \/>\n<meta property=\"og:description\" content=\"Esp\u00edrito Santo e a Linguagem Governamental Linguagem do C\u00e9u Desde o in\u00edcio da Aglow, um requisito para aqueles em posi\u00e7\u00f5es de lideran\u00e7a \u00e9 serem cheios do Esp\u00edrito Santo com a evid\u00eancia de falar em l\u00ednguas. Pedimos e recebemos permiss\u00e3o de Tim Sheets, da Igreja Oasis, para usar uma mensagem que ele proferiu intitulada &#8220;O Dom&hellip;\" \/>\n<meta property=\"og:url\" content=\"https:\/\/aglow.org\/pt-pt\/falar-em-linguas\/\" \/>\n<meta property=\"og:site_name\" content=\"Aglow International\" \/>\n<meta property=\"article:modified_time\" content=\"2026-04-23T20:58:40+00:00\" \/>\n<meta property=\"og:image\" content=\"https:\/\/aglow.org\/wp-content\/uploads\/2025\/08\/Tongues-pt.jpg\" \/>\n<meta name=\"twitter:card\" content=\"summary_large_image\" \/>\n<meta name=\"twitter:label1\" content=\"Tempo estimado de leitura\" \/>\n\t<meta name=\"twitter:data1\" content=\"1 minuto\" \/>\n<script type=\"application\/ld+json\" class=\"yoast-schema-graph\">{\"@context\":\"https:\\\/\\\/schema.org\",\"@graph\":[{\"@type\":\"WebPage\",\"@id\":\"https:\\\/\\\/aglow.org\\\/pt-pt\\\/falar-em-linguas\\\/\",\"url\":\"https:\\\/\\\/aglow.org\\\/pt-pt\\\/falar-em-linguas\\\/\",\"name\":\"Falar em l\u00ednguas - Aglow International\",\"isPartOf\":{\"@id\":\"https:\\\/\\\/aglow.org\\\/pt-pt\\\/#website\"},\"primaryImageOfPage\":{\"@id\":\"https:\\\/\\\/aglow.org\\\/pt-pt\\\/falar-em-linguas\\\/#primaryimage\"},\"image\":{\"@id\":\"https:\\\/\\\/aglow.org\\\/pt-pt\\\/falar-em-linguas\\\/#primaryimage\"},\"thumbnailUrl\":\"https:\\\/\\\/aglow.org\\\/wp-content\\\/uploads\\\/2025\\\/08\\\/Tongues-pt.jpg\",\"datePublished\":\"2026-04-07T19:44:37+00:00\",\"dateModified\":\"2026-04-23T20:58:40+00:00\",\"breadcrumb\":{\"@id\":\"https:\\\/\\\/aglow.org\\\/pt-pt\\\/falar-em-linguas\\\/#breadcrumb\"},\"inLanguage\":\"pt-PT\",\"potentialAction\":[{\"@type\":\"ReadAction\",\"target\":[\"https:\\\/\\\/aglow.org\\\/pt-pt\\\/falar-em-linguas\\\/\"]}]},{\"@type\":\"ImageObject\",\"inLanguage\":\"pt-PT\",\"@id\":\"https:\\\/\\\/aglow.org\\\/pt-pt\\\/falar-em-linguas\\\/#primaryimage\",\"url\":\"https:\\\/\\\/aglow.org\\\/wp-content\\\/uploads\\\/2025\\\/08\\\/Tongues-pt.jpg\",\"contentUrl\":\"https:\\\/\\\/aglow.org\\\/wp-content\\\/uploads\\\/2025\\\/08\\\/Tongues-pt.jpg\"},{\"@type\":\"BreadcrumbList\",\"@id\":\"https:\\\/\\\/aglow.org\\\/pt-pt\\\/falar-em-linguas\\\/#breadcrumb\",\"itemListElement\":[{\"@type\":\"ListItem\",\"position\":1,\"name\":\"Home\",\"item\":\"https:\\\/\\\/aglow.org\\\/pt-pt\\\/\"},{\"@type\":\"ListItem\",\"position\":2,\"name\":\"Falar em l\u00ednguas\"}]},{\"@type\":\"WebSite\",\"@id\":\"https:\\\/\\\/aglow.org\\\/pt-pt\\\/#website\",\"url\":\"https:\\\/\\\/aglow.org\\\/pt-pt\\\/\",\"name\":\"Aglow International\",\"description\":\"\",\"publisher\":{\"@id\":\"https:\\\/\\\/aglow.org\\\/pt-pt\\\/#organization\"},\"potentialAction\":[{\"@type\":\"SearchAction\",\"target\":{\"@type\":\"EntryPoint\",\"urlTemplate\":\"https:\\\/\\\/aglow.org\\\/pt-pt\\\/?s={search_term_string}\"},\"query-input\":{\"@type\":\"PropertyValueSpecification\",\"valueRequired\":true,\"valueName\":\"search_term_string\"}}],\"inLanguage\":\"pt-PT\"},{\"@type\":\"Organization\",\"@id\":\"https:\\\/\\\/aglow.org\\\/pt-pt\\\/#organization\",\"name\":\"Aglow International\",\"url\":\"https:\\\/\\\/aglow.org\\\/pt-pt\\\/\",\"logo\":{\"@type\":\"ImageObject\",\"inLanguage\":\"pt-PT\",\"@id\":\"https:\\\/\\\/aglow.org\\\/pt-pt\\\/#\\\/schema\\\/logo\\\/image\\\/\",\"url\":\"https:\\\/\\\/aglow.org\\\/wp-content\\\/uploads\\\/2025\\\/04\\\/Aglow_logo_orange_800px.png\",\"contentUrl\":\"https:\\\/\\\/aglow.org\\\/wp-content\\\/uploads\\\/2025\\\/04\\\/Aglow_logo_orange_800px.png\",\"width\":800,\"height\":302,\"caption\":\"Aglow International\"},\"image\":{\"@id\":\"https:\\\/\\\/aglow.org\\\/pt-pt\\\/#\\\/schema\\\/logo\\\/image\\\/\"}}]}<\/script>\n<!-- \/ Yoast SEO plugin. -->","yoast_head_json":{"title":"Falar em l\u00ednguas - Aglow International","robots":{"index":"index","follow":"follow","max-snippet":"max-snippet:-1","max-image-preview":"max-image-preview:large","max-video-preview":"max-video-preview:-1"},"canonical":"https:\/\/aglow.org\/pt-pt\/falar-em-linguas\/","og_locale":"pt_PT","og_type":"article","og_title":"Falar em l\u00ednguas - Aglow International","og_description":"Esp\u00edrito Santo e a Linguagem Governamental Linguagem do C\u00e9u Desde o in\u00edcio da Aglow, um requisito para aqueles em posi\u00e7\u00f5es de lideran\u00e7a \u00e9 serem cheios do Esp\u00edrito Santo com a evid\u00eancia de falar em l\u00ednguas. Pedimos e recebemos permiss\u00e3o de Tim Sheets, da Igreja Oasis, para usar uma mensagem que ele proferiu intitulada &#8220;O Dom&hellip;","og_url":"https:\/\/aglow.org\/pt-pt\/falar-em-linguas\/","og_site_name":"Aglow International","article_modified_time":"2026-04-23T20:58:40+00:00","og_image":[{"url":"https:\/\/aglow.org\/wp-content\/uploads\/2025\/08\/Tongues-pt.jpg","type":"","width":"","height":""}],"twitter_card":"summary_large_image","twitter_misc":{"Tempo estimado de leitura":"1 minuto"},"schema":{"@context":"https:\/\/schema.org","@graph":[{"@type":"WebPage","@id":"https:\/\/aglow.org\/pt-pt\/falar-em-linguas\/","url":"https:\/\/aglow.org\/pt-pt\/falar-em-linguas\/","name":"Falar em l\u00ednguas - Aglow International","isPartOf":{"@id":"https:\/\/aglow.org\/pt-pt\/#website"},"primaryImageOfPage":{"@id":"https:\/\/aglow.org\/pt-pt\/falar-em-linguas\/#primaryimage"},"image":{"@id":"https:\/\/aglow.org\/pt-pt\/falar-em-linguas\/#primaryimage"},"thumbnailUrl":"https:\/\/aglow.org\/wp-content\/uploads\/2025\/08\/Tongues-pt.jpg","datePublished":"2026-04-07T19:44:37+00:00","dateModified":"2026-04-23T20:58:40+00:00","breadcrumb":{"@id":"https:\/\/aglow.org\/pt-pt\/falar-em-linguas\/#breadcrumb"},"inLanguage":"pt-PT","potentialAction":[{"@type":"ReadAction","target":["https:\/\/aglow.org\/pt-pt\/falar-em-linguas\/"]}]},{"@type":"ImageObject","inLanguage":"pt-PT","@id":"https:\/\/aglow.org\/pt-pt\/falar-em-linguas\/#primaryimage","url":"https:\/\/aglow.org\/wp-content\/uploads\/2025\/08\/Tongues-pt.jpg","contentUrl":"https:\/\/aglow.org\/wp-content\/uploads\/2025\/08\/Tongues-pt.jpg"},{"@type":"BreadcrumbList","@id":"https:\/\/aglow.org\/pt-pt\/falar-em-linguas\/#breadcrumb","itemListElement":[{"@type":"ListItem","position":1,"name":"Home","item":"https:\/\/aglow.org\/pt-pt\/"},{"@type":"ListItem","position":2,"name":"Falar em l\u00ednguas"}]},{"@type":"WebSite","@id":"https:\/\/aglow.org\/pt-pt\/#website","url":"https:\/\/aglow.org\/pt-pt\/","name":"Aglow International","description":"","publisher":{"@id":"https:\/\/aglow.org\/pt-pt\/#organization"},"potentialAction":[{"@type":"SearchAction","target":{"@type":"EntryPoint","urlTemplate":"https:\/\/aglow.org\/pt-pt\/?s={search_term_string}"},"query-input":{"@type":"PropertyValueSpecification","valueRequired":true,"valueName":"search_term_string"}}],"inLanguage":"pt-PT"},{"@type":"Organization","@id":"https:\/\/aglow.org\/pt-pt\/#organization","name":"Aglow International","url":"https:\/\/aglow.org\/pt-pt\/","logo":{"@type":"ImageObject","inLanguage":"pt-PT","@id":"https:\/\/aglow.org\/pt-pt\/#\/schema\/logo\/image\/","url":"https:\/\/aglow.org\/wp-content\/uploads\/2025\/04\/Aglow_logo_orange_800px.png","contentUrl":"https:\/\/aglow.org\/wp-content\/uploads\/2025\/04\/Aglow_logo_orange_800px.png","width":800,"height":302,"caption":"Aglow International"},"image":{"@id":"https:\/\/aglow.org\/pt-pt\/#\/schema\/logo\/image\/"}}]}},"_links":{"self":[{"href":"https:\/\/aglow.org\/pt-pt\/wp-json\/wp\/v2\/pages\/8432","targetHints":{"allow":["GET"]}}],"collection":[{"href":"https:\/\/aglow.org\/pt-pt\/wp-json\/wp\/v2\/pages"}],"about":[{"href":"https:\/\/aglow.org\/pt-pt\/wp-json\/wp\/v2\/types\/page"}],"author":[{"embeddable":true,"href":"https:\/\/aglow.org\/pt-pt\/wp-json\/wp\/v2\/users\/9"}],"replies":[{"embeddable":true,"href":"https:\/\/aglow.org\/pt-pt\/wp-json\/wp\/v2\/comments?post=8432"}],"version-history":[{"count":3,"href":"https:\/\/aglow.org\/pt-pt\/wp-json\/wp\/v2\/pages\/8432\/revisions"}],"predecessor-version":[{"id":8445,"href":"https:\/\/aglow.org\/pt-pt\/wp-json\/wp\/v2\/pages\/8432\/revisions\/8445"}],"wp:attachment":[{"href":"https:\/\/aglow.org\/pt-pt\/wp-json\/wp\/v2\/media?parent=8432"}],"curies":[{"name":"wp","href":"https:\/\/api.w.org\/{rel}","templated":true}]}}