{"id":7704,"date":"2026-03-12T19:12:33","date_gmt":"2026-03-12T19:12:33","guid":{"rendered":"https:\/\/aglow.org\/decreto-declarem-proclame\/"},"modified":"2026-03-12T20:25:12","modified_gmt":"2026-03-12T20:25:12","slug":"decreto-declarem-proclame","status":"publish","type":"page","link":"https:\/\/aglow.org\/pt-pt\/decreto-declarem-proclame\/","title":{"rendered":"Decreto! Declarem! Proclame!"},"content":{"rendered":"\n<h1>\n\t\t\tDecreto! Declarem! Proclame!  \t<\/h1>\n\t<p>Em nossa Confer\u00eancia do Jubileu Aglow, Graham Cooke nos desafiou a conectar nossa intercess\u00e3o \u00e0 promessa e ao prop\u00f3sito. Ao fazermos isso, oramos ora\u00e7\u00f5es poderosas do Reino, de proclama\u00e7\u00e3o, declara\u00e7\u00e3o e decreto. <\/p>\n<p>Ultimamente, me fizeram essa pergunta v\u00e1rias vezes: &#8220;Qual a diferen\u00e7a entre proclama\u00e7\u00e3o, declara\u00e7\u00e3o e decreto quando oramos?&#8221; \u00d3tima pergunta! <\/p>\n<p>No momento de fazer &#8220;ora\u00e7\u00f5es de proclama\u00e7\u00e3o&#8221;, costumo usar essas palavras como sin\u00f4nimos. No entanto, quando paro para refletir e elaborar minha ora\u00e7\u00e3o com mais cuidado, percebo nuances de significado. Embora provavelmente pud\u00e9ssemos encontrar in\u00fameros livros e artigos que explicassem isso de forma completa e perspicaz, aqui est\u00e3o algumas breves descri\u00e7\u00f5es que considero \u00fateis.  <\/p>\n<h2>Decreto<\/h2>\n<p>Este \u00e9 um termo mais jur\u00eddico. \u00c9 uma ordem que estabelece algo legalmente. Trata-se de alinhar as coisas na Terra com o C\u00e9u, trazendo o governo, a lei ou a regra do C\u00e9u para a Terra. \u00c9 uma express\u00e3o do governo do Reino de Deus para alinhar, transformar ou at\u00e9 mesmo invadir a Terra e os sistemas do mundo com a majestade de Deus.   <\/p>\n<p>Que tal se fiz\u00e9ssemos um simples decreto pedindo a gra\u00e7a de Deus sobre a Aglow International? Parece uma \u00f3tima ora\u00e7\u00e3o! <\/p>\n<h3>Decretamos a gra\u00e7a de Deus sobre a Aglow International.<\/h3>\n<p>Esta \u00e9 uma ora\u00e7\u00e3o que alinha Aglow com o favor de Deus e renuncia a tudo que se op\u00f5e a esse favor. Isso estabelece firmemente que o favor de Deus est\u00e1 sobre Aglow. <\/p>\n<h2>Declarar<\/h2>\n<p>Uma declara\u00e7\u00e3o anuncia apoio total a algo ou deixa nossa posi\u00e7\u00e3o clara. Vamos transformar nossa ora\u00e7\u00e3o pela gra\u00e7a de Deus sobre a Aglow International em uma declara\u00e7\u00e3o. <\/p>\n<h3>Declaramos a gra\u00e7a de Deus sobre a Aglow International.<\/h3>\n<p>Esta ora\u00e7\u00e3o diz: &#8220;Senhor, Tu disseste que o Teu favor est\u00e1 sobre Aglow. Tu derramaste favor sobre favor, sobre favor, sobre favor, sobre Aglow. Portanto, nos levantamos em plena concord\u00e2ncia com o Teu favor. Permanecemos totalmente no Teu favor. Esta \u00e9 a nossa posi\u00e7\u00e3o clara: o favor de Deus est\u00e1 sobre n\u00f3s! Nada nos abalar\u00e1 nem nos separar\u00e1 do Teu favor!&#8221;<\/p>\n<h2>Proclamar<\/h2>\n<p>Isto serve para fazer um forte an\u00fancio p\u00fablico.<\/p>\n<p>Uma proclama\u00e7\u00e3o \u00e9 um forte an\u00fancio p\u00fablico. Uma proclama\u00e7\u00e3o remove qualquer d\u00favida, afirma nossa concord\u00e2ncia com a Divindade e nos fortalece em nossa posi\u00e7\u00e3o espiritual. Uma proclama\u00e7\u00e3o libera a luz da verdade de Deus para expor o engano e dissipar as trevas. Uma proclama\u00e7\u00e3o anuncia na Terra o que o C\u00e9u j\u00e1 decretou. Uma proclama\u00e7\u00e3o do favor de Deus sobre a Aglow International poderia soar assim:    <\/p>\n<h3>Proclamamos a gra\u00e7a de Deus sobre a Aglow.<\/h3>\n<p>Esta ora\u00e7\u00e3o \u00e9 um an\u00fancio p\u00fablico do favor de Deus sobre n\u00f3s, que nos traz alegria, liberdade e confian\u00e7a, ao mesmo tempo que aprisiona e paralisa o inimigo.<\/p>\n<p>Vamos continuar a nos fortalecer e crescer na intercess\u00e3o do Reino. Oro para que uma revela\u00e7\u00e3o profunda e capacita\u00e7\u00e3o venham pelo Esp\u00edrito Santo enquanto continuamos a meditar nas palavras que Deus nos deu. <\/p>\n<p>Father, what are You decreeing from Heaven to earth? We are aligning our proclamations, declarations, and decrees with Yours! Truly, Your Kingdom come, and Your will be done on earth as it is in Heaven.  <\/p>\n\n","protected":false},"excerpt":{"rendered":"<p>Decreto! Declarem! Proclame! Em nossa Confer\u00eancia do Jubileu Aglow, Graham Cooke nos desafiou a conectar nossa intercess\u00e3o \u00e0 promessa e ao prop\u00f3sito. Ao fazermos isso, oramos ora\u00e7\u00f5es poderosas do Reino, de proclama\u00e7\u00e3o, declara\u00e7\u00e3o e decreto. Ultimamente, me fizeram essa pergunta v\u00e1rias vezes: &#8220;Qual a diferen\u00e7a entre proclama\u00e7\u00e3o, declara\u00e7\u00e3o e decreto quando oramos?&#8221; \u00d3tima pergunta! No&hellip;<\/p>\n","protected":false},"author":9,"featured_media":0,"parent":0,"menu_order":0,"comment_status":"closed","ping_status":"closed","template":"","meta":{"footnotes":""},"class_list":["post-7704","page","type-page","status-publish","hentry"],"yoast_head":"<!-- This site is optimized with the Yoast SEO plugin v27.3 - https:\/\/yoast.com\/product\/yoast-seo-wordpress\/ -->\n<title>Decreto! Declarem! Proclame! - Aglow International<\/title>\n<meta name=\"robots\" content=\"index, follow, max-snippet:-1, max-image-preview:large, max-video-preview:-1\" \/>\n<link rel=\"canonical\" href=\"https:\/\/aglow.org\/pt-pt\/decreto-declarem-proclame\/\" \/>\n<meta property=\"og:locale\" content=\"pt_PT\" \/>\n<meta property=\"og:type\" content=\"article\" \/>\n<meta property=\"og:title\" content=\"Decreto! Declarem! Proclame! - Aglow International\" \/>\n<meta property=\"og:description\" content=\"Decreto! Declarem! Proclame! Em nossa Confer\u00eancia do Jubileu Aglow, Graham Cooke nos desafiou a conectar nossa intercess\u00e3o \u00e0 promessa e ao prop\u00f3sito. Ao fazermos isso, oramos ora\u00e7\u00f5es poderosas do Reino, de proclama\u00e7\u00e3o, declara\u00e7\u00e3o e decreto. Ultimamente, me fizeram essa pergunta v\u00e1rias vezes: &#8220;Qual a diferen\u00e7a entre proclama\u00e7\u00e3o, declara\u00e7\u00e3o e decreto quando oramos?&#8221; \u00d3tima pergunta! No&hellip;\" \/>\n<meta property=\"og:url\" content=\"https:\/\/aglow.org\/pt-pt\/decreto-declarem-proclame\/\" \/>\n<meta property=\"og:site_name\" content=\"Aglow International\" \/>\n<meta property=\"article:modified_time\" content=\"2026-03-12T20:25:12+00:00\" \/>\n<meta name=\"twitter:card\" content=\"summary_large_image\" \/>\n<meta name=\"twitter:label1\" content=\"Tempo estimado de leitura\" \/>\n\t<meta name=\"twitter:data1\" content=\"3 minutos\" \/>\n<script type=\"application\/ld+json\" class=\"yoast-schema-graph\">{\"@context\":\"https:\\\/\\\/schema.org\",\"@graph\":[{\"@type\":\"WebPage\",\"@id\":\"https:\\\/\\\/aglow.org\\\/pt-pt\\\/decreto-declarem-proclame\\\/\",\"url\":\"https:\\\/\\\/aglow.org\\\/pt-pt\\\/decreto-declarem-proclame\\\/\",\"name\":\"Decreto! Declarem! Proclame! - Aglow International\",\"isPartOf\":{\"@id\":\"https:\\\/\\\/aglow.org\\\/pt-pt\\\/#website\"},\"datePublished\":\"2026-03-12T19:12:33+00:00\",\"dateModified\":\"2026-03-12T20:25:12+00:00\",\"breadcrumb\":{\"@id\":\"https:\\\/\\\/aglow.org\\\/pt-pt\\\/decreto-declarem-proclame\\\/#breadcrumb\"},\"inLanguage\":\"pt-PT\",\"potentialAction\":[{\"@type\":\"ReadAction\",\"target\":[\"https:\\\/\\\/aglow.org\\\/pt-pt\\\/decreto-declarem-proclame\\\/\"]}]},{\"@type\":\"BreadcrumbList\",\"@id\":\"https:\\\/\\\/aglow.org\\\/pt-pt\\\/decreto-declarem-proclame\\\/#breadcrumb\",\"itemListElement\":[{\"@type\":\"ListItem\",\"position\":1,\"name\":\"Home\",\"item\":\"https:\\\/\\\/aglow.org\\\/pt-pt\\\/\"},{\"@type\":\"ListItem\",\"position\":2,\"name\":\"Decreto! Declarem! Proclame!\"}]},{\"@type\":\"WebSite\",\"@id\":\"https:\\\/\\\/aglow.org\\\/pt-pt\\\/#website\",\"url\":\"https:\\\/\\\/aglow.org\\\/pt-pt\\\/\",\"name\":\"Aglow International\",\"description\":\"\",\"publisher\":{\"@id\":\"https:\\\/\\\/aglow.org\\\/pt-pt\\\/#organization\"},\"potentialAction\":[{\"@type\":\"SearchAction\",\"target\":{\"@type\":\"EntryPoint\",\"urlTemplate\":\"https:\\\/\\\/aglow.org\\\/pt-pt\\\/?s={search_term_string}\"},\"query-input\":{\"@type\":\"PropertyValueSpecification\",\"valueRequired\":true,\"valueName\":\"search_term_string\"}}],\"inLanguage\":\"pt-PT\"},{\"@type\":\"Organization\",\"@id\":\"https:\\\/\\\/aglow.org\\\/pt-pt\\\/#organization\",\"name\":\"Aglow International\",\"url\":\"https:\\\/\\\/aglow.org\\\/pt-pt\\\/\",\"logo\":{\"@type\":\"ImageObject\",\"inLanguage\":\"pt-PT\",\"@id\":\"https:\\\/\\\/aglow.org\\\/pt-pt\\\/#\\\/schema\\\/logo\\\/image\\\/\",\"url\":\"https:\\\/\\\/aglow.org\\\/wp-content\\\/uploads\\\/2025\\\/04\\\/Aglow_logo_orange_800px.png\",\"contentUrl\":\"https:\\\/\\\/aglow.org\\\/wp-content\\\/uploads\\\/2025\\\/04\\\/Aglow_logo_orange_800px.png\",\"width\":800,\"height\":302,\"caption\":\"Aglow International\"},\"image\":{\"@id\":\"https:\\\/\\\/aglow.org\\\/pt-pt\\\/#\\\/schema\\\/logo\\\/image\\\/\"}}]}<\/script>\n<!-- \/ Yoast SEO plugin. -->","yoast_head_json":{"title":"Decreto! Declarem! Proclame! - Aglow International","robots":{"index":"index","follow":"follow","max-snippet":"max-snippet:-1","max-image-preview":"max-image-preview:large","max-video-preview":"max-video-preview:-1"},"canonical":"https:\/\/aglow.org\/pt-pt\/decreto-declarem-proclame\/","og_locale":"pt_PT","og_type":"article","og_title":"Decreto! Declarem! Proclame! - Aglow International","og_description":"Decreto! Declarem! Proclame! Em nossa Confer\u00eancia do Jubileu Aglow, Graham Cooke nos desafiou a conectar nossa intercess\u00e3o \u00e0 promessa e ao prop\u00f3sito. Ao fazermos isso, oramos ora\u00e7\u00f5es poderosas do Reino, de proclama\u00e7\u00e3o, declara\u00e7\u00e3o e decreto. Ultimamente, me fizeram essa pergunta v\u00e1rias vezes: &#8220;Qual a diferen\u00e7a entre proclama\u00e7\u00e3o, declara\u00e7\u00e3o e decreto quando oramos?&#8221; \u00d3tima pergunta! No&hellip;","og_url":"https:\/\/aglow.org\/pt-pt\/decreto-declarem-proclame\/","og_site_name":"Aglow International","article_modified_time":"2026-03-12T20:25:12+00:00","twitter_card":"summary_large_image","twitter_misc":{"Tempo estimado de leitura":"3 minutos"},"schema":{"@context":"https:\/\/schema.org","@graph":[{"@type":"WebPage","@id":"https:\/\/aglow.org\/pt-pt\/decreto-declarem-proclame\/","url":"https:\/\/aglow.org\/pt-pt\/decreto-declarem-proclame\/","name":"Decreto! Declarem! Proclame! - Aglow International","isPartOf":{"@id":"https:\/\/aglow.org\/pt-pt\/#website"},"datePublished":"2026-03-12T19:12:33+00:00","dateModified":"2026-03-12T20:25:12+00:00","breadcrumb":{"@id":"https:\/\/aglow.org\/pt-pt\/decreto-declarem-proclame\/#breadcrumb"},"inLanguage":"pt-PT","potentialAction":[{"@type":"ReadAction","target":["https:\/\/aglow.org\/pt-pt\/decreto-declarem-proclame\/"]}]},{"@type":"BreadcrumbList","@id":"https:\/\/aglow.org\/pt-pt\/decreto-declarem-proclame\/#breadcrumb","itemListElement":[{"@type":"ListItem","position":1,"name":"Home","item":"https:\/\/aglow.org\/pt-pt\/"},{"@type":"ListItem","position":2,"name":"Decreto! Declarem! Proclame!"}]},{"@type":"WebSite","@id":"https:\/\/aglow.org\/pt-pt\/#website","url":"https:\/\/aglow.org\/pt-pt\/","name":"Aglow International","description":"","publisher":{"@id":"https:\/\/aglow.org\/pt-pt\/#organization"},"potentialAction":[{"@type":"SearchAction","target":{"@type":"EntryPoint","urlTemplate":"https:\/\/aglow.org\/pt-pt\/?s={search_term_string}"},"query-input":{"@type":"PropertyValueSpecification","valueRequired":true,"valueName":"search_term_string"}}],"inLanguage":"pt-PT"},{"@type":"Organization","@id":"https:\/\/aglow.org\/pt-pt\/#organization","name":"Aglow International","url":"https:\/\/aglow.org\/pt-pt\/","logo":{"@type":"ImageObject","inLanguage":"pt-PT","@id":"https:\/\/aglow.org\/pt-pt\/#\/schema\/logo\/image\/","url":"https:\/\/aglow.org\/wp-content\/uploads\/2025\/04\/Aglow_logo_orange_800px.png","contentUrl":"https:\/\/aglow.org\/wp-content\/uploads\/2025\/04\/Aglow_logo_orange_800px.png","width":800,"height":302,"caption":"Aglow International"},"image":{"@id":"https:\/\/aglow.org\/pt-pt\/#\/schema\/logo\/image\/"}}]}},"_links":{"self":[{"href":"https:\/\/aglow.org\/pt-pt\/wp-json\/wp\/v2\/pages\/7704","targetHints":{"allow":["GET"]}}],"collection":[{"href":"https:\/\/aglow.org\/pt-pt\/wp-json\/wp\/v2\/pages"}],"about":[{"href":"https:\/\/aglow.org\/pt-pt\/wp-json\/wp\/v2\/types\/page"}],"author":[{"embeddable":true,"href":"https:\/\/aglow.org\/pt-pt\/wp-json\/wp\/v2\/users\/9"}],"replies":[{"embeddable":true,"href":"https:\/\/aglow.org\/pt-pt\/wp-json\/wp\/v2\/comments?post=7704"}],"version-history":[{"count":3,"href":"https:\/\/aglow.org\/pt-pt\/wp-json\/wp\/v2\/pages\/7704\/revisions"}],"predecessor-version":[{"id":7726,"href":"https:\/\/aglow.org\/pt-pt\/wp-json\/wp\/v2\/pages\/7704\/revisions\/7726"}],"wp:attachment":[{"href":"https:\/\/aglow.org\/pt-pt\/wp-json\/wp\/v2\/media?parent=7704"}],"curies":[{"name":"wp","href":"https:\/\/api.w.org\/{rel}","templated":true}]}}