{"id":6491,"date":"2025-04-10T16:37:38","date_gmt":"2025-04-10T16:37:38","guid":{"rendered":"https:\/\/aglow.org\/recursos-para-o-desenvolvimento-de-lideres-globais\/"},"modified":"2026-03-02T17:41:12","modified_gmt":"2026-03-02T17:41:12","slug":"recursos-para-o-desenvolvimento-de-lideres-globais","status":"publish","type":"page","link":"https:\/\/aglow.org\/pt-pt\/recursos-para-o-desenvolvimento-de-lideres-globais\/","title":{"rendered":"Recursos para o Desenvolvimento de L\u00edderes Globais"},"content":{"rendered":"\n<figure itemscope itemtype=\"https:\/\/schema.org\/ImageObject\">\n\t\t\t\t<img decoding=\"async\" src=\"https:\/\/aglow.org\/wp-content\/uploads\/2026\/02\/header-leaderDev-pt-1.jpg\" alt=\"header-leaderDev-pt\" height=\"350\" width=\"1200\" title=\"header-leaderDev-pt\" onerror=\"this.style.display='none'\" loading=\"lazy\" \/>\n\t<\/figure>\n<h1>\n\t\t\tMensagens da Confer\u00eancia\t<\/h1>\n\t<p><strong>O Adobe Acrobat Reader<\/strong> \u00e9 necess\u00e1rio para visualizar estes documentos. Caso n\u00e3o o tenha instalado no seu computador, voc\u00ea poder\u00e1 baix\u00e1-lo gratuitamente atrav\u00e9s do seu website. Adobe Acrobat Reader<\/p>\n<p>Para traduzir o v\u00eddeo, siga as instru\u00e7\u00f5es abaixo:<\/p>\n<ul>\n<li>Clique na miniatura do v\u00eddeo<\/li>\n<li>Na parte inferior da tela, clique no \u00edcone C (legendas\/legenda oculta) (Closed Captions)<\/li>\n<li>Em seguida, clique no \u00edcone Detalhes (Settings)<\/li>\n<li>Clique em Legendas\/CC (Subtitles)<\/li>\n<li>Clique em Traduzir automaticamente (Auto Translate)<\/li>\n<li>Escolha o seu idioma <a title=\"Baixe o Adobe Acrobat Reader\" href=\"http:\/\/get.adobe.com\/reader\/\" target=\"_blank\" rel=\"noopener noreferrer\">Baixe o Adobe Acrobat Reader <\/a><\/li>\n<\/ul>\n\t<p>A se\u00e7\u00e3o Desenvolvimento de L\u00edderes Globais cont\u00e9m materiais atuais e estrat\u00e9gicos para o desenvolvimento dos campe\u00f5es, guerreiros e l\u00edderes globais de hoje. Voc\u00ea encontrar\u00e1 transcri\u00e7\u00f5es de mensagens, links para encomendar DVDs e materiais de ensino que impulsionar\u00e3o seu desenvolvimento! <\/p>\n\t<h3>Verdades transformadoras para bate-papos informais<\/h3>\n<strong>44 Entradas<br \/>\n<\/strong>\n<p>Tudo o que Deus derramou sobre n\u00f3s ao longo dos anos nos transformou em um vasto ex\u00e9rcito espalhado pela Terra. Ao se reunirem em equipes ou grupos de amigos, usem estes breves ensinamentos para estimular conversas que trar\u00e3o esclarecimento e crescimento pessoal a todos os participantes. Voc\u00eas ver\u00e3o que podem ser usados \u200b\u200bem aulas de escola dominical ou em grupos de estudo b\u00edblico. Usem-nos no lugar de um palestrante mensal ou para enviar em boletins informativos. Contem-nos como VOC\u00caS est\u00e3o usando-os! Aproveitem!     <\/p>\n<figure itemscope itemtype=\"https:\/\/schema.org\/ImageObject\">\n\t\t\t\t<a href=\"https:\/\/aglow.org\/pt-pt\/bate-papos-informais\/\"  target=\"_self\" itemprop=\"url\">\n\t\t\t\t<img decoding=\"async\" src=\"https:\/\/aglow.org\/wp-content\/uploads\/2025\/04\/fireside-chats.jpg\" alt=\"Lareira\" height=\"713\" width=\"1210\" title=\"Lareira\" onerror=\"this.style.display='none'\" loading=\"lazy\" \/>\n\t\t\t\t<\/a>\n\t<\/figure>\n<h3><a href=\"https:\/\/aglow.org\/pt-pt\/mensagens-da-conferencia-de-2025\/\">Mensagens da Confer\u00eancia Aglow 2025<\/a><\/h3>\n<p><strong>5 Entradas<\/strong><\/p>\n<p>Na sess\u00e3o de abertura da primeira confer\u00eancia virtual da Aglow, Nancy falou sobre &#8220;Do Amanhecer ao Destino&#8221;, dizendo: &#8220;Estamos em uma nova era. N\u00e3o estamos mais trilhando os caminhos antigos. Estamos em novos caminhos que Deus, passo a passo, est\u00e1 colocando diante de n\u00f3s nesta nova era.&#8221;<\/p>\n<figure itemscope itemtype=\"https:\/\/schema.org\/ImageObject\">\n\t\t\t\t<a href=\"https:\/\/aglow.org\/pt-pt\/mensagens-da-conferencia-de-2025\/\"  target=\"_self\" itemprop=\"url\">\n\t\t\t\t<img decoding=\"async\" src=\"https:\/\/aglow.org\/wp-content\/uploads\/2025\/09\/2025-conference-banner-.jpg\" alt=\"\" onerror=\"this.style.display='none'\" loading=\"lazy\" \/>\n\t\t\t\t<\/a>\n\t<\/figure>\n<h3><a href=\"https:\/\/aglow.org\/wp-content\/uploads\/2025\/05\/2024-Chuck-Pierce-South-Central-Region-PT.pdf\">Mensagens da Confer\u00eancia Aglow 2024<\/a><\/h3>\n<strong>5 Entradas<br \/>\n<\/strong>\n<p>Na sess\u00e3o da confer\u00eancia de sexta-feira de manh\u00e3 de 2024, Jane recapitula a hist\u00f3ria da Aglow, desde os seus prim\u00f3rdios at\u00e9 os dias atuais.<\/p>\n<p>Na mensagem para a Confer\u00eancia Regional Centro-Sul da Aglow em julho, Chuck Pierce fala sobre a Aglow entrando na quinta fase de sua un\u00e7\u00e3o prof\u00e9tica.<\/p>\n<figure itemscope itemtype=\"https:\/\/schema.org\/ImageObject\">\n\t\t\t\t<a href=\"https:\/\/aglow.org\/pt-pt\/mensagens-da-conferencia-de-2024\/\"  target=\"_self\" itemprop=\"url\">\n\t\t\t\t<img decoding=\"async\" src=\"https:\/\/aglow.org\/wp-content\/uploads\/2025\/04\/2024-theme-banner-300x130.jpg\" alt=\"\" onerror=\"this.style.display='none'\" loading=\"lazy\" \/>\n\t\t\t\t<\/a>\n\t<\/figure>\n<h3><a href=\"https:\/\/aglow.org\/pt-pt\/mensagens-da-conferencia-de-2023\/\">Mensagens da Confer\u00eancia Aglow de 2023<\/a><\/h3>\n<strong>5 Entradas<br \/>\n<\/strong>\n<p>Os palestrantes da nossa confer\u00eancia trouxeram mensagens inspiradoras e revelaram novas perspectivas sobre o que significa vivenciar o Grande Despertar do Terceiro Dia.<\/p>\n<figure itemscope itemtype=\"https:\/\/schema.org\/ImageObject\">\n\t\t\t\t<a href=\"https:\/\/aglow.org\/pt-pt\/mensagens-da-conferencia-de-2023\/\"  target=\"_self\" itemprop=\"url\">\n\t\t\t\t<img decoding=\"async\" src=\"https:\/\/aglow.org\/wp-content\/uploads\/2025\/04\/2023-conference-theme1-300x168.jpg\" alt=\"\" onerror=\"this.style.display='none'\" loading=\"lazy\" \/>\n\t\t\t\t<\/a>\n\t<\/figure>\n<h3><a href=\"https:\/\/aglow.org\/pt-pt\/mensagens-da-conferencia-de-2022\/\">Mensagens da Confer\u00eancia Aglow de 2022<\/a><\/h3>\n<strong>5 Entradas<br \/>\n<\/strong>\n<p>A Aglow est\u00e1 entrando em uma nova temporada, \u00e0 medida que caminhamos em dire\u00e7\u00e3o ao Grande Despertar do Terceiro Dia.<\/p>\n<figure itemscope itemtype=\"https:\/\/schema.org\/ImageObject\">\n\t\t\t\t<a href=\"https:\/\/aglow.org\/pt-pt\/mensagens-da-conferencia-de-2022\/\"  target=\"_self\" itemprop=\"url\">\n\t\t\t\t<img decoding=\"async\" src=\"https:\/\/aglow.org\/wp-content\/uploads\/2025\/04\/2022-conference-theme-1200-300x75.jpg\" alt=\"\" onerror=\"this.style.display='none'\" loading=\"lazy\" \/>\n\t\t\t\t<\/a>\n\t<\/figure>\n<h3><a href=\"https:\/\/aglow.org\/pt-pt\/mensagens-da-conferencia-de-2021\/\">Mensagens da Confer\u00eancia Aglow de 2021<\/a><\/h3>\n<strong>6 Entradas<br \/>\n<\/strong>\n<p>Esta confer\u00eancia marcou o in\u00edcio de algo novo, uma renova\u00e7\u00e3o que Deus est\u00e1 realizando em nosso meio para nos preparar para o Despertar do Terceiro Dia. Juntos, estamos caminhando em dire\u00e7\u00e3o \u00e0 plenitude do nosso destino, tanto individual quanto coletivamente. N\u00e3o estamos caminhando com timidez e incerteza, mas com a confian\u00e7a que vem de saber que Ele nos tem equipado e preparado para este dia.  <\/p>\n<figure itemscope itemtype=\"https:\/\/schema.org\/ImageObject\">\n\t\t\t\t<a href=\"https:\/\/aglow.org\/pt-pt\/mensagens-da-conferencia-de-2021\/\"  target=\"_self\" itemprop=\"url\">\n\t\t\t\t<img decoding=\"async\" src=\"https:\/\/aglow.org\/wp-content\/uploads\/2025\/04\/2021-conference-theme-1200.jpg\" alt=\"Mensagens da Confer\u00eancia de 2021\" height=\"378\" width=\"1200\" title=\"Mensagens da Confer\u00eancia de 2021\" onerror=\"this.style.display='none'\" loading=\"lazy\" \/>\n\t\t\t\t<\/a>\n\t<\/figure>\n<h3><a href=\"https:\/\/aglow.org\/pt-pt\/mensagens-da-conferencia-de-2019\/\">Convoca\u00e7\u00e3o de Jerusal\u00e9m de 2019<\/a><\/h3>\n<h3><a href=\"https:\/\/aglow.org\/pt-pt\/mensagens-da-conferencia-de-2019\/\">Parceria com Mensagens Prof\u00e9ticas<\/a><\/h3>\n<strong>8 entradas<br \/>\n<\/strong>\n<p>Esta se\u00e7\u00e3o cont\u00e9m as transcri\u00e7\u00f5es das mensagens da Conven\u00e7\u00e3o Aglow 2019 em Jerusal\u00e9m, bem como artigos sobre &#8220;Parceria com a Profecia&#8221; de Graham Cooke.<\/p>\n<figure itemscope itemtype=\"https:\/\/schema.org\/ImageObject\">\n\t\t\t\t<a href=\"https:\/\/aglow.org\/pt-pt\/mensagens-da-conferencia-de-2019\/\"  target=\"_self\" itemprop=\"url\">\n\t\t\t\t<img decoding=\"async\" src=\"https:\/\/aglow.org\/wp-content\/uploads\/2025\/04\/2019-convocation-1200-300x144.jpg\" alt=\"Mensagens da Confer\u00eancia de 2019\" height=\"144\" width=\"300\" title=\"Mensagens da Confer\u00eancia de 2019\" onerror=\"this.style.display='none'\" loading=\"lazy\" \/>\n\t\t\t\t<\/a>\n\t<\/figure>\n\t<h3><a href=\"https:\/\/aglow.org\/pt-pt\/mensagens-da-conferencia-de-2018\/\">Mensagens da Confer\u00eancia Nacional e C\u00fapula de L\u00edderes dos EUA de 2018<\/a><em><br \/>\n<\/em><\/h3>\n<strong>5 entradas<br \/>\n<\/strong>\n<p>A Aglow tem sido chamada para &#8220;um tempo como este&#8221;. Um portal, um portal no momento certo, abriu-se diante de n\u00f3s em nossa primeira grande reuni\u00e3o desde que atravessamos o portal na Confer\u00eancia do Jubileu de 2017. A confer\u00eancia de 2018 foi o momento certo para caminharmos na plenitude de tudo o que Jesus morreu para nos dar, e Spokane, Washington, foi o lugar certo para experimentarmos essa plenitude.  <\/p>\n<p>Esta se\u00e7\u00e3o cont\u00e9m mensagens da Confer\u00eancia Nacional e C\u00fapula de L\u00edderes dos EUA de 2018 e recursos sobre Parceria com a Profecia.<\/p>\n<figure itemscope itemtype=\"https:\/\/schema.org\/ImageObject\">\n\t\t\t\t<a href=\"https:\/\/aglow.org\/pt-pt\/mensagens-da-conferencia-de-2018\/\"  target=\"_self\" itemprop=\"url\">\n\t\t\t\t<img decoding=\"async\" src=\"https:\/\/aglow.org\/wp-content\/uploads\/2025\/04\/2018-conf-theme-267x300.jpg\" alt=\"\" onerror=\"this.style.display='none'\" loading=\"lazy\" \/>\n\t\t\t\t<\/a>\n\t<\/figure>\n\n","protected":false},"excerpt":{"rendered":"<p>Mensagens da Confer\u00eancia O Adobe Acrobat Reader \u00e9 necess\u00e1rio para visualizar estes documentos. Caso n\u00e3o o tenha instalado no seu computador, voc\u00ea poder\u00e1 baix\u00e1-lo gratuitamente atrav\u00e9s do seu website. Adobe Acrobat Reader Para traduzir o v\u00eddeo, siga as instru\u00e7\u00f5es abaixo: Clique na miniatura do v\u00eddeo Na parte inferior da tela, clique no \u00edcone C (legendas\/legenda&hellip;<\/p>\n","protected":false},"author":3,"featured_media":0,"parent":0,"menu_order":0,"comment_status":"closed","ping_status":"closed","template":"","meta":{"footnotes":""},"class_list":["post-6491","page","type-page","status-publish","hentry"],"yoast_head":"<!-- This site is optimized with the Yoast SEO plugin v27.3 - https:\/\/yoast.com\/product\/yoast-seo-wordpress\/ -->\n<title>Recursos para o Desenvolvimento de L\u00edderes Globais - Aglow International<\/title>\n<meta name=\"robots\" content=\"index, follow, max-snippet:-1, max-image-preview:large, max-video-preview:-1\" \/>\n<link rel=\"canonical\" href=\"https:\/\/aglow.org\/pt-pt\/recursos-para-o-desenvolvimento-de-lideres-globais\/\" \/>\n<meta property=\"og:locale\" content=\"pt_PT\" \/>\n<meta property=\"og:type\" content=\"article\" \/>\n<meta property=\"og:title\" content=\"Recursos para o Desenvolvimento de L\u00edderes Globais - Aglow International\" \/>\n<meta property=\"og:description\" content=\"Mensagens da Confer\u00eancia O Adobe Acrobat Reader \u00e9 necess\u00e1rio para visualizar estes documentos. Caso n\u00e3o o tenha instalado no seu computador, voc\u00ea poder\u00e1 baix\u00e1-lo gratuitamente atrav\u00e9s do seu website. Adobe Acrobat Reader Para traduzir o v\u00eddeo, siga as instru\u00e7\u00f5es abaixo: Clique na miniatura do v\u00eddeo Na parte inferior da tela, clique no \u00edcone C (legendas\/legenda&hellip;\" \/>\n<meta property=\"og:url\" content=\"https:\/\/aglow.org\/pt-pt\/recursos-para-o-desenvolvimento-de-lideres-globais\/\" \/>\n<meta property=\"og:site_name\" content=\"Aglow International\" \/>\n<meta property=\"article:modified_time\" content=\"2026-03-02T17:41:12+00:00\" \/>\n<meta property=\"og:image\" content=\"https:\/\/aglow.org\/wp-content\/uploads\/2026\/02\/header-leaderDev-pt-1.jpg\" \/>\n<meta name=\"twitter:card\" content=\"summary_large_image\" \/>\n<meta name=\"twitter:label1\" content=\"Tempo estimado de leitura\" \/>\n\t<meta name=\"twitter:data1\" content=\"5 minutos\" \/>\n<script type=\"application\/ld+json\" class=\"yoast-schema-graph\">{\"@context\":\"https:\\\/\\\/schema.org\",\"@graph\":[{\"@type\":\"WebPage\",\"@id\":\"https:\\\/\\\/aglow.org\\\/pt-pt\\\/recursos-para-o-desenvolvimento-de-lideres-globais\\\/\",\"url\":\"https:\\\/\\\/aglow.org\\\/pt-pt\\\/recursos-para-o-desenvolvimento-de-lideres-globais\\\/\",\"name\":\"Recursos para o Desenvolvimento de L\u00edderes Globais - Aglow International\",\"isPartOf\":{\"@id\":\"https:\\\/\\\/aglow.org\\\/pt-pt\\\/#website\"},\"primaryImageOfPage\":{\"@id\":\"https:\\\/\\\/aglow.org\\\/pt-pt\\\/recursos-para-o-desenvolvimento-de-lideres-globais\\\/#primaryimage\"},\"image\":{\"@id\":\"https:\\\/\\\/aglow.org\\\/pt-pt\\\/recursos-para-o-desenvolvimento-de-lideres-globais\\\/#primaryimage\"},\"thumbnailUrl\":\"https:\\\/\\\/aglow.org\\\/wp-content\\\/uploads\\\/2026\\\/02\\\/header-leaderDev-pt-1.jpg\",\"datePublished\":\"2025-04-10T16:37:38+00:00\",\"dateModified\":\"2026-03-02T17:41:12+00:00\",\"breadcrumb\":{\"@id\":\"https:\\\/\\\/aglow.org\\\/pt-pt\\\/recursos-para-o-desenvolvimento-de-lideres-globais\\\/#breadcrumb\"},\"inLanguage\":\"pt-PT\",\"potentialAction\":[{\"@type\":\"ReadAction\",\"target\":[\"https:\\\/\\\/aglow.org\\\/pt-pt\\\/recursos-para-o-desenvolvimento-de-lideres-globais\\\/\"]}]},{\"@type\":\"ImageObject\",\"inLanguage\":\"pt-PT\",\"@id\":\"https:\\\/\\\/aglow.org\\\/pt-pt\\\/recursos-para-o-desenvolvimento-de-lideres-globais\\\/#primaryimage\",\"url\":\"https:\\\/\\\/aglow.org\\\/wp-content\\\/uploads\\\/2026\\\/02\\\/header-leaderDev-pt-1.jpg\",\"contentUrl\":\"https:\\\/\\\/aglow.org\\\/wp-content\\\/uploads\\\/2026\\\/02\\\/header-leaderDev-pt-1.jpg\"},{\"@type\":\"BreadcrumbList\",\"@id\":\"https:\\\/\\\/aglow.org\\\/pt-pt\\\/recursos-para-o-desenvolvimento-de-lideres-globais\\\/#breadcrumb\",\"itemListElement\":[{\"@type\":\"ListItem\",\"position\":1,\"name\":\"Home\",\"item\":\"https:\\\/\\\/aglow.org\\\/pt-pt\\\/\"},{\"@type\":\"ListItem\",\"position\":2,\"name\":\"Recursos para o Desenvolvimento de L\u00edderes Globais\"}]},{\"@type\":\"WebSite\",\"@id\":\"https:\\\/\\\/aglow.org\\\/pt-pt\\\/#website\",\"url\":\"https:\\\/\\\/aglow.org\\\/pt-pt\\\/\",\"name\":\"Aglow International\",\"description\":\"\",\"publisher\":{\"@id\":\"https:\\\/\\\/aglow.org\\\/pt-pt\\\/#organization\"},\"potentialAction\":[{\"@type\":\"SearchAction\",\"target\":{\"@type\":\"EntryPoint\",\"urlTemplate\":\"https:\\\/\\\/aglow.org\\\/pt-pt\\\/?s={search_term_string}\"},\"query-input\":{\"@type\":\"PropertyValueSpecification\",\"valueRequired\":true,\"valueName\":\"search_term_string\"}}],\"inLanguage\":\"pt-PT\"},{\"@type\":\"Organization\",\"@id\":\"https:\\\/\\\/aglow.org\\\/pt-pt\\\/#organization\",\"name\":\"Aglow International\",\"url\":\"https:\\\/\\\/aglow.org\\\/pt-pt\\\/\",\"logo\":{\"@type\":\"ImageObject\",\"inLanguage\":\"pt-PT\",\"@id\":\"https:\\\/\\\/aglow.org\\\/pt-pt\\\/#\\\/schema\\\/logo\\\/image\\\/\",\"url\":\"https:\\\/\\\/aglow.org\\\/wp-content\\\/uploads\\\/2025\\\/04\\\/Aglow_logo_orange_800px.png\",\"contentUrl\":\"https:\\\/\\\/aglow.org\\\/wp-content\\\/uploads\\\/2025\\\/04\\\/Aglow_logo_orange_800px.png\",\"width\":800,\"height\":302,\"caption\":\"Aglow International\"},\"image\":{\"@id\":\"https:\\\/\\\/aglow.org\\\/pt-pt\\\/#\\\/schema\\\/logo\\\/image\\\/\"}}]}<\/script>\n<!-- \/ Yoast SEO plugin. -->","yoast_head_json":{"title":"Recursos para o Desenvolvimento de L\u00edderes Globais - Aglow International","robots":{"index":"index","follow":"follow","max-snippet":"max-snippet:-1","max-image-preview":"max-image-preview:large","max-video-preview":"max-video-preview:-1"},"canonical":"https:\/\/aglow.org\/pt-pt\/recursos-para-o-desenvolvimento-de-lideres-globais\/","og_locale":"pt_PT","og_type":"article","og_title":"Recursos para o Desenvolvimento de L\u00edderes Globais - Aglow International","og_description":"Mensagens da Confer\u00eancia O Adobe Acrobat Reader \u00e9 necess\u00e1rio para visualizar estes documentos. Caso n\u00e3o o tenha instalado no seu computador, voc\u00ea poder\u00e1 baix\u00e1-lo gratuitamente atrav\u00e9s do seu website. Adobe Acrobat Reader Para traduzir o v\u00eddeo, siga as instru\u00e7\u00f5es abaixo: Clique na miniatura do v\u00eddeo Na parte inferior da tela, clique no \u00edcone C (legendas\/legenda&hellip;","og_url":"https:\/\/aglow.org\/pt-pt\/recursos-para-o-desenvolvimento-de-lideres-globais\/","og_site_name":"Aglow International","article_modified_time":"2026-03-02T17:41:12+00:00","og_image":[{"url":"https:\/\/aglow.org\/wp-content\/uploads\/2026\/02\/header-leaderDev-pt-1.jpg","type":"","width":"","height":""}],"twitter_card":"summary_large_image","twitter_misc":{"Tempo estimado de leitura":"5 minutos"},"schema":{"@context":"https:\/\/schema.org","@graph":[{"@type":"WebPage","@id":"https:\/\/aglow.org\/pt-pt\/recursos-para-o-desenvolvimento-de-lideres-globais\/","url":"https:\/\/aglow.org\/pt-pt\/recursos-para-o-desenvolvimento-de-lideres-globais\/","name":"Recursos para o Desenvolvimento de L\u00edderes Globais - Aglow International","isPartOf":{"@id":"https:\/\/aglow.org\/pt-pt\/#website"},"primaryImageOfPage":{"@id":"https:\/\/aglow.org\/pt-pt\/recursos-para-o-desenvolvimento-de-lideres-globais\/#primaryimage"},"image":{"@id":"https:\/\/aglow.org\/pt-pt\/recursos-para-o-desenvolvimento-de-lideres-globais\/#primaryimage"},"thumbnailUrl":"https:\/\/aglow.org\/wp-content\/uploads\/2026\/02\/header-leaderDev-pt-1.jpg","datePublished":"2025-04-10T16:37:38+00:00","dateModified":"2026-03-02T17:41:12+00:00","breadcrumb":{"@id":"https:\/\/aglow.org\/pt-pt\/recursos-para-o-desenvolvimento-de-lideres-globais\/#breadcrumb"},"inLanguage":"pt-PT","potentialAction":[{"@type":"ReadAction","target":["https:\/\/aglow.org\/pt-pt\/recursos-para-o-desenvolvimento-de-lideres-globais\/"]}]},{"@type":"ImageObject","inLanguage":"pt-PT","@id":"https:\/\/aglow.org\/pt-pt\/recursos-para-o-desenvolvimento-de-lideres-globais\/#primaryimage","url":"https:\/\/aglow.org\/wp-content\/uploads\/2026\/02\/header-leaderDev-pt-1.jpg","contentUrl":"https:\/\/aglow.org\/wp-content\/uploads\/2026\/02\/header-leaderDev-pt-1.jpg"},{"@type":"BreadcrumbList","@id":"https:\/\/aglow.org\/pt-pt\/recursos-para-o-desenvolvimento-de-lideres-globais\/#breadcrumb","itemListElement":[{"@type":"ListItem","position":1,"name":"Home","item":"https:\/\/aglow.org\/pt-pt\/"},{"@type":"ListItem","position":2,"name":"Recursos para o Desenvolvimento de L\u00edderes Globais"}]},{"@type":"WebSite","@id":"https:\/\/aglow.org\/pt-pt\/#website","url":"https:\/\/aglow.org\/pt-pt\/","name":"Aglow International","description":"","publisher":{"@id":"https:\/\/aglow.org\/pt-pt\/#organization"},"potentialAction":[{"@type":"SearchAction","target":{"@type":"EntryPoint","urlTemplate":"https:\/\/aglow.org\/pt-pt\/?s={search_term_string}"},"query-input":{"@type":"PropertyValueSpecification","valueRequired":true,"valueName":"search_term_string"}}],"inLanguage":"pt-PT"},{"@type":"Organization","@id":"https:\/\/aglow.org\/pt-pt\/#organization","name":"Aglow International","url":"https:\/\/aglow.org\/pt-pt\/","logo":{"@type":"ImageObject","inLanguage":"pt-PT","@id":"https:\/\/aglow.org\/pt-pt\/#\/schema\/logo\/image\/","url":"https:\/\/aglow.org\/wp-content\/uploads\/2025\/04\/Aglow_logo_orange_800px.png","contentUrl":"https:\/\/aglow.org\/wp-content\/uploads\/2025\/04\/Aglow_logo_orange_800px.png","width":800,"height":302,"caption":"Aglow International"},"image":{"@id":"https:\/\/aglow.org\/pt-pt\/#\/schema\/logo\/image\/"}}]}},"_links":{"self":[{"href":"https:\/\/aglow.org\/pt-pt\/wp-json\/wp\/v2\/pages\/6491","targetHints":{"allow":["GET"]}}],"collection":[{"href":"https:\/\/aglow.org\/pt-pt\/wp-json\/wp\/v2\/pages"}],"about":[{"href":"https:\/\/aglow.org\/pt-pt\/wp-json\/wp\/v2\/types\/page"}],"author":[{"embeddable":true,"href":"https:\/\/aglow.org\/pt-pt\/wp-json\/wp\/v2\/users\/3"}],"replies":[{"embeddable":true,"href":"https:\/\/aglow.org\/pt-pt\/wp-json\/wp\/v2\/comments?post=6491"}],"version-history":[{"count":4,"href":"https:\/\/aglow.org\/pt-pt\/wp-json\/wp\/v2\/pages\/6491\/revisions"}],"predecessor-version":[{"id":6551,"href":"https:\/\/aglow.org\/pt-pt\/wp-json\/wp\/v2\/pages\/6491\/revisions\/6551"}],"wp:attachment":[{"href":"https:\/\/aglow.org\/pt-pt\/wp-json\/wp\/v2\/media?parent=6491"}],"curies":[{"name":"wp","href":"https:\/\/api.w.org\/{rel}","templated":true}]}}