{"id":6385,"date":"2025-04-11T18:51:29","date_gmt":"2025-04-11T18:51:29","guid":{"rendered":"https:\/\/aglow.org\/mensagens-da-conferencia-de-2018\/"},"modified":"2026-02-04T19:53:03","modified_gmt":"2026-02-04T19:53:03","slug":"mensagens-da-conferencia-de-2018","status":"publish","type":"page","link":"https:\/\/aglow.org\/pt-pt\/mensagens-da-conferencia-de-2018\/","title":{"rendered":"Mensagens da Confer\u00eancia de 2018"},"content":{"rendered":"\n<h1>\n\t\t\tMensagens da Confer\u00eancia de 2018\t<\/h1>\n<figure itemscope itemtype=\"https:\/\/schema.org\/ImageObject\">\n\t\t\t\t<img decoding=\"async\" src=\"https:\/\/aglow.org\/wp-content\/uploads\/2025\/04\/2018-conf-theme.jpg\" alt=\"2018 Conference Theme\" height=\"900\" width=\"800\" title=\"2018 Conference Theme\" onerror=\"this.style.display='none'\" loading=\"lazy\" \/>\n\t<\/figure>\n\t<p><strong>O Adobe Acrobat Reader<\/strong> \u00e9 necess\u00e1rio para visualizar estes documentos. Caso n\u00e3o o tenha instalado no seu computador, voc\u00ea poder\u00e1 baix\u00e1-lo gratuitamente atrav\u00e9s do seu website. Adobe Acrobat Reader<\/p>\n<p>Para traduzir o v\u00eddeo, siga as instru\u00e7\u00f5es abaixo:<br \/>Clique na miniatura do v\u00eddeo<br \/>Na parte inferior da tela, clique no \u00edcone C (legendas\/legenda oculta) (Closed Captions)<br \/>Em seguida, clique no \u00edcone Detalhes (Settings)<br \/>Clique em Legendas\/CC (Subtitles)<br \/>Clique em Traduzir automaticamente (Auto Translate)<br \/>Escolha o seu idioma  <a title=\"Baixe o Adobe Acrobat Reader\" href=\"http:\/\/get.adobe.com\/reader\/\" target=\"_blank\" rel=\"noopener noreferrer\">Baixe o Adobe Acrobat Reader <\/a><\/p>\n\t<h3>Mensagens da C\u00fapula de L\u00edderes de 2018<\/h3>\n<ul>\n<li><strong>Graham Cooke &#8211; <a title=\"Graham Cooke - Tornando-se um herdeiro de Deus\" href=\"https:\/\/aglow.org\/images\/_leaderDev\/2018-Leaders-Summit-Graham-Cooke-PT.pdf\" target=\"_blank\" rel=\"noopener noreferrer\">Tornando-se um herdeiro de Deus<\/a> <\/strong> <a title=\"Graham Cooke - Tornando-se um herdeiro de Deus\" href=\"https:\/\/aglow.org\/images\/_leaderDev\/2018-Leaders-Summit-Graham-Cooke-.pdf\" target=\"_blank\" rel=\"noopener noreferrer\"><img loading=\"lazy\" decoding=\"async\" src=\"https:\/\/aglow.org\/images\/icons\/pdf_icon_small.gif\" alt=\"\u00cdcone PDF pequeno\" width=\"20\" height=\"18\" \/><\/a><br \/>\nDeus est\u00e1 construindo um povo que ser\u00e1 exatamente igual a Ele, que representar\u00e1 o Reino, que representar\u00e1 a Trindade, independentemente do que o mundo esteja fazendo ou deixando de fazer. Aquilo de que Deus est\u00e1 nos libertando \u00e9 incr\u00edvel. Aquilo para o qual Deus est\u00e1 nos conduzindo \u00e9 absolutamente surpreendente. No curso LifeChangers, Ele nos libertou do velho homem e nos transformou em novas criaturas, e Ele continua nos transformando cada vez mais. Voc\u00eas sabem que aquele curso foi apenas o come\u00e7o. Existe um estilo de vida de transforma\u00e7\u00e3o cont\u00ednua. Todos os dias Ele nos liberta da negatividade e nos conduz a algo melhor. Ele nos liberta do nosso passado e nos conduz ao nosso futuro. Ele nos liberta do medo e nos conduz a um amor cada vez mais perfeito.<\/li>\n<\/ul>\n<h3>Mensagens da Confer\u00eancia de 2018<\/h3>\n<ul>\n<li><strong><a title=\"Dutch Sheets - Friday PM Session\" href=\"https:\/\/aglow.org\/wp-content\/uploads\/2026\/02\/2018-Saturday-Afternoon-Dutch-Sheets-PT.pdf\" target=\"_blank\" rel=\"noopener noreferrer\">Dutch Sheets &#8211; Sess\u00e3o de s\u00e1bado \u00e0 tarde<br \/>\n<\/a><\/strong>(<strong><a title=\"Dutch Sheets - Mensagem de sexta-feira \u00e0 noite\" href=\"https:\/\/aglow.org\/wp-content\/uploads\/2026\/02\/2018-Saturday-Afternoon-Dutch-Sheets-PT.pdf\" target=\"_blank\" rel=\"noopener noreferrer\">Baixar um PDF <img loading=\"lazy\" decoding=\"async\" src=\"https:\/\/aglow.org\/images\/icons\/pdf_icon_small.gif\" alt=\"\u00cdcone PDF pequeno\" width=\"20\" height=\"18\" \/><\/a><\/strong> | <strong><a title=\"Dutch Sheets - Mensagem de sexta-feira \u00e0 noite\" href=\"https:\/\/www.youtube.com\/watch?v=D1F9aS9y8mM&amp;list=PLSVk2ZELQLZKkspSfzbbew_8AD47C35O2&amp;index=17\" target=\"_blank\" rel=\"noopener\">Assistir no YouTube <img loading=\"lazy\" decoding=\"async\" src=\"https:\/\/aglow.org\/images\/icons\/you-tube-icon.jpg\" alt=\"you tube icon\" width=\"25\" height=\"25\" data-pagespeed-url-hash=\"218075292\" \/><\/a><\/strong>)<br \/>\nNa sess\u00e3o de sexta-feira \u00e0 noite, Dutch Sheets falou sobre como derrotar os gigantes da terra com duas armas: Everlast e Evergreen, que representam a alian\u00e7a eterna. Ao final da mensagem, Dutch fez uma poderosa exorta\u00e7\u00e3o \u00e0 Aglow para que assumisse seu lugar no Terceiro Grande Despertar que est\u00e1 come\u00e7ando a se manifestar na Terra hoje.<\/li>\n<li><strong>Chuck Pierce &#8211; Sess\u00e3o da Manh\u00e3 de S\u00e1bado<br \/>\n<\/strong>(<strong><a title=\"Chuck Pierce - Sess\u00e3o da Manh\u00e3 de S\u00e1bado\" href=\"https:\/\/www.youtube.com\/watch?v=BTu8QXPTElU&amp;list=PLSVk2ZELQLZKkspSfzbbew_8AD47C35O2&amp;index=14\" target=\"_blank\" rel=\"noopener\">Assista no YouTube <img loading=\"lazy\" decoding=\"async\" src=\"https:\/\/aglow.org\/images\/icons\/you-tube-icon.jpg\" alt=\"you tube icon\" width=\"25\" height=\"25\" data-pagespeed-url-hash=\"218075292\" \/><\/a><\/strong>)<br \/>\nNa sess\u00e3o de s\u00e1bado de manh\u00e3 da Confer\u00eancia Nacional dos EUA de 2018, Chuck falou sobre a necessidade de romper com as formas convencionais de pensamento, sobre os campos de colheita ao redor do mundo e sobre o novo dia que est\u00e1 amanhecendo para a Aglow em nossa identidade renovada como mulheres apost\u00f3licas e prof\u00e9ticas.<\/li>\n<li><strong>Dutch Sheets &#8211; Sess\u00e3o da Tarde de S\u00e1bado<br \/>\n<\/strong>(<strong><a title=\"Dutch Sheets - Sess\u00e3o da Tarde de S\u00e1bado\" href=\"https:\/\/www.youtube.com\/watch?v=8tPJ1bQ7vdY&amp;list=PLSVk2ZELQLZKkspSfzbbew_8AD47C35O2&amp;index=16\" target=\"_blank\" rel=\"noopener\">Assista no YouTube <img loading=\"lazy\" decoding=\"async\" src=\"https:\/\/aglow.org\/images\/icons\/you-tube-icon.jpg\" alt=\"you tube icon\" width=\"25\" height=\"25\" data-pagespeed-url-hash=\"218075292\" \/><\/a><\/strong>)<br \/>\nNa mensagem da tarde, Dutch aborda 6 t\u00f3picos: pairar, dar \u00e0 luz, sentinelas, a plenitude dos tempos, esperar e apropriar-se das coisas. Estamos num tempo em que o Senhor est\u00e1 pronto para quebrar fortalezas seculares e milenares e transformar na\u00e7\u00f5es de forma completa, radical e plena.<\/li>\n<li><strong>Graham Cooke &#8211; Sess\u00e3o de S\u00e1bado \u00e0 Noite<br \/>\n<\/strong>(<strong><a title=\"Graham Cooke - Sess\u00e3o de S\u00e1bado \u00e0 Noite\" href=\"https:\/\/www.youtube.com\/watch?v=UujZ_IlNNaY&amp;list=PLSVk2ZELQLZKkspSfzbbew_8AD47C35O2&amp;index=15\" target=\"_blank\" rel=\"noopener\">Assista no YouTube <img loading=\"lazy\" decoding=\"async\" src=\"https:\/\/aglow.org\/images\/icons\/you-tube-icon.jpg\" alt=\"you tube icon\" width=\"25\" height=\"25\" data-pagespeed-url-hash=\"218075292\" \/><\/a><\/strong>)<br \/>\nEstamos vivendo um momento sem precedentes. Alguns de n\u00f3s temos nos preparado para isso a vida toda, para vivermos algo t\u00e3o profundo, t\u00e3o grandioso que nos domina. Ficamos obcecados pela bondade de Deus. Este \u00e9 o momento certo para entrarmos neste lugar, porque o mundo est\u00e1 em caos, mas n\u00f3s n\u00e3o, nunca n\u00f3s. Estamos no Reino. E a promessa Dele para n\u00f3s \u00e9 que, assim como Ele \u00e9, ou seja, Jesus, assim tamb\u00e9m somos n\u00f3s neste mundo.<\/li>\n<\/ul>\n\n","protected":false},"excerpt":{"rendered":"<p>Mensagens da Confer\u00eancia de 2018 O Adobe Acrobat Reader \u00e9 necess\u00e1rio para visualizar estes documentos. Caso n\u00e3o o tenha instalado no seu computador, voc\u00ea poder\u00e1 baix\u00e1-lo gratuitamente atrav\u00e9s do seu website. Adobe Acrobat Reader Para traduzir o v\u00eddeo, siga as instru\u00e7\u00f5es abaixo:Clique na miniatura do v\u00eddeoNa parte inferior da tela, clique no \u00edcone C (legendas\/legenda&hellip;<\/p>\n","protected":false},"author":3,"featured_media":0,"parent":0,"menu_order":0,"comment_status":"closed","ping_status":"closed","template":"","meta":{"footnotes":""},"class_list":["post-6385","page","type-page","status-publish","hentry"],"yoast_head":"<!-- This site is optimized with the Yoast SEO plugin v27.3 - https:\/\/yoast.com\/product\/yoast-seo-wordpress\/ -->\n<title>Mensagens da Confer\u00eancia de 2018 - Aglow International<\/title>\n<meta name=\"robots\" content=\"index, follow, max-snippet:-1, max-image-preview:large, max-video-preview:-1\" \/>\n<link rel=\"canonical\" href=\"https:\/\/aglow.org\/pt-pt\/mensagens-da-conferencia-de-2018\/\" \/>\n<meta property=\"og:locale\" content=\"pt_PT\" \/>\n<meta property=\"og:type\" content=\"article\" \/>\n<meta property=\"og:title\" content=\"Mensagens da Confer\u00eancia de 2018 - Aglow International\" \/>\n<meta property=\"og:description\" content=\"Mensagens da Confer\u00eancia de 2018 O Adobe Acrobat Reader \u00e9 necess\u00e1rio para visualizar estes documentos. Caso n\u00e3o o tenha instalado no seu computador, voc\u00ea poder\u00e1 baix\u00e1-lo gratuitamente atrav\u00e9s do seu website. Adobe Acrobat Reader Para traduzir o v\u00eddeo, siga as instru\u00e7\u00f5es abaixo:Clique na miniatura do v\u00eddeoNa parte inferior da tela, clique no \u00edcone C (legendas\/legenda&hellip;\" \/>\n<meta property=\"og:url\" content=\"https:\/\/aglow.org\/pt-pt\/mensagens-da-conferencia-de-2018\/\" \/>\n<meta property=\"og:site_name\" content=\"Aglow International\" \/>\n<meta property=\"article:modified_time\" content=\"2026-02-04T19:53:03+00:00\" \/>\n<meta property=\"og:image\" content=\"https:\/\/aglow.org\/wp-content\/uploads\/2025\/04\/2018-conf-theme.jpg\" \/>\n\t<meta property=\"og:image:width\" content=\"800\" \/>\n\t<meta property=\"og:image:height\" content=\"900\" \/>\n\t<meta property=\"og:image:type\" content=\"image\/jpeg\" \/>\n<meta name=\"twitter:card\" content=\"summary_large_image\" \/>\n<meta name=\"twitter:label1\" content=\"Tempo estimado de leitura\" \/>\n\t<meta name=\"twitter:data1\" content=\"7 minutos\" \/>\n<script type=\"application\/ld+json\" class=\"yoast-schema-graph\">{\"@context\":\"https:\\\/\\\/schema.org\",\"@graph\":[{\"@type\":\"WebPage\",\"@id\":\"https:\\\/\\\/aglow.org\\\/pt-pt\\\/mensagens-da-conferencia-de-2018\\\/\",\"url\":\"https:\\\/\\\/aglow.org\\\/pt-pt\\\/mensagens-da-conferencia-de-2018\\\/\",\"name\":\"Mensagens da Confer\u00eancia de 2018 - Aglow International\",\"isPartOf\":{\"@id\":\"https:\\\/\\\/aglow.org\\\/pt-pt\\\/#website\"},\"primaryImageOfPage\":{\"@id\":\"https:\\\/\\\/aglow.org\\\/pt-pt\\\/mensagens-da-conferencia-de-2018\\\/#primaryimage\"},\"image\":{\"@id\":\"https:\\\/\\\/aglow.org\\\/pt-pt\\\/mensagens-da-conferencia-de-2018\\\/#primaryimage\"},\"thumbnailUrl\":\"https:\\\/\\\/aglow.org\\\/wp-content\\\/uploads\\\/2025\\\/04\\\/2018-conf-theme.jpg\",\"datePublished\":\"2025-04-11T18:51:29+00:00\",\"dateModified\":\"2026-02-04T19:53:03+00:00\",\"breadcrumb\":{\"@id\":\"https:\\\/\\\/aglow.org\\\/pt-pt\\\/mensagens-da-conferencia-de-2018\\\/#breadcrumb\"},\"inLanguage\":\"pt-PT\",\"potentialAction\":[{\"@type\":\"ReadAction\",\"target\":[\"https:\\\/\\\/aglow.org\\\/pt-pt\\\/mensagens-da-conferencia-de-2018\\\/\"]}]},{\"@type\":\"ImageObject\",\"inLanguage\":\"pt-PT\",\"@id\":\"https:\\\/\\\/aglow.org\\\/pt-pt\\\/mensagens-da-conferencia-de-2018\\\/#primaryimage\",\"url\":\"https:\\\/\\\/aglow.org\\\/wp-content\\\/uploads\\\/2025\\\/04\\\/2018-conf-theme.jpg\",\"contentUrl\":\"https:\\\/\\\/aglow.org\\\/wp-content\\\/uploads\\\/2025\\\/04\\\/2018-conf-theme.jpg\"},{\"@type\":\"BreadcrumbList\",\"@id\":\"https:\\\/\\\/aglow.org\\\/pt-pt\\\/mensagens-da-conferencia-de-2018\\\/#breadcrumb\",\"itemListElement\":[{\"@type\":\"ListItem\",\"position\":1,\"name\":\"Home\",\"item\":\"https:\\\/\\\/aglow.org\\\/pt-pt\\\/\"},{\"@type\":\"ListItem\",\"position\":2,\"name\":\"Mensagens da Confer\u00eancia de 2018\"}]},{\"@type\":\"WebSite\",\"@id\":\"https:\\\/\\\/aglow.org\\\/pt-pt\\\/#website\",\"url\":\"https:\\\/\\\/aglow.org\\\/pt-pt\\\/\",\"name\":\"Aglow International\",\"description\":\"\",\"publisher\":{\"@id\":\"https:\\\/\\\/aglow.org\\\/pt-pt\\\/#organization\"},\"potentialAction\":[{\"@type\":\"SearchAction\",\"target\":{\"@type\":\"EntryPoint\",\"urlTemplate\":\"https:\\\/\\\/aglow.org\\\/pt-pt\\\/?s={search_term_string}\"},\"query-input\":{\"@type\":\"PropertyValueSpecification\",\"valueRequired\":true,\"valueName\":\"search_term_string\"}}],\"inLanguage\":\"pt-PT\"},{\"@type\":\"Organization\",\"@id\":\"https:\\\/\\\/aglow.org\\\/pt-pt\\\/#organization\",\"name\":\"Aglow International\",\"url\":\"https:\\\/\\\/aglow.org\\\/pt-pt\\\/\",\"logo\":{\"@type\":\"ImageObject\",\"inLanguage\":\"pt-PT\",\"@id\":\"https:\\\/\\\/aglow.org\\\/pt-pt\\\/#\\\/schema\\\/logo\\\/image\\\/\",\"url\":\"https:\\\/\\\/aglow.org\\\/wp-content\\\/uploads\\\/2025\\\/04\\\/Aglow_logo_orange_800px.png\",\"contentUrl\":\"https:\\\/\\\/aglow.org\\\/wp-content\\\/uploads\\\/2025\\\/04\\\/Aglow_logo_orange_800px.png\",\"width\":800,\"height\":302,\"caption\":\"Aglow International\"},\"image\":{\"@id\":\"https:\\\/\\\/aglow.org\\\/pt-pt\\\/#\\\/schema\\\/logo\\\/image\\\/\"}}]}<\/script>\n<!-- \/ Yoast SEO plugin. -->","yoast_head_json":{"title":"Mensagens da Confer\u00eancia de 2018 - Aglow International","robots":{"index":"index","follow":"follow","max-snippet":"max-snippet:-1","max-image-preview":"max-image-preview:large","max-video-preview":"max-video-preview:-1"},"canonical":"https:\/\/aglow.org\/pt-pt\/mensagens-da-conferencia-de-2018\/","og_locale":"pt_PT","og_type":"article","og_title":"Mensagens da Confer\u00eancia de 2018 - Aglow International","og_description":"Mensagens da Confer\u00eancia de 2018 O Adobe Acrobat Reader \u00e9 necess\u00e1rio para visualizar estes documentos. Caso n\u00e3o o tenha instalado no seu computador, voc\u00ea poder\u00e1 baix\u00e1-lo gratuitamente atrav\u00e9s do seu website. Adobe Acrobat Reader Para traduzir o v\u00eddeo, siga as instru\u00e7\u00f5es abaixo:Clique na miniatura do v\u00eddeoNa parte inferior da tela, clique no \u00edcone C (legendas\/legenda&hellip;","og_url":"https:\/\/aglow.org\/pt-pt\/mensagens-da-conferencia-de-2018\/","og_site_name":"Aglow International","article_modified_time":"2026-02-04T19:53:03+00:00","og_image":[{"width":800,"height":900,"url":"https:\/\/aglow.org\/wp-content\/uploads\/2025\/04\/2018-conf-theme.jpg","type":"image\/jpeg"}],"twitter_card":"summary_large_image","twitter_misc":{"Tempo estimado de leitura":"7 minutos"},"schema":{"@context":"https:\/\/schema.org","@graph":[{"@type":"WebPage","@id":"https:\/\/aglow.org\/pt-pt\/mensagens-da-conferencia-de-2018\/","url":"https:\/\/aglow.org\/pt-pt\/mensagens-da-conferencia-de-2018\/","name":"Mensagens da Confer\u00eancia de 2018 - Aglow International","isPartOf":{"@id":"https:\/\/aglow.org\/pt-pt\/#website"},"primaryImageOfPage":{"@id":"https:\/\/aglow.org\/pt-pt\/mensagens-da-conferencia-de-2018\/#primaryimage"},"image":{"@id":"https:\/\/aglow.org\/pt-pt\/mensagens-da-conferencia-de-2018\/#primaryimage"},"thumbnailUrl":"https:\/\/aglow.org\/wp-content\/uploads\/2025\/04\/2018-conf-theme.jpg","datePublished":"2025-04-11T18:51:29+00:00","dateModified":"2026-02-04T19:53:03+00:00","breadcrumb":{"@id":"https:\/\/aglow.org\/pt-pt\/mensagens-da-conferencia-de-2018\/#breadcrumb"},"inLanguage":"pt-PT","potentialAction":[{"@type":"ReadAction","target":["https:\/\/aglow.org\/pt-pt\/mensagens-da-conferencia-de-2018\/"]}]},{"@type":"ImageObject","inLanguage":"pt-PT","@id":"https:\/\/aglow.org\/pt-pt\/mensagens-da-conferencia-de-2018\/#primaryimage","url":"https:\/\/aglow.org\/wp-content\/uploads\/2025\/04\/2018-conf-theme.jpg","contentUrl":"https:\/\/aglow.org\/wp-content\/uploads\/2025\/04\/2018-conf-theme.jpg"},{"@type":"BreadcrumbList","@id":"https:\/\/aglow.org\/pt-pt\/mensagens-da-conferencia-de-2018\/#breadcrumb","itemListElement":[{"@type":"ListItem","position":1,"name":"Home","item":"https:\/\/aglow.org\/pt-pt\/"},{"@type":"ListItem","position":2,"name":"Mensagens da Confer\u00eancia de 2018"}]},{"@type":"WebSite","@id":"https:\/\/aglow.org\/pt-pt\/#website","url":"https:\/\/aglow.org\/pt-pt\/","name":"Aglow International","description":"","publisher":{"@id":"https:\/\/aglow.org\/pt-pt\/#organization"},"potentialAction":[{"@type":"SearchAction","target":{"@type":"EntryPoint","urlTemplate":"https:\/\/aglow.org\/pt-pt\/?s={search_term_string}"},"query-input":{"@type":"PropertyValueSpecification","valueRequired":true,"valueName":"search_term_string"}}],"inLanguage":"pt-PT"},{"@type":"Organization","@id":"https:\/\/aglow.org\/pt-pt\/#organization","name":"Aglow International","url":"https:\/\/aglow.org\/pt-pt\/","logo":{"@type":"ImageObject","inLanguage":"pt-PT","@id":"https:\/\/aglow.org\/pt-pt\/#\/schema\/logo\/image\/","url":"https:\/\/aglow.org\/wp-content\/uploads\/2025\/04\/Aglow_logo_orange_800px.png","contentUrl":"https:\/\/aglow.org\/wp-content\/uploads\/2025\/04\/Aglow_logo_orange_800px.png","width":800,"height":302,"caption":"Aglow International"},"image":{"@id":"https:\/\/aglow.org\/pt-pt\/#\/schema\/logo\/image\/"}}]}},"_links":{"self":[{"href":"https:\/\/aglow.org\/pt-pt\/wp-json\/wp\/v2\/pages\/6385","targetHints":{"allow":["GET"]}}],"collection":[{"href":"https:\/\/aglow.org\/pt-pt\/wp-json\/wp\/v2\/pages"}],"about":[{"href":"https:\/\/aglow.org\/pt-pt\/wp-json\/wp\/v2\/types\/page"}],"author":[{"embeddable":true,"href":"https:\/\/aglow.org\/pt-pt\/wp-json\/wp\/v2\/users\/3"}],"replies":[{"embeddable":true,"href":"https:\/\/aglow.org\/pt-pt\/wp-json\/wp\/v2\/comments?post=6385"}],"version-history":[{"count":3,"href":"https:\/\/aglow.org\/pt-pt\/wp-json\/wp\/v2\/pages\/6385\/revisions"}],"predecessor-version":[{"id":6406,"href":"https:\/\/aglow.org\/pt-pt\/wp-json\/wp\/v2\/pages\/6385\/revisions\/6406"}],"wp:attachment":[{"href":"https:\/\/aglow.org\/pt-pt\/wp-json\/wp\/v2\/media?parent=6385"}],"curies":[{"name":"wp","href":"https:\/\/api.w.org\/{rel}","templated":true}]}}