{"id":6346,"date":"2025-04-11T14:31:58","date_gmt":"2025-04-11T14:31:58","guid":{"rendered":"https:\/\/aglow.org\/mensagens-da-conferencia-de-2019\/"},"modified":"2026-02-05T16:49:46","modified_gmt":"2026-02-05T16:49:46","slug":"mensagens-da-conferencia-de-2019","status":"publish","type":"page","link":"https:\/\/aglow.org\/pt-pt\/mensagens-da-conferencia-de-2019\/","title":{"rendered":"Mensagens da Confer\u00eancia de 2019"},"content":{"rendered":"\n<h1>\n\t\t\tMensagens da Confer\u00eancia de 2019\t<\/h1>\n<figure itemscope itemtype=\"https:\/\/schema.org\/ImageObject\">\n\t\t\t\t<img decoding=\"async\" src=\"https:\/\/aglow.org\/wp-content\/uploads\/2025\/04\/2019-convocation-1200.jpg\" alt=\"Mensagens da Confer\u00eancia de 2019\" height=\"574\" width=\"1200\" title=\"Mensagens da Confer\u00eancia de 2019\" onerror=\"this.style.display='none'\" loading=\"lazy\" \/>\n\t<\/figure>\n\t<p><strong>O Adobe Acrobat Reader<\/strong> \u00e9 necess\u00e1rio para visualizar estes documentos. Caso n\u00e3o o tenha instalado no seu computador, voc\u00ea poder\u00e1 baix\u00e1-lo gratuitamente atrav\u00e9s do seu website. Adobe Acrobat Reader<\/p>\n<p>Para traduzir o v\u00eddeo, siga as instru\u00e7\u00f5es abaixo:<br \/>Clique na miniatura do v\u00eddeo<br \/>Na parte inferior da tela, clique no \u00edcone C (legendas\/legenda oculta) (Closed Captions)<br \/>Em seguida, clique no \u00edcone Detalhes (Settings)<br \/>Clique em Legendas\/CC (Subtitles)<br \/>Clique em Traduzir automaticamente (Auto Translate)<br \/>Escolha o seu idioma  <a title=\"Baixe o Adobe Acrobat Reader\" href=\"http:\/\/get.adobe.com\/reader\/\" target=\"_blank\" rel=\"noopener noreferrer\">Baixe o Adobe Acrobat Reader <\/a><\/p>\n\t<ul>\n<li><strong><a title=\"Jane Hansen Hoyt - Sess\u00e3o de Abertura\" href=\"https:\/\/aglow.org\/images\/_leaderDev\/2019-Convocation-Jane-Hansen-Hoyt-opening-session-SP.pdf\" target=\"_blank\" rel=\"noopener\">Jane Hansen Hoyt &#8211; Sess\u00e3o de Abertura<\/a><\/strong><br \/>\n(<strong><a title=\"Jane Hansen Hoyt - Sess\u00e3o de Abertura\" href=\"https:\/\/aglow.org\/images\/_leaderDev\/2019-Convocation-Jane-Hansen-Hoyt-opening-session-SP.pdf\" target=\"_blank\" rel=\"noopener\">Baixar um PDF <img loading=\"lazy\" decoding=\"async\" src=\"https:\/\/aglow.org\/images\/icons\/pdf_icon_small.gif\" alt=\"\u00cdcone PDF pequeno\" width=\"20\" height=\"18\" \/><\/a><\/strong> | <strong><a title=\"Jane Hansen Hoyt - Sess\u00e3o de Abertura\" href=\"https:\/\/www.youtube.com\/watch?v=YcX5JKSGhd4&amp;list=PLSVk2ZELQLZKkspSfzbbew_8AD47C35O2&amp;index=21\" target=\"_blank\" rel=\"noopener\">Assistir no YouTube <img loading=\"lazy\" decoding=\"async\" src=\"https:\/\/aglow.org\/images\/icons\/you-tube-icon.jpg\" alt=\"you tube icon\" width=\"25\" height=\"25\" data-pagespeed-url-hash=\"218075292\" \/><\/a><\/strong>)<br \/>\nNa sess\u00e3o de abertura da Conven\u00e7\u00e3o de Jerusal\u00e9m, Jane falou sobre as palavras prof\u00e9ticas que foram proferidas sobre a Aglow e como estamos vendo-as se cumprindo diante de n\u00f3s. Em todas as na\u00e7\u00f5es h\u00e1 uma nova un\u00e7\u00e3o. A luz est\u00e1 mais brilhante. A profundidade \u00e9 maior. A verdade \u00e9 explosiva da melhor maneira poss\u00edvel. \u00c9 um novo dia. \u00c9 uma nova era para a Aglow.<\/li>\n<li><a title=\"Asher Intrater - Sess\u00e3o de segunda-feira \u00e0 noite\" href=\"https:\/\/aglow.org\/images\/_leaderDev\/2019-Convocation-Asher-Intrater-Mon-PM-session-PT.pdf\" target=\"_blank\" rel=\"noopener\"><strong>Asher Intrater &#8211; Sess\u00e3o de segunda-feira \u00e0 noite<\/strong><\/a><br \/>\n(<strong><a title=\"Asher Intrater - Sess\u00e3o de segunda-feira \u00e0 noite\" href=\"https:\/\/aglow.org\/images\/_leaderDev\/2019-Convocation-Asher-Intrater-Mon-PM-session-PT.pdf\" target=\"_blank\" rel=\"noopener\">Baixe um PDF <img loading=\"lazy\" decoding=\"async\" src=\"https:\/\/aglow.org\/images\/icons\/pdf_icon_small.gif\" alt=\"\u00cdcone PDF pequeno\" width=\"20\" height=\"18\" \/><\/a><\/strong> | <strong><a title=\"Asher Intrater - Sess\u00e3o de segunda-feira \u00e0 noite\" href=\"https:\/\/www.youtube.com\/watch?v=4YB90CPws18&amp;list=PLSVk2ZELQLZKkspSfzbbew_8AD47C35O2&amp;index=13\" target=\"_blank\" rel=\"noopener\">Assista no YouTube <img loading=\"lazy\" decoding=\"async\" src=\"https:\/\/aglow.org\/images\/icons\/you-tube-icon.jpg\" alt=\"you tube icon\" width=\"25\" height=\"25\" data-pagespeed-url-hash=\"218075292\" \/><\/a><\/strong>)<br \/>\nEm vez de olhar para o que h\u00e1 de errado com todos os outros, precisamos dizer: &#8220;O que eu preciso mudar?&#8221; ent\u00e3o coloque a pedra para baixo. Temos que ter justi\u00e7a pessoal.<\/li>\n<li><strong><a title=\"Dan Juster - Quarta-feira Sess\u00e3o da manh\u00e3\" href=\"https:\/\/aglow.org\/wp-content\/uploads\/2026\/02\/2019-Convocation-Dan-Juster-Tues-AM-session-PT.pdf\" target=\"_blank\" rel=\"noopener\">Dan Juster &#8211; Quarta-feira Sess\u00e3o da manh\u00e3 <\/a><\/strong><br \/>\n(<strong><a title=\"Dan Juster - Quarta-feira Sess\u00e3o da manh\u00e3\" href=\"https:\/\/aglow.org\/wp-content\/uploads\/2026\/02\/2019-Convocation-Dan-Juster-Tues-AM-session-PT.pdf\" target=\"_blank\" rel=\"noopener\">Baixe um PDF <img loading=\"lazy\" decoding=\"async\" src=\"https:\/\/aglow.org\/images\/icons\/pdf_icon_small.gif\" alt=\"\u00cdcone PDF pequeno\" width=\"20\" height=\"18\" \/><\/a><\/strong> | <strong><a title=\"Dan Juster - Quarta-feira Sess\u00e3o da manh\u00e3\" href=\"https:\/\/www.youtube.com\/watch?v=1YvB_WMjPNA&amp;list=PLSVk2ZELQLZKkspSfzbbew_8AD47C35O2&amp;index=12\" target=\"_blank\" rel=\"noopener\">Assista no YouTube <img loading=\"lazy\" decoding=\"async\" src=\"https:\/\/aglow.org\/images\/icons\/you-tube-icon.jpg\" alt=\"you tube icon\" width=\"25\" height=\"25\" data-pagespeed-url-hash=\"218075292\" \/><\/a><\/strong>)<br \/>\nNa sess\u00e3o da manh\u00e3 de ter\u00e7a-feira Dan Juster falou sobre o Movimento 5 Pilares: 1) Esp\u00edrito de avivamento e paix\u00e3o por Yeshua. 2) Unidade da igreja que libera o Esp\u00edrito Santo. 3) Miss\u00f5es mundiais, o Evangelho do Reino estabelecendo congrega\u00e7\u00f5es\/comunidades, tudo o que est\u00e1 conectado ao Reino. 4) Ter um cora\u00e7\u00e3o apaixonado pelo povo judeu e sua salva\u00e7\u00e3o. 5) Criar l\u00edderes apaixonados pelos quatro primeiros pilares. Voc\u00ea \u00e9 uma pessoa de 5 pilares?<\/li>\n<li><strong><a title=\"Asher Intrater - Sess\u00e3o da tarde de ter\u00e7a-feira\" href=\"https:\/\/aglow.org\/images\/_leaderDev\/2019-Convocation-Asher-Intrater-Tues-PM-session-EN-.pdf\" target=\"_blank\" rel=\"noopener\">Asher Intrater &#8211; Sess\u00e3o da tarde de ter\u00e7a-feira <\/a><\/strong><br \/>\n(<strong><a title=\"Asher Intrater - Sess\u00e3o da tarde de ter\u00e7a-feira\" href=\"https:\/\/aglow.org\/images\/_leaderDev\/2019-Convocation-Asher-Intrater-Tues-PM-session-EN-.pdf\" target=\"_blank\" rel=\"noopener\">Baixe um PDF <img loading=\"lazy\" decoding=\"async\" src=\"https:\/\/aglow.org\/images\/icons\/pdf_icon_small.gif\" alt=\"\u00cdcone PDF pequeno\" width=\"20\" height=\"18\" \/><\/a><\/strong> | <strong><a title=\"Asher Intrater - Tuesday PM Session\" href=\"https:\/\/www.youtube.com\/watch?v=iXboOxCgkVQ&amp;list=PLSVk2ZELQLZKkspSfzbbew_8AD47C35O2&amp;index=10\" target=\"_blank\" rel=\"noopener\">Assista no YouTube <img loading=\"lazy\" decoding=\"async\" src=\"https:\/\/aglow.org\/images\/icons\/you-tube-icon.jpg\" alt=\"you tube icon\" width=\"25\" height=\"25\" data-pagespeed-url-hash=\"218075292\" \/><\/a><\/strong>)<br \/>\nNa sess\u00e3o de ter\u00e7a-feira \u00e0 noite Asher suplicou-nos para chegar a um n\u00edvel superior, um maior n\u00edvel de compreens\u00e3o, onde podemos ver claramente no Esp\u00edrito, onde podemos entender o que est\u00e1 acontecendo, colocar o poder espiritual, e onde podemos tomar a autoridade do dom\u00ednio que Yesh ua subiu no c\u00e9u para nos dar.<\/li>\n<li><strong><a title=\"Dan Juster - Quarta-feira Sess\u00e3o da manh\u00e3\" href=\"https:\/\/aglow.org\/images\/_leaderDev\/2019-Convocation-Dan-Juster-Wed-AM-session-PT.pdf\" target=\"_blank\" rel=\"noopener\">Dan Juster &#8211; Quarta-feira Sess\u00e3o da manh\u00e3<br \/>\n<\/a><\/strong>(<strong><a title=\"Dan Juster - Quarta-feira Sess\u00e3o da manh\u00e3\" href=\"https:\/\/aglow.org\/images\/_leaderDev\/2019-Convocation-Dan-Juster-Wed-AM-session-PT.pdf\" target=\"_blank\" rel=\"noopener\">Baixe um PDF <img loading=\"lazy\" decoding=\"async\" src=\"https:\/\/aglow.org\/images\/icons\/pdf_icon_small.gif\" alt=\"\u00cdcone PDF pequeno\" width=\"20\" height=\"18\" \/><\/a><\/strong> | <strong><a title=\"Dan Juster - Quarta-feira Sess\u00e3o da manh\u00e3\" href=\"https:\/\/www.youtube.com\/watch?v=AH1Q6RHyYdc&amp;list=PLSVk2ZELQLZKkspSfzbbew_8AD47C35O2&amp;index=11\" target=\"_blank\" rel=\"noopener\">Assista no YouTube <img loading=\"lazy\" decoding=\"async\" src=\"https:\/\/aglow.org\/images\/icons\/you-tube-icon.jpg\" alt=\"you tube icon\" width=\"25\" height=\"25\" data-pagespeed-url-hash=\"218075292\" \/><\/a><\/strong>)<br \/>\nNesta sess\u00e3o Dan fala sobre como voc\u00ea est\u00e1 unido a Israel, Israel \u00e9 juntado a voc\u00ea, e voc\u00ea \u00e9 um homem novo junto.<\/li>\n<li><strong><a title=\"Patty Juster - Quarta-feira Sess\u00e3o da manh\u00e3\" href=\"https:\/\/aglow.org\/images\/_leaderDev\/2019-Convocation-Patty-Juster-Wed-AM-session-PT.pdf\" target=\"_blank\" rel=\"noopener\">Patty Juster &#8211; Quarta-feira Sess\u00e3o da manh\u00e3 <img loading=\"lazy\" decoding=\"async\" src=\"https:\/\/aglow.org\/images\/icons\/pdf_icon_small.gif\" alt=\"\u00cdcone PDF pequeno\" width=\"20\" height=\"18\" \/><\/a><\/strong><br \/>\nNa sess\u00e3o da manh\u00e3 de quarta-feira Patty Juster falou sobre aprender a ter uma f\u00e9 profundamente enraizada e ver o prop\u00f3sito maior de Deus em ensaios e testes, mesmo no meio da dor e sofrimento.<\/li>\n<li><strong><a title=\"Jane Hansen Hoyt &amp; Membros da Diretoria Internacional - Sess\u00e3o de encerramento\" href=\"https:\/\/aglow.org\/images\/_leaderDev\/2019-Convocation-Jane-Hansen-Hoyt-closing-session-PT.pdf\" target=\"_blank\" rel=\"noopener\">Jane Hansen Hoyt &amp; Membros da Diretoria Internacional &#8211; Sess\u00e3o de encerramento <img loading=\"lazy\" decoding=\"async\" src=\"https:\/\/aglow.org\/images\/icons\/pdf_icon_small.gif\" alt=\"\u00cdcone PDF pequeno\" width=\"20\" height=\"18\" \/><\/a><\/strong><br \/>\nNa sess\u00e3o de encerramento da Convoca\u00e7\u00e3o, Jane, Dan e membros da IBOD falaram sobre diferentes verdades trazidas nas sess\u00f5es que foram especialmente impactantes para suas na\u00e7\u00f5es e regi\u00f5es. Eles nos incentivaram a voltar sobre as transcri\u00e7\u00f5es de cada sess\u00e3o para estudar, digerir e receber uma revela\u00e7\u00e3o mais profunda sobre as verdades trazidas na Convoca\u00e7\u00e3o, levando-nos a um n\u00edvel mais elevado de compreens\u00e3o do que ele quer.<\/li>\n<li><strong><a title=\"Temas para conversa - Convoca\u00e7\u00e3o da Aglow em Jerusal\u00e9m 2019\" href=\"https:\/\/aglow.org\/wp-content\/uploads\/2026\/02\/2019-Jerusalem-Convocation-Talking-Points-PT.pdf\" target=\"_blank\" rel=\"noopener\">Temas para conversa &#8211; Convoca\u00e7\u00e3o da Aglow em Jerusal\u00e9m 2019 <img loading=\"lazy\" decoding=\"async\" src=\"https:\/\/aglow.org\/images\/icons\/pdf_icon_small.gif\" alt=\"\u00cdcone PDF pequeno\" width=\"20\" height=\"18\" \/><\/a><\/strong><\/li>\n<\/ul>\n\n","protected":false},"excerpt":{"rendered":"<p>Mensagens da Confer\u00eancia de 2019 O Adobe Acrobat Reader \u00e9 necess\u00e1rio para visualizar estes documentos. Caso n\u00e3o o tenha instalado no seu computador, voc\u00ea poder\u00e1 baix\u00e1-lo gratuitamente atrav\u00e9s do seu website. Adobe Acrobat Reader Para traduzir o v\u00eddeo, siga as instru\u00e7\u00f5es abaixo:Clique na miniatura do v\u00eddeoNa parte inferior da tela, clique no \u00edcone C (legendas\/legenda&hellip;<\/p>\n","protected":false},"author":3,"featured_media":6298,"parent":0,"menu_order":0,"comment_status":"closed","ping_status":"closed","template":"","meta":{"footnotes":""},"class_list":["post-6346","page","type-page","status-publish","has-post-thumbnail","hentry"],"yoast_head":"<!-- This site is optimized with the Yoast SEO plugin v27.3 - https:\/\/yoast.com\/product\/yoast-seo-wordpress\/ -->\n<title>Mensagens da Confer\u00eancia de 2019 - Aglow International<\/title>\n<meta name=\"robots\" content=\"index, follow, max-snippet:-1, max-image-preview:large, max-video-preview:-1\" \/>\n<link rel=\"canonical\" href=\"https:\/\/aglow.org\/pt-pt\/mensagens-da-conferencia-de-2019\/\" \/>\n<meta property=\"og:locale\" content=\"pt_PT\" \/>\n<meta property=\"og:type\" content=\"article\" \/>\n<meta property=\"og:title\" content=\"Mensagens da Confer\u00eancia de 2019 - Aglow International\" \/>\n<meta property=\"og:description\" content=\"Mensagens da Confer\u00eancia de 2019 O Adobe Acrobat Reader \u00e9 necess\u00e1rio para visualizar estes documentos. Caso n\u00e3o o tenha instalado no seu computador, voc\u00ea poder\u00e1 baix\u00e1-lo gratuitamente atrav\u00e9s do seu website. Adobe Acrobat Reader Para traduzir o v\u00eddeo, siga as instru\u00e7\u00f5es abaixo:Clique na miniatura do v\u00eddeoNa parte inferior da tela, clique no \u00edcone C (legendas\/legenda&hellip;\" \/>\n<meta property=\"og:url\" content=\"https:\/\/aglow.org\/pt-pt\/mensagens-da-conferencia-de-2019\/\" \/>\n<meta property=\"og:site_name\" content=\"Aglow International\" \/>\n<meta property=\"article:modified_time\" content=\"2026-02-05T16:49:46+00:00\" \/>\n<meta property=\"og:image\" content=\"https:\/\/aglow.org\/wp-content\/uploads\/2025\/04\/2019-convocation-theme-1200.jpg\" \/>\n\t<meta property=\"og:image:width\" content=\"1200\" \/>\n\t<meta property=\"og:image:height\" content=\"444\" \/>\n\t<meta property=\"og:image:type\" content=\"image\/jpeg\" \/>\n<meta name=\"twitter:card\" content=\"summary_large_image\" \/>\n<meta name=\"twitter:label1\" content=\"Tempo estimado de leitura\" \/>\n\t<meta name=\"twitter:data1\" content=\"6 minutos\" \/>\n<script type=\"application\/ld+json\" class=\"yoast-schema-graph\">{\"@context\":\"https:\\\/\\\/schema.org\",\"@graph\":[{\"@type\":\"WebPage\",\"@id\":\"https:\\\/\\\/aglow.org\\\/pt-pt\\\/mensagens-da-conferencia-de-2019\\\/\",\"url\":\"https:\\\/\\\/aglow.org\\\/pt-pt\\\/mensagens-da-conferencia-de-2019\\\/\",\"name\":\"Mensagens da Confer\u00eancia de 2019 - Aglow International\",\"isPartOf\":{\"@id\":\"https:\\\/\\\/aglow.org\\\/pt-pt\\\/#website\"},\"primaryImageOfPage\":{\"@id\":\"https:\\\/\\\/aglow.org\\\/pt-pt\\\/mensagens-da-conferencia-de-2019\\\/#primaryimage\"},\"image\":{\"@id\":\"https:\\\/\\\/aglow.org\\\/pt-pt\\\/mensagens-da-conferencia-de-2019\\\/#primaryimage\"},\"thumbnailUrl\":\"https:\\\/\\\/aglow.org\\\/wp-content\\\/uploads\\\/2025\\\/04\\\/2019-convocation-theme-1200.jpg\",\"datePublished\":\"2025-04-11T14:31:58+00:00\",\"dateModified\":\"2026-02-05T16:49:46+00:00\",\"breadcrumb\":{\"@id\":\"https:\\\/\\\/aglow.org\\\/pt-pt\\\/mensagens-da-conferencia-de-2019\\\/#breadcrumb\"},\"inLanguage\":\"pt-PT\",\"potentialAction\":[{\"@type\":\"ReadAction\",\"target\":[\"https:\\\/\\\/aglow.org\\\/pt-pt\\\/mensagens-da-conferencia-de-2019\\\/\"]}]},{\"@type\":\"ImageObject\",\"inLanguage\":\"pt-PT\",\"@id\":\"https:\\\/\\\/aglow.org\\\/pt-pt\\\/mensagens-da-conferencia-de-2019\\\/#primaryimage\",\"url\":\"https:\\\/\\\/aglow.org\\\/wp-content\\\/uploads\\\/2025\\\/04\\\/2019-convocation-theme-1200.jpg\",\"contentUrl\":\"https:\\\/\\\/aglow.org\\\/wp-content\\\/uploads\\\/2025\\\/04\\\/2019-convocation-theme-1200.jpg\",\"width\":1200,\"height\":444,\"caption\":\"Mensagens da Confer\u00eancia de 2019\"},{\"@type\":\"BreadcrumbList\",\"@id\":\"https:\\\/\\\/aglow.org\\\/pt-pt\\\/mensagens-da-conferencia-de-2019\\\/#breadcrumb\",\"itemListElement\":[{\"@type\":\"ListItem\",\"position\":1,\"name\":\"Home\",\"item\":\"https:\\\/\\\/aglow.org\\\/pt-pt\\\/\"},{\"@type\":\"ListItem\",\"position\":2,\"name\":\"Mensagens da Confer\u00eancia de 2019\"}]},{\"@type\":\"WebSite\",\"@id\":\"https:\\\/\\\/aglow.org\\\/pt-pt\\\/#website\",\"url\":\"https:\\\/\\\/aglow.org\\\/pt-pt\\\/\",\"name\":\"Aglow International\",\"description\":\"\",\"publisher\":{\"@id\":\"https:\\\/\\\/aglow.org\\\/pt-pt\\\/#organization\"},\"potentialAction\":[{\"@type\":\"SearchAction\",\"target\":{\"@type\":\"EntryPoint\",\"urlTemplate\":\"https:\\\/\\\/aglow.org\\\/pt-pt\\\/?s={search_term_string}\"},\"query-input\":{\"@type\":\"PropertyValueSpecification\",\"valueRequired\":true,\"valueName\":\"search_term_string\"}}],\"inLanguage\":\"pt-PT\"},{\"@type\":\"Organization\",\"@id\":\"https:\\\/\\\/aglow.org\\\/pt-pt\\\/#organization\",\"name\":\"Aglow International\",\"url\":\"https:\\\/\\\/aglow.org\\\/pt-pt\\\/\",\"logo\":{\"@type\":\"ImageObject\",\"inLanguage\":\"pt-PT\",\"@id\":\"https:\\\/\\\/aglow.org\\\/pt-pt\\\/#\\\/schema\\\/logo\\\/image\\\/\",\"url\":\"https:\\\/\\\/aglow.org\\\/wp-content\\\/uploads\\\/2025\\\/04\\\/Aglow_logo_orange_800px.png\",\"contentUrl\":\"https:\\\/\\\/aglow.org\\\/wp-content\\\/uploads\\\/2025\\\/04\\\/Aglow_logo_orange_800px.png\",\"width\":800,\"height\":302,\"caption\":\"Aglow International\"},\"image\":{\"@id\":\"https:\\\/\\\/aglow.org\\\/pt-pt\\\/#\\\/schema\\\/logo\\\/image\\\/\"}}]}<\/script>\n<!-- \/ Yoast SEO plugin. -->","yoast_head_json":{"title":"Mensagens da Confer\u00eancia de 2019 - Aglow International","robots":{"index":"index","follow":"follow","max-snippet":"max-snippet:-1","max-image-preview":"max-image-preview:large","max-video-preview":"max-video-preview:-1"},"canonical":"https:\/\/aglow.org\/pt-pt\/mensagens-da-conferencia-de-2019\/","og_locale":"pt_PT","og_type":"article","og_title":"Mensagens da Confer\u00eancia de 2019 - Aglow International","og_description":"Mensagens da Confer\u00eancia de 2019 O Adobe Acrobat Reader \u00e9 necess\u00e1rio para visualizar estes documentos. Caso n\u00e3o o tenha instalado no seu computador, voc\u00ea poder\u00e1 baix\u00e1-lo gratuitamente atrav\u00e9s do seu website. Adobe Acrobat Reader Para traduzir o v\u00eddeo, siga as instru\u00e7\u00f5es abaixo:Clique na miniatura do v\u00eddeoNa parte inferior da tela, clique no \u00edcone C (legendas\/legenda&hellip;","og_url":"https:\/\/aglow.org\/pt-pt\/mensagens-da-conferencia-de-2019\/","og_site_name":"Aglow International","article_modified_time":"2026-02-05T16:49:46+00:00","og_image":[{"width":1200,"height":444,"url":"https:\/\/aglow.org\/wp-content\/uploads\/2025\/04\/2019-convocation-theme-1200.jpg","type":"image\/jpeg"}],"twitter_card":"summary_large_image","twitter_misc":{"Tempo estimado de leitura":"6 minutos"},"schema":{"@context":"https:\/\/schema.org","@graph":[{"@type":"WebPage","@id":"https:\/\/aglow.org\/pt-pt\/mensagens-da-conferencia-de-2019\/","url":"https:\/\/aglow.org\/pt-pt\/mensagens-da-conferencia-de-2019\/","name":"Mensagens da Confer\u00eancia de 2019 - Aglow International","isPartOf":{"@id":"https:\/\/aglow.org\/pt-pt\/#website"},"primaryImageOfPage":{"@id":"https:\/\/aglow.org\/pt-pt\/mensagens-da-conferencia-de-2019\/#primaryimage"},"image":{"@id":"https:\/\/aglow.org\/pt-pt\/mensagens-da-conferencia-de-2019\/#primaryimage"},"thumbnailUrl":"https:\/\/aglow.org\/wp-content\/uploads\/2025\/04\/2019-convocation-theme-1200.jpg","datePublished":"2025-04-11T14:31:58+00:00","dateModified":"2026-02-05T16:49:46+00:00","breadcrumb":{"@id":"https:\/\/aglow.org\/pt-pt\/mensagens-da-conferencia-de-2019\/#breadcrumb"},"inLanguage":"pt-PT","potentialAction":[{"@type":"ReadAction","target":["https:\/\/aglow.org\/pt-pt\/mensagens-da-conferencia-de-2019\/"]}]},{"@type":"ImageObject","inLanguage":"pt-PT","@id":"https:\/\/aglow.org\/pt-pt\/mensagens-da-conferencia-de-2019\/#primaryimage","url":"https:\/\/aglow.org\/wp-content\/uploads\/2025\/04\/2019-convocation-theme-1200.jpg","contentUrl":"https:\/\/aglow.org\/wp-content\/uploads\/2025\/04\/2019-convocation-theme-1200.jpg","width":1200,"height":444,"caption":"Mensagens da Confer\u00eancia de 2019"},{"@type":"BreadcrumbList","@id":"https:\/\/aglow.org\/pt-pt\/mensagens-da-conferencia-de-2019\/#breadcrumb","itemListElement":[{"@type":"ListItem","position":1,"name":"Home","item":"https:\/\/aglow.org\/pt-pt\/"},{"@type":"ListItem","position":2,"name":"Mensagens da Confer\u00eancia de 2019"}]},{"@type":"WebSite","@id":"https:\/\/aglow.org\/pt-pt\/#website","url":"https:\/\/aglow.org\/pt-pt\/","name":"Aglow International","description":"","publisher":{"@id":"https:\/\/aglow.org\/pt-pt\/#organization"},"potentialAction":[{"@type":"SearchAction","target":{"@type":"EntryPoint","urlTemplate":"https:\/\/aglow.org\/pt-pt\/?s={search_term_string}"},"query-input":{"@type":"PropertyValueSpecification","valueRequired":true,"valueName":"search_term_string"}}],"inLanguage":"pt-PT"},{"@type":"Organization","@id":"https:\/\/aglow.org\/pt-pt\/#organization","name":"Aglow International","url":"https:\/\/aglow.org\/pt-pt\/","logo":{"@type":"ImageObject","inLanguage":"pt-PT","@id":"https:\/\/aglow.org\/pt-pt\/#\/schema\/logo\/image\/","url":"https:\/\/aglow.org\/wp-content\/uploads\/2025\/04\/Aglow_logo_orange_800px.png","contentUrl":"https:\/\/aglow.org\/wp-content\/uploads\/2025\/04\/Aglow_logo_orange_800px.png","width":800,"height":302,"caption":"Aglow International"},"image":{"@id":"https:\/\/aglow.org\/pt-pt\/#\/schema\/logo\/image\/"}}]}},"_links":{"self":[{"href":"https:\/\/aglow.org\/pt-pt\/wp-json\/wp\/v2\/pages\/6346","targetHints":{"allow":["GET"]}}],"collection":[{"href":"https:\/\/aglow.org\/pt-pt\/wp-json\/wp\/v2\/pages"}],"about":[{"href":"https:\/\/aglow.org\/pt-pt\/wp-json\/wp\/v2\/types\/page"}],"author":[{"embeddable":true,"href":"https:\/\/aglow.org\/pt-pt\/wp-json\/wp\/v2\/users\/3"}],"replies":[{"embeddable":true,"href":"https:\/\/aglow.org\/pt-pt\/wp-json\/wp\/v2\/comments?post=6346"}],"version-history":[{"count":6,"href":"https:\/\/aglow.org\/pt-pt\/wp-json\/wp\/v2\/pages\/6346\/revisions"}],"predecessor-version":[{"id":6472,"href":"https:\/\/aglow.org\/pt-pt\/wp-json\/wp\/v2\/pages\/6346\/revisions\/6472"}],"wp:featuredmedia":[{"embeddable":true,"href":"https:\/\/aglow.org\/pt-pt\/wp-json\/wp\/v2\/media\/6298"}],"wp:attachment":[{"href":"https:\/\/aglow.org\/pt-pt\/wp-json\/wp\/v2\/media?parent=6346"}],"curies":[{"name":"wp","href":"https:\/\/api.w.org\/{rel}","templated":true}]}}