{"id":6096,"date":"2025-04-10T18:59:35","date_gmt":"2025-04-10T18:59:35","guid":{"rendered":"https:\/\/aglow.org\/mensagens-da-conferencia-de-2023\/"},"modified":"2026-02-04T21:06:38","modified_gmt":"2026-02-04T21:06:38","slug":"mensagens-da-conferencia-de-2023","status":"publish","type":"page","link":"https:\/\/aglow.org\/pt-pt\/mensagens-da-conferencia-de-2023\/","title":{"rendered":"Mensagens da Confer\u00eancia de 2023"},"content":{"rendered":"\n<h1>\n\t\t\tMensagens da Confer\u00eancia de 2023 \t<\/h1>\n<figure itemscope itemtype=\"https:\/\/schema.org\/ImageObject\">\n\t\t\t\t<img decoding=\"async\" src=\"https:\/\/aglow.org\/wp-content\/uploads\/2025\/04\/2023-conference-theme-1200.jpg\" alt=\"\" onerror=\"this.style.display='none'\" loading=\"lazy\" \/>\n\t<\/figure>\n\t<p><strong>O Adobe Acrobat Reader<\/strong> \u00e9 necess\u00e1rio para visualizar estes documentos. Caso n\u00e3o o tenha instalado no seu computador, voc\u00ea poder\u00e1 baix\u00e1-lo gratuitamente atrav\u00e9s do seu website. Adobe Acrobat Reader<\/p>\n<p>Para traduzir o v\u00eddeo, siga as instru\u00e7\u00f5es abaixo:<br \/>Clique na miniatura do v\u00eddeo<br \/>Na parte inferior da tela, clique no \u00edcone C (legendas\/legenda oculta) (Closed Captions)<br \/>Em seguida, clique no \u00edcone Detalhes (Settings)<br \/>Clique em Legendas\/CC (Subtitles)<br \/>Clique em Traduzir automaticamente (Auto Translate)<br \/>Escolha o seu idioma  <a title=\"Baixe o Adobe Acrobat Reader\" href=\"http:\/\/get.adobe.com\/reader\/\" target=\"_blank\" rel=\"noopener noreferrer\">Baixe o Adobe Acrobat Reader <\/a><\/p>\n\t<ul>\n<li><strong><a title=\"O Tsunami que est\u00e1 por vir - Tim Sheets - Sess\u00e3o de sexta-feira de manh\u00e3\" href=\"https:\/\/aglow.org\/images\/_leaderDev\/2023-Tim-Sheets-Friday-AM-PT.pdf\" target=\"_blank\" rel=\"noopener\">O Tsunami que est\u00e1 por vir &#8211; Tim Sheets &#8211; Sess\u00e3o de sexta-feira de manh\u00e3<\/a><\/strong><br \/>\n(<a title=\"O Tsunami que est\u00e1 por vir - Tim Sheets - Sess\u00e3o de sexta-feira de manh\u00e3\" href=\"https:\/\/aglow.org\/images\/_leaderDev\/2023-Tim-Sheets-Friday-AM-PT.pdf\" target=\"_blank\" rel=\"noopener\">Baixar um PDF <img loading=\"lazy\" decoding=\"async\" src=\"https:\/\/aglow.org\/images\/icons\/pdf_icon_small.gif\" alt=\"\u00cdcone PDF pequeno\" width=\"25\" height=\"23\" \/><\/a><strong>| <\/strong><a title=\"O Tsunami que est\u00e1 por vir - Tim Sheets - Sess\u00e3o de sexta-feira de manh\u00e3\" href=\"https:\/\/www.youtube.com\/watch?v=myherGcpik0\" target=\"_blank\" rel=\"noopener\">Assistir no YouTube <img loading=\"lazy\" decoding=\"async\" src=\"https:\/\/aglow.org\/images\/icons\/you-tube-icon.jpg\" alt=\"you tube icon\" width=\"25\" height=\"25\" data-pagespeed-url-hash=\"218075292\" \/><\/a>)<br \/>\nTodas as guerras que j\u00e1 foram travadas na Terra ou no C\u00e9u foram travadas por causa do &#8220;princ\u00edpio do ego&#8221;. O &#8220;problema do ego&#8221; em cada um de n\u00f3s nos impulsiona. A pergunta ao longo da hist\u00f3ria tem sido: &#8220;Quem ocupar\u00e1 o trono?&#8221; E assim, chegamos ao nosso pr\u00f3prio &#8220;problema do ego&#8221;. \u00c9 a mesma coisa. Quem se sentar\u00e1 no trono dos nossos cora\u00e7\u00f5es?<\/li>\n<li><strong><a title=\"Minha Igreja Prevalecer\u00e1 - Tim Sheets - Sess\u00e3o de sexta-feira \u00e0 noite\" href=\"https:\/\/aglow.org\/images\/_leaderDev\/2023-Tim-Sheets-Friday-PM-PT.pdf\" target=\"_blank\" rel=\"noopener\">Minha Igreja Prevalecer\u00e1 &#8211; Tim Sheets &#8211; Sess\u00e3o de sexta-feira \u00e0 noite<\/a><\/strong><br \/>\n(<a title=\"Baixar um PDF\" href=\"https:\/\/aglow.org\/images\/_leaderDev\/2023-Tim-Sheets-Friday-PM-PT.pdf\" target=\"_blank\" rel=\"noopener\">Baixar um PDF <img loading=\"lazy\" decoding=\"async\" src=\"https:\/\/aglow.org\/images\/icons\/pdf_icon_small.gif\" alt=\"\u00cdcone PDF pequeno\" width=\"25\" height=\"23\" \/><\/a><strong>| <\/strong><a title=\"Assista no YouTube\" href=\"https:\/\/www.youtube.com\/watch?v=CprlkdDtcEw\" target=\"_blank\" rel=\"noopener\">Assistir no YouTube<img loading=\"lazy\" decoding=\"async\" src=\"https:\/\/aglow.org\/images\/icons\/you-tube-icon.jpg\" alt=\"you tube icon\" width=\"25\" height=\"25\" data-pagespeed-url-hash=\"218075292\" \/><\/a>)<br \/>\nNa sess\u00e3o de sexta-feira \u00e0 noite, Tim Sheets discorre sobre momentos decisivos da hist\u00f3ria e sobre onde nos encontramos atualmente no plano de Deus.<\/li>\n<li><strong>A Festa das Trombetas &#8211; Asher Intrater &#8211; Sess\u00e3o de s\u00e1bado de manh\u00e3<\/strong><br \/>\n(<a title=\"A Festa das Trombetas - Asher Intrater - Sess\u00e3o de s\u00e1bado de manh\u00e3\" href=\"https:\/\/www.youtube.com\/watch?v=UbpcuMnCUeo\" target=\"_blank\" rel=\"noopener\">Assistir no YouTube <img loading=\"lazy\" decoding=\"async\" src=\"https:\/\/aglow.org\/images\/icons\/you-tube-icon.jpg\" alt=\"you tube icon\" width=\"25\" height=\"25\" data-pagespeed-url-hash=\"218075292\" \/><\/a>)<br \/>\nNa sess\u00e3o de s\u00e1bado de manh\u00e3, Asher falou sobre como enfrentar esses tempos dif\u00edceis confiando no Esp\u00edrito Santo e na Palavra de Deus.<\/li>\n<li><strong>The Time to be Glorified &#8211; Asher Intrater &#8211; Saturday PM Session<\/strong><br \/>\n(<a title=\"O Tempo de Ser Glorificado - Asher Intrater - Sess\u00e3o de s\u00e1bado \u00e0 tarde\" href=\"https:\/\/www.youtube.com\/watch?v=gyQej8Tw0L0\" target=\"_blank\" rel=\"noopener\">Assistir no YouTube <img loading=\"lazy\" decoding=\"async\" src=\"https:\/\/aglow.org\/images\/icons\/you-tube-icon.jpg\" alt=\"you tube icon\" width=\"25\" height=\"25\" data-pagespeed-url-hash=\"218075292\" \/><\/a>)<br \/>\nIn the Saturday evening session, Asher talked about how to walk in victory in these end days.<\/li>\n<\/ul>\n\n","protected":false},"excerpt":{"rendered":"<p>Mensagens da Confer\u00eancia de 2023 O Adobe Acrobat Reader \u00e9 necess\u00e1rio para visualizar estes documentos. Caso n\u00e3o o tenha instalado no seu computador, voc\u00ea poder\u00e1 baix\u00e1-lo gratuitamente atrav\u00e9s do seu website. Adobe Acrobat Reader Para traduzir o v\u00eddeo, siga as instru\u00e7\u00f5es abaixo:Clique na miniatura do v\u00eddeoNa parte inferior da tela, clique no \u00edcone C (legendas\/legenda&hellip;<\/p>\n","protected":false},"author":3,"featured_media":0,"parent":0,"menu_order":0,"comment_status":"closed","ping_status":"closed","template":"","meta":{"footnotes":""},"class_list":["post-6096","page","type-page","status-publish","hentry"],"yoast_head":"<!-- This site is optimized with the Yoast SEO plugin v27.4 - https:\/\/yoast.com\/product\/yoast-seo-wordpress\/ -->\n<title>Mensagens da Confer\u00eancia de 2023 - Aglow International<\/title>\n<meta name=\"robots\" content=\"index, follow, max-snippet:-1, max-image-preview:large, max-video-preview:-1\" \/>\n<link rel=\"canonical\" href=\"https:\/\/aglow.org\/pt-pt\/mensagens-da-conferencia-de-2023\/\" \/>\n<meta property=\"og:locale\" content=\"pt_PT\" \/>\n<meta property=\"og:type\" content=\"article\" \/>\n<meta property=\"og:title\" content=\"Mensagens da Confer\u00eancia de 2023 - Aglow International\" \/>\n<meta property=\"og:description\" content=\"Mensagens da Confer\u00eancia de 2023 O Adobe Acrobat Reader \u00e9 necess\u00e1rio para visualizar estes documentos. Caso n\u00e3o o tenha instalado no seu computador, voc\u00ea poder\u00e1 baix\u00e1-lo gratuitamente atrav\u00e9s do seu website. Adobe Acrobat Reader Para traduzir o v\u00eddeo, siga as instru\u00e7\u00f5es abaixo:Clique na miniatura do v\u00eddeoNa parte inferior da tela, clique no \u00edcone C (legendas\/legenda&hellip;\" \/>\n<meta property=\"og:url\" content=\"https:\/\/aglow.org\/pt-pt\/mensagens-da-conferencia-de-2023\/\" \/>\n<meta property=\"og:site_name\" content=\"Aglow International\" \/>\n<meta property=\"article:modified_time\" content=\"2026-02-04T21:06:38+00:00\" \/>\n<meta property=\"og:image\" content=\"https:\/\/aglow.org\/wp-content\/uploads\/2025\/04\/2023-conference-theme-1200.jpg\" \/>\n<meta name=\"twitter:card\" content=\"summary_large_image\" \/>\n<meta name=\"twitter:label1\" content=\"Tempo estimado de leitura\" \/>\n\t<meta name=\"twitter:data1\" content=\"3 minutos\" \/>\n<script type=\"application\/ld+json\" class=\"yoast-schema-graph\">{\"@context\":\"https:\\\/\\\/schema.org\",\"@graph\":[{\"@type\":\"WebPage\",\"@id\":\"https:\\\/\\\/aglow.org\\\/pt-pt\\\/mensagens-da-conferencia-de-2023\\\/\",\"url\":\"https:\\\/\\\/aglow.org\\\/pt-pt\\\/mensagens-da-conferencia-de-2023\\\/\",\"name\":\"Mensagens da Confer\u00eancia de 2023 - Aglow International\",\"isPartOf\":{\"@id\":\"https:\\\/\\\/aglow.org\\\/pt-pt\\\/#website\"},\"primaryImageOfPage\":{\"@id\":\"https:\\\/\\\/aglow.org\\\/pt-pt\\\/mensagens-da-conferencia-de-2023\\\/#primaryimage\"},\"image\":{\"@id\":\"https:\\\/\\\/aglow.org\\\/pt-pt\\\/mensagens-da-conferencia-de-2023\\\/#primaryimage\"},\"thumbnailUrl\":\"https:\\\/\\\/aglow.org\\\/wp-content\\\/uploads\\\/2025\\\/04\\\/2023-conference-theme-1200.jpg\",\"datePublished\":\"2025-04-10T18:59:35+00:00\",\"dateModified\":\"2026-02-04T21:06:38+00:00\",\"breadcrumb\":{\"@id\":\"https:\\\/\\\/aglow.org\\\/pt-pt\\\/mensagens-da-conferencia-de-2023\\\/#breadcrumb\"},\"inLanguage\":\"pt-PT\",\"potentialAction\":[{\"@type\":\"ReadAction\",\"target\":[\"https:\\\/\\\/aglow.org\\\/pt-pt\\\/mensagens-da-conferencia-de-2023\\\/\"]}]},{\"@type\":\"ImageObject\",\"inLanguage\":\"pt-PT\",\"@id\":\"https:\\\/\\\/aglow.org\\\/pt-pt\\\/mensagens-da-conferencia-de-2023\\\/#primaryimage\",\"url\":\"https:\\\/\\\/aglow.org\\\/wp-content\\\/uploads\\\/2025\\\/04\\\/2023-conference-theme-1200.jpg\",\"contentUrl\":\"https:\\\/\\\/aglow.org\\\/wp-content\\\/uploads\\\/2025\\\/04\\\/2023-conference-theme-1200.jpg\"},{\"@type\":\"BreadcrumbList\",\"@id\":\"https:\\\/\\\/aglow.org\\\/pt-pt\\\/mensagens-da-conferencia-de-2023\\\/#breadcrumb\",\"itemListElement\":[{\"@type\":\"ListItem\",\"position\":1,\"name\":\"Home\",\"item\":\"https:\\\/\\\/aglow.org\\\/pt-pt\\\/\"},{\"@type\":\"ListItem\",\"position\":2,\"name\":\"Mensagens da Confer\u00eancia de 2023\"}]},{\"@type\":\"WebSite\",\"@id\":\"https:\\\/\\\/aglow.org\\\/pt-pt\\\/#website\",\"url\":\"https:\\\/\\\/aglow.org\\\/pt-pt\\\/\",\"name\":\"Aglow International\",\"description\":\"\",\"publisher\":{\"@id\":\"https:\\\/\\\/aglow.org\\\/pt-pt\\\/#organization\"},\"potentialAction\":[{\"@type\":\"SearchAction\",\"target\":{\"@type\":\"EntryPoint\",\"urlTemplate\":\"https:\\\/\\\/aglow.org\\\/pt-pt\\\/?s={search_term_string}\"},\"query-input\":{\"@type\":\"PropertyValueSpecification\",\"valueRequired\":true,\"valueName\":\"search_term_string\"}}],\"inLanguage\":\"pt-PT\"},{\"@type\":\"Organization\",\"@id\":\"https:\\\/\\\/aglow.org\\\/pt-pt\\\/#organization\",\"name\":\"Aglow International\",\"url\":\"https:\\\/\\\/aglow.org\\\/pt-pt\\\/\",\"logo\":{\"@type\":\"ImageObject\",\"inLanguage\":\"pt-PT\",\"@id\":\"https:\\\/\\\/aglow.org\\\/pt-pt\\\/#\\\/schema\\\/logo\\\/image\\\/\",\"url\":\"https:\\\/\\\/aglow.org\\\/wp-content\\\/uploads\\\/2025\\\/04\\\/Aglow_logo_orange_800px.png\",\"contentUrl\":\"https:\\\/\\\/aglow.org\\\/wp-content\\\/uploads\\\/2025\\\/04\\\/Aglow_logo_orange_800px.png\",\"width\":800,\"height\":302,\"caption\":\"Aglow International\"},\"image\":{\"@id\":\"https:\\\/\\\/aglow.org\\\/pt-pt\\\/#\\\/schema\\\/logo\\\/image\\\/\"}}]}<\/script>\n<!-- \/ Yoast SEO plugin. -->","yoast_head_json":{"title":"Mensagens da Confer\u00eancia de 2023 - Aglow International","robots":{"index":"index","follow":"follow","max-snippet":"max-snippet:-1","max-image-preview":"max-image-preview:large","max-video-preview":"max-video-preview:-1"},"canonical":"https:\/\/aglow.org\/pt-pt\/mensagens-da-conferencia-de-2023\/","og_locale":"pt_PT","og_type":"article","og_title":"Mensagens da Confer\u00eancia de 2023 - Aglow International","og_description":"Mensagens da Confer\u00eancia de 2023 O Adobe Acrobat Reader \u00e9 necess\u00e1rio para visualizar estes documentos. Caso n\u00e3o o tenha instalado no seu computador, voc\u00ea poder\u00e1 baix\u00e1-lo gratuitamente atrav\u00e9s do seu website. Adobe Acrobat Reader Para traduzir o v\u00eddeo, siga as instru\u00e7\u00f5es abaixo:Clique na miniatura do v\u00eddeoNa parte inferior da tela, clique no \u00edcone C (legendas\/legenda&hellip;","og_url":"https:\/\/aglow.org\/pt-pt\/mensagens-da-conferencia-de-2023\/","og_site_name":"Aglow International","article_modified_time":"2026-02-04T21:06:38+00:00","og_image":[{"url":"https:\/\/aglow.org\/wp-content\/uploads\/2025\/04\/2023-conference-theme-1200.jpg","type":"","width":"","height":""}],"twitter_card":"summary_large_image","twitter_misc":{"Tempo estimado de leitura":"3 minutos"},"schema":{"@context":"https:\/\/schema.org","@graph":[{"@type":"WebPage","@id":"https:\/\/aglow.org\/pt-pt\/mensagens-da-conferencia-de-2023\/","url":"https:\/\/aglow.org\/pt-pt\/mensagens-da-conferencia-de-2023\/","name":"Mensagens da Confer\u00eancia de 2023 - Aglow International","isPartOf":{"@id":"https:\/\/aglow.org\/pt-pt\/#website"},"primaryImageOfPage":{"@id":"https:\/\/aglow.org\/pt-pt\/mensagens-da-conferencia-de-2023\/#primaryimage"},"image":{"@id":"https:\/\/aglow.org\/pt-pt\/mensagens-da-conferencia-de-2023\/#primaryimage"},"thumbnailUrl":"https:\/\/aglow.org\/wp-content\/uploads\/2025\/04\/2023-conference-theme-1200.jpg","datePublished":"2025-04-10T18:59:35+00:00","dateModified":"2026-02-04T21:06:38+00:00","breadcrumb":{"@id":"https:\/\/aglow.org\/pt-pt\/mensagens-da-conferencia-de-2023\/#breadcrumb"},"inLanguage":"pt-PT","potentialAction":[{"@type":"ReadAction","target":["https:\/\/aglow.org\/pt-pt\/mensagens-da-conferencia-de-2023\/"]}]},{"@type":"ImageObject","inLanguage":"pt-PT","@id":"https:\/\/aglow.org\/pt-pt\/mensagens-da-conferencia-de-2023\/#primaryimage","url":"https:\/\/aglow.org\/wp-content\/uploads\/2025\/04\/2023-conference-theme-1200.jpg","contentUrl":"https:\/\/aglow.org\/wp-content\/uploads\/2025\/04\/2023-conference-theme-1200.jpg"},{"@type":"BreadcrumbList","@id":"https:\/\/aglow.org\/pt-pt\/mensagens-da-conferencia-de-2023\/#breadcrumb","itemListElement":[{"@type":"ListItem","position":1,"name":"Home","item":"https:\/\/aglow.org\/pt-pt\/"},{"@type":"ListItem","position":2,"name":"Mensagens da Confer\u00eancia de 2023"}]},{"@type":"WebSite","@id":"https:\/\/aglow.org\/pt-pt\/#website","url":"https:\/\/aglow.org\/pt-pt\/","name":"Aglow International","description":"","publisher":{"@id":"https:\/\/aglow.org\/pt-pt\/#organization"},"potentialAction":[{"@type":"SearchAction","target":{"@type":"EntryPoint","urlTemplate":"https:\/\/aglow.org\/pt-pt\/?s={search_term_string}"},"query-input":{"@type":"PropertyValueSpecification","valueRequired":true,"valueName":"search_term_string"}}],"inLanguage":"pt-PT"},{"@type":"Organization","@id":"https:\/\/aglow.org\/pt-pt\/#organization","name":"Aglow International","url":"https:\/\/aglow.org\/pt-pt\/","logo":{"@type":"ImageObject","inLanguage":"pt-PT","@id":"https:\/\/aglow.org\/pt-pt\/#\/schema\/logo\/image\/","url":"https:\/\/aglow.org\/wp-content\/uploads\/2025\/04\/Aglow_logo_orange_800px.png","contentUrl":"https:\/\/aglow.org\/wp-content\/uploads\/2025\/04\/Aglow_logo_orange_800px.png","width":800,"height":302,"caption":"Aglow International"},"image":{"@id":"https:\/\/aglow.org\/pt-pt\/#\/schema\/logo\/image\/"}}]}},"_links":{"self":[{"href":"https:\/\/aglow.org\/pt-pt\/wp-json\/wp\/v2\/pages\/6096","targetHints":{"allow":["GET"]}}],"collection":[{"href":"https:\/\/aglow.org\/pt-pt\/wp-json\/wp\/v2\/pages"}],"about":[{"href":"https:\/\/aglow.org\/pt-pt\/wp-json\/wp\/v2\/types\/page"}],"author":[{"embeddable":true,"href":"https:\/\/aglow.org\/pt-pt\/wp-json\/wp\/v2\/users\/3"}],"replies":[{"embeddable":true,"href":"https:\/\/aglow.org\/pt-pt\/wp-json\/wp\/v2\/comments?post=6096"}],"version-history":[{"count":5,"href":"https:\/\/aglow.org\/pt-pt\/wp-json\/wp\/v2\/pages\/6096\/revisions"}],"predecessor-version":[{"id":6431,"href":"https:\/\/aglow.org\/pt-pt\/wp-json\/wp\/v2\/pages\/6096\/revisions\/6431"}],"wp:attachment":[{"href":"https:\/\/aglow.org\/pt-pt\/wp-json\/wp\/v2\/media?parent=6096"}],"curies":[{"name":"wp","href":"https:\/\/api.w.org\/{rel}","templated":true}]}}