{"id":4321,"date":"2025-09-25T16:36:00","date_gmt":"2025-09-25T16:36:00","guid":{"rendered":"https:\/\/aglow.org\/mensagens-da-conferencia-de-2025\/"},"modified":"2026-02-06T17:47:35","modified_gmt":"2026-02-06T17:47:35","slug":"mensagens-da-conferencia-de-2025","status":"publish","type":"page","link":"https:\/\/aglow.org\/pt-pt\/mensagens-da-conferencia-de-2025\/","title":{"rendered":"Mensagens da Confer\u00eancia de 2025"},"content":{"rendered":"\n<h1>\n\t\t\tMensagens da Confer\u00eancia de 2025\t<\/h1>\n\t\t\t\t<img decoding=\"async\" src=\"https:\/\/aglow.org\/wp-content\/uploads\/2025\/09\/2025-conference-banner-.jpg\" alt=\"2025 Conference Theme\" itemprop=\"image\" height=\"532\" width=\"1644\" title=\"2025 Conference Theme\" onerror=\"this.style.display='none'\" loading=\"lazy\" \/>\n\t<p><strong>O Adobe Acrobat Reader<\/strong> \u00e9 necess\u00e1rio para visualizar estes documentos. Caso n\u00e3o o tenha instalado no seu computador, voc\u00ea poder\u00e1 baix\u00e1-lo gratuitamente atrav\u00e9s do seu website. Adobe Acrobat Reader<\/p>\nPara traduzir o v\u00eddeo, siga as instru\u00e7\u00f5es abaixo:<br \/>Clique na miniatura do v\u00eddeo<br \/>Na parte inferior da tela, clique no \u00edcone C (legendas\/legenda oculta) (Closed Captions)<br \/>Em seguida, clique no \u00edcone Detalhes (Settings)<br \/>Clique em Legendas\/CC (Subtitles)<br \/>Clique em Traduzir automaticamente (Auto Translate)<br \/>Escolha o seu idioma<br \/>\n  <a title=\"Baixe o Adobe Acrobat Reader\" href=\"http:\/\/get.adobe.com\/reader\/\" target=\"_blank\" rel=\"noopener noreferrer\">Baixe o Adobe Acrobat Reader <\/a>\n\t<h3>Confer\u00eancia Nacional Aglow dos EUA de 2025<\/h3>\n<ul>\n<li><strong><a title=\" \" href=\"https:\/\/aglow.org\/wp-content\/uploads\/2025\/09\/2025-Nancy-McDaniel-Fri-PM-PT.pdf\" target=\"_blank\" rel=\"noopener\"><img loading=\"lazy\" decoding=\"async\" src=\"https:\/\/aglow.org\/images\/icons\/pdf_icon_small.gif\" alt=\"\u00cdcone PDF pequeno\" width=\"25\" height=\"23\" \/>Amanhecer para o Destino &#8211; Nancy McDaniel &#8211; Sess\u00e3o de sexta-feira \u00e0 tarde <\/a><\/strong><a title=\" \" href=\"https:\/\/aglow.org\/wp-content\/uploads\/2025\/09\/2025-Nancy-McDaniel-Fri-PM.pdf\" target=\"_blank\" rel=\"noopener\"><br \/>\n(<\/a><a href=\"https:\/\/aglow.org\/wp-content\/uploads\/2025\/09\/2025-Nancy-McDaniel-Fri-PM-PT.pdf\" target=\"_blank\" rel=\"noopener\">English<\/a> | <a href=\"https:\/\/aglow.org\/wp-content\/uploads\/2025\/09\/2025-Nancy-McDaniel-Fri-PM-SP.pdf\" target=\"_blank\" rel=\"noopener\">Espa\u00f1ol<\/a> | <a href=\"https:\/\/aglow.org\/wp-content\/uploads\/2025\/09\/2025-Nancy-McDaniel-Fri-PM-FR.pdf\" target=\"_blank\" rel=\"noopener\">Fran\u00e7ais<\/a> | <a href=\"https:\/\/aglow.org\/wp-content\/uploads\/2025\/09\/2025-Nancy-McDaniel-Fri-PM-PT.pdf\" target=\"_blank\" rel=\"noopener\">Portugu\u00eas<\/a>)<br \/>\nNa sess\u00e3o de abertura da primeira confer\u00eancia virtual da Aglow, Nancy falou sobre o Amanhecer para o Destino, dizendo: &#8220;Estamos em uma nova era. N\u00e3o estamos mais trilhando caminhos antigos. Estamos em novos caminhos que Deus est\u00e1, passo a passo, colocando diante de n\u00f3s nesta nova era.&#8221;<\/li>\n<li><strong><a href=\"https:\/\/aglow.org\/wp-content\/uploads\/2025\/10\/2025-Dave-McDaniel-Redemptive-Prophecy-Sat-PT.pdf\" target=\"_blank\" rel=\"noopener\"><img loading=\"lazy\" decoding=\"async\" src=\"https:\/\/aglow.org\/images\/icons\/pdf_icon_small.gif\" alt=\"\" width=\"25\" height=\"23\" \/>Profecia Redentora &#8211; Dave McDaniel &#8211; S\u00e1bado<\/a><br \/>\n<\/strong>(<a href=\"https:\/\/aglow.org\/wp-content\/uploads\/2025\/10\/2025-Dave-McDaniel-Redemptive-Prophecy-Sat-EN.pdf\" target=\"_blank\" rel=\"noopener\">English<\/a> | <a href=\"https:\/\/aglow.org\/wp-content\/uploads\/2025\/10\/2025-Dave-McDaniel-Redemptive-Prophecy-Sat-SP.pdf\" target=\"_blank\" rel=\"noopener\">Espa\u00f1ol<\/a> | <a href=\"https:\/\/aglow.org\/wp-content\/uploads\/2025\/10\/2025-Dave-McDaniel-Redemptive-Prophecy-Sat-FR.pdf\" target=\"_blank\" rel=\"noopener\">Fran\u00e7ais<\/a> | <a href=\"https:\/\/aglow.org\/wp-content\/uploads\/2025\/10\/2025-Dave-McDaniel-Redemptive-Prophecy-Sat-PT.pdf\" target=\"_blank\" rel=\"noopener\">Portugu\u00eas<\/a>)<br \/>\nNo s\u00e1bado, Dave falou sobre como as promessas de Deus e o tempo de Deus agora se fundiram. Ele tamb\u00e9m exp\u00f4s os cinco n\u00edveis do prof\u00e9tico em que operamos.<\/li>\n<\/ul>\n\n","protected":false},"excerpt":{"rendered":"<p>Mensagens da Confer\u00eancia de 2025 O Adobe Acrobat Reader \u00e9 necess\u00e1rio para visualizar estes documentos. Caso n\u00e3o o tenha instalado no seu computador, voc\u00ea poder\u00e1 baix\u00e1-lo gratuitamente atrav\u00e9s do seu website. Adobe Acrobat Reader Para traduzir o v\u00eddeo, siga as instru\u00e7\u00f5es abaixo:Clique na miniatura do v\u00eddeoNa parte inferior da tela, clique no \u00edcone C (legendas\/legenda&hellip;<\/p>\n","protected":false},"author":3,"featured_media":4221,"parent":0,"menu_order":0,"comment_status":"closed","ping_status":"closed","template":"","meta":{"footnotes":""},"class_list":["post-4321","page","type-page","status-publish","has-post-thumbnail","hentry"],"yoast_head":"<!-- This site is optimized with the Yoast SEO plugin v27.3 - https:\/\/yoast.com\/product\/yoast-seo-wordpress\/ -->\n<title>Mensagens da Confer\u00eancia de 2025 - Aglow International<\/title>\n<meta name=\"robots\" content=\"index, follow, max-snippet:-1, max-image-preview:large, max-video-preview:-1\" \/>\n<link rel=\"canonical\" href=\"https:\/\/aglow.org\/pt-pt\/mensagens-da-conferencia-de-2025\/\" \/>\n<meta property=\"og:locale\" content=\"pt_PT\" \/>\n<meta property=\"og:type\" content=\"article\" \/>\n<meta property=\"og:title\" content=\"Mensagens da Confer\u00eancia de 2025 - Aglow International\" \/>\n<meta property=\"og:description\" content=\"Mensagens da Confer\u00eancia de 2025 O Adobe Acrobat Reader \u00e9 necess\u00e1rio para visualizar estes documentos. Caso n\u00e3o o tenha instalado no seu computador, voc\u00ea poder\u00e1 baix\u00e1-lo gratuitamente atrav\u00e9s do seu website. Adobe Acrobat Reader Para traduzir o v\u00eddeo, siga as instru\u00e7\u00f5es abaixo:Clique na miniatura do v\u00eddeoNa parte inferior da tela, clique no \u00edcone C (legendas\/legenda&hellip;\" \/>\n<meta property=\"og:url\" content=\"https:\/\/aglow.org\/pt-pt\/mensagens-da-conferencia-de-2025\/\" \/>\n<meta property=\"og:site_name\" content=\"Aglow International\" \/>\n<meta property=\"article:modified_time\" content=\"2026-02-06T17:47:35+00:00\" \/>\n<meta property=\"og:image\" content=\"https:\/\/aglow.org\/wp-content\/uploads\/2025\/09\/2025-conference-banner.png\" \/>\n\t<meta property=\"og:image:width\" content=\"1656\" \/>\n\t<meta property=\"og:image:height\" content=\"646\" \/>\n\t<meta property=\"og:image:type\" content=\"image\/png\" \/>\n<meta name=\"twitter:card\" content=\"summary_large_image\" \/>\n<meta name=\"twitter:label1\" content=\"Tempo estimado de leitura\" \/>\n\t<meta name=\"twitter:data1\" content=\"2 minutos\" \/>\n<script type=\"application\/ld+json\" class=\"yoast-schema-graph\">{\"@context\":\"https:\\\/\\\/schema.org\",\"@graph\":[{\"@type\":\"WebPage\",\"@id\":\"https:\\\/\\\/aglow.org\\\/pt-pt\\\/mensagens-da-conferencia-de-2025\\\/\",\"url\":\"https:\\\/\\\/aglow.org\\\/pt-pt\\\/mensagens-da-conferencia-de-2025\\\/\",\"name\":\"Mensagens da Confer\u00eancia de 2025 - Aglow International\",\"isPartOf\":{\"@id\":\"https:\\\/\\\/aglow.org\\\/pt-pt\\\/#website\"},\"primaryImageOfPage\":{\"@id\":\"https:\\\/\\\/aglow.org\\\/pt-pt\\\/mensagens-da-conferencia-de-2025\\\/#primaryimage\"},\"image\":{\"@id\":\"https:\\\/\\\/aglow.org\\\/pt-pt\\\/mensagens-da-conferencia-de-2025\\\/#primaryimage\"},\"thumbnailUrl\":\"https:\\\/\\\/aglow.org\\\/wp-content\\\/uploads\\\/2025\\\/09\\\/2025-conference-banner.png\",\"datePublished\":\"2025-09-25T16:36:00+00:00\",\"dateModified\":\"2026-02-06T17:47:35+00:00\",\"breadcrumb\":{\"@id\":\"https:\\\/\\\/aglow.org\\\/pt-pt\\\/mensagens-da-conferencia-de-2025\\\/#breadcrumb\"},\"inLanguage\":\"pt-PT\",\"potentialAction\":[{\"@type\":\"ReadAction\",\"target\":[\"https:\\\/\\\/aglow.org\\\/pt-pt\\\/mensagens-da-conferencia-de-2025\\\/\"]}]},{\"@type\":\"ImageObject\",\"inLanguage\":\"pt-PT\",\"@id\":\"https:\\\/\\\/aglow.org\\\/pt-pt\\\/mensagens-da-conferencia-de-2025\\\/#primaryimage\",\"url\":\"https:\\\/\\\/aglow.org\\\/wp-content\\\/uploads\\\/2025\\\/09\\\/2025-conference-banner.png\",\"contentUrl\":\"https:\\\/\\\/aglow.org\\\/wp-content\\\/uploads\\\/2025\\\/09\\\/2025-conference-banner.png\",\"width\":1656,\"height\":646,\"caption\":\"2025 Conference Theme\"},{\"@type\":\"BreadcrumbList\",\"@id\":\"https:\\\/\\\/aglow.org\\\/pt-pt\\\/mensagens-da-conferencia-de-2025\\\/#breadcrumb\",\"itemListElement\":[{\"@type\":\"ListItem\",\"position\":1,\"name\":\"Home\",\"item\":\"https:\\\/\\\/aglow.org\\\/pt-pt\\\/\"},{\"@type\":\"ListItem\",\"position\":2,\"name\":\"Mensagens da Confer\u00eancia de 2025\"}]},{\"@type\":\"WebSite\",\"@id\":\"https:\\\/\\\/aglow.org\\\/pt-pt\\\/#website\",\"url\":\"https:\\\/\\\/aglow.org\\\/pt-pt\\\/\",\"name\":\"Aglow International\",\"description\":\"\",\"publisher\":{\"@id\":\"https:\\\/\\\/aglow.org\\\/pt-pt\\\/#organization\"},\"potentialAction\":[{\"@type\":\"SearchAction\",\"target\":{\"@type\":\"EntryPoint\",\"urlTemplate\":\"https:\\\/\\\/aglow.org\\\/pt-pt\\\/?s={search_term_string}\"},\"query-input\":{\"@type\":\"PropertyValueSpecification\",\"valueRequired\":true,\"valueName\":\"search_term_string\"}}],\"inLanguage\":\"pt-PT\"},{\"@type\":\"Organization\",\"@id\":\"https:\\\/\\\/aglow.org\\\/pt-pt\\\/#organization\",\"name\":\"Aglow International\",\"url\":\"https:\\\/\\\/aglow.org\\\/pt-pt\\\/\",\"logo\":{\"@type\":\"ImageObject\",\"inLanguage\":\"pt-PT\",\"@id\":\"https:\\\/\\\/aglow.org\\\/pt-pt\\\/#\\\/schema\\\/logo\\\/image\\\/\",\"url\":\"https:\\\/\\\/aglow.org\\\/wp-content\\\/uploads\\\/2025\\\/04\\\/Aglow_logo_orange_800px.png\",\"contentUrl\":\"https:\\\/\\\/aglow.org\\\/wp-content\\\/uploads\\\/2025\\\/04\\\/Aglow_logo_orange_800px.png\",\"width\":800,\"height\":302,\"caption\":\"Aglow International\"},\"image\":{\"@id\":\"https:\\\/\\\/aglow.org\\\/pt-pt\\\/#\\\/schema\\\/logo\\\/image\\\/\"}}]}<\/script>\n<!-- \/ Yoast SEO plugin. -->","yoast_head_json":{"title":"Mensagens da Confer\u00eancia de 2025 - Aglow International","robots":{"index":"index","follow":"follow","max-snippet":"max-snippet:-1","max-image-preview":"max-image-preview:large","max-video-preview":"max-video-preview:-1"},"canonical":"https:\/\/aglow.org\/pt-pt\/mensagens-da-conferencia-de-2025\/","og_locale":"pt_PT","og_type":"article","og_title":"Mensagens da Confer\u00eancia de 2025 - Aglow International","og_description":"Mensagens da Confer\u00eancia de 2025 O Adobe Acrobat Reader \u00e9 necess\u00e1rio para visualizar estes documentos. Caso n\u00e3o o tenha instalado no seu computador, voc\u00ea poder\u00e1 baix\u00e1-lo gratuitamente atrav\u00e9s do seu website. Adobe Acrobat Reader Para traduzir o v\u00eddeo, siga as instru\u00e7\u00f5es abaixo:Clique na miniatura do v\u00eddeoNa parte inferior da tela, clique no \u00edcone C (legendas\/legenda&hellip;","og_url":"https:\/\/aglow.org\/pt-pt\/mensagens-da-conferencia-de-2025\/","og_site_name":"Aglow International","article_modified_time":"2026-02-06T17:47:35+00:00","og_image":[{"width":1656,"height":646,"url":"https:\/\/aglow.org\/wp-content\/uploads\/2025\/09\/2025-conference-banner.png","type":"image\/png"}],"twitter_card":"summary_large_image","twitter_misc":{"Tempo estimado de leitura":"2 minutos"},"schema":{"@context":"https:\/\/schema.org","@graph":[{"@type":"WebPage","@id":"https:\/\/aglow.org\/pt-pt\/mensagens-da-conferencia-de-2025\/","url":"https:\/\/aglow.org\/pt-pt\/mensagens-da-conferencia-de-2025\/","name":"Mensagens da Confer\u00eancia de 2025 - Aglow International","isPartOf":{"@id":"https:\/\/aglow.org\/pt-pt\/#website"},"primaryImageOfPage":{"@id":"https:\/\/aglow.org\/pt-pt\/mensagens-da-conferencia-de-2025\/#primaryimage"},"image":{"@id":"https:\/\/aglow.org\/pt-pt\/mensagens-da-conferencia-de-2025\/#primaryimage"},"thumbnailUrl":"https:\/\/aglow.org\/wp-content\/uploads\/2025\/09\/2025-conference-banner.png","datePublished":"2025-09-25T16:36:00+00:00","dateModified":"2026-02-06T17:47:35+00:00","breadcrumb":{"@id":"https:\/\/aglow.org\/pt-pt\/mensagens-da-conferencia-de-2025\/#breadcrumb"},"inLanguage":"pt-PT","potentialAction":[{"@type":"ReadAction","target":["https:\/\/aglow.org\/pt-pt\/mensagens-da-conferencia-de-2025\/"]}]},{"@type":"ImageObject","inLanguage":"pt-PT","@id":"https:\/\/aglow.org\/pt-pt\/mensagens-da-conferencia-de-2025\/#primaryimage","url":"https:\/\/aglow.org\/wp-content\/uploads\/2025\/09\/2025-conference-banner.png","contentUrl":"https:\/\/aglow.org\/wp-content\/uploads\/2025\/09\/2025-conference-banner.png","width":1656,"height":646,"caption":"2025 Conference Theme"},{"@type":"BreadcrumbList","@id":"https:\/\/aglow.org\/pt-pt\/mensagens-da-conferencia-de-2025\/#breadcrumb","itemListElement":[{"@type":"ListItem","position":1,"name":"Home","item":"https:\/\/aglow.org\/pt-pt\/"},{"@type":"ListItem","position":2,"name":"Mensagens da Confer\u00eancia de 2025"}]},{"@type":"WebSite","@id":"https:\/\/aglow.org\/pt-pt\/#website","url":"https:\/\/aglow.org\/pt-pt\/","name":"Aglow International","description":"","publisher":{"@id":"https:\/\/aglow.org\/pt-pt\/#organization"},"potentialAction":[{"@type":"SearchAction","target":{"@type":"EntryPoint","urlTemplate":"https:\/\/aglow.org\/pt-pt\/?s={search_term_string}"},"query-input":{"@type":"PropertyValueSpecification","valueRequired":true,"valueName":"search_term_string"}}],"inLanguage":"pt-PT"},{"@type":"Organization","@id":"https:\/\/aglow.org\/pt-pt\/#organization","name":"Aglow International","url":"https:\/\/aglow.org\/pt-pt\/","logo":{"@type":"ImageObject","inLanguage":"pt-PT","@id":"https:\/\/aglow.org\/pt-pt\/#\/schema\/logo\/image\/","url":"https:\/\/aglow.org\/wp-content\/uploads\/2025\/04\/Aglow_logo_orange_800px.png","contentUrl":"https:\/\/aglow.org\/wp-content\/uploads\/2025\/04\/Aglow_logo_orange_800px.png","width":800,"height":302,"caption":"Aglow International"},"image":{"@id":"https:\/\/aglow.org\/pt-pt\/#\/schema\/logo\/image\/"}}]}},"_links":{"self":[{"href":"https:\/\/aglow.org\/pt-pt\/wp-json\/wp\/v2\/pages\/4321","targetHints":{"allow":["GET"]}}],"collection":[{"href":"https:\/\/aglow.org\/pt-pt\/wp-json\/wp\/v2\/pages"}],"about":[{"href":"https:\/\/aglow.org\/pt-pt\/wp-json\/wp\/v2\/types\/page"}],"author":[{"embeddable":true,"href":"https:\/\/aglow.org\/pt-pt\/wp-json\/wp\/v2\/users\/3"}],"replies":[{"embeddable":true,"href":"https:\/\/aglow.org\/pt-pt\/wp-json\/wp\/v2\/comments?post=4321"}],"version-history":[{"count":4,"href":"https:\/\/aglow.org\/pt-pt\/wp-json\/wp\/v2\/pages\/4321\/revisions"}],"predecessor-version":[{"id":4669,"href":"https:\/\/aglow.org\/pt-pt\/wp-json\/wp\/v2\/pages\/4321\/revisions\/4669"}],"wp:featuredmedia":[{"embeddable":true,"href":"https:\/\/aglow.org\/pt-pt\/wp-json\/wp\/v2\/media\/4221"}],"wp:attachment":[{"href":"https:\/\/aglow.org\/pt-pt\/wp-json\/wp\/v2\/media?parent=4321"}],"curies":[{"name":"wp","href":"https:\/\/api.w.org\/{rel}","templated":true}]}}