{"id":3683,"date":"2025-08-04T21:07:08","date_gmt":"2025-08-04T21:07:08","guid":{"rendered":"https:\/\/aglow.org\/graficos-compartilhaveis-2\/"},"modified":"2025-08-07T16:02:53","modified_gmt":"2025-08-07T16:02:53","slug":"graficos-compartilhaveis-2","status":"publish","type":"page","link":"https:\/\/aglow.org\/pt-pt\/graficos-compartilhaveis-2\/","title":{"rendered":"Gr\u00e1ficos compartilh\u00e1veis &#8211; 2"},"content":{"rendered":"\n<h1>\n\t\t\tGr\u00e1ficos compartilh\u00e1veis &#8211; 2\t<\/h1>\n\t\t\t<a href=\"https:\/\/aglow.org\/pt-pt\/graficos-compartilhaveis\/\" target=\"_self\">\n\t\t\t\t\t\t\tP\u00e1gina 1\n\t\t\t\t\t<\/a>\n<p>Compartilhe estes gr\u00e1ficos em reuni\u00f5es e confer\u00eancias da Aglow, no Facebook e em outras redes sociais. Para baixar, <strong>clique com o bot\u00e3o<\/strong> direito do mouse na imagem e selecione &#8220;<strong>Salvar imagem como<\/strong>&#8220;.<\/p>\n\t\t\t\t<img decoding=\"async\" src=\"https:\/\/aglow.org\/wp-content\/uploads\/2025\/08\/openheart-PT.jpg\" alt=\"openheart-PT\" itemprop=\"image\" height=\"800\" width=\"800\" title=\"openheart-PT\" onerror=\"this.style.display='none'\" loading=\"lazy\" \/>\n\t\t\t\t<img decoding=\"async\" src=\"https:\/\/aglow.org\/wp-content\/uploads\/2025\/08\/quiet-PT.jpg\" alt=\"quiet-PT\" itemprop=\"image\" height=\"800\" width=\"800\" title=\"quiet-PT\" onerror=\"this.style.display='none'\" loading=\"lazy\" \/>\n\t\t\t\t<img decoding=\"async\" src=\"https:\/\/aglow.org\/wp-content\/uploads\/2025\/08\/merciful-PT.jpg\" alt=\"merciful-PT\" itemprop=\"image\" height=\"800\" width=\"800\" title=\"merciful-PT\" onerror=\"this.style.display='none'\" loading=\"lazy\" \/>\n\t\t\t\t<img decoding=\"async\" src=\"https:\/\/aglow.org\/wp-content\/uploads\/2025\/08\/anchor-PT.jpg\" alt=\"anchor-PT\" itemprop=\"image\" height=\"800\" width=\"800\" title=\"anchor-PT\" onerror=\"this.style.display='none'\" loading=\"lazy\" \/>\n\t\t\t\t<img decoding=\"async\" src=\"https:\/\/aglow.org\/wp-content\/uploads\/2025\/08\/promise-PT.jpg\" alt=\"promise-PT\" itemprop=\"image\" height=\"800\" width=\"800\" title=\"promise-PT\" onerror=\"this.style.display='none'\" loading=\"lazy\" \/>\n\t\t\t\t<img decoding=\"async\" src=\"https:\/\/aglow.org\/wp-content\/uploads\/2025\/08\/miss-PT.jpg\" alt=\"miss-PT\" itemprop=\"image\" height=\"800\" width=\"800\" title=\"miss-PT\" onerror=\"this.style.display='none'\" loading=\"lazy\" \/>\n\t\t\t\t<img decoding=\"async\" src=\"https:\/\/aglow.org\/wp-content\/uploads\/2025\/08\/apostolic-PT.jpg\" alt=\"apostolic-PT\" itemprop=\"image\" height=\"800\" width=\"800\" title=\"apostolic-PT\" onerror=\"this.style.display='none'\" loading=\"lazy\" \/>\n\t\t\t\t<img decoding=\"async\" src=\"https:\/\/aglow.org\/wp-content\/uploads\/2025\/08\/shift-PT.jpg\" alt=\"shift-PT\" itemprop=\"image\" height=\"800\" width=\"800\" title=\"shift-PT\" onerror=\"this.style.display='none'\" loading=\"lazy\" \/>\n\t\t\t\t<img decoding=\"async\" src=\"https:\/\/aglow.org\/wp-content\/uploads\/2025\/08\/greatest-PT.jpg\" alt=\"greatest-PT\" itemprop=\"image\" height=\"800\" width=\"800\" title=\"greatest-PT\" onerror=\"this.style.display='none'\" loading=\"lazy\" \/>\n\t\t\t\t<img decoding=\"async\" src=\"https:\/\/aglow.org\/wp-content\/uploads\/2025\/08\/level-PT.jpg\" alt=\"level-PT\" itemprop=\"image\" height=\"800\" width=\"800\" title=\"level-PT\" onerror=\"this.style.display='none'\" loading=\"lazy\" \/>\n\t\t\t\t<img decoding=\"async\" src=\"https:\/\/aglow.org\/wp-content\/uploads\/2025\/08\/steadfast-PT.jpg\" alt=\"steadfast-PT\" itemprop=\"image\" height=\"800\" width=\"800\" title=\"steadfast-PT\" onerror=\"this.style.display='none'\" loading=\"lazy\" \/>\n\t\t\t\t<img decoding=\"async\" src=\"https:\/\/aglow.org\/wp-content\/uploads\/2025\/08\/listening-PT.jpg\" alt=\"listening-PT\" itemprop=\"image\" height=\"800\" width=\"800\" title=\"listening-PT\" onerror=\"this.style.display='none'\" loading=\"lazy\" \/>\n\t\t\t\t<img decoding=\"async\" src=\"https:\/\/aglow.org\/wp-content\/uploads\/2025\/08\/stable-PT.jpg\" alt=\"stable-PT\" itemprop=\"image\" height=\"800\" width=\"800\" title=\"stable-PT\" onerror=\"this.style.display='none'\" loading=\"lazy\" \/>\n\t\t\t\t<img decoding=\"async\" src=\"https:\/\/aglow.org\/wp-content\/uploads\/2025\/08\/advantage-PT.jpg\" alt=\"advantage-PT\" itemprop=\"image\" height=\"800\" width=\"800\" title=\"advantage-PT\" onerror=\"this.style.display='none'\" loading=\"lazy\" \/>\n\t\t\t\t<img decoding=\"async\" src=\"https:\/\/aglow.org\/wp-content\/uploads\/2025\/08\/hope-PT.jpg\" alt=\"hope-PT\" itemprop=\"image\" height=\"800\" width=\"800\" title=\"hope-PT\" onerror=\"this.style.display='none'\" loading=\"lazy\" \/>\n\t\t\t\t<img decoding=\"async\" src=\"https:\/\/aglow.org\/wp-content\/uploads\/2025\/08\/welcome-PT.jpg\" alt=\"welcome-PT\" itemprop=\"image\" height=\"800\" width=\"800\" title=\"welcome-PT\" onerror=\"this.style.display='none'\" loading=\"lazy\" \/>\n\t\t\t\t<img decoding=\"async\" src=\"https:\/\/aglow.org\/wp-content\/uploads\/2025\/08\/rod-PT.jpg\" alt=\"rod-PT\" itemprop=\"image\" height=\"800\" width=\"800\" title=\"rod-PT\" onerror=\"this.style.display='none'\" loading=\"lazy\" \/>\n\t\t\t\t<img decoding=\"async\" src=\"https:\/\/aglow.org\/wp-content\/uploads\/2025\/08\/expectant-PT.jpg\" alt=\"expectant-PT\" itemprop=\"image\" height=\"800\" width=\"800\" title=\"expectant-PT\" onerror=\"this.style.display='none'\" loading=\"lazy\" \/>\n\t\t\t\t<img decoding=\"async\" src=\"https:\/\/aglow.org\/wp-content\/uploads\/2025\/08\/treasure-pt.jpg\" alt=\"treasure-pt\" itemprop=\"image\" height=\"800\" width=\"800\" title=\"treasure-pt\" onerror=\"this.style.display='none'\" loading=\"lazy\" \/>\n\t\t\t\t<img decoding=\"async\" src=\"https:\/\/aglow.org\/wp-content\/uploads\/2025\/08\/holy-spirit-pt.jpg\" alt=\"holy-spirit-pt\" itemprop=\"image\" height=\"800\" width=\"800\" title=\"holy-spirit-pt\" onerror=\"this.style.display='none'\" loading=\"lazy\" \/>\n\t\t\t\t<img decoding=\"async\" src=\"https:\/\/aglow.org\/wp-content\/uploads\/2025\/08\/expanding-pt.jpg\" alt=\"expanding-pt\" itemprop=\"image\" height=\"800\" width=\"800\" title=\"expanding-pt\" onerror=\"this.style.display='none'\" loading=\"lazy\" \/>\n\t\t\t\t<img decoding=\"async\" src=\"https:\/\/aglow.org\/wp-content\/uploads\/2025\/08\/difference-pt-.jpg\" alt=\"difference-pt-\" itemprop=\"image\" height=\"800\" width=\"800\" title=\"difference-pt-\" onerror=\"this.style.display='none'\" loading=\"lazy\" \/>\n\t\t\t\t<img decoding=\"async\" src=\"https:\/\/aglow.org\/wp-content\/uploads\/2025\/08\/WithYou-pt.jpg\" alt=\"WithYou-pt\" itemprop=\"image\" height=\"800\" width=\"800\" title=\"WithYou-pt\" onerror=\"this.style.display='none'\" loading=\"lazy\" \/>\n\t\t\t\t<img decoding=\"async\" src=\"https:\/\/aglow.org\/wp-content\/uploads\/2025\/08\/Tongues-pt.jpg\" alt=\"Tongues-pt\" itemprop=\"image\" height=\"800\" width=\"800\" title=\"Tongues-pt\" onerror=\"this.style.display='none'\" loading=\"lazy\" \/>\n\n","protected":false},"excerpt":{"rendered":"<p>Gr\u00e1ficos compartilh\u00e1veis &#8211; 2 P\u00e1gina 1 Compartilhe estes gr\u00e1ficos em reuni\u00f5es e confer\u00eancias da Aglow, no Facebook e em outras redes sociais. Para baixar, clique com o bot\u00e3o direito do mouse na imagem e selecione &#8220;Salvar imagem como&#8220;.<\/p>\n","protected":false},"author":3,"featured_media":0,"parent":0,"menu_order":0,"comment_status":"closed","ping_status":"closed","template":"","meta":{"footnotes":""},"class_list":["post-3683","page","type-page","status-publish","hentry"],"yoast_head":"<!-- This site is optimized with the Yoast SEO plugin v27.3 - https:\/\/yoast.com\/product\/yoast-seo-wordpress\/ -->\n<title>Gr\u00e1ficos compartilh\u00e1veis - 2 - Aglow International<\/title>\n<meta name=\"robots\" content=\"index, follow, max-snippet:-1, max-image-preview:large, max-video-preview:-1\" \/>\n<link rel=\"canonical\" href=\"https:\/\/aglow.org\/pt-pt\/graficos-compartilhaveis-2\/\" \/>\n<meta property=\"og:locale\" content=\"pt_PT\" \/>\n<meta property=\"og:type\" content=\"article\" \/>\n<meta property=\"og:title\" content=\"Gr\u00e1ficos compartilh\u00e1veis - 2 - Aglow International\" \/>\n<meta property=\"og:description\" content=\"Gr\u00e1ficos compartilh\u00e1veis &#8211; 2 P\u00e1gina 1 Compartilhe estes gr\u00e1ficos em reuni\u00f5es e confer\u00eancias da Aglow, no Facebook e em outras redes sociais. Para baixar, clique com o bot\u00e3o direito do mouse na imagem e selecione &#8220;Salvar imagem como&#8220;.\" \/>\n<meta property=\"og:url\" content=\"https:\/\/aglow.org\/pt-pt\/graficos-compartilhaveis-2\/\" \/>\n<meta property=\"og:site_name\" content=\"Aglow International\" \/>\n<meta property=\"article:modified_time\" content=\"2025-08-07T16:02:53+00:00\" \/>\n<meta property=\"og:image\" content=\"https:\/\/aglow.org\/wp-content\/uploads\/2025\/08\/openheart-PT.jpg\" \/>\n<meta name=\"twitter:card\" content=\"summary_large_image\" \/>\n<meta name=\"twitter:label1\" content=\"Tempo estimado de leitura\" \/>\n\t<meta name=\"twitter:data1\" content=\"5 minutos\" \/>\n<script type=\"application\/ld+json\" class=\"yoast-schema-graph\">{\"@context\":\"https:\\\/\\\/schema.org\",\"@graph\":[{\"@type\":\"WebPage\",\"@id\":\"https:\\\/\\\/aglow.org\\\/pt-pt\\\/graficos-compartilhaveis-2\\\/\",\"url\":\"https:\\\/\\\/aglow.org\\\/pt-pt\\\/graficos-compartilhaveis-2\\\/\",\"name\":\"Gr\u00e1ficos compartilh\u00e1veis - 2 - Aglow International\",\"isPartOf\":{\"@id\":\"https:\\\/\\\/aglow.org\\\/pt-pt\\\/#website\"},\"primaryImageOfPage\":{\"@id\":\"https:\\\/\\\/aglow.org\\\/pt-pt\\\/graficos-compartilhaveis-2\\\/#primaryimage\"},\"image\":{\"@id\":\"https:\\\/\\\/aglow.org\\\/pt-pt\\\/graficos-compartilhaveis-2\\\/#primaryimage\"},\"thumbnailUrl\":\"https:\\\/\\\/aglow.org\\\/wp-content\\\/uploads\\\/2025\\\/08\\\/openheart-PT.jpg\",\"datePublished\":\"2025-08-04T21:07:08+00:00\",\"dateModified\":\"2025-08-07T16:02:53+00:00\",\"breadcrumb\":{\"@id\":\"https:\\\/\\\/aglow.org\\\/pt-pt\\\/graficos-compartilhaveis-2\\\/#breadcrumb\"},\"inLanguage\":\"pt-PT\",\"potentialAction\":[{\"@type\":\"ReadAction\",\"target\":[\"https:\\\/\\\/aglow.org\\\/pt-pt\\\/graficos-compartilhaveis-2\\\/\"]}]},{\"@type\":\"ImageObject\",\"inLanguage\":\"pt-PT\",\"@id\":\"https:\\\/\\\/aglow.org\\\/pt-pt\\\/graficos-compartilhaveis-2\\\/#primaryimage\",\"url\":\"https:\\\/\\\/aglow.org\\\/wp-content\\\/uploads\\\/2025\\\/08\\\/openheart-PT.jpg\",\"contentUrl\":\"https:\\\/\\\/aglow.org\\\/wp-content\\\/uploads\\\/2025\\\/08\\\/openheart-PT.jpg\"},{\"@type\":\"BreadcrumbList\",\"@id\":\"https:\\\/\\\/aglow.org\\\/pt-pt\\\/graficos-compartilhaveis-2\\\/#breadcrumb\",\"itemListElement\":[{\"@type\":\"ListItem\",\"position\":1,\"name\":\"Home\",\"item\":\"https:\\\/\\\/aglow.org\\\/pt-pt\\\/\"},{\"@type\":\"ListItem\",\"position\":2,\"name\":\"Gr\u00e1ficos compartilh\u00e1veis &#8211; 2\"}]},{\"@type\":\"WebSite\",\"@id\":\"https:\\\/\\\/aglow.org\\\/pt-pt\\\/#website\",\"url\":\"https:\\\/\\\/aglow.org\\\/pt-pt\\\/\",\"name\":\"Aglow International\",\"description\":\"\",\"publisher\":{\"@id\":\"https:\\\/\\\/aglow.org\\\/pt-pt\\\/#organization\"},\"potentialAction\":[{\"@type\":\"SearchAction\",\"target\":{\"@type\":\"EntryPoint\",\"urlTemplate\":\"https:\\\/\\\/aglow.org\\\/pt-pt\\\/?s={search_term_string}\"},\"query-input\":{\"@type\":\"PropertyValueSpecification\",\"valueRequired\":true,\"valueName\":\"search_term_string\"}}],\"inLanguage\":\"pt-PT\"},{\"@type\":\"Organization\",\"@id\":\"https:\\\/\\\/aglow.org\\\/pt-pt\\\/#organization\",\"name\":\"Aglow International\",\"url\":\"https:\\\/\\\/aglow.org\\\/pt-pt\\\/\",\"logo\":{\"@type\":\"ImageObject\",\"inLanguage\":\"pt-PT\",\"@id\":\"https:\\\/\\\/aglow.org\\\/pt-pt\\\/#\\\/schema\\\/logo\\\/image\\\/\",\"url\":\"https:\\\/\\\/aglow.org\\\/wp-content\\\/uploads\\\/2025\\\/04\\\/Aglow_logo_orange_800px.png\",\"contentUrl\":\"https:\\\/\\\/aglow.org\\\/wp-content\\\/uploads\\\/2025\\\/04\\\/Aglow_logo_orange_800px.png\",\"width\":800,\"height\":302,\"caption\":\"Aglow International\"},\"image\":{\"@id\":\"https:\\\/\\\/aglow.org\\\/pt-pt\\\/#\\\/schema\\\/logo\\\/image\\\/\"}}]}<\/script>\n<!-- \/ Yoast SEO plugin. -->","yoast_head_json":{"title":"Gr\u00e1ficos compartilh\u00e1veis - 2 - Aglow International","robots":{"index":"index","follow":"follow","max-snippet":"max-snippet:-1","max-image-preview":"max-image-preview:large","max-video-preview":"max-video-preview:-1"},"canonical":"https:\/\/aglow.org\/pt-pt\/graficos-compartilhaveis-2\/","og_locale":"pt_PT","og_type":"article","og_title":"Gr\u00e1ficos compartilh\u00e1veis - 2 - Aglow International","og_description":"Gr\u00e1ficos compartilh\u00e1veis &#8211; 2 P\u00e1gina 1 Compartilhe estes gr\u00e1ficos em reuni\u00f5es e confer\u00eancias da Aglow, no Facebook e em outras redes sociais. Para baixar, clique com o bot\u00e3o direito do mouse na imagem e selecione &#8220;Salvar imagem como&#8220;.","og_url":"https:\/\/aglow.org\/pt-pt\/graficos-compartilhaveis-2\/","og_site_name":"Aglow International","article_modified_time":"2025-08-07T16:02:53+00:00","og_image":[{"url":"https:\/\/aglow.org\/wp-content\/uploads\/2025\/08\/openheart-PT.jpg","type":"","width":"","height":""}],"twitter_card":"summary_large_image","twitter_misc":{"Tempo estimado de leitura":"5 minutos"},"schema":{"@context":"https:\/\/schema.org","@graph":[{"@type":"WebPage","@id":"https:\/\/aglow.org\/pt-pt\/graficos-compartilhaveis-2\/","url":"https:\/\/aglow.org\/pt-pt\/graficos-compartilhaveis-2\/","name":"Gr\u00e1ficos compartilh\u00e1veis - 2 - Aglow International","isPartOf":{"@id":"https:\/\/aglow.org\/pt-pt\/#website"},"primaryImageOfPage":{"@id":"https:\/\/aglow.org\/pt-pt\/graficos-compartilhaveis-2\/#primaryimage"},"image":{"@id":"https:\/\/aglow.org\/pt-pt\/graficos-compartilhaveis-2\/#primaryimage"},"thumbnailUrl":"https:\/\/aglow.org\/wp-content\/uploads\/2025\/08\/openheart-PT.jpg","datePublished":"2025-08-04T21:07:08+00:00","dateModified":"2025-08-07T16:02:53+00:00","breadcrumb":{"@id":"https:\/\/aglow.org\/pt-pt\/graficos-compartilhaveis-2\/#breadcrumb"},"inLanguage":"pt-PT","potentialAction":[{"@type":"ReadAction","target":["https:\/\/aglow.org\/pt-pt\/graficos-compartilhaveis-2\/"]}]},{"@type":"ImageObject","inLanguage":"pt-PT","@id":"https:\/\/aglow.org\/pt-pt\/graficos-compartilhaveis-2\/#primaryimage","url":"https:\/\/aglow.org\/wp-content\/uploads\/2025\/08\/openheart-PT.jpg","contentUrl":"https:\/\/aglow.org\/wp-content\/uploads\/2025\/08\/openheart-PT.jpg"},{"@type":"BreadcrumbList","@id":"https:\/\/aglow.org\/pt-pt\/graficos-compartilhaveis-2\/#breadcrumb","itemListElement":[{"@type":"ListItem","position":1,"name":"Home","item":"https:\/\/aglow.org\/pt-pt\/"},{"@type":"ListItem","position":2,"name":"Gr\u00e1ficos compartilh\u00e1veis &#8211; 2"}]},{"@type":"WebSite","@id":"https:\/\/aglow.org\/pt-pt\/#website","url":"https:\/\/aglow.org\/pt-pt\/","name":"Aglow International","description":"","publisher":{"@id":"https:\/\/aglow.org\/pt-pt\/#organization"},"potentialAction":[{"@type":"SearchAction","target":{"@type":"EntryPoint","urlTemplate":"https:\/\/aglow.org\/pt-pt\/?s={search_term_string}"},"query-input":{"@type":"PropertyValueSpecification","valueRequired":true,"valueName":"search_term_string"}}],"inLanguage":"pt-PT"},{"@type":"Organization","@id":"https:\/\/aglow.org\/pt-pt\/#organization","name":"Aglow International","url":"https:\/\/aglow.org\/pt-pt\/","logo":{"@type":"ImageObject","inLanguage":"pt-PT","@id":"https:\/\/aglow.org\/pt-pt\/#\/schema\/logo\/image\/","url":"https:\/\/aglow.org\/wp-content\/uploads\/2025\/04\/Aglow_logo_orange_800px.png","contentUrl":"https:\/\/aglow.org\/wp-content\/uploads\/2025\/04\/Aglow_logo_orange_800px.png","width":800,"height":302,"caption":"Aglow International"},"image":{"@id":"https:\/\/aglow.org\/pt-pt\/#\/schema\/logo\/image\/"}}]}},"_links":{"self":[{"href":"https:\/\/aglow.org\/pt-pt\/wp-json\/wp\/v2\/pages\/3683","targetHints":{"allow":["GET"]}}],"collection":[{"href":"https:\/\/aglow.org\/pt-pt\/wp-json\/wp\/v2\/pages"}],"about":[{"href":"https:\/\/aglow.org\/pt-pt\/wp-json\/wp\/v2\/types\/page"}],"author":[{"embeddable":true,"href":"https:\/\/aglow.org\/pt-pt\/wp-json\/wp\/v2\/users\/3"}],"replies":[{"embeddable":true,"href":"https:\/\/aglow.org\/pt-pt\/wp-json\/wp\/v2\/comments?post=3683"}],"version-history":[{"count":3,"href":"https:\/\/aglow.org\/pt-pt\/wp-json\/wp\/v2\/pages\/3683\/revisions"}],"predecessor-version":[{"id":3687,"href":"https:\/\/aglow.org\/pt-pt\/wp-json\/wp\/v2\/pages\/3683\/revisions\/3687"}],"wp:attachment":[{"href":"https:\/\/aglow.org\/pt-pt\/wp-json\/wp\/v2\/media?parent=3683"}],"curies":[{"name":"wp","href":"https:\/\/api.w.org\/{rel}","templated":true}]}}