{"id":3198,"date":"2025-04-11T19:21:22","date_gmt":"2025-04-11T19:21:22","guid":{"rendered":"https:\/\/aglow.org\/graficos-compartilhaveis\/"},"modified":"2026-03-27T01:18:00","modified_gmt":"2026-03-27T01:18:00","slug":"graficos-compartilhaveis","status":"publish","type":"page","link":"https:\/\/aglow.org\/pt-pt\/graficos-compartilhaveis\/","title":{"rendered":"Gr\u00e1ficos compartilh\u00e1veis"},"content":{"rendered":"\n<h1>\n\t\t\tGr\u00e1ficos compartilh\u00e1veis\t<\/h1>\n\t<p>Compartilhe estes gr\u00e1ficos em reuni\u00f5es e confer\u00eancias da Aglow, no Facebook e em outras redes sociais.<\/p>\n<p>Para baixar, <strong>clique com o bot\u00e3o<\/strong> direito do mouse na imagem e selecione &#8220;<strong>Salvar imagem como<\/strong>&#8220;.<\/p>\n<figure itemscope itemtype=\"https:\/\/schema.org\/ImageObject\">\n\t\t\t\t<img decoding=\"async\" src=\"https:\/\/aglow.org\/wp-content\/uploads\/2026\/03\/standard-PT.jpg\" alt=\"Levantar um estandarte\" height=\"800\" width=\"800\" title=\"Levantar um estandarte\" onerror=\"this.style.display='none'\" loading=\"lazy\" \/>\n\t<\/figure>\n<figure itemscope itemtype=\"https:\/\/schema.org\/ImageObject\">\n\t\t\t\t<img decoding=\"async\" src=\"https:\/\/aglow.org\/wp-content\/uploads\/2026\/02\/crush-chaos-PT-1.jpg\" alt=\"Esmague o caos com Sua paz!\" height=\"800\" width=\"800\" title=\"Esmague o caos com Sua paz!\" onerror=\"this.style.display='none'\" loading=\"lazy\" \/>\n\t<\/figure>\n<figure itemscope itemtype=\"https:\/\/schema.org\/ImageObject\">\n\t\t\t\t<img decoding=\"async\" src=\"https:\/\/aglow.org\/wp-content\/uploads\/2026\/02\/camp-PT-1.jpg\" alt=\"La Presencia de Dios es el Fuego Alrededor del Cual Acampamos\" height=\"800\" width=\"800\" title=\"La Presencia de Dios es el Fuego Alrededor del Cual Acampamos\" onerror=\"this.style.display='none'\" loading=\"lazy\" \/>\n\t<\/figure>\n<figure itemscope itemtype=\"https:\/\/schema.org\/ImageObject\">\n\t\t\t\t<img decoding=\"async\" src=\"https:\/\/aglow.org\/wp-content\/uploads\/2026\/01\/airplane-PT.jpg\" alt=\"Recebemos um motor; agora, vamos construir o avi\u00e3o em volta dele!\" height=\"800\" width=\"800\" title=\"Recebemos um motor; agora, vamos construir o avi\u00e3o em volta dele!\" onerror=\"this.style.display='none'\" loading=\"lazy\" \/>\n\t<\/figure>\n<figure itemscope itemtype=\"https:\/\/schema.org\/ImageObject\">\n\t\t\t\t<img decoding=\"async\" src=\"https:\/\/aglow.org\/wp-content\/uploads\/2026\/02\/prophesy-PT.jpg\" alt=\"Profetize para a sua na\u00e7\u00e3o\" height=\"800\" width=\"800\" title=\"Profetize para a sua na\u00e7\u00e3o\" onerror=\"this.style.display='none'\" loading=\"lazy\" \/>\n\t<\/figure>\n<figure itemscope itemtype=\"https:\/\/schema.org\/ImageObject\">\n\t\t\t\t<img decoding=\"async\" src=\"https:\/\/aglow.org\/wp-content\/uploads\/2025\/12\/hosanna-PT-1.jpg\" alt=\"Hosana\" height=\"800\" width=\"800\" title=\"Hosana\" onerror=\"this.style.display='none'\" loading=\"lazy\" \/>\n\t<\/figure>\n<figure itemscope itemtype=\"https:\/\/schema.org\/ImageObject\">\n\t\t\t\t<img decoding=\"async\" src=\"https:\/\/aglow.org\/wp-content\/uploads\/2025\/10\/revival-PT-1.jpg\" alt=\"O Avivamento est\u00e1 aqui!\" height=\"800\" width=\"800\" title=\"O Avivamento est\u00e1 aqui!\" onerror=\"this.style.display='none'\" loading=\"lazy\" \/>\n\t<\/figure>\n<figure itemscope itemtype=\"https:\/\/schema.org\/ImageObject\">\n\t\t\t\t<img decoding=\"async\" src=\"https:\/\/aglow.org\/wp-content\/uploads\/2025\/10\/finished-PT.jpg\" alt=\"EST\u00c1 CONSUMADO\" height=\"800\" width=\"800\" title=\"EST\u00c1 CONSUMADO\" onerror=\"this.style.display='none'\" loading=\"lazy\" \/>\n\t<\/figure>\n<figure itemscope itemtype=\"https:\/\/schema.org\/ImageObject\">\n\t\t\t\t<img decoding=\"async\" src=\"https:\/\/aglow.org\/wp-content\/uploads\/2025\/08\/champions-PT.jpg\" alt=\"champions-PT\" height=\"1200\" width=\"1200\" title=\"champions-PT\" onerror=\"this.style.display='none'\" loading=\"lazy\" \/>\n\t<\/figure>\n<figure itemscope itemtype=\"https:\/\/schema.org\/ImageObject\">\n\t\t\t\t<img decoding=\"async\" src=\"https:\/\/aglow.org\/wp-content\/uploads\/2025\/07\/right-PT.jpg\" alt=\"right-PT\" height=\"800\" width=\"800\" title=\"right-PT\" onerror=\"this.style.display='none'\" loading=\"lazy\" \/>\n\t<\/figure>\n<figure itemscope itemtype=\"https:\/\/schema.org\/ImageObject\">\n\t\t\t\t<img decoding=\"async\" src=\"https:\/\/aglow.org\/wp-content\/uploads\/2025\/06\/Called-PT.jpg\" alt=\"Chamada\" height=\"800\" width=\"800\" title=\"Called-PT\" onerror=\"this.style.display='none'\" loading=\"lazy\" \/>\n\t<\/figure>\n<figure itemscope itemtype=\"https:\/\/schema.org\/ImageObject\">\n\t\t\t\t<img decoding=\"async\" src=\"https:\/\/aglow.org\/wp-content\/uploads\/2025\/08\/awakening-PT.jpg\" alt=\"awakening-PT\" height=\"800\" width=\"800\" title=\"awakening-PT\" onerror=\"this.style.display='none'\" loading=\"lazy\" \/>\n\t<\/figure>\n<figure itemscope itemtype=\"https:\/\/schema.org\/ImageObject\">\n\t\t\t\t<img decoding=\"async\" src=\"https:\/\/aglow.org\/wp-content\/uploads\/2025\/04\/strategies-PT.jpg\" alt=\"strategies-PT\" height=\"800\" width=\"800\" title=\"strategies-PT\" onerror=\"this.style.display='none'\" loading=\"lazy\" \/>\n\t<\/figure>\n<figure itemscope itemtype=\"https:\/\/schema.org\/ImageObject\">\n\t\t\t\t<img decoding=\"async\" src=\"https:\/\/aglow.org\/wp-content\/uploads\/2025\/07\/call-PT.jpg\" alt=\"call-PT\" height=\"800\" width=\"800\" title=\"call-PT\" onerror=\"this.style.display='none'\" loading=\"lazy\" \/>\n\t<\/figure>\n<figure itemscope itemtype=\"https:\/\/schema.org\/ImageObject\">\n\t\t\t\t<img decoding=\"async\" src=\"https:\/\/aglow.org\/wp-content\/uploads\/2025\/08\/strength-of-the-word-PT.jpg\" alt=\"strength-of-the-word-PT\" height=\"800\" width=\"800\" title=\"strength-of-the-word-PT\" onerror=\"this.style.display='none'\" loading=\"lazy\" \/>\n\t<\/figure>\n<figure itemscope itemtype=\"https:\/\/schema.org\/ImageObject\">\n\t\t\t\t<img decoding=\"async\" src=\"https:\/\/aglow.org\/wp-content\/uploads\/2025\/08\/portion-PT.jpg\" alt=\"portion-PT\" height=\"800\" width=\"800\" title=\"portion-PT\" onerror=\"this.style.display='none'\" loading=\"lazy\" \/>\n\t<\/figure>\n<figure itemscope itemtype=\"https:\/\/schema.org\/ImageObject\">\n\t\t\t\t<img decoding=\"async\" src=\"https:\/\/aglow.org\/wp-content\/uploads\/2025\/08\/legislation-PT.jpg\" alt=\"legislation-PT\" height=\"800\" width=\"800\" title=\"legislation-PT\" onerror=\"this.style.display='none'\" loading=\"lazy\" \/>\n\t<\/figure>\n<figure itemscope itemtype=\"https:\/\/schema.org\/ImageObject\">\n\t\t\t\t<img decoding=\"async\" src=\"https:\/\/aglow.org\/wp-content\/uploads\/2025\/08\/belongs-PT.jpg\" alt=\"belongs-PT\" height=\"800\" width=\"800\" title=\"belongs-PT\" onerror=\"this.style.display='none'\" loading=\"lazy\" \/>\n\t<\/figure>\n<figure itemscope itemtype=\"https:\/\/schema.org\/ImageObject\">\n\t\t\t\t<img decoding=\"async\" src=\"https:\/\/aglow.org\/wp-content\/uploads\/2025\/08\/steady-PT.jpg\" alt=\"steady-PT\" height=\"800\" width=\"800\" title=\"steady-PT\" onerror=\"this.style.display='none'\" loading=\"lazy\" \/>\n\t<\/figure>\n<figure itemscope itemtype=\"https:\/\/schema.org\/ImageObject\">\n\t\t\t\t<img decoding=\"async\" src=\"https:\/\/aglow.org\/wp-content\/uploads\/2025\/08\/reap-PT.jpg\" alt=\"reap-PT\" height=\"1200\" width=\"1200\" title=\"reap-PT\" onerror=\"this.style.display='none'\" loading=\"lazy\" \/>\n\t<\/figure>\n<figure itemscope itemtype=\"https:\/\/schema.org\/ImageObject\">\n\t\t\t\t<img decoding=\"async\" src=\"https:\/\/aglow.org\/wp-content\/uploads\/2025\/08\/Grief-PT.jpg\" alt=\"Grief-PT\" height=\"800\" width=\"800\" title=\"Grief-PT\" onerror=\"this.style.display='none'\" loading=\"lazy\" \/>\n\t<\/figure>\n<figure itemscope itemtype=\"https:\/\/schema.org\/ImageObject\">\n\t\t\t\t<img decoding=\"async\" src=\"https:\/\/aglow.org\/wp-content\/uploads\/2025\/08\/OneWithIsrael-PT.jpg\" alt=\"OneWithIsrael-PT\" height=\"800\" width=\"800\" title=\"OneWithIsrael-PT\" onerror=\"this.style.display='none'\" loading=\"lazy\" \/>\n\t<\/figure>\n<figure itemscope itemtype=\"https:\/\/schema.org\/ImageObject\">\n\t\t\t\t<img decoding=\"async\" src=\"https:\/\/aglow.org\/wp-content\/uploads\/2025\/08\/trust-PT.jpg\" alt=\"trust-PT\" height=\"800\" width=\"800\" title=\"trust-PT\" onerror=\"this.style.display='none'\" loading=\"lazy\" \/>\n\t<\/figure>\n<figure itemscope itemtype=\"https:\/\/schema.org\/ImageObject\">\n\t\t\t\t<img decoding=\"async\" src=\"https:\/\/aglow.org\/wp-content\/uploads\/2025\/08\/sound-PT.jpg\" alt=\"sound-PT\" height=\"800\" width=\"800\" title=\"sound-PT\" onerror=\"this.style.display='none'\" loading=\"lazy\" \/>\n\t<\/figure>\n<figure itemscope itemtype=\"https:\/\/schema.org\/ImageObject\">\n\t\t\t\t<img decoding=\"async\" src=\"https:\/\/aglow.org\/wp-content\/uploads\/2025\/08\/shake-PT.jpg\" alt=\"shake-PT\" height=\"800\" width=\"800\" title=\"shake-PT\" onerror=\"this.style.display='none'\" loading=\"lazy\" \/>\n\t<\/figure>\n<figure itemscope itemtype=\"https:\/\/schema.org\/ImageObject\">\n\t\t\t\t<img decoding=\"async\" src=\"https:\/\/aglow.org\/wp-content\/uploads\/2025\/08\/share-PT.jpg\" alt=\"share-PT\" height=\"800\" width=\"800\" title=\"share-PT\" onerror=\"this.style.display='none'\" loading=\"lazy\" \/>\n\t<\/figure>\n<figure itemscope itemtype=\"https:\/\/schema.org\/ImageObject\">\n\t\t\t\t<img decoding=\"async\" src=\"https:\/\/aglow.org\/wp-content\/uploads\/2025\/08\/fire-glory-PT.jpg\" alt=\"fire-glory-PT\" height=\"800\" width=\"800\" title=\"fire-glory-PT\" onerror=\"this.style.display='none'\" loading=\"lazy\" \/>\n\t<\/figure>\n<figure itemscope itemtype=\"https:\/\/schema.org\/ImageObject\">\n\t\t\t\t<img decoding=\"async\" src=\"https:\/\/aglow.org\/wp-content\/uploads\/2025\/08\/song-PT.jpg\" alt=\"song-PT\" height=\"800\" width=\"800\" title=\"song-PT\" onerror=\"this.style.display='none'\" loading=\"lazy\" \/>\n\t<\/figure>\n<figure itemscope itemtype=\"https:\/\/schema.org\/ImageObject\">\n\t\t\t\t<img decoding=\"async\" src=\"https:\/\/aglow.org\/wp-content\/uploads\/2025\/08\/night-season-PT.jpg\" alt=\"night-season-PT\" height=\"800\" width=\"800\" title=\"night-season-PT\" onerror=\"this.style.display='none'\" loading=\"lazy\" \/>\n\t<\/figure>\n<figure itemscope itemtype=\"https:\/\/schema.org\/ImageObject\">\n\t\t\t\t<img decoding=\"async\" src=\"https:\/\/aglow.org\/wp-content\/uploads\/2025\/08\/Zion-PT.jpg\" alt=\"Zion-PT\" height=\"800\" width=\"800\" title=\"Zion-PT\" onerror=\"this.style.display='none'\" loading=\"lazy\" \/>\n\t<\/figure>\n<figure itemscope itemtype=\"https:\/\/schema.org\/ImageObject\">\n\t\t\t\t<img decoding=\"async\" src=\"https:\/\/aglow.org\/wp-content\/uploads\/2025\/08\/AppleOfHIsEye-PT.jpg\" alt=\"AppleOfHIsEye-PT\" height=\"800\" width=\"800\" title=\"AppleOfHIsEye-PT\" onerror=\"this.style.display='none'\" loading=\"lazy\" \/>\n\t<\/figure>\n<figure itemscope itemtype=\"https:\/\/schema.org\/ImageObject\">\n\t\t\t\t<img decoding=\"async\" src=\"https:\/\/aglow.org\/wp-content\/uploads\/2025\/08\/established-PT.jpg\" alt=\"established-PT\" height=\"800\" width=\"800\" title=\"established-PT\" onerror=\"this.style.display='none'\" loading=\"lazy\" \/>\n\t<\/figure>\n<figure itemscope itemtype=\"https:\/\/schema.org\/ImageObject\">\n\t\t\t\t<img decoding=\"async\" src=\"https:\/\/aglow.org\/wp-content\/uploads\/2025\/08\/open-PT.jpg\" alt=\"open-PT\" height=\"800\" width=\"800\" title=\"open-PT\" onerror=\"this.style.display='none'\" loading=\"lazy\" \/>\n\t<\/figure>\n\n","protected":false},"excerpt":{"rendered":"<p>Gr\u00e1ficos compartilh\u00e1veis Compartilhe estes gr\u00e1ficos em reuni\u00f5es e confer\u00eancias da Aglow, no Facebook e em outras redes sociais. Para baixar, clique com o bot\u00e3o direito do mouse na imagem e selecione &#8220;Salvar imagem como&#8220;.<\/p>\n","protected":false},"author":3,"featured_media":0,"parent":0,"menu_order":0,"comment_status":"closed","ping_status":"closed","template":"","meta":{"footnotes":""},"class_list":["post-3198","page","type-page","status-publish","hentry"],"yoast_head":"<!-- This site is optimized with the Yoast SEO plugin v27.3 - https:\/\/yoast.com\/product\/yoast-seo-wordpress\/ -->\n<title>Gr\u00e1ficos compartilh\u00e1veis - Aglow International<\/title>\n<meta name=\"robots\" content=\"index, follow, max-snippet:-1, max-image-preview:large, max-video-preview:-1\" \/>\n<link rel=\"canonical\" href=\"https:\/\/aglow.org\/pt-pt\/graficos-compartilhaveis\/\" \/>\n<meta property=\"og:locale\" content=\"pt_PT\" \/>\n<meta property=\"og:type\" content=\"article\" \/>\n<meta property=\"og:title\" content=\"Gr\u00e1ficos compartilh\u00e1veis - Aglow International\" \/>\n<meta property=\"og:description\" content=\"Gr\u00e1ficos compartilh\u00e1veis Compartilhe estes gr\u00e1ficos em reuni\u00f5es e confer\u00eancias da Aglow, no Facebook e em outras redes sociais. Para baixar, clique com o bot\u00e3o direito do mouse na imagem e selecione &#8220;Salvar imagem como&#8220;.\" \/>\n<meta property=\"og:url\" content=\"https:\/\/aglow.org\/pt-pt\/graficos-compartilhaveis\/\" \/>\n<meta property=\"og:site_name\" content=\"Aglow International\" \/>\n<meta property=\"article:modified_time\" content=\"2026-03-27T01:18:00+00:00\" \/>\n<meta property=\"og:image\" content=\"https:\/\/aglow.org\/wp-content\/uploads\/2026\/03\/standard-PT.jpg\" \/>\n<meta name=\"twitter:card\" content=\"summary_large_image\" \/>\n<meta name=\"twitter:label1\" content=\"Tempo estimado de leitura\" \/>\n\t<meta name=\"twitter:data1\" content=\"7 minutos\" \/>\n<script type=\"application\/ld+json\" class=\"yoast-schema-graph\">{\"@context\":\"https:\\\/\\\/schema.org\",\"@graph\":[{\"@type\":\"WebPage\",\"@id\":\"https:\\\/\\\/aglow.org\\\/pt-pt\\\/graficos-compartilhaveis\\\/\",\"url\":\"https:\\\/\\\/aglow.org\\\/pt-pt\\\/graficos-compartilhaveis\\\/\",\"name\":\"Gr\u00e1ficos compartilh\u00e1veis - Aglow International\",\"isPartOf\":{\"@id\":\"https:\\\/\\\/aglow.org\\\/pt-pt\\\/#website\"},\"primaryImageOfPage\":{\"@id\":\"https:\\\/\\\/aglow.org\\\/pt-pt\\\/graficos-compartilhaveis\\\/#primaryimage\"},\"image\":{\"@id\":\"https:\\\/\\\/aglow.org\\\/pt-pt\\\/graficos-compartilhaveis\\\/#primaryimage\"},\"thumbnailUrl\":\"https:\\\/\\\/aglow.org\\\/wp-content\\\/uploads\\\/2026\\\/03\\\/standard-PT.jpg\",\"datePublished\":\"2025-04-11T19:21:22+00:00\",\"dateModified\":\"2026-03-27T01:18:00+00:00\",\"breadcrumb\":{\"@id\":\"https:\\\/\\\/aglow.org\\\/pt-pt\\\/graficos-compartilhaveis\\\/#breadcrumb\"},\"inLanguage\":\"pt-PT\",\"potentialAction\":[{\"@type\":\"ReadAction\",\"target\":[\"https:\\\/\\\/aglow.org\\\/pt-pt\\\/graficos-compartilhaveis\\\/\"]}]},{\"@type\":\"ImageObject\",\"inLanguage\":\"pt-PT\",\"@id\":\"https:\\\/\\\/aglow.org\\\/pt-pt\\\/graficos-compartilhaveis\\\/#primaryimage\",\"url\":\"https:\\\/\\\/aglow.org\\\/wp-content\\\/uploads\\\/2026\\\/03\\\/standard-PT.jpg\",\"contentUrl\":\"https:\\\/\\\/aglow.org\\\/wp-content\\\/uploads\\\/2026\\\/03\\\/standard-PT.jpg\"},{\"@type\":\"BreadcrumbList\",\"@id\":\"https:\\\/\\\/aglow.org\\\/pt-pt\\\/graficos-compartilhaveis\\\/#breadcrumb\",\"itemListElement\":[{\"@type\":\"ListItem\",\"position\":1,\"name\":\"Home\",\"item\":\"https:\\\/\\\/aglow.org\\\/pt-pt\\\/\"},{\"@type\":\"ListItem\",\"position\":2,\"name\":\"Gr\u00e1ficos compartilh\u00e1veis\"}]},{\"@type\":\"WebSite\",\"@id\":\"https:\\\/\\\/aglow.org\\\/pt-pt\\\/#website\",\"url\":\"https:\\\/\\\/aglow.org\\\/pt-pt\\\/\",\"name\":\"Aglow International\",\"description\":\"\",\"publisher\":{\"@id\":\"https:\\\/\\\/aglow.org\\\/pt-pt\\\/#organization\"},\"potentialAction\":[{\"@type\":\"SearchAction\",\"target\":{\"@type\":\"EntryPoint\",\"urlTemplate\":\"https:\\\/\\\/aglow.org\\\/pt-pt\\\/?s={search_term_string}\"},\"query-input\":{\"@type\":\"PropertyValueSpecification\",\"valueRequired\":true,\"valueName\":\"search_term_string\"}}],\"inLanguage\":\"pt-PT\"},{\"@type\":\"Organization\",\"@id\":\"https:\\\/\\\/aglow.org\\\/pt-pt\\\/#organization\",\"name\":\"Aglow International\",\"url\":\"https:\\\/\\\/aglow.org\\\/pt-pt\\\/\",\"logo\":{\"@type\":\"ImageObject\",\"inLanguage\":\"pt-PT\",\"@id\":\"https:\\\/\\\/aglow.org\\\/pt-pt\\\/#\\\/schema\\\/logo\\\/image\\\/\",\"url\":\"https:\\\/\\\/aglow.org\\\/wp-content\\\/uploads\\\/2025\\\/04\\\/Aglow_logo_orange_800px.png\",\"contentUrl\":\"https:\\\/\\\/aglow.org\\\/wp-content\\\/uploads\\\/2025\\\/04\\\/Aglow_logo_orange_800px.png\",\"width\":800,\"height\":302,\"caption\":\"Aglow International\"},\"image\":{\"@id\":\"https:\\\/\\\/aglow.org\\\/pt-pt\\\/#\\\/schema\\\/logo\\\/image\\\/\"}}]}<\/script>\n<!-- \/ Yoast SEO plugin. -->","yoast_head_json":{"title":"Gr\u00e1ficos compartilh\u00e1veis - Aglow International","robots":{"index":"index","follow":"follow","max-snippet":"max-snippet:-1","max-image-preview":"max-image-preview:large","max-video-preview":"max-video-preview:-1"},"canonical":"https:\/\/aglow.org\/pt-pt\/graficos-compartilhaveis\/","og_locale":"pt_PT","og_type":"article","og_title":"Gr\u00e1ficos compartilh\u00e1veis - Aglow International","og_description":"Gr\u00e1ficos compartilh\u00e1veis Compartilhe estes gr\u00e1ficos em reuni\u00f5es e confer\u00eancias da Aglow, no Facebook e em outras redes sociais. Para baixar, clique com o bot\u00e3o direito do mouse na imagem e selecione &#8220;Salvar imagem como&#8220;.","og_url":"https:\/\/aglow.org\/pt-pt\/graficos-compartilhaveis\/","og_site_name":"Aglow International","article_modified_time":"2026-03-27T01:18:00+00:00","og_image":[{"url":"https:\/\/aglow.org\/wp-content\/uploads\/2026\/03\/standard-PT.jpg","type":"","width":"","height":""}],"twitter_card":"summary_large_image","twitter_misc":{"Tempo estimado de leitura":"7 minutos"},"schema":{"@context":"https:\/\/schema.org","@graph":[{"@type":"WebPage","@id":"https:\/\/aglow.org\/pt-pt\/graficos-compartilhaveis\/","url":"https:\/\/aglow.org\/pt-pt\/graficos-compartilhaveis\/","name":"Gr\u00e1ficos compartilh\u00e1veis - Aglow International","isPartOf":{"@id":"https:\/\/aglow.org\/pt-pt\/#website"},"primaryImageOfPage":{"@id":"https:\/\/aglow.org\/pt-pt\/graficos-compartilhaveis\/#primaryimage"},"image":{"@id":"https:\/\/aglow.org\/pt-pt\/graficos-compartilhaveis\/#primaryimage"},"thumbnailUrl":"https:\/\/aglow.org\/wp-content\/uploads\/2026\/03\/standard-PT.jpg","datePublished":"2025-04-11T19:21:22+00:00","dateModified":"2026-03-27T01:18:00+00:00","breadcrumb":{"@id":"https:\/\/aglow.org\/pt-pt\/graficos-compartilhaveis\/#breadcrumb"},"inLanguage":"pt-PT","potentialAction":[{"@type":"ReadAction","target":["https:\/\/aglow.org\/pt-pt\/graficos-compartilhaveis\/"]}]},{"@type":"ImageObject","inLanguage":"pt-PT","@id":"https:\/\/aglow.org\/pt-pt\/graficos-compartilhaveis\/#primaryimage","url":"https:\/\/aglow.org\/wp-content\/uploads\/2026\/03\/standard-PT.jpg","contentUrl":"https:\/\/aglow.org\/wp-content\/uploads\/2026\/03\/standard-PT.jpg"},{"@type":"BreadcrumbList","@id":"https:\/\/aglow.org\/pt-pt\/graficos-compartilhaveis\/#breadcrumb","itemListElement":[{"@type":"ListItem","position":1,"name":"Home","item":"https:\/\/aglow.org\/pt-pt\/"},{"@type":"ListItem","position":2,"name":"Gr\u00e1ficos compartilh\u00e1veis"}]},{"@type":"WebSite","@id":"https:\/\/aglow.org\/pt-pt\/#website","url":"https:\/\/aglow.org\/pt-pt\/","name":"Aglow International","description":"","publisher":{"@id":"https:\/\/aglow.org\/pt-pt\/#organization"},"potentialAction":[{"@type":"SearchAction","target":{"@type":"EntryPoint","urlTemplate":"https:\/\/aglow.org\/pt-pt\/?s={search_term_string}"},"query-input":{"@type":"PropertyValueSpecification","valueRequired":true,"valueName":"search_term_string"}}],"inLanguage":"pt-PT"},{"@type":"Organization","@id":"https:\/\/aglow.org\/pt-pt\/#organization","name":"Aglow International","url":"https:\/\/aglow.org\/pt-pt\/","logo":{"@type":"ImageObject","inLanguage":"pt-PT","@id":"https:\/\/aglow.org\/pt-pt\/#\/schema\/logo\/image\/","url":"https:\/\/aglow.org\/wp-content\/uploads\/2025\/04\/Aglow_logo_orange_800px.png","contentUrl":"https:\/\/aglow.org\/wp-content\/uploads\/2025\/04\/Aglow_logo_orange_800px.png","width":800,"height":302,"caption":"Aglow International"},"image":{"@id":"https:\/\/aglow.org\/pt-pt\/#\/schema\/logo\/image\/"}}]}},"_links":{"self":[{"href":"https:\/\/aglow.org\/pt-pt\/wp-json\/wp\/v2\/pages\/3198","targetHints":{"allow":["GET"]}}],"collection":[{"href":"https:\/\/aglow.org\/pt-pt\/wp-json\/wp\/v2\/pages"}],"about":[{"href":"https:\/\/aglow.org\/pt-pt\/wp-json\/wp\/v2\/types\/page"}],"author":[{"embeddable":true,"href":"https:\/\/aglow.org\/pt-pt\/wp-json\/wp\/v2\/users\/3"}],"replies":[{"embeddable":true,"href":"https:\/\/aglow.org\/pt-pt\/wp-json\/wp\/v2\/comments?post=3198"}],"version-history":[{"count":13,"href":"https:\/\/aglow.org\/pt-pt\/wp-json\/wp\/v2\/pages\/3198\/revisions"}],"predecessor-version":[{"id":8079,"href":"https:\/\/aglow.org\/pt-pt\/wp-json\/wp\/v2\/pages\/3198\/revisions\/8079"}],"wp:attachment":[{"href":"https:\/\/aglow.org\/pt-pt\/wp-json\/wp\/v2\/media?parent=3198"}],"curies":[{"name":"wp","href":"https:\/\/api.w.org\/{rel}","templated":true}]}}