{"id":7907,"date":"2026-03-20T17:56:13","date_gmt":"2026-03-20T17:56:13","guid":{"rendered":"https:\/\/aglow.org\/?page_id=7907"},"modified":"2026-03-20T18:42:59","modified_gmt":"2026-03-20T18:42:59","slug":"etudes-bibliques","status":"publish","type":"page","link":"https:\/\/aglow.org\/fr\/etudes-bibliques\/","title":{"rendered":"\u00c9tudes bibliques"},"content":{"rendered":"\n<h1>\n\t\t\t\u00c9tudes bibliques\t<\/h1>\n\t<p><strong>Adobe Acrobat Reader<\/strong> est n\u00e9cessaire pour visualiser ces documents. Si ce programme n&rsquo;est pas install\u00e9 sur votre ordinateur, vous pouvez le t\u00e9l\u00e9charger gratuitement depuis leur site web.<\/p>\n\t<p>Nos \u00e9tudes bibliques couvrent tout un panel de sujets diff\u00e9rents et sont libres d&rsquo;acc\u00e8s ; faites-en des copies et distribuez-les selon vos besoins. Acc\u00e9dez ci-dessous \u00e0 nos \u00e9tudes les plus lues du moment ou r\u00e9f\u00e9rez-vous \u00e0 notre index pour trouver un th\u00e8me particulier. Consultez nos \u00e9tudes de base qui couvrent toute la foi chr\u00e9tienne. Soyez b\u00e9nies dans cette recherche d&rsquo;approfondissement de votre foi en J\u00e9sus et de r\u00e9v\u00e9lation de l&rsquo;amour extravagant de Dieu!<\/p>\n<p><strong>Note:<\/strong> Vous devez avoir Adobe Acrobat Reader pour consulter ces documents. Si vous n&rsquo;avez pas ce programme install\u00e9 sur votre ordinateur. S&rsquo;il vous pla\u00eet visitez www.adobe.com pour le t\u00e9l\u00e9charger gratuitement.<\/p>\n<ul>\n<li><a href=\"https:\/\/aglow.org\/wp-content\/uploads\/2026\/03\/bible-FR.pdf\" target=\"_blank\" rel=\"noopener\">La Bible<\/a><\/li>\n<li><a href=\"https:\/\/aglow.org\/wp-content\/uploads\/2026\/03\/Healing-FR.pdf\" target=\"_blank\" rel=\"noopener\">La guerlson<\/a><\/li>\n<li><a href=\"https:\/\/aglow.org\/wp-content\/uploads\/2026\/03\/prayer-FR.pdf\" target=\"_blank\" rel=\"noopener\">Pri\u00e8re<\/a><\/li>\n<\/ul>\n\n","protected":false},"excerpt":{"rendered":"<p>\u00c9tudes bibliques Adobe Acrobat Reader est n\u00e9cessaire pour visualiser ces documents. Si ce programme n&rsquo;est pas install\u00e9 sur votre ordinateur, vous pouvez le t\u00e9l\u00e9charger gratuitement depuis leur site web. Nos \u00e9tudes bibliques couvrent tout un panel de sujets diff\u00e9rents et sont libres d&rsquo;acc\u00e8s ; faites-en des copies et distribuez-les selon vos besoins. Acc\u00e9dez ci-dessous \u00e0&hellip;<\/p>\n","protected":false},"author":11,"featured_media":0,"parent":0,"menu_order":0,"comment_status":"closed","ping_status":"closed","template":"","meta":{"footnotes":""},"class_list":["post-7907","page","type-page","status-publish","hentry"],"yoast_head":"<!-- This site is optimized with the Yoast SEO plugin v27.3 - https:\/\/yoast.com\/product\/yoast-seo-wordpress\/ -->\n<title>\u00c9tudes bibliques - Aglow International<\/title>\n<meta name=\"robots\" content=\"index, follow, max-snippet:-1, max-image-preview:large, max-video-preview:-1\" \/>\n<link rel=\"canonical\" href=\"https:\/\/aglow.org\/fr\/etudes-bibliques\/\" \/>\n<meta property=\"og:locale\" content=\"fr_FR\" \/>\n<meta property=\"og:type\" content=\"article\" \/>\n<meta property=\"og:title\" content=\"\u00c9tudes bibliques - Aglow International\" \/>\n<meta property=\"og:description\" content=\"\u00c9tudes bibliques Adobe Acrobat Reader est n\u00e9cessaire pour visualiser ces documents. Si ce programme n&rsquo;est pas install\u00e9 sur votre ordinateur, vous pouvez le t\u00e9l\u00e9charger gratuitement depuis leur site web. Nos \u00e9tudes bibliques couvrent tout un panel de sujets diff\u00e9rents et sont libres d&rsquo;acc\u00e8s ; faites-en des copies et distribuez-les selon vos besoins. Acc\u00e9dez ci-dessous \u00e0&hellip;\" \/>\n<meta property=\"og:url\" content=\"https:\/\/aglow.org\/fr\/etudes-bibliques\/\" \/>\n<meta property=\"og:site_name\" content=\"Aglow International\" \/>\n<meta property=\"article:modified_time\" content=\"2026-03-20T18:42:59+00:00\" \/>\n<meta name=\"twitter:card\" content=\"summary_large_image\" \/>\n<script type=\"application\/ld+json\" class=\"yoast-schema-graph\">{\"@context\":\"https:\\\/\\\/schema.org\",\"@graph\":[{\"@type\":\"WebPage\",\"@id\":\"https:\\\/\\\/aglow.org\\\/fr\\\/etudes-bibliques\\\/\",\"url\":\"https:\\\/\\\/aglow.org\\\/fr\\\/etudes-bibliques\\\/\",\"name\":\"\u00c9tudes bibliques - Aglow International\",\"isPartOf\":{\"@id\":\"https:\\\/\\\/aglow.org\\\/fr\\\/#website\"},\"datePublished\":\"2026-03-20T17:56:13+00:00\",\"dateModified\":\"2026-03-20T18:42:59+00:00\",\"breadcrumb\":{\"@id\":\"https:\\\/\\\/aglow.org\\\/fr\\\/etudes-bibliques\\\/#breadcrumb\"},\"inLanguage\":\"fr-FR\",\"potentialAction\":[{\"@type\":\"ReadAction\",\"target\":[\"https:\\\/\\\/aglow.org\\\/fr\\\/etudes-bibliques\\\/\"]}]},{\"@type\":\"BreadcrumbList\",\"@id\":\"https:\\\/\\\/aglow.org\\\/fr\\\/etudes-bibliques\\\/#breadcrumb\",\"itemListElement\":[{\"@type\":\"ListItem\",\"position\":1,\"name\":\"Home\",\"item\":\"https:\\\/\\\/aglow.org\\\/fr\\\/\"},{\"@type\":\"ListItem\",\"position\":2,\"name\":\"\u00c9tudes bibliques\"}]},{\"@type\":\"WebSite\",\"@id\":\"https:\\\/\\\/aglow.org\\\/fr\\\/#website\",\"url\":\"https:\\\/\\\/aglow.org\\\/fr\\\/\",\"name\":\"Aglow International\",\"description\":\"\",\"publisher\":{\"@id\":\"https:\\\/\\\/aglow.org\\\/fr\\\/#organization\"},\"potentialAction\":[{\"@type\":\"SearchAction\",\"target\":{\"@type\":\"EntryPoint\",\"urlTemplate\":\"https:\\\/\\\/aglow.org\\\/fr\\\/?s={search_term_string}\"},\"query-input\":{\"@type\":\"PropertyValueSpecification\",\"valueRequired\":true,\"valueName\":\"search_term_string\"}}],\"inLanguage\":\"fr-FR\"},{\"@type\":\"Organization\",\"@id\":\"https:\\\/\\\/aglow.org\\\/fr\\\/#organization\",\"name\":\"Aglow International\",\"url\":\"https:\\\/\\\/aglow.org\\\/fr\\\/\",\"logo\":{\"@type\":\"ImageObject\",\"inLanguage\":\"fr-FR\",\"@id\":\"https:\\\/\\\/aglow.org\\\/fr\\\/#\\\/schema\\\/logo\\\/image\\\/\",\"url\":\"https:\\\/\\\/aglow.org\\\/wp-content\\\/uploads\\\/2025\\\/04\\\/Aglow_logo_orange_800px.png\",\"contentUrl\":\"https:\\\/\\\/aglow.org\\\/wp-content\\\/uploads\\\/2025\\\/04\\\/Aglow_logo_orange_800px.png\",\"width\":800,\"height\":302,\"caption\":\"Aglow International\"},\"image\":{\"@id\":\"https:\\\/\\\/aglow.org\\\/fr\\\/#\\\/schema\\\/logo\\\/image\\\/\"}}]}<\/script>\n<!-- \/ Yoast SEO plugin. -->","yoast_head_json":{"title":"\u00c9tudes bibliques - Aglow International","robots":{"index":"index","follow":"follow","max-snippet":"max-snippet:-1","max-image-preview":"max-image-preview:large","max-video-preview":"max-video-preview:-1"},"canonical":"https:\/\/aglow.org\/fr\/etudes-bibliques\/","og_locale":"fr_FR","og_type":"article","og_title":"\u00c9tudes bibliques - Aglow International","og_description":"\u00c9tudes bibliques Adobe Acrobat Reader est n\u00e9cessaire pour visualiser ces documents. Si ce programme n&rsquo;est pas install\u00e9 sur votre ordinateur, vous pouvez le t\u00e9l\u00e9charger gratuitement depuis leur site web. Nos \u00e9tudes bibliques couvrent tout un panel de sujets diff\u00e9rents et sont libres d&rsquo;acc\u00e8s ; faites-en des copies et distribuez-les selon vos besoins. Acc\u00e9dez ci-dessous \u00e0&hellip;","og_url":"https:\/\/aglow.org\/fr\/etudes-bibliques\/","og_site_name":"Aglow International","article_modified_time":"2026-03-20T18:42:59+00:00","twitter_card":"summary_large_image","schema":{"@context":"https:\/\/schema.org","@graph":[{"@type":"WebPage","@id":"https:\/\/aglow.org\/fr\/etudes-bibliques\/","url":"https:\/\/aglow.org\/fr\/etudes-bibliques\/","name":"\u00c9tudes bibliques - Aglow International","isPartOf":{"@id":"https:\/\/aglow.org\/fr\/#website"},"datePublished":"2026-03-20T17:56:13+00:00","dateModified":"2026-03-20T18:42:59+00:00","breadcrumb":{"@id":"https:\/\/aglow.org\/fr\/etudes-bibliques\/#breadcrumb"},"inLanguage":"fr-FR","potentialAction":[{"@type":"ReadAction","target":["https:\/\/aglow.org\/fr\/etudes-bibliques\/"]}]},{"@type":"BreadcrumbList","@id":"https:\/\/aglow.org\/fr\/etudes-bibliques\/#breadcrumb","itemListElement":[{"@type":"ListItem","position":1,"name":"Home","item":"https:\/\/aglow.org\/fr\/"},{"@type":"ListItem","position":2,"name":"\u00c9tudes bibliques"}]},{"@type":"WebSite","@id":"https:\/\/aglow.org\/fr\/#website","url":"https:\/\/aglow.org\/fr\/","name":"Aglow International","description":"","publisher":{"@id":"https:\/\/aglow.org\/fr\/#organization"},"potentialAction":[{"@type":"SearchAction","target":{"@type":"EntryPoint","urlTemplate":"https:\/\/aglow.org\/fr\/?s={search_term_string}"},"query-input":{"@type":"PropertyValueSpecification","valueRequired":true,"valueName":"search_term_string"}}],"inLanguage":"fr-FR"},{"@type":"Organization","@id":"https:\/\/aglow.org\/fr\/#organization","name":"Aglow International","url":"https:\/\/aglow.org\/fr\/","logo":{"@type":"ImageObject","inLanguage":"fr-FR","@id":"https:\/\/aglow.org\/fr\/#\/schema\/logo\/image\/","url":"https:\/\/aglow.org\/wp-content\/uploads\/2025\/04\/Aglow_logo_orange_800px.png","contentUrl":"https:\/\/aglow.org\/wp-content\/uploads\/2025\/04\/Aglow_logo_orange_800px.png","width":800,"height":302,"caption":"Aglow International"},"image":{"@id":"https:\/\/aglow.org\/fr\/#\/schema\/logo\/image\/"}}]}},"_links":{"self":[{"href":"https:\/\/aglow.org\/fr\/wp-json\/wp\/v2\/pages\/7907","targetHints":{"allow":["GET"]}}],"collection":[{"href":"https:\/\/aglow.org\/fr\/wp-json\/wp\/v2\/pages"}],"about":[{"href":"https:\/\/aglow.org\/fr\/wp-json\/wp\/v2\/types\/page"}],"author":[{"embeddable":true,"href":"https:\/\/aglow.org\/fr\/wp-json\/wp\/v2\/users\/11"}],"replies":[{"embeddable":true,"href":"https:\/\/aglow.org\/fr\/wp-json\/wp\/v2\/comments?post=7907"}],"version-history":[{"count":3,"href":"https:\/\/aglow.org\/fr\/wp-json\/wp\/v2\/pages\/7907\/revisions"}],"predecessor-version":[{"id":7914,"href":"https:\/\/aglow.org\/fr\/wp-json\/wp\/v2\/pages\/7907\/revisions\/7914"}],"wp:attachment":[{"href":"https:\/\/aglow.org\/fr\/wp-json\/wp\/v2\/media?parent=7907"}],"curies":[{"name":"wp","href":"https:\/\/api.w.org\/{rel}","templated":true}]}}