{"id":7697,"date":"2026-03-12T19:12:33","date_gmt":"2026-03-12T19:12:33","guid":{"rendered":"https:\/\/aglow.org\/decret-declarez-proclamez\/"},"modified":"2026-03-12T20:23:09","modified_gmt":"2026-03-12T20:23:09","slug":"decret-declarez-proclamez","status":"publish","type":"page","link":"https:\/\/aglow.org\/fr\/decret-declarez-proclamez\/","title":{"rendered":"D\u00e9cret ! D\u00e9clarez ! Proclamez !"},"content":{"rendered":"\n<h1>\n\t\t\tD\u00e9cret ! D\u00e9clarez ! Proclamez !  \t<\/h1>\n\t<p>Lors de notre conf\u00e9rence Aglow Jubilee, Graham Cooke nous a invit\u00e9s \u00e0 lier notre intercession \u00e0 la promesse et \u00e0 la finalit\u00e9. Ce faisant, nous prions avec puissance pour le Royaume, en proclamant, d\u00e9clarant et d\u00e9cr\u00e9tant. <\/p>\n<p>R\u00e9cemment, on m&rsquo;a pos\u00e9 plusieurs fois cette question : \u00ab Quelle est la diff\u00e9rence entre proclamation, d\u00e9claration et d\u00e9cret dans la pri\u00e8re ? \u00bb Excellente question ! <\/p>\n<p>Au moment de r\u00e9citer mes \u00ab pri\u00e8res de proclamation \u00bb, j&rsquo;utilise souvent ces termes indiff\u00e9remment. Cependant, en y r\u00e9fl\u00e9chissant et en peaufinant ma pri\u00e8re, je per\u00e7ois des nuances de sens. Bien qu&rsquo;il existe sans doute des ouvrages et des articles qui expliquent cela en d\u00e9tail et avec une grande perspicacit\u00e9, voici quelques br\u00e8ves descriptions que je trouve utiles.  <\/p>\n<h2>D\u00e9cret<\/h2>\n<p>Il s&rsquo;agit plut\u00f4t d&rsquo;un terme juridique. C&rsquo;est un commandement qui \u00e9tablit quelque chose de l\u00e9galement. C&rsquo;est harmoniser les choses sur terre avec le Ciel, instaurer la loi, le gouvernement c\u00e9leste sur terre. C&rsquo;est une expression du gouvernement du Royaume de Dieu visant \u00e0 harmoniser, transformer, voire m\u00eame impr\u00e9gner la terre et les syst\u00e8mes du monde par la majest\u00e9 divine.   <\/p>\n<p>Et si nous faisions une simple d\u00e9claration pour que Dieu accorde sa faveur \u00e0 Aglow International ? Ce serait une excellente pri\u00e8re ! <\/p>\n<h3>Nous d\u00e9cr\u00e9tons la faveur de Dieu sur Aglow International.<\/h3>\n<p>Cette pri\u00e8re place Aglow sous la protection divine et rejette tout ce qui s&rsquo;y oppose. Elle \u00e9tablit ainsi fermement que la faveur de Dieu repose sur Aglow. <\/p>\n<h2>D\u00e9clarer<\/h2>\n<p>Une d\u00e9claration exprime notre soutien inconditionnel \u00e0 une cause ou clarifie notre position. Transformons notre pri\u00e8re pour la gr\u00e2ce de Dieu sur Aglow International en une d\u00e9claration. <\/p>\n<h3>Nous proclamons la faveur de Dieu sur Aglow International.<\/h3>\n<p>Cette pri\u00e8re dit : \u00ab Seigneur, tu as dit que ta faveur repose sur Aglow. Tu as r\u00e9pandu ta faveur sur Aglow. C&rsquo;est pourquoi nous nous levons, pleinement unis \u00e0 ta faveur. Nous sommes enti\u00e8rement sous ta protection. Voici notre position : la faveur de Dieu est sur nous ! Rien ne pourra nous d\u00e9tourner de ta faveur ni nous en s\u00e9parer ! \u00bb<\/p>\n<h2>Proclaim<\/h2>\n<p>Il s&rsquo;agit de faire une annonce publique forte.<\/p>\n<p>Une proclamation est une annonce publique forte. Elle dissipe tout doute, affirme notre accord avec la Divinit\u00e9 et fortifie notre foi. Elle r\u00e9pand la lumi\u00e8re de la v\u00e9rit\u00e9 divine pour d\u00e9masquer le mensonge et dissiper les t\u00e9n\u00e8bres. Elle proclame sur terre ce que le Ciel a d\u00e9j\u00e0 d\u00e9cr\u00e9t\u00e9. Une proclamation pour la gr\u00e2ce de Dieu sur Aglow International pourrait ressembler \u00e0 ceci :    <\/p>\n<h3>Nous proclamons la faveur de Dieu sur Aglow.<\/h3>\n<p>Cette pri\u00e8re est une proclamation publique de la faveur de Dieu envers nous, qui lib\u00e8re en nous la joie, la libert\u00e9 et la confiance, tout en liant et en paralysant l&rsquo;ennemi.<\/p>\n<p>Continuons \u00e0 progresser et \u00e0 nous \u00e9panouir dans l&rsquo;intercession pour le Royaume. Je prie pour que le Saint-Esprit nous accorde une profonde r\u00e9v\u00e9lation et une force nouvelle, tandis que nous continuons \u00e0 m\u00e9diter sur la Parole que Dieu nous a donn\u00e9e. <\/p>\n<p>Father, what are You decreeing from Heaven to earth? We are aligning our proclamations, declarations, and decrees with Yours! Truly, Your Kingdom come, and Your will be done on earth as it is in Heaven.  <\/p>\n\n","protected":false},"excerpt":{"rendered":"<p>D\u00e9cret ! D\u00e9clarez ! Proclamez ! Lors de notre conf\u00e9rence Aglow Jubilee, Graham Cooke nous a invit\u00e9s \u00e0 lier notre intercession \u00e0 la promesse et \u00e0 la finalit\u00e9. Ce faisant, nous prions avec puissance pour le Royaume, en proclamant, d\u00e9clarant et d\u00e9cr\u00e9tant. R\u00e9cemment, on m&rsquo;a pos\u00e9 plusieurs fois cette question : \u00ab Quelle est la&hellip;<\/p>\n","protected":false},"author":9,"featured_media":0,"parent":0,"menu_order":0,"comment_status":"closed","ping_status":"closed","template":"","meta":{"footnotes":""},"class_list":["post-7697","page","type-page","status-publish","hentry"],"yoast_head":"<!-- This site is optimized with the Yoast SEO plugin v27.3 - https:\/\/yoast.com\/product\/yoast-seo-wordpress\/ -->\n<title>D\u00e9cret ! D\u00e9clarez ! Proclamez ! - Aglow International<\/title>\n<meta name=\"robots\" content=\"index, follow, max-snippet:-1, max-image-preview:large, max-video-preview:-1\" \/>\n<link rel=\"canonical\" href=\"https:\/\/aglow.org\/fr\/decret-declarez-proclamez\/\" \/>\n<meta property=\"og:locale\" content=\"fr_FR\" \/>\n<meta property=\"og:type\" content=\"article\" \/>\n<meta property=\"og:title\" content=\"D\u00e9cret ! D\u00e9clarez ! Proclamez ! - Aglow International\" \/>\n<meta property=\"og:description\" content=\"D\u00e9cret ! D\u00e9clarez ! Proclamez ! Lors de notre conf\u00e9rence Aglow Jubilee, Graham Cooke nous a invit\u00e9s \u00e0 lier notre intercession \u00e0 la promesse et \u00e0 la finalit\u00e9. Ce faisant, nous prions avec puissance pour le Royaume, en proclamant, d\u00e9clarant et d\u00e9cr\u00e9tant. R\u00e9cemment, on m&rsquo;a pos\u00e9 plusieurs fois cette question : \u00ab Quelle est la&hellip;\" \/>\n<meta property=\"og:url\" content=\"https:\/\/aglow.org\/fr\/decret-declarez-proclamez\/\" \/>\n<meta property=\"og:site_name\" content=\"Aglow International\" \/>\n<meta property=\"article:modified_time\" content=\"2026-03-12T20:23:09+00:00\" \/>\n<meta name=\"twitter:card\" content=\"summary_large_image\" \/>\n<meta name=\"twitter:label1\" content=\"Dur\u00e9e de lecture estim\u00e9e\" \/>\n\t<meta name=\"twitter:data1\" content=\"3 minutes\" \/>\n<script type=\"application\/ld+json\" class=\"yoast-schema-graph\">{\"@context\":\"https:\\\/\\\/schema.org\",\"@graph\":[{\"@type\":\"WebPage\",\"@id\":\"https:\\\/\\\/aglow.org\\\/fr\\\/decret-declarez-proclamez\\\/\",\"url\":\"https:\\\/\\\/aglow.org\\\/fr\\\/decret-declarez-proclamez\\\/\",\"name\":\"D\u00e9cret ! D\u00e9clarez ! Proclamez ! - Aglow International\",\"isPartOf\":{\"@id\":\"https:\\\/\\\/aglow.org\\\/fr\\\/#website\"},\"datePublished\":\"2026-03-12T19:12:33+00:00\",\"dateModified\":\"2026-03-12T20:23:09+00:00\",\"breadcrumb\":{\"@id\":\"https:\\\/\\\/aglow.org\\\/fr\\\/decret-declarez-proclamez\\\/#breadcrumb\"},\"inLanguage\":\"fr-FR\",\"potentialAction\":[{\"@type\":\"ReadAction\",\"target\":[\"https:\\\/\\\/aglow.org\\\/fr\\\/decret-declarez-proclamez\\\/\"]}]},{\"@type\":\"BreadcrumbList\",\"@id\":\"https:\\\/\\\/aglow.org\\\/fr\\\/decret-declarez-proclamez\\\/#breadcrumb\",\"itemListElement\":[{\"@type\":\"ListItem\",\"position\":1,\"name\":\"Home\",\"item\":\"https:\\\/\\\/aglow.org\\\/fr\\\/\"},{\"@type\":\"ListItem\",\"position\":2,\"name\":\"D\u00e9cret ! D\u00e9clarez ! Proclamez !\"}]},{\"@type\":\"WebSite\",\"@id\":\"https:\\\/\\\/aglow.org\\\/fr\\\/#website\",\"url\":\"https:\\\/\\\/aglow.org\\\/fr\\\/\",\"name\":\"Aglow International\",\"description\":\"\",\"publisher\":{\"@id\":\"https:\\\/\\\/aglow.org\\\/fr\\\/#organization\"},\"potentialAction\":[{\"@type\":\"SearchAction\",\"target\":{\"@type\":\"EntryPoint\",\"urlTemplate\":\"https:\\\/\\\/aglow.org\\\/fr\\\/?s={search_term_string}\"},\"query-input\":{\"@type\":\"PropertyValueSpecification\",\"valueRequired\":true,\"valueName\":\"search_term_string\"}}],\"inLanguage\":\"fr-FR\"},{\"@type\":\"Organization\",\"@id\":\"https:\\\/\\\/aglow.org\\\/fr\\\/#organization\",\"name\":\"Aglow International\",\"url\":\"https:\\\/\\\/aglow.org\\\/fr\\\/\",\"logo\":{\"@type\":\"ImageObject\",\"inLanguage\":\"fr-FR\",\"@id\":\"https:\\\/\\\/aglow.org\\\/fr\\\/#\\\/schema\\\/logo\\\/image\\\/\",\"url\":\"https:\\\/\\\/aglow.org\\\/wp-content\\\/uploads\\\/2025\\\/04\\\/Aglow_logo_orange_800px.png\",\"contentUrl\":\"https:\\\/\\\/aglow.org\\\/wp-content\\\/uploads\\\/2025\\\/04\\\/Aglow_logo_orange_800px.png\",\"width\":800,\"height\":302,\"caption\":\"Aglow International\"},\"image\":{\"@id\":\"https:\\\/\\\/aglow.org\\\/fr\\\/#\\\/schema\\\/logo\\\/image\\\/\"}}]}<\/script>\n<!-- \/ Yoast SEO plugin. -->","yoast_head_json":{"title":"D\u00e9cret ! D\u00e9clarez ! Proclamez ! - Aglow International","robots":{"index":"index","follow":"follow","max-snippet":"max-snippet:-1","max-image-preview":"max-image-preview:large","max-video-preview":"max-video-preview:-1"},"canonical":"https:\/\/aglow.org\/fr\/decret-declarez-proclamez\/","og_locale":"fr_FR","og_type":"article","og_title":"D\u00e9cret ! D\u00e9clarez ! Proclamez ! - Aglow International","og_description":"D\u00e9cret ! D\u00e9clarez ! Proclamez ! Lors de notre conf\u00e9rence Aglow Jubilee, Graham Cooke nous a invit\u00e9s \u00e0 lier notre intercession \u00e0 la promesse et \u00e0 la finalit\u00e9. Ce faisant, nous prions avec puissance pour le Royaume, en proclamant, d\u00e9clarant et d\u00e9cr\u00e9tant. R\u00e9cemment, on m&rsquo;a pos\u00e9 plusieurs fois cette question : \u00ab Quelle est la&hellip;","og_url":"https:\/\/aglow.org\/fr\/decret-declarez-proclamez\/","og_site_name":"Aglow International","article_modified_time":"2026-03-12T20:23:09+00:00","twitter_card":"summary_large_image","twitter_misc":{"Dur\u00e9e de lecture estim\u00e9e":"3 minutes"},"schema":{"@context":"https:\/\/schema.org","@graph":[{"@type":"WebPage","@id":"https:\/\/aglow.org\/fr\/decret-declarez-proclamez\/","url":"https:\/\/aglow.org\/fr\/decret-declarez-proclamez\/","name":"D\u00e9cret ! D\u00e9clarez ! Proclamez ! - Aglow International","isPartOf":{"@id":"https:\/\/aglow.org\/fr\/#website"},"datePublished":"2026-03-12T19:12:33+00:00","dateModified":"2026-03-12T20:23:09+00:00","breadcrumb":{"@id":"https:\/\/aglow.org\/fr\/decret-declarez-proclamez\/#breadcrumb"},"inLanguage":"fr-FR","potentialAction":[{"@type":"ReadAction","target":["https:\/\/aglow.org\/fr\/decret-declarez-proclamez\/"]}]},{"@type":"BreadcrumbList","@id":"https:\/\/aglow.org\/fr\/decret-declarez-proclamez\/#breadcrumb","itemListElement":[{"@type":"ListItem","position":1,"name":"Home","item":"https:\/\/aglow.org\/fr\/"},{"@type":"ListItem","position":2,"name":"D\u00e9cret ! D\u00e9clarez ! Proclamez !"}]},{"@type":"WebSite","@id":"https:\/\/aglow.org\/fr\/#website","url":"https:\/\/aglow.org\/fr\/","name":"Aglow International","description":"","publisher":{"@id":"https:\/\/aglow.org\/fr\/#organization"},"potentialAction":[{"@type":"SearchAction","target":{"@type":"EntryPoint","urlTemplate":"https:\/\/aglow.org\/fr\/?s={search_term_string}"},"query-input":{"@type":"PropertyValueSpecification","valueRequired":true,"valueName":"search_term_string"}}],"inLanguage":"fr-FR"},{"@type":"Organization","@id":"https:\/\/aglow.org\/fr\/#organization","name":"Aglow International","url":"https:\/\/aglow.org\/fr\/","logo":{"@type":"ImageObject","inLanguage":"fr-FR","@id":"https:\/\/aglow.org\/fr\/#\/schema\/logo\/image\/","url":"https:\/\/aglow.org\/wp-content\/uploads\/2025\/04\/Aglow_logo_orange_800px.png","contentUrl":"https:\/\/aglow.org\/wp-content\/uploads\/2025\/04\/Aglow_logo_orange_800px.png","width":800,"height":302,"caption":"Aglow International"},"image":{"@id":"https:\/\/aglow.org\/fr\/#\/schema\/logo\/image\/"}}]}},"_links":{"self":[{"href":"https:\/\/aglow.org\/fr\/wp-json\/wp\/v2\/pages\/7697","targetHints":{"allow":["GET"]}}],"collection":[{"href":"https:\/\/aglow.org\/fr\/wp-json\/wp\/v2\/pages"}],"about":[{"href":"https:\/\/aglow.org\/fr\/wp-json\/wp\/v2\/types\/page"}],"author":[{"embeddable":true,"href":"https:\/\/aglow.org\/fr\/wp-json\/wp\/v2\/users\/9"}],"replies":[{"embeddable":true,"href":"https:\/\/aglow.org\/fr\/wp-json\/wp\/v2\/comments?post=7697"}],"version-history":[{"count":3,"href":"https:\/\/aglow.org\/fr\/wp-json\/wp\/v2\/pages\/7697\/revisions"}],"predecessor-version":[{"id":7721,"href":"https:\/\/aglow.org\/fr\/wp-json\/wp\/v2\/pages\/7697\/revisions\/7721"}],"wp:attachment":[{"href":"https:\/\/aglow.org\/fr\/wp-json\/wp\/v2\/media?parent=7697"}],"curies":[{"name":"wp","href":"https:\/\/api.w.org\/{rel}","templated":true}]}}