{"id":6486,"date":"2025-04-10T16:37:38","date_gmt":"2025-04-10T16:37:38","guid":{"rendered":"https:\/\/aglow.org\/ressources-mondiales-pour-le-developpement-du-leadership\/"},"modified":"2026-03-02T17:40:15","modified_gmt":"2026-03-02T17:40:15","slug":"ressources-mondiales-pour-le-developpement-du-leadership","status":"publish","type":"page","link":"https:\/\/aglow.org\/fr\/ressources-mondiales-pour-le-developpement-du-leadership\/","title":{"rendered":"Ressources mondiales pour le d\u00e9veloppement du leadership"},"content":{"rendered":"\n<figure itemscope itemtype=\"https:\/\/schema.org\/ImageObject\">\n\t\t\t\t<img decoding=\"async\" src=\"https:\/\/aglow.org\/wp-content\/uploads\/2026\/02\/header-leaderDev-fr-1.jpg\" alt=\"header-leaderDev-fr\" height=\"350\" width=\"1200\" title=\"header-leaderDev-fr\" onerror=\"this.style.display='none'\" loading=\"lazy\" \/>\n\t<\/figure>\n<h1>\n\t\t\tMessages de la conf\u00e9rence\t<\/h1>\n\t<strong>Adobe Acrobat Reader<\/strong> est n\u00e9cessaire pour visualiser ces documents. Si ce programme n&rsquo;est pas install\u00e9 sur votre ordinateur, vous pouvez le t\u00e9l\u00e9charger gratuitement depuis leur site web.<br \/>\nPour la traduction de la vid\u00e9o, merci de suivre les instructions suivantes :\n<ul>\n<li>Cliquez sur la vignette de la vid\u00e9o<\/li>\n<li>En bas de l&rsquo;\u00e9cran, cliquez sur l&rsquo;ic\u00f4ne CC (pour Closed Caption)<\/li>\n<li>Cliquez ensuite sur l&rsquo;ic\u00f4ne Param\u00e8tres (Settings)<\/li>\n<li>Cliquez sur Sous-titres (Subtitles)<\/li>\n<li>Cliquez sur Traduction automatique (Auto translate)<\/li>\n<li>Choisissez votre langue T\u00e9l\u00e9charger Adobe Acrobat Reader <a title=\"T\u00e9l\u00e9charger Adobe Acrobat Reader\" href=\"http:\/\/get.adobe.com\/reader\/\" target=\"_blank\" rel=\"noopener noreferrer\">T\u00e9l\u00e9charger Adobe Acrobat Reader <\/a><\/li>\n<\/ul>\n\t<p>La section D\u00e9veloppement du leadership mondial propose des ressources actuelles et strat\u00e9giques pour former les champions, les acteurs cl\u00e9s et les leaders mondiaux d&rsquo;aujourd&rsquo;hui. Vous y trouverez des transcriptions de messages, des liens pour commander des DVD et du mat\u00e9riel p\u00e9dagogique qui vous aideront \u00e0 progresser ! <\/p>\n\t<h3>V\u00e9rit\u00e9s Agents de Changements pour des conversations au coin du feu<\/h3>\n<strong>44 entr\u00e9es<br \/>\n<\/strong>\n<p>Tout ce que Dieu nous a transmis au fil des ans nous a transform\u00e9s en une vaste arm\u00e9e pr\u00e9sente partout dans le monde. Lorsque vous vous r\u00e9unissez en \u00e9quipes ou entre amis, utilisez ces courts enseignements pour stimuler des conversations qui apporteront \u00e9claircissement et croissance personnelle \u00e0 tous les participants. Vous constaterez qu&rsquo;ils peuvent \u00eatre utilis\u00e9s dans le cadre de l&rsquo;\u00e9cole du dimanche ou de groupes d&rsquo;\u00e9tude biblique. Utilisez-les \u00e0 la place d&rsquo;un orateur mensuel ou diffusez-les dans vos bulletins d&rsquo;information. Faites-nous savoir comment vous les utilisez ! Profitez-en !     <\/p>\n<figure itemscope itemtype=\"https:\/\/schema.org\/ImageObject\">\n\t\t\t\t<a href=\"https:\/\/aglow.org\/fr\/conversations-au-coin-du-feu\/\"  target=\"_self\" itemprop=\"url\">\n\t\t\t\t<img decoding=\"async\" src=\"https:\/\/aglow.org\/wp-content\/uploads\/2025\/04\/fireside-chats.jpg\" alt=\"\" onerror=\"this.style.display='none'\" loading=\"lazy\" \/>\n\t\t\t\t<\/a>\n\t<\/figure>\n<h3><a href=\"https:\/\/aglow.org\/fr\/messages-de-la-conference-2025\/\">Messages de la conf\u00e9rence Aglow 2025<\/a><\/h3>\n<p><strong>5 entr\u00e9es<\/strong><\/p>\n<p>Lors de la s\u00e9ance d&rsquo;ouverture de la premi\u00e8re conf\u00e9rence virtuelle d&rsquo;Aglow, Nancy a parl\u00e9 de \u00ab De l&rsquo;aube \u00e0 la destin\u00e9e \u00bb en d\u00e9clarant : \u00ab Nous sommes dans une nouvelle \u00e8re. Nous ne suivons plus les anciens chemins. Nous empruntons de nouveaux chemins que Dieu, pas \u00e0 pas, place devant nous en cette nouvelle \u00e8re. \u00bb<\/p>\n<figure itemscope itemtype=\"https:\/\/schema.org\/ImageObject\">\n\t\t\t\t<a href=\"https:\/\/aglow.org\/fr\/messages-de-la-conference-2025\/\"  target=\"_self\" itemprop=\"url\">\n\t\t\t\t<img decoding=\"async\" src=\"https:\/\/aglow.org\/wp-content\/uploads\/2025\/09\/2025-conference-banner-.jpg\" alt=\"\" onerror=\"this.style.display='none'\" loading=\"lazy\" \/>\n\t\t\t\t<\/a>\n\t<\/figure>\n<h3><a href=\"https:\/\/aglow.org\/wp-content\/uploads\/2025\/05\/2024-Chuck-Pierce-South-Central-Region-FR.pdf\">Messages de la conf\u00e9rence Aglow 2024<\/a><\/h3>\n<strong>5 entr\u00e9es<br \/>\n<\/strong>\n<p>Lors de la session de conf\u00e9rence du vendredi matin en 2024, Jane a retrac\u00e9 l&rsquo;histoire d&rsquo;Aglow, depuis ses tout d\u00e9buts jusqu&rsquo;\u00e0 nos jours.<\/p>\n<p>Dans le message adress\u00e9 \u00e0 la conf\u00e9rence r\u00e9gionale Aglow du Centre-Sud en juillet, Chuck Pierce \u00e9voque l&rsquo;entr\u00e9e d&rsquo;Aglow dans la cinqui\u00e8me phase de son onction proph\u00e9tique.<\/p>\n<figure itemscope itemtype=\"https:\/\/schema.org\/ImageObject\">\n\t\t\t\t<a href=\"https:\/\/aglow.org\/fr\/messages-de-la-conference-2024\/\"  target=\"_self\" itemprop=\"url\">\n\t\t\t\t<img decoding=\"async\" src=\"https:\/\/aglow.org\/wp-content\/uploads\/2025\/04\/2024-theme-banner-300x130.jpg\" alt=\"\" onerror=\"this.style.display='none'\" loading=\"lazy\" \/>\n\t\t\t\t<\/a>\n\t<\/figure>\n<h3><a href=\"https:\/\/aglow.org\/fr\/messages-de-la-conference-2023\/\">Messages de la conf\u00e9rence Aglow 2023<\/a><\/h3>\n<strong>4 entr\u00e9es<br \/>\n<\/strong>\n<p>Nos conf\u00e9renciers ont transmis des messages inspirants et ont apport\u00e9 un nouvel \u00e9clairage sur ce que signifie vivre le Grand R\u00e9veil du Troisi\u00e8me Jour.<\/p>\n<figure itemscope itemtype=\"https:\/\/schema.org\/ImageObject\">\n\t\t\t\t<a href=\"https:\/\/aglow.org\/fr\/messages-de-la-conference-2023\/\"  target=\"_self\" itemprop=\"url\">\n\t\t\t\t<img decoding=\"async\" src=\"https:\/\/aglow.org\/wp-content\/uploads\/2025\/04\/2023-conference-theme1-300x168.jpg\" alt=\"\" onerror=\"this.style.display='none'\" loading=\"lazy\" \/>\n\t\t\t\t<\/a>\n\t<\/figure>\n<h3><a href=\"https:\/\/aglow.org\/fr\/messages-de-la-conference-2022\/\">Messages de la conf\u00e9rence Aglow 2022<\/a><\/h3>\n<strong>5 entr\u00e9es<br \/>\n<\/strong>\n<p>Aglow entre dans une nouvelle phase alors que nous nous dirigeons vers le grand r\u00e9veil du troisi\u00e8me jour.<\/p>\n<figure itemscope itemtype=\"https:\/\/schema.org\/ImageObject\">\n\t\t\t\t<a href=\"https:\/\/aglow.org\/fr\/messages-de-la-conference-2022\/\"  target=\"_self\" itemprop=\"url\">\n\t\t\t\t<img decoding=\"async\" src=\"https:\/\/aglow.org\/wp-content\/uploads\/2025\/04\/2022-conference-theme-1200-300x75.jpg\" alt=\"\" onerror=\"this.style.display='none'\" loading=\"lazy\" \/>\n\t\t\t\t<\/a>\n\t<\/figure>\n<h3><a href=\"https:\/\/aglow.org\/fr\/messages-de-la-conference-de-2021\/\">Messages de la conf\u00e9rence Aglow 2021<\/a><\/h3>\n<strong>6 entr\u00e9es<br \/>\n<\/strong>\n<p>Cette conf\u00e9rence a marqu\u00e9 le d\u00e9but de quelque chose de nouveau, un renouveau que Dieu op\u00e8re parmi nous pour nous pr\u00e9parer au r\u00e9veil du troisi\u00e8me jour. Ensemble, nous entrons dans la pl\u00e9nitude de notre destin\u00e9e, tant individuellement que collectivement. Nous n&rsquo;y entrons pas avec timidit\u00e9 et incertitude, mais avec une confiance qui d\u00e9coule de la certitude qu&rsquo;il nous a \u00e9quip\u00e9s et pr\u00e9par\u00e9s pour ce jour.  <\/p>\n<figure itemscope itemtype=\"https:\/\/schema.org\/ImageObject\">\n\t\t\t\t<a href=\"https:\/\/aglow.org\/fr\/messages-de-la-conference-de-2021\/\"  target=\"_self\" itemprop=\"url\">\n\t\t\t\t<img decoding=\"async\" src=\"https:\/\/aglow.org\/wp-content\/uploads\/2025\/04\/2021-conference-theme-1200.jpg\" alt=\"Messages de la conf\u00e9rence de 2021\" height=\"378\" width=\"1200\" title=\"Messages de la conf\u00e9rence de 2021\" onerror=\"this.style.display='none'\" loading=\"lazy\" \/>\n\t\t\t\t<\/a>\n\t<\/figure>\n<h3><a href=\"https:\/\/aglow.org\/fr\/messages-de-la-conference-de-2019\/\">Assembl\u00e9e de J\u00e9rusalem 2019<\/a><\/h3>\n<h3><a href=\"https:\/\/aglow.org\/fr\/messages-de-la-conference-de-2019\/\">Partenariat avec les messages proph\u00e9tiques<\/a><\/h3>\n<strong>8 entr\u00e9es<br \/>\n<\/strong>\n<p>Cette section contient les transcriptions des messages de la convention Aglow 2019 \u00e0 J\u00e9rusalem, ainsi que des articles de Graham Cooke intitul\u00e9s \u00ab Collaborer avec la proph\u00e9tie \u00bb.<\/p>\n<figure itemscope itemtype=\"https:\/\/schema.org\/ImageObject\">\n\t\t\t\t<a href=\"https:\/\/aglow.org\/fr\/messages-de-la-conference-de-2019\/\"  target=\"_self\" itemprop=\"url\">\n\t\t\t\t<img decoding=\"async\" src=\"https:\/\/aglow.org\/wp-content\/uploads\/2025\/04\/2019-convocation-1200-300x144.jpg\" alt=\"Messages de la conf\u00e9rence de 2019\" height=\"144\" width=\"300\" title=\"2019-convocation-1200\" onerror=\"this.style.display='none'\" loading=\"lazy\" \/>\n\t\t\t\t<\/a>\n\t<\/figure>\n\t<h3><a href=\"https:\/\/aglow.org\/fr\/messages-de-la-conference-de-2018\/\">Messages de la Conf\u00e9rence nationale et du Sommet des dirigeants des \u00c9tats-Unis de 2018<\/a><em><br \/>\n<\/em><\/h3>\n<strong>5 entr\u00e9es<br \/>\n<\/strong>\n<p>Aglow a \u00e9t\u00e9 qualifi\u00e9 d&rsquo;organisation \u00ab faite pour une telle \u00e9poque \u00bb. Une porte, une porte ouverte au moment opportun, s&rsquo;est ouverte devant nous lors de notre premier grand rassemblement depuis que nous avons franchi le portail lors de la Conf\u00e9rence du Jubil\u00e9 de 2017. La conf\u00e9rence de 2018 \u00e9tait le moment id\u00e9al pour vivre pleinement tout ce que J\u00e9sus nous a offert par son sacrifice, et Spokane, dans l&rsquo;\u00c9tat de Washington, \u00e9tait l&rsquo;endroit id\u00e9al pour vivre cette pl\u00e9nitude.  <\/p>\n<p>Cette section contient des messages issus de la Conf\u00e9rence nationale am\u00e9ricaine de 2018, du Sommet des dirigeants et des ressources de l&rsquo;initiative \u00ab Partenariat avec la proph\u00e9tie \u00bb.<\/p>\n<figure itemscope itemtype=\"https:\/\/schema.org\/ImageObject\">\n\t\t\t\t<a href=\"https:\/\/aglow.org\/fr\/messages-de-la-conference-de-2018\/\"  target=\"_self\" itemprop=\"url\">\n\t\t\t\t<img decoding=\"async\" src=\"https:\/\/aglow.org\/wp-content\/uploads\/2025\/04\/2018-conf-theme-267x300.jpg\" alt=\"\" onerror=\"this.style.display='none'\" loading=\"lazy\" \/>\n\t\t\t\t<\/a>\n\t<\/figure>\n\n","protected":false},"excerpt":{"rendered":"<p>Messages de la conf\u00e9rence Adobe Acrobat Reader est n\u00e9cessaire pour visualiser ces documents. Si ce programme n&rsquo;est pas install\u00e9 sur votre ordinateur, vous pouvez le t\u00e9l\u00e9charger gratuitement depuis leur site web. Pour la traduction de la vid\u00e9o, merci de suivre les instructions suivantes : Cliquez sur la vignette de la vid\u00e9o En bas de l&rsquo;\u00e9cran,&hellip;<\/p>\n","protected":false},"author":3,"featured_media":0,"parent":0,"menu_order":0,"comment_status":"closed","ping_status":"closed","template":"","meta":{"footnotes":""},"class_list":["post-6486","page","type-page","status-publish","hentry"],"yoast_head":"<!-- This site is optimized with the Yoast SEO plugin v27.3 - https:\/\/yoast.com\/product\/yoast-seo-wordpress\/ -->\n<title>Ressources mondiales pour le d\u00e9veloppement du leadership - Aglow International<\/title>\n<meta name=\"robots\" content=\"index, follow, max-snippet:-1, max-image-preview:large, max-video-preview:-1\" \/>\n<link rel=\"canonical\" href=\"https:\/\/aglow.org\/fr\/ressources-mondiales-pour-le-developpement-du-leadership\/\" \/>\n<meta property=\"og:locale\" content=\"fr_FR\" \/>\n<meta property=\"og:type\" content=\"article\" \/>\n<meta property=\"og:title\" content=\"Ressources mondiales pour le d\u00e9veloppement du leadership - Aglow International\" \/>\n<meta property=\"og:description\" content=\"Messages de la conf\u00e9rence Adobe Acrobat Reader est n\u00e9cessaire pour visualiser ces documents. Si ce programme n&rsquo;est pas install\u00e9 sur votre ordinateur, vous pouvez le t\u00e9l\u00e9charger gratuitement depuis leur site web. Pour la traduction de la vid\u00e9o, merci de suivre les instructions suivantes : Cliquez sur la vignette de la vid\u00e9o En bas de l&rsquo;\u00e9cran,&hellip;\" \/>\n<meta property=\"og:url\" content=\"https:\/\/aglow.org\/fr\/ressources-mondiales-pour-le-developpement-du-leadership\/\" \/>\n<meta property=\"og:site_name\" content=\"Aglow International\" \/>\n<meta property=\"article:modified_time\" content=\"2026-03-02T17:40:15+00:00\" \/>\n<meta property=\"og:image\" content=\"https:\/\/aglow.org\/wp-content\/uploads\/2026\/02\/header-leaderDev-fr-1.jpg\" \/>\n<meta name=\"twitter:card\" content=\"summary_large_image\" \/>\n<meta name=\"twitter:label1\" content=\"Dur\u00e9e de lecture estim\u00e9e\" \/>\n\t<meta name=\"twitter:data1\" content=\"5 minutes\" \/>\n<script type=\"application\/ld+json\" class=\"yoast-schema-graph\">{\"@context\":\"https:\\\/\\\/schema.org\",\"@graph\":[{\"@type\":\"WebPage\",\"@id\":\"https:\\\/\\\/aglow.org\\\/fr\\\/ressources-mondiales-pour-le-developpement-du-leadership\\\/\",\"url\":\"https:\\\/\\\/aglow.org\\\/fr\\\/ressources-mondiales-pour-le-developpement-du-leadership\\\/\",\"name\":\"Ressources mondiales pour le d\u00e9veloppement du leadership - Aglow International\",\"isPartOf\":{\"@id\":\"https:\\\/\\\/aglow.org\\\/fr\\\/#website\"},\"primaryImageOfPage\":{\"@id\":\"https:\\\/\\\/aglow.org\\\/fr\\\/ressources-mondiales-pour-le-developpement-du-leadership\\\/#primaryimage\"},\"image\":{\"@id\":\"https:\\\/\\\/aglow.org\\\/fr\\\/ressources-mondiales-pour-le-developpement-du-leadership\\\/#primaryimage\"},\"thumbnailUrl\":\"https:\\\/\\\/aglow.org\\\/wp-content\\\/uploads\\\/2026\\\/02\\\/header-leaderDev-fr-1.jpg\",\"datePublished\":\"2025-04-10T16:37:38+00:00\",\"dateModified\":\"2026-03-02T17:40:15+00:00\",\"breadcrumb\":{\"@id\":\"https:\\\/\\\/aglow.org\\\/fr\\\/ressources-mondiales-pour-le-developpement-du-leadership\\\/#breadcrumb\"},\"inLanguage\":\"fr-FR\",\"potentialAction\":[{\"@type\":\"ReadAction\",\"target\":[\"https:\\\/\\\/aglow.org\\\/fr\\\/ressources-mondiales-pour-le-developpement-du-leadership\\\/\"]}]},{\"@type\":\"ImageObject\",\"inLanguage\":\"fr-FR\",\"@id\":\"https:\\\/\\\/aglow.org\\\/fr\\\/ressources-mondiales-pour-le-developpement-du-leadership\\\/#primaryimage\",\"url\":\"https:\\\/\\\/aglow.org\\\/wp-content\\\/uploads\\\/2026\\\/02\\\/header-leaderDev-fr-1.jpg\",\"contentUrl\":\"https:\\\/\\\/aglow.org\\\/wp-content\\\/uploads\\\/2026\\\/02\\\/header-leaderDev-fr-1.jpg\"},{\"@type\":\"BreadcrumbList\",\"@id\":\"https:\\\/\\\/aglow.org\\\/fr\\\/ressources-mondiales-pour-le-developpement-du-leadership\\\/#breadcrumb\",\"itemListElement\":[{\"@type\":\"ListItem\",\"position\":1,\"name\":\"Home\",\"item\":\"https:\\\/\\\/aglow.org\\\/fr\\\/\"},{\"@type\":\"ListItem\",\"position\":2,\"name\":\"Ressources mondiales pour le d\u00e9veloppement du leadership\"}]},{\"@type\":\"WebSite\",\"@id\":\"https:\\\/\\\/aglow.org\\\/fr\\\/#website\",\"url\":\"https:\\\/\\\/aglow.org\\\/fr\\\/\",\"name\":\"Aglow International\",\"description\":\"\",\"publisher\":{\"@id\":\"https:\\\/\\\/aglow.org\\\/fr\\\/#organization\"},\"potentialAction\":[{\"@type\":\"SearchAction\",\"target\":{\"@type\":\"EntryPoint\",\"urlTemplate\":\"https:\\\/\\\/aglow.org\\\/fr\\\/?s={search_term_string}\"},\"query-input\":{\"@type\":\"PropertyValueSpecification\",\"valueRequired\":true,\"valueName\":\"search_term_string\"}}],\"inLanguage\":\"fr-FR\"},{\"@type\":\"Organization\",\"@id\":\"https:\\\/\\\/aglow.org\\\/fr\\\/#organization\",\"name\":\"Aglow International\",\"url\":\"https:\\\/\\\/aglow.org\\\/fr\\\/\",\"logo\":{\"@type\":\"ImageObject\",\"inLanguage\":\"fr-FR\",\"@id\":\"https:\\\/\\\/aglow.org\\\/fr\\\/#\\\/schema\\\/logo\\\/image\\\/\",\"url\":\"https:\\\/\\\/aglow.org\\\/wp-content\\\/uploads\\\/2025\\\/04\\\/Aglow_logo_orange_800px.png\",\"contentUrl\":\"https:\\\/\\\/aglow.org\\\/wp-content\\\/uploads\\\/2025\\\/04\\\/Aglow_logo_orange_800px.png\",\"width\":800,\"height\":302,\"caption\":\"Aglow International\"},\"image\":{\"@id\":\"https:\\\/\\\/aglow.org\\\/fr\\\/#\\\/schema\\\/logo\\\/image\\\/\"}}]}<\/script>\n<!-- \/ Yoast SEO plugin. -->","yoast_head_json":{"title":"Ressources mondiales pour le d\u00e9veloppement du leadership - Aglow International","robots":{"index":"index","follow":"follow","max-snippet":"max-snippet:-1","max-image-preview":"max-image-preview:large","max-video-preview":"max-video-preview:-1"},"canonical":"https:\/\/aglow.org\/fr\/ressources-mondiales-pour-le-developpement-du-leadership\/","og_locale":"fr_FR","og_type":"article","og_title":"Ressources mondiales pour le d\u00e9veloppement du leadership - Aglow International","og_description":"Messages de la conf\u00e9rence Adobe Acrobat Reader est n\u00e9cessaire pour visualiser ces documents. Si ce programme n&rsquo;est pas install\u00e9 sur votre ordinateur, vous pouvez le t\u00e9l\u00e9charger gratuitement depuis leur site web. Pour la traduction de la vid\u00e9o, merci de suivre les instructions suivantes : Cliquez sur la vignette de la vid\u00e9o En bas de l&rsquo;\u00e9cran,&hellip;","og_url":"https:\/\/aglow.org\/fr\/ressources-mondiales-pour-le-developpement-du-leadership\/","og_site_name":"Aglow International","article_modified_time":"2026-03-02T17:40:15+00:00","og_image":[{"url":"https:\/\/aglow.org\/wp-content\/uploads\/2026\/02\/header-leaderDev-fr-1.jpg","type":"","width":"","height":""}],"twitter_card":"summary_large_image","twitter_misc":{"Dur\u00e9e de lecture estim\u00e9e":"5 minutes"},"schema":{"@context":"https:\/\/schema.org","@graph":[{"@type":"WebPage","@id":"https:\/\/aglow.org\/fr\/ressources-mondiales-pour-le-developpement-du-leadership\/","url":"https:\/\/aglow.org\/fr\/ressources-mondiales-pour-le-developpement-du-leadership\/","name":"Ressources mondiales pour le d\u00e9veloppement du leadership - Aglow International","isPartOf":{"@id":"https:\/\/aglow.org\/fr\/#website"},"primaryImageOfPage":{"@id":"https:\/\/aglow.org\/fr\/ressources-mondiales-pour-le-developpement-du-leadership\/#primaryimage"},"image":{"@id":"https:\/\/aglow.org\/fr\/ressources-mondiales-pour-le-developpement-du-leadership\/#primaryimage"},"thumbnailUrl":"https:\/\/aglow.org\/wp-content\/uploads\/2026\/02\/header-leaderDev-fr-1.jpg","datePublished":"2025-04-10T16:37:38+00:00","dateModified":"2026-03-02T17:40:15+00:00","breadcrumb":{"@id":"https:\/\/aglow.org\/fr\/ressources-mondiales-pour-le-developpement-du-leadership\/#breadcrumb"},"inLanguage":"fr-FR","potentialAction":[{"@type":"ReadAction","target":["https:\/\/aglow.org\/fr\/ressources-mondiales-pour-le-developpement-du-leadership\/"]}]},{"@type":"ImageObject","inLanguage":"fr-FR","@id":"https:\/\/aglow.org\/fr\/ressources-mondiales-pour-le-developpement-du-leadership\/#primaryimage","url":"https:\/\/aglow.org\/wp-content\/uploads\/2026\/02\/header-leaderDev-fr-1.jpg","contentUrl":"https:\/\/aglow.org\/wp-content\/uploads\/2026\/02\/header-leaderDev-fr-1.jpg"},{"@type":"BreadcrumbList","@id":"https:\/\/aglow.org\/fr\/ressources-mondiales-pour-le-developpement-du-leadership\/#breadcrumb","itemListElement":[{"@type":"ListItem","position":1,"name":"Home","item":"https:\/\/aglow.org\/fr\/"},{"@type":"ListItem","position":2,"name":"Ressources mondiales pour le d\u00e9veloppement du leadership"}]},{"@type":"WebSite","@id":"https:\/\/aglow.org\/fr\/#website","url":"https:\/\/aglow.org\/fr\/","name":"Aglow International","description":"","publisher":{"@id":"https:\/\/aglow.org\/fr\/#organization"},"potentialAction":[{"@type":"SearchAction","target":{"@type":"EntryPoint","urlTemplate":"https:\/\/aglow.org\/fr\/?s={search_term_string}"},"query-input":{"@type":"PropertyValueSpecification","valueRequired":true,"valueName":"search_term_string"}}],"inLanguage":"fr-FR"},{"@type":"Organization","@id":"https:\/\/aglow.org\/fr\/#organization","name":"Aglow International","url":"https:\/\/aglow.org\/fr\/","logo":{"@type":"ImageObject","inLanguage":"fr-FR","@id":"https:\/\/aglow.org\/fr\/#\/schema\/logo\/image\/","url":"https:\/\/aglow.org\/wp-content\/uploads\/2025\/04\/Aglow_logo_orange_800px.png","contentUrl":"https:\/\/aglow.org\/wp-content\/uploads\/2025\/04\/Aglow_logo_orange_800px.png","width":800,"height":302,"caption":"Aglow International"},"image":{"@id":"https:\/\/aglow.org\/fr\/#\/schema\/logo\/image\/"}}]}},"_links":{"self":[{"href":"https:\/\/aglow.org\/fr\/wp-json\/wp\/v2\/pages\/6486","targetHints":{"allow":["GET"]}}],"collection":[{"href":"https:\/\/aglow.org\/fr\/wp-json\/wp\/v2\/pages"}],"about":[{"href":"https:\/\/aglow.org\/fr\/wp-json\/wp\/v2\/types\/page"}],"author":[{"embeddable":true,"href":"https:\/\/aglow.org\/fr\/wp-json\/wp\/v2\/users\/3"}],"replies":[{"embeddable":true,"href":"https:\/\/aglow.org\/fr\/wp-json\/wp\/v2\/comments?post=6486"}],"version-history":[{"count":5,"href":"https:\/\/aglow.org\/fr\/wp-json\/wp\/v2\/pages\/6486\/revisions"}],"predecessor-version":[{"id":6550,"href":"https:\/\/aglow.org\/fr\/wp-json\/wp\/v2\/pages\/6486\/revisions\/6550"}],"wp:attachment":[{"href":"https:\/\/aglow.org\/fr\/wp-json\/wp\/v2\/media?parent=6486"}],"curies":[{"name":"wp","href":"https:\/\/api.w.org\/{rel}","templated":true}]}}