{"id":6381,"date":"2025-04-11T18:51:29","date_gmt":"2025-04-11T18:51:29","guid":{"rendered":"https:\/\/aglow.org\/messages-de-la-conference-de-2018\/"},"modified":"2026-02-04T19:43:44","modified_gmt":"2026-02-04T19:43:44","slug":"messages-de-la-conference-de-2018","status":"publish","type":"page","link":"https:\/\/aglow.org\/fr\/messages-de-la-conference-de-2018\/","title":{"rendered":"Messages de la conf\u00e9rence de 2018"},"content":{"rendered":"\n<h1>\n\t\t\tMessages de la conf\u00e9rence de 2018\t<\/h1>\n<figure itemscope itemtype=\"https:\/\/schema.org\/ImageObject\">\n\t\t\t\t<img decoding=\"async\" src=\"https:\/\/aglow.org\/wp-content\/uploads\/2025\/04\/2018-conf-theme.jpg\" alt=\"2018 Conference Theme\" height=\"900\" width=\"800\" title=\"2018 Conference Theme\" onerror=\"this.style.display='none'\" loading=\"lazy\" \/>\n\t<\/figure>\n\t<p><strong>Adobe Acrobat Reader<\/strong> est n\u00e9cessaire pour visualiser ces documents. Si ce programme n&rsquo;est pas install\u00e9 sur votre ordinateur, vous pouvez le t\u00e9l\u00e9charger gratuitement depuis leur site web.<br \/>Pour la traduction de la vid\u00e9o, merci de suivre les instructions suivantes :<br \/>Cliquez sur la vignette de la vid\u00e9o<br \/>En bas de l&rsquo;\u00e9cran, cliquez sur l&rsquo;ic\u00f4ne CC (pour Closed Caption)<br \/>Cliquez ensuite sur l&rsquo;ic\u00f4ne Param\u00e8tres (Settings)<br \/>Cliquez sur Sous-titres (Subtitles)<br \/>Cliquez sur Traduction automatique (Auto translate)<br \/>Choisissez votre langue T\u00e9l\u00e9charger Adobe Acrobat Reader  <a title=\"T\u00e9l\u00e9charger Adobe Acrobat Reader\" href=\"http:\/\/get.adobe.com\/reader\/\" target=\"_blank\" rel=\"noopener noreferrer\">T\u00e9l\u00e9charger Adobe Acrobat Reader <\/a><\/p>\n\t<h3>Conf\u00e9rence U.S. 2018 &#8211; Les Appel\u00e9s Sommet des Leaders<\/h3>\n<ul>\n<li><strong>Graham Cooke &#8211; <a title=\"Graham Cooke - Devenir h\u00e9ritier de Dieu\" href=\"https:\/\/aglow.org\/images\/_leaderDev\/2018-Leaders-Summit-Graham-Cooke-FR.pdf\" target=\"_blank\" rel=\"noopener noreferrer\">Devenir h\u00e9ritier de Dieu<\/a> <\/strong> <a title=\"Graham Cooke - Devenir h\u00e9ritier de Dieu\" href=\"https:\/\/aglow.org\/images\/_leaderDev\/2018-Leaders-Summit-Graham-Cooke-.pdf\" target=\"_blank\" rel=\"noopener noreferrer\"><img loading=\"lazy\" decoding=\"async\" src=\"https:\/\/aglow.org\/images\/icons\/pdf_icon_small.gif\" alt=\"Petite ic\u00f4ne PDF\" width=\"20\" height=\"18\" \/><\/a><br \/>\nDieu est en train de b\u00e2tir un peuple qui sera uni, qui repr\u00e9sentera le Royaume, qui repr\u00e9sentera la Trinit\u00e9, ind\u00e9pendamment de ce que fait ou ne fait pas le monde. Ce dont Dieu nous lib\u00e8re est incroyable. Ce vers quoi Dieu nous conduit est absolument stup\u00e9fiant. Dans LifeChangers, il nous a fait passer de l&rsquo;ancienne nature \u00e0 la nouvelle, et il continue de nous transformer. Vous le savez, cette formation n&rsquo;\u00e9tait que le d\u00e9but. Il s&rsquo;agit d&rsquo;un mode de vie o\u00f9 notre vie est transform\u00e9e. Chaque jour, il nous lib\u00e8re de la n\u00e9gativit\u00e9 pour nous conduire vers quelque chose de meilleur. Il nous fait passer de notre pass\u00e9 \u00e0 notre avenir. Il nous lib\u00e8re de la peur pour nous faire exp\u00e9rimenter un amour plus parfait.<\/li>\n<\/ul>\n<h3>Messages de la conf\u00e9rence de 2018<\/h3>\n<ul>\n<li><strong>Dutch Sheets &#8211; Session pm du vendredi<br \/>\n<\/strong>(<strong><a title=\"Dutch Sheets - Session pm du vendredi\" href=\"https:\/\/www.youtube.com\/watch?v=D1F9aS9y8mM&amp;list=PLSVk2ZELQLZKkspSfzbbew_8AD47C35O2&amp;index=17\" target=\"_blank\" rel=\"noopener\">Regarder sur YouTube <img loading=\"lazy\" decoding=\"async\" src=\"https:\/\/aglow.org\/images\/icons\/you-tube-icon.jpg\" alt=\"you tube icon\" width=\"25\" height=\"25\" data-pagespeed-url-hash=\"218075292\" \/><\/a><\/strong>)<br \/>\nLors de la session du vendredi soir, Dutch Sheets a parl\u00e9 de la mani\u00e8re de vaincre les g\u00e9ants du pays gr\u00e2ce \u00e0 deux armes : Everlast et Evergreen, symbolisant l&rsquo;alliance \u00e9ternelle. \u00c0 la fin de son message, Dutch a donn\u00e9 une puissante exhortation \u00e0 Aglow, l&rsquo;encourageant \u00e0 prendre sa place dans le Troisi\u00e8me Grand R\u00e9veil qui commence \u00e0 se manifester sur la terre aujourd&rsquo;hui.<\/li>\n<li><strong>Chuck Pierce &#8211; Session du samedi matin<br \/>\n<\/strong>(<strong><a title=\"Chuck Pierce - Session du samedi matin\" href=\"https:\/\/www.youtube.com\/watch?v=BTu8QXPTElU&amp;list=PLSVk2ZELQLZKkspSfzbbew_8AD47C35O2&amp;index=14\" target=\"_blank\" rel=\"noopener\">Regarder sur YouTube <img loading=\"lazy\" decoding=\"async\" src=\"https:\/\/aglow.org\/images\/icons\/you-tube-icon.jpg\" alt=\"you tube icon\" width=\"25\" height=\"25\" data-pagespeed-url-hash=\"218075292\" \/><\/a><\/strong>)<br \/>\nLors de la session du samedi matin de la Conf\u00e9rence nationale am\u00e9ricaine de 2018, Chuck a parl\u00e9 de la n\u00e9cessit\u00e9 de sortir des sch\u00e9mas de pens\u00e9e conventionnels, des champs de mission \u00e0 travers le monde et de la nouvelle \u00e8re qui s&rsquo;ouvre pour Aglow gr\u00e2ce \u00e0 notre identit\u00e9 renouvel\u00e9e de femmes apostoliques et proph\u00e9tiques.<\/li>\n<li><strong><a title=\"Dutch Sheets - samedi apr\u00e8s-midi session\" href=\"https:\/\/aglow.org\/images\/_leaderDev\/2018-Saturday-Afternoon-Dutch-Sheets-FR.pdf\" target=\"_blank\" rel=\"noopener noreferrer\">Dutch Sheets &#8211; samedi apr\u00e8s-midi session<br \/>\n<\/a><\/strong>(<strong><a title=\"Dutch Sheets - samedi apr\u00e8s-midi session\" href=\"https:\/\/aglow.org\/images\/_leaderDev\/2018-Saturday-Afternoon-Dutch-Sheets-FR.pdf\" target=\"_blank\" rel=\"noopener noreferrer\">T\u00e9l\u00e9charger un PDF <img loading=\"lazy\" decoding=\"async\" src=\"https:\/\/aglow.org\/images\/icons\/pdf_icon_small.gif\" alt=\"Petite ic\u00f4ne PDF\" width=\"20\" height=\"18\" \/><\/a><\/strong> | <strong><a title=\"Dutch Sheets - samedi apr\u00e8s-midi session\" href=\"https:\/\/www.youtube.com\/watch?v=8tPJ1bQ7vdY&amp;list=PLSVk2ZELQLZKkspSfzbbew_8AD47C35O2&amp;index=16\" target=\"_blank\" rel=\"noopener\">Regarder sur YouTube <img loading=\"lazy\" decoding=\"async\" src=\"https:\/\/aglow.org\/images\/icons\/you-tube-icon.jpg\" alt=\"you tube icon\" width=\"25\" height=\"25\" data-pagespeed-url-hash=\"218075292\" \/><\/a><\/strong>)<br \/>\nDans son message de l&rsquo;apr\u00e8s-midi, Dutch aborde six sujets : la contemplation, la naissance spirituelle, les sentinelles, la pl\u00e9nitude des temps, l&rsquo;attente et la saisie des opportunit\u00e9s. Nous vivons une \u00e9poque o\u00f9 le Seigneur est pr\u00eat \u00e0 briser des forteresses s\u00e9culaires, voire mill\u00e9naires, et \u00e0 transformer compl\u00e8tement, radicalement et profond\u00e9ment les nations.<\/li>\n<li><strong>Graham Cooke &#8211; S\u00e9ance du samedi soir<br \/>\n<\/strong>(<strong><a title=\"Graham Cooke - S\u00e9ance du samedi soir\" href=\"https:\/\/www.youtube.com\/watch?v=UujZ_IlNNaY&amp;list=PLSVk2ZELQLZKkspSfzbbew_8AD47C35O2&amp;index=15\" target=\"_blank\" rel=\"noopener\">Regarder sur YouTube <img loading=\"lazy\" decoding=\"async\" src=\"https:\/\/aglow.org\/images\/icons\/you-tube-icon.jpg\" alt=\"you tube icon\" width=\"25\" height=\"25\" data-pagespeed-url-hash=\"218075292\" \/><\/a><\/strong>)<br \/>\nNous vivons ensemble une p\u00e9riode sans pr\u00e9c\u00e9dent. Certains d&rsquo;entre nous se pr\u00e9parent \u00e0 cela depuis toujours, \u00e0 vivre pour quelque chose d&rsquo;aussi profond, d&rsquo;aussi immense que cela nous submerge. Nous sommes habit\u00e9s par la bont\u00e9 de Dieu. C&rsquo;est le moment id\u00e9al pour nous d&rsquo;entrer dans cette dimension, car le monde est en plein chaos, mais pas nous, jamais nous. Nous sommes dans le Royaume. Et sa promesse est la suivante : tels que nous sommes, \u00e0 l&rsquo;image de J\u00e9sus, nous sommes aussi dans ce monde.<\/li>\n<\/ul>\n\n","protected":false},"excerpt":{"rendered":"<p>Messages de la conf\u00e9rence de 2018 Adobe Acrobat Reader est n\u00e9cessaire pour visualiser ces documents. Si ce programme n&rsquo;est pas install\u00e9 sur votre ordinateur, vous pouvez le t\u00e9l\u00e9charger gratuitement depuis leur site web.Pour la traduction de la vid\u00e9o, merci de suivre les instructions suivantes :Cliquez sur la vignette de la vid\u00e9oEn bas de l&rsquo;\u00e9cran, cliquez&hellip;<\/p>\n","protected":false},"author":3,"featured_media":0,"parent":0,"menu_order":0,"comment_status":"closed","ping_status":"closed","template":"","meta":{"footnotes":""},"class_list":["post-6381","page","type-page","status-publish","hentry"],"yoast_head":"<!-- This site is optimized with the Yoast SEO plugin v27.3 - https:\/\/yoast.com\/product\/yoast-seo-wordpress\/ -->\n<title>Messages de la conf\u00e9rence de 2018 - Aglow International<\/title>\n<meta name=\"robots\" content=\"index, follow, max-snippet:-1, max-image-preview:large, max-video-preview:-1\" \/>\n<link rel=\"canonical\" href=\"https:\/\/aglow.org\/fr\/messages-de-la-conference-de-2018\/\" \/>\n<meta property=\"og:locale\" content=\"fr_FR\" \/>\n<meta property=\"og:type\" content=\"article\" \/>\n<meta property=\"og:title\" content=\"Messages de la conf\u00e9rence de 2018 - Aglow International\" \/>\n<meta property=\"og:description\" content=\"Messages de la conf\u00e9rence de 2018 Adobe Acrobat Reader est n\u00e9cessaire pour visualiser ces documents. Si ce programme n&rsquo;est pas install\u00e9 sur votre ordinateur, vous pouvez le t\u00e9l\u00e9charger gratuitement depuis leur site web.Pour la traduction de la vid\u00e9o, merci de suivre les instructions suivantes :Cliquez sur la vignette de la vid\u00e9oEn bas de l&rsquo;\u00e9cran, cliquez&hellip;\" \/>\n<meta property=\"og:url\" content=\"https:\/\/aglow.org\/fr\/messages-de-la-conference-de-2018\/\" \/>\n<meta property=\"og:site_name\" content=\"Aglow International\" \/>\n<meta property=\"article:modified_time\" content=\"2026-02-04T19:43:44+00:00\" \/>\n<meta property=\"og:image\" content=\"https:\/\/aglow.org\/wp-content\/uploads\/2025\/04\/2018-conf-theme.jpg\" \/>\n\t<meta property=\"og:image:width\" content=\"800\" \/>\n\t<meta property=\"og:image:height\" content=\"900\" \/>\n\t<meta property=\"og:image:type\" content=\"image\/jpeg\" \/>\n<meta name=\"twitter:card\" content=\"summary_large_image\" \/>\n<meta name=\"twitter:label1\" content=\"Dur\u00e9e de lecture estim\u00e9e\" \/>\n\t<meta name=\"twitter:data1\" content=\"7 minutes\" \/>\n<script type=\"application\/ld+json\" class=\"yoast-schema-graph\">{\"@context\":\"https:\\\/\\\/schema.org\",\"@graph\":[{\"@type\":\"WebPage\",\"@id\":\"https:\\\/\\\/aglow.org\\\/fr\\\/messages-de-la-conference-de-2018\\\/\",\"url\":\"https:\\\/\\\/aglow.org\\\/fr\\\/messages-de-la-conference-de-2018\\\/\",\"name\":\"Messages de la conf\u00e9rence de 2018 - Aglow International\",\"isPartOf\":{\"@id\":\"https:\\\/\\\/aglow.org\\\/fr\\\/#website\"},\"primaryImageOfPage\":{\"@id\":\"https:\\\/\\\/aglow.org\\\/fr\\\/messages-de-la-conference-de-2018\\\/#primaryimage\"},\"image\":{\"@id\":\"https:\\\/\\\/aglow.org\\\/fr\\\/messages-de-la-conference-de-2018\\\/#primaryimage\"},\"thumbnailUrl\":\"https:\\\/\\\/aglow.org\\\/wp-content\\\/uploads\\\/2025\\\/04\\\/2018-conf-theme.jpg\",\"datePublished\":\"2025-04-11T18:51:29+00:00\",\"dateModified\":\"2026-02-04T19:43:44+00:00\",\"breadcrumb\":{\"@id\":\"https:\\\/\\\/aglow.org\\\/fr\\\/messages-de-la-conference-de-2018\\\/#breadcrumb\"},\"inLanguage\":\"fr-FR\",\"potentialAction\":[{\"@type\":\"ReadAction\",\"target\":[\"https:\\\/\\\/aglow.org\\\/fr\\\/messages-de-la-conference-de-2018\\\/\"]}]},{\"@type\":\"ImageObject\",\"inLanguage\":\"fr-FR\",\"@id\":\"https:\\\/\\\/aglow.org\\\/fr\\\/messages-de-la-conference-de-2018\\\/#primaryimage\",\"url\":\"https:\\\/\\\/aglow.org\\\/wp-content\\\/uploads\\\/2025\\\/04\\\/2018-conf-theme.jpg\",\"contentUrl\":\"https:\\\/\\\/aglow.org\\\/wp-content\\\/uploads\\\/2025\\\/04\\\/2018-conf-theme.jpg\"},{\"@type\":\"BreadcrumbList\",\"@id\":\"https:\\\/\\\/aglow.org\\\/fr\\\/messages-de-la-conference-de-2018\\\/#breadcrumb\",\"itemListElement\":[{\"@type\":\"ListItem\",\"position\":1,\"name\":\"Home\",\"item\":\"https:\\\/\\\/aglow.org\\\/fr\\\/\"},{\"@type\":\"ListItem\",\"position\":2,\"name\":\"Messages de la conf\u00e9rence de 2018\"}]},{\"@type\":\"WebSite\",\"@id\":\"https:\\\/\\\/aglow.org\\\/fr\\\/#website\",\"url\":\"https:\\\/\\\/aglow.org\\\/fr\\\/\",\"name\":\"Aglow International\",\"description\":\"\",\"publisher\":{\"@id\":\"https:\\\/\\\/aglow.org\\\/fr\\\/#organization\"},\"potentialAction\":[{\"@type\":\"SearchAction\",\"target\":{\"@type\":\"EntryPoint\",\"urlTemplate\":\"https:\\\/\\\/aglow.org\\\/fr\\\/?s={search_term_string}\"},\"query-input\":{\"@type\":\"PropertyValueSpecification\",\"valueRequired\":true,\"valueName\":\"search_term_string\"}}],\"inLanguage\":\"fr-FR\"},{\"@type\":\"Organization\",\"@id\":\"https:\\\/\\\/aglow.org\\\/fr\\\/#organization\",\"name\":\"Aglow International\",\"url\":\"https:\\\/\\\/aglow.org\\\/fr\\\/\",\"logo\":{\"@type\":\"ImageObject\",\"inLanguage\":\"fr-FR\",\"@id\":\"https:\\\/\\\/aglow.org\\\/fr\\\/#\\\/schema\\\/logo\\\/image\\\/\",\"url\":\"https:\\\/\\\/aglow.org\\\/wp-content\\\/uploads\\\/2025\\\/04\\\/Aglow_logo_orange_800px.png\",\"contentUrl\":\"https:\\\/\\\/aglow.org\\\/wp-content\\\/uploads\\\/2025\\\/04\\\/Aglow_logo_orange_800px.png\",\"width\":800,\"height\":302,\"caption\":\"Aglow International\"},\"image\":{\"@id\":\"https:\\\/\\\/aglow.org\\\/fr\\\/#\\\/schema\\\/logo\\\/image\\\/\"}}]}<\/script>\n<!-- \/ Yoast SEO plugin. -->","yoast_head_json":{"title":"Messages de la conf\u00e9rence de 2018 - Aglow International","robots":{"index":"index","follow":"follow","max-snippet":"max-snippet:-1","max-image-preview":"max-image-preview:large","max-video-preview":"max-video-preview:-1"},"canonical":"https:\/\/aglow.org\/fr\/messages-de-la-conference-de-2018\/","og_locale":"fr_FR","og_type":"article","og_title":"Messages de la conf\u00e9rence de 2018 - Aglow International","og_description":"Messages de la conf\u00e9rence de 2018 Adobe Acrobat Reader est n\u00e9cessaire pour visualiser ces documents. Si ce programme n&rsquo;est pas install\u00e9 sur votre ordinateur, vous pouvez le t\u00e9l\u00e9charger gratuitement depuis leur site web.Pour la traduction de la vid\u00e9o, merci de suivre les instructions suivantes :Cliquez sur la vignette de la vid\u00e9oEn bas de l&rsquo;\u00e9cran, cliquez&hellip;","og_url":"https:\/\/aglow.org\/fr\/messages-de-la-conference-de-2018\/","og_site_name":"Aglow International","article_modified_time":"2026-02-04T19:43:44+00:00","og_image":[{"width":800,"height":900,"url":"https:\/\/aglow.org\/wp-content\/uploads\/2025\/04\/2018-conf-theme.jpg","type":"image\/jpeg"}],"twitter_card":"summary_large_image","twitter_misc":{"Dur\u00e9e de lecture estim\u00e9e":"7 minutes"},"schema":{"@context":"https:\/\/schema.org","@graph":[{"@type":"WebPage","@id":"https:\/\/aglow.org\/fr\/messages-de-la-conference-de-2018\/","url":"https:\/\/aglow.org\/fr\/messages-de-la-conference-de-2018\/","name":"Messages de la conf\u00e9rence de 2018 - Aglow International","isPartOf":{"@id":"https:\/\/aglow.org\/fr\/#website"},"primaryImageOfPage":{"@id":"https:\/\/aglow.org\/fr\/messages-de-la-conference-de-2018\/#primaryimage"},"image":{"@id":"https:\/\/aglow.org\/fr\/messages-de-la-conference-de-2018\/#primaryimage"},"thumbnailUrl":"https:\/\/aglow.org\/wp-content\/uploads\/2025\/04\/2018-conf-theme.jpg","datePublished":"2025-04-11T18:51:29+00:00","dateModified":"2026-02-04T19:43:44+00:00","breadcrumb":{"@id":"https:\/\/aglow.org\/fr\/messages-de-la-conference-de-2018\/#breadcrumb"},"inLanguage":"fr-FR","potentialAction":[{"@type":"ReadAction","target":["https:\/\/aglow.org\/fr\/messages-de-la-conference-de-2018\/"]}]},{"@type":"ImageObject","inLanguage":"fr-FR","@id":"https:\/\/aglow.org\/fr\/messages-de-la-conference-de-2018\/#primaryimage","url":"https:\/\/aglow.org\/wp-content\/uploads\/2025\/04\/2018-conf-theme.jpg","contentUrl":"https:\/\/aglow.org\/wp-content\/uploads\/2025\/04\/2018-conf-theme.jpg"},{"@type":"BreadcrumbList","@id":"https:\/\/aglow.org\/fr\/messages-de-la-conference-de-2018\/#breadcrumb","itemListElement":[{"@type":"ListItem","position":1,"name":"Home","item":"https:\/\/aglow.org\/fr\/"},{"@type":"ListItem","position":2,"name":"Messages de la conf\u00e9rence de 2018"}]},{"@type":"WebSite","@id":"https:\/\/aglow.org\/fr\/#website","url":"https:\/\/aglow.org\/fr\/","name":"Aglow International","description":"","publisher":{"@id":"https:\/\/aglow.org\/fr\/#organization"},"potentialAction":[{"@type":"SearchAction","target":{"@type":"EntryPoint","urlTemplate":"https:\/\/aglow.org\/fr\/?s={search_term_string}"},"query-input":{"@type":"PropertyValueSpecification","valueRequired":true,"valueName":"search_term_string"}}],"inLanguage":"fr-FR"},{"@type":"Organization","@id":"https:\/\/aglow.org\/fr\/#organization","name":"Aglow International","url":"https:\/\/aglow.org\/fr\/","logo":{"@type":"ImageObject","inLanguage":"fr-FR","@id":"https:\/\/aglow.org\/fr\/#\/schema\/logo\/image\/","url":"https:\/\/aglow.org\/wp-content\/uploads\/2025\/04\/Aglow_logo_orange_800px.png","contentUrl":"https:\/\/aglow.org\/wp-content\/uploads\/2025\/04\/Aglow_logo_orange_800px.png","width":800,"height":302,"caption":"Aglow International"},"image":{"@id":"https:\/\/aglow.org\/fr\/#\/schema\/logo\/image\/"}}]}},"_links":{"self":[{"href":"https:\/\/aglow.org\/fr\/wp-json\/wp\/v2\/pages\/6381","targetHints":{"allow":["GET"]}}],"collection":[{"href":"https:\/\/aglow.org\/fr\/wp-json\/wp\/v2\/pages"}],"about":[{"href":"https:\/\/aglow.org\/fr\/wp-json\/wp\/v2\/types\/page"}],"author":[{"embeddable":true,"href":"https:\/\/aglow.org\/fr\/wp-json\/wp\/v2\/users\/3"}],"replies":[{"embeddable":true,"href":"https:\/\/aglow.org\/fr\/wp-json\/wp\/v2\/comments?post=6381"}],"version-history":[{"count":4,"href":"https:\/\/aglow.org\/fr\/wp-json\/wp\/v2\/pages\/6381\/revisions"}],"predecessor-version":[{"id":6401,"href":"https:\/\/aglow.org\/fr\/wp-json\/wp\/v2\/pages\/6381\/revisions\/6401"}],"wp:attachment":[{"href":"https:\/\/aglow.org\/fr\/wp-json\/wp\/v2\/media?parent=6381"}],"curies":[{"name":"wp","href":"https:\/\/api.w.org\/{rel}","templated":true}]}}