{"id":6294,"date":"2025-04-11T14:31:58","date_gmt":"2025-04-11T14:31:58","guid":{"rendered":"https:\/\/aglow.org\/messages-de-la-conference-de-2019\/"},"modified":"2026-02-05T16:51:27","modified_gmt":"2026-02-05T16:51:27","slug":"messages-de-la-conference-de-2019","status":"publish","type":"page","link":"https:\/\/aglow.org\/fr\/messages-de-la-conference-de-2019\/","title":{"rendered":"Messages de la conf\u00e9rence de 2019"},"content":{"rendered":"\n<h1>\n\t\t\tMessages de la conf\u00e9rence de 2019\t<\/h1>\n<figure itemscope itemtype=\"https:\/\/schema.org\/ImageObject\">\n\t\t\t\t<img decoding=\"async\" src=\"https:\/\/aglow.org\/wp-content\/uploads\/2025\/04\/2019-convocation-1200.jpg\" alt=\"Messages de la conf\u00e9rence de 2019\" height=\"574\" width=\"1200\" title=\"2019-convocation-1200\" onerror=\"this.style.display='none'\" loading=\"lazy\" \/>\n\t<\/figure>\n\t<p><strong>Adobe Acrobat Reader<\/strong> est n\u00e9cessaire pour visualiser ces documents. Si ce programme n&rsquo;est pas install\u00e9 sur votre ordinateur, vous pouvez le t\u00e9l\u00e9charger gratuitement depuis leur site web.<br \/>Pour la traduction de la vid\u00e9o, merci de suivre les instructions suivantes :<br \/>Cliquez sur la vignette de la vid\u00e9o<br \/>En bas de l&rsquo;\u00e9cran, cliquez sur l&rsquo;ic\u00f4ne CC (pour Closed Caption)<br \/>Cliquez ensuite sur l&rsquo;ic\u00f4ne Param\u00e8tres (Settings)<br \/>Cliquez sur Sous-titres (Subtitles)<br \/>Cliquez sur Traduction automatique (Auto translate)<br \/>Choisissez votre langue T\u00e9l\u00e9charger Adobe Acrobat Reader  <a title=\"T\u00e9l\u00e9charger Adobe Acrobat Reader\" href=\"http:\/\/get.adobe.com\/reader\/\" target=\"_blank\" rel=\"noopener noreferrer\">T\u00e9l\u00e9charger Adobe Acrobat Reader <\/a><\/p>\n\t<ul>\n<li><strong><a title=\"Jane Hansen Hoyt - S\u00e9ance d'ouverture\" href=\"https:\/\/aglow.org\/wp-content\/uploads\/2026\/02\/2019-Convocation-Jane-Hansen-Hoyt-opening-session-FR.pdf\" target=\"_blank\" rel=\"noopener\">Jane Hansen Hoyt &#8211; S\u00e9ance d&rsquo;ouverture<\/a><\/strong><br \/>\n(<strong><a title=\"Jane Hansen Hoyt - S\u00e9ance d'ouverture\" href=\"https:\/\/aglow.org\/wp-content\/uploads\/2026\/02\/2019-Convocation-Jane-Hansen-Hoyt-opening-session-FR.pdf\" target=\"_blank\" rel=\"noopener\">T\u00e9l\u00e9charger le PDF <img loading=\"lazy\" decoding=\"async\" src=\"https:\/\/aglow.org\/images\/icons\/pdf_icon_small.gif\" alt=\"Petite ic\u00f4ne PDF\" width=\"20\" height=\"18\" \/><\/a><\/strong> | <strong><a title=\"Jane Hansen Hoyt - S\u00e9ance d'ouverture\" href=\"https:\/\/www.youtube.com\/watch?v=YcX5JKSGhd4&amp;list=PLSVk2ZELQLZKkspSfzbbew_8AD47C35O2&amp;index=21\" target=\"_blank\" rel=\"noopener\">Regarder sur YouTube <img loading=\"lazy\" decoding=\"async\" src=\"https:\/\/aglow.org\/images\/icons\/you-tube-icon.jpg\" alt=\"you tube icon\" width=\"25\" height=\"25\" data-pagespeed-url-hash=\"218075292\" \/><\/a><\/strong>)<br \/>\nLors de la s\u00e9ance d&rsquo;ouverture de la Convention de J\u00e9rusalem, Jane a parl\u00e9 des paroles proph\u00e9tiques prononc\u00e9es au sujet d&rsquo;Aglow et de la mani\u00e8re dont nous les voyons se r\u00e9aliser sous nos yeux. Dans toutes les nations, une nouvelle onction se manifeste. La lumi\u00e8re est plus \u00e9clatante. La profondeur est plus grande. La v\u00e9rit\u00e9 est explosive, dans le meilleur sens du terme. C&rsquo;est un jour nouveau. C&rsquo;est une nouvelle \u00e8re pour Aglow.<\/li>\n<li><strong><a title=\"Asher Intrater - S\u00e9ance du lundi apr\u00e8s-midi\" href=\"https:\/\/aglow.org\/wp-content\/uploads\/2026\/02\/2019-Convocation-Asher-Intrater-Mon-PM-session-FR.pdf\" target=\"_blank\" rel=\"noopener\">Asher Intrater &#8211; S\u00e9ance du lundi apr\u00e8s-midi<\/a><\/strong><br \/>\n(<strong><a title=\"Asher Intrater - S\u00e9ance du lundi apr\u00e8s-midi\" href=\"https:\/\/aglow.org\/wp-content\/uploads\/2026\/02\/2019-Convocation-Asher-Intrater-Mon-PM-session-FR.pdf\" target=\"_blank\" rel=\"noopener\">T\u00e9l\u00e9charger le PDF <img loading=\"lazy\" decoding=\"async\" src=\"https:\/\/aglow.org\/images\/icons\/pdf_icon_small.gif\" alt=\"Petite ic\u00f4ne PDF\" width=\"20\" height=\"18\" \/><\/a><\/strong> | <strong><a title=\"Asher Intrater - Monday PM Session\" href=\"https:\/\/www.youtube.com\/watch?v=4YB90CPws18&amp;list=PLSVk2ZELQLZKkspSfzbbew_8AD47C35O2&amp;index=13\" target=\"_blank\" rel=\"noopener\">Regarder sur YouTube <img loading=\"lazy\" decoding=\"async\" src=\"https:\/\/aglow.org\/images\/icons\/you-tube-icon.jpg\" alt=\"you tube icon\" width=\"25\" height=\"25\" data-pagespeed-url-hash=\"218075292\" \/><\/a><\/strong>)<br \/>\nAu lieu de nous focaliser sur les d\u00e9fauts des autres, nous devons nous demander : \u00ab Que dois-je changer en moi ? \u00bb, puis l\u00e2cher prise. Nous devons faire preuve de droiture personnelle.<\/li>\n<li><strong><a title=\"Dan Juster - S\u00e9ance du mardi matin\" href=\"https:\/\/aglow.org\/wp-content\/uploads\/2026\/02\/2019-Convocation-Dan-Juster-Tues-AM-session-FR.pdf\" target=\"_blank\" rel=\"noopener\">Dan Juster &#8211; S\u00e9ance du mardi matin<\/a><\/strong><br \/>\n(<strong><a title=\"Dan Juster - S\u00e9ance du mardi matin\" href=\"https:\/\/aglow.org\/wp-content\/uploads\/2026\/02\/2019-Convocation-Dan-Juster-Tues-AM-session-FR.pdf\" target=\"_blank\" rel=\"noopener\">T\u00e9l\u00e9charger le PDF <img loading=\"lazy\" decoding=\"async\" src=\"https:\/\/aglow.org\/images\/icons\/pdf_icon_small.gif\" alt=\"Petite ic\u00f4ne PDF\" width=\"20\" height=\"18\" \/><\/a><\/strong> | <strong><a title=\"Dan Juster - S\u00e9ance du mardi matin\" href=\"https:\/\/www.youtube.com\/watch?v=1YvB_WMjPNA&amp;list=PLSVk2ZELQLZKkspSfzbbew_8AD47C35O2&amp;index=12\" target=\"_blank\" rel=\"noopener\">Regarder sur YouTube <img loading=\"lazy\" decoding=\"async\" src=\"https:\/\/aglow.org\/images\/icons\/you-tube-icon.jpg\" alt=\"you tube icon\" width=\"25\" height=\"25\" data-pagespeed-url-hash=\"218075292\" \/><\/a><\/strong>)<br \/>\nLors de la session de mardi matin, Dan Juster a parl\u00e9 du Mouvement des 5 Piliers : 1) avoir un esprit de r\u00e9veil et une passion pour Yeshua, 2) l&rsquo;unit\u00e9 de l&rsquo;\u00c9glise qui lib\u00e8re le Saint-Esprit et favorise les missions mondiales, 3) l&rsquo;\u00c9vangile du Royaume qui \u00e9tablit des congr\u00e9gations\/communaut\u00e9s, l&rsquo;ensemble de ce qui est li\u00e9 au Royaume, 4) avoir un c\u0153ur et une passion pour le peuple juif et son salut, et 5) former des leaders passionn\u00e9s par les quatre premiers piliers. Faites-vous partie du Mouvement des 5 Piliers ?<\/li>\n<li><strong><a title=\"Asher Intrater - S\u00e9ance du mardi apr\u00e8s-midi\" href=\"https:\/\/aglow.org\/wp-content\/uploads\/2026\/02\/2019-Convocation-Asher-Intrater-Tues-PM-session-FR.pdf\" target=\"_blank\" rel=\"noopener\">Asher Intrater &#8211; S\u00e9ance du mardi apr\u00e8s-midi<\/a><\/strong><br \/>\n(<strong><a title=\"Asher Intrater - S\u00e9ance du mardi apr\u00e8s-midi\" href=\"https:\/\/aglow.org\/wp-content\/uploads\/2026\/02\/2019-Convocation-Asher-Intrater-Tues-PM-session-FR.pdf\" target=\"_blank\" rel=\"noopener\">T\u00e9l\u00e9charger le PDF <img loading=\"lazy\" decoding=\"async\" src=\"https:\/\/aglow.org\/images\/icons\/pdf_icon_small.gif\" alt=\"Petite ic\u00f4ne PDF\" width=\"20\" height=\"18\" \/><\/a><\/strong> | <strong><a title=\"Asher Intrater - S\u00e9ance du mardi apr\u00e8s-midi\" href=\"https:\/\/www.youtube.com\/watch?v=iXboOxCgkVQ&amp;list=PLSVk2ZELQLZKkspSfzbbew_8AD47C35O2&amp;index=10\" target=\"_blank\" rel=\"noopener\">Regarder sur YouTube <img loading=\"lazy\" decoding=\"async\" src=\"https:\/\/aglow.org\/images\/icons\/you-tube-icon.jpg\" alt=\"you tube icon\" width=\"25\" height=\"25\" data-pagespeed-url-hash=\"218075292\" \/><\/a><\/strong>)<br \/>\nLors de la s\u00e9ance de mardi soir, Asher nous a exhort\u00e9s \u00e0 atteindre un niveau sup\u00e9rieur, un niveau de compr\u00e9hension plus \u00e9lev\u00e9 o\u00f9 nous pouvons voir clairement par l&rsquo;Esprit, comprendre ce qui se passe, saisir la puissance spirituelle et exercer l&rsquo;autorit\u00e9 et la domination que Yeshua nous a donn\u00e9es en montant au ciel.<\/li>\n<li><strong><a title=\"Dan Juster - S\u00e9ance du mercredi matin\" href=\"https:\/\/aglow.org\/images\/_leaderDev\/2019-Convocation-Dan-Juster-Wed-AM-session-FR.pdf\" target=\"_blank\" rel=\"noopener\">Dan Juster &#8211; S\u00e9ance du mercredi matin<\/a><\/strong><br \/>\n(<strong><a title=\"Dan Juster - S\u00e9ance du mercredi matin\" href=\"https:\/\/aglow.org\/images\/_leaderDev\/2019-Convocation-Dan-Juster-Wed-AM-session-FR.pdf\" target=\"_blank\" rel=\"noopener\">T\u00e9l\u00e9charger le PDF <img loading=\"lazy\" decoding=\"async\" src=\"https:\/\/aglow.org\/images\/icons\/pdf_icon_small.gif\" alt=\"Petite ic\u00f4ne PDF\" width=\"20\" height=\"18\" \/><\/a><\/strong> | <strong><a title=\"Dan Juster - S\u00e9ance du mercredi matin\" href=\"https:\/\/www.youtube.com\/watch?v=AH1Q6RHyYdc&amp;list=PLSVk2ZELQLZKkspSfzbbew_8AD47C35O2&amp;index=11\" target=\"_blank\" rel=\"noopener\">Regarder sur YouTube <img loading=\"lazy\" decoding=\"async\" src=\"https:\/\/aglow.org\/images\/icons\/you-tube-icon.jpg\" alt=\"you tube icon\" width=\"25\" height=\"25\" data-pagespeed-url-hash=\"218075292\" \/><\/a><\/strong>)<br \/>\nDans cette session, Dan explique comment vous \u00eates li\u00e9s \u00e0 Isra\u00ebl, comment Isra\u00ebl est li\u00e9 \u00e0 vous, et comment vous formez ensemble un seul homme nouveau.<\/li>\n<li><strong><a title=\"Patty Juster - S\u00e9ance du mercredi matin\" href=\"https:\/\/aglow.org\/wp-content\/uploads\/2026\/02\/2019-Convocation-Patty-Juster-Wed-AM-session-FR.pdf\" target=\"_blank\" rel=\"noopener\">Patty Juster &#8211; S\u00e9ance du mercredi matin <img loading=\"lazy\" decoding=\"async\" src=\"https:\/\/aglow.org\/images\/icons\/pdf_icon_small.gif\" alt=\"Petite ic\u00f4ne PDF\" width=\"20\" height=\"18\" \/><\/a><\/strong><br \/>\nLors de la s\u00e9ance du mercredi matin, Patty Juster a parl\u00e9 de l&rsquo;importance d&rsquo;acqu\u00e9rir une foi profond\u00e9ment enracin\u00e9e et de discerner le dessein plus vaste de Dieu dans les \u00e9preuves, m\u00eame au milieu de la douleur et de la souffrance.<\/li>\n<li><strong><a title=\"Jane Hansen Hoyt et les membres du conseil d'administration - S\u00e9ance de cl\u00f4ture\" href=\"https:\/\/aglow.org\/images\/_leaderDev\/2019-Convocation-Jane-Hansen-Hoyt-closing-session-FR.pdf\" target=\"_blank\" rel=\"noopener\">Jane Hansen Hoyt et les membres du conseil d&rsquo;administration &#8211; S\u00e9ance de cl\u00f4ture <img loading=\"lazy\" decoding=\"async\" src=\"https:\/\/aglow.org\/images\/icons\/pdf_icon_small.gif\" alt=\"Petite ic\u00f4ne PDF\" width=\"20\" height=\"18\" \/><\/a><\/strong><br \/>\nLors de la s\u00e9ance de cl\u00f4ture de la Convention, Jane, Dan et des membres d&rsquo;IBOD ont \u00e9voqu\u00e9 diff\u00e9rentes v\u00e9rit\u00e9s abord\u00e9es au cours des sessions, qui ont eu un impact particuli\u00e8rement important pour leurs nations et leurs r\u00e9gions. Ils nous ont encourag\u00e9s \u00e0 relire les transcriptions de chaque session afin d&rsquo;\u00e9tudier, d&rsquo;assimiler et de recevoir une r\u00e9v\u00e9lation plus profonde concernant les v\u00e9rit\u00e9s pr\u00e9sent\u00e9es lors de la Convention, nous permettant ainsi d&rsquo;atteindre une meilleure compr\u00e9hension de la volont\u00e9 de Dieu.<\/li>\n<li><strong><a title=\"Points de discussion de la convention Aglow 2019 \u00e0 J\u00e9rusalem\" href=\"https:\/\/aglow.org\/wp-content\/uploads\/2026\/02\/2019-Jerusalem-Convocation-Talking-Points-FR.pdf\" target=\"_blank\" rel=\"noopener\">Points de discussion de la convention Aglow 2019 \u00e0 J\u00e9rusalem <img loading=\"lazy\" decoding=\"async\" src=\"https:\/\/aglow.org\/images\/icons\/pdf_icon_small.gif\" alt=\"Petite ic\u00f4ne PDF\" width=\"20\" height=\"18\" \/><\/a><\/strong><\/li>\n<\/ul>\n\n","protected":false},"excerpt":{"rendered":"<p>Messages de la conf\u00e9rence de 2019 Adobe Acrobat Reader est n\u00e9cessaire pour visualiser ces documents. Si ce programme n&rsquo;est pas install\u00e9 sur votre ordinateur, vous pouvez le t\u00e9l\u00e9charger gratuitement depuis leur site web.Pour la traduction de la vid\u00e9o, merci de suivre les instructions suivantes :Cliquez sur la vignette de la vid\u00e9oEn bas de l&rsquo;\u00e9cran, cliquez&hellip;<\/p>\n","protected":false},"author":3,"featured_media":662,"parent":0,"menu_order":0,"comment_status":"closed","ping_status":"closed","template":"","meta":{"footnotes":""},"class_list":["post-6294","page","type-page","status-publish","has-post-thumbnail","hentry"],"yoast_head":"<!-- This site is optimized with the Yoast SEO plugin v27.3 - https:\/\/yoast.com\/product\/yoast-seo-wordpress\/ -->\n<title>Messages de la conf\u00e9rence de 2019 - Aglow International<\/title>\n<meta name=\"robots\" content=\"index, follow, max-snippet:-1, max-image-preview:large, max-video-preview:-1\" \/>\n<link rel=\"canonical\" href=\"https:\/\/aglow.org\/fr\/messages-de-la-conference-de-2019\/\" \/>\n<meta property=\"og:locale\" content=\"fr_FR\" \/>\n<meta property=\"og:type\" content=\"article\" \/>\n<meta property=\"og:title\" content=\"Messages de la conf\u00e9rence de 2019 - Aglow International\" \/>\n<meta property=\"og:description\" content=\"Messages de la conf\u00e9rence de 2019 Adobe Acrobat Reader est n\u00e9cessaire pour visualiser ces documents. Si ce programme n&rsquo;est pas install\u00e9 sur votre ordinateur, vous pouvez le t\u00e9l\u00e9charger gratuitement depuis leur site web.Pour la traduction de la vid\u00e9o, merci de suivre les instructions suivantes :Cliquez sur la vignette de la vid\u00e9oEn bas de l&rsquo;\u00e9cran, cliquez&hellip;\" \/>\n<meta property=\"og:url\" content=\"https:\/\/aglow.org\/fr\/messages-de-la-conference-de-2019\/\" \/>\n<meta property=\"og:site_name\" content=\"Aglow International\" \/>\n<meta property=\"article:modified_time\" content=\"2026-02-05T16:51:27+00:00\" \/>\n<meta property=\"og:image\" content=\"https:\/\/aglow.org\/wp-content\/uploads\/2025\/04\/2019-convocation-theme-1200.jpg\" \/>\n\t<meta property=\"og:image:width\" content=\"1200\" \/>\n\t<meta property=\"og:image:height\" content=\"444\" \/>\n\t<meta property=\"og:image:type\" content=\"image\/jpeg\" \/>\n<meta name=\"twitter:card\" content=\"summary_large_image\" \/>\n<meta name=\"twitter:label1\" content=\"Dur\u00e9e de lecture estim\u00e9e\" \/>\n\t<meta name=\"twitter:data1\" content=\"6 minutes\" \/>\n<script type=\"application\/ld+json\" class=\"yoast-schema-graph\">{\"@context\":\"https:\\\/\\\/schema.org\",\"@graph\":[{\"@type\":\"WebPage\",\"@id\":\"https:\\\/\\\/aglow.org\\\/fr\\\/messages-de-la-conference-de-2019\\\/\",\"url\":\"https:\\\/\\\/aglow.org\\\/fr\\\/messages-de-la-conference-de-2019\\\/\",\"name\":\"Messages de la conf\u00e9rence de 2019 - Aglow International\",\"isPartOf\":{\"@id\":\"https:\\\/\\\/aglow.org\\\/fr\\\/#website\"},\"primaryImageOfPage\":{\"@id\":\"https:\\\/\\\/aglow.org\\\/fr\\\/messages-de-la-conference-de-2019\\\/#primaryimage\"},\"image\":{\"@id\":\"https:\\\/\\\/aglow.org\\\/fr\\\/messages-de-la-conference-de-2019\\\/#primaryimage\"},\"thumbnailUrl\":\"https:\\\/\\\/aglow.org\\\/wp-content\\\/uploads\\\/2025\\\/04\\\/2019-convocation-theme-1200.jpg\",\"datePublished\":\"2025-04-11T14:31:58+00:00\",\"dateModified\":\"2026-02-05T16:51:27+00:00\",\"breadcrumb\":{\"@id\":\"https:\\\/\\\/aglow.org\\\/fr\\\/messages-de-la-conference-de-2019\\\/#breadcrumb\"},\"inLanguage\":\"fr-FR\",\"potentialAction\":[{\"@type\":\"ReadAction\",\"target\":[\"https:\\\/\\\/aglow.org\\\/fr\\\/messages-de-la-conference-de-2019\\\/\"]}]},{\"@type\":\"ImageObject\",\"inLanguage\":\"fr-FR\",\"@id\":\"https:\\\/\\\/aglow.org\\\/fr\\\/messages-de-la-conference-de-2019\\\/#primaryimage\",\"url\":\"https:\\\/\\\/aglow.org\\\/wp-content\\\/uploads\\\/2025\\\/04\\\/2019-convocation-theme-1200.jpg\",\"contentUrl\":\"https:\\\/\\\/aglow.org\\\/wp-content\\\/uploads\\\/2025\\\/04\\\/2019-convocation-theme-1200.jpg\",\"width\":1200,\"height\":444,\"caption\":\"2019 Conference theme\"},{\"@type\":\"BreadcrumbList\",\"@id\":\"https:\\\/\\\/aglow.org\\\/fr\\\/messages-de-la-conference-de-2019\\\/#breadcrumb\",\"itemListElement\":[{\"@type\":\"ListItem\",\"position\":1,\"name\":\"Home\",\"item\":\"https:\\\/\\\/aglow.org\\\/fr\\\/\"},{\"@type\":\"ListItem\",\"position\":2,\"name\":\"Messages de la conf\u00e9rence de 2019\"}]},{\"@type\":\"WebSite\",\"@id\":\"https:\\\/\\\/aglow.org\\\/fr\\\/#website\",\"url\":\"https:\\\/\\\/aglow.org\\\/fr\\\/\",\"name\":\"Aglow International\",\"description\":\"\",\"publisher\":{\"@id\":\"https:\\\/\\\/aglow.org\\\/fr\\\/#organization\"},\"potentialAction\":[{\"@type\":\"SearchAction\",\"target\":{\"@type\":\"EntryPoint\",\"urlTemplate\":\"https:\\\/\\\/aglow.org\\\/fr\\\/?s={search_term_string}\"},\"query-input\":{\"@type\":\"PropertyValueSpecification\",\"valueRequired\":true,\"valueName\":\"search_term_string\"}}],\"inLanguage\":\"fr-FR\"},{\"@type\":\"Organization\",\"@id\":\"https:\\\/\\\/aglow.org\\\/fr\\\/#organization\",\"name\":\"Aglow International\",\"url\":\"https:\\\/\\\/aglow.org\\\/fr\\\/\",\"logo\":{\"@type\":\"ImageObject\",\"inLanguage\":\"fr-FR\",\"@id\":\"https:\\\/\\\/aglow.org\\\/fr\\\/#\\\/schema\\\/logo\\\/image\\\/\",\"url\":\"https:\\\/\\\/aglow.org\\\/wp-content\\\/uploads\\\/2025\\\/04\\\/Aglow_logo_orange_800px.png\",\"contentUrl\":\"https:\\\/\\\/aglow.org\\\/wp-content\\\/uploads\\\/2025\\\/04\\\/Aglow_logo_orange_800px.png\",\"width\":800,\"height\":302,\"caption\":\"Aglow International\"},\"image\":{\"@id\":\"https:\\\/\\\/aglow.org\\\/fr\\\/#\\\/schema\\\/logo\\\/image\\\/\"}}]}<\/script>\n<!-- \/ Yoast SEO plugin. -->","yoast_head_json":{"title":"Messages de la conf\u00e9rence de 2019 - Aglow International","robots":{"index":"index","follow":"follow","max-snippet":"max-snippet:-1","max-image-preview":"max-image-preview:large","max-video-preview":"max-video-preview:-1"},"canonical":"https:\/\/aglow.org\/fr\/messages-de-la-conference-de-2019\/","og_locale":"fr_FR","og_type":"article","og_title":"Messages de la conf\u00e9rence de 2019 - Aglow International","og_description":"Messages de la conf\u00e9rence de 2019 Adobe Acrobat Reader est n\u00e9cessaire pour visualiser ces documents. Si ce programme n&rsquo;est pas install\u00e9 sur votre ordinateur, vous pouvez le t\u00e9l\u00e9charger gratuitement depuis leur site web.Pour la traduction de la vid\u00e9o, merci de suivre les instructions suivantes :Cliquez sur la vignette de la vid\u00e9oEn bas de l&rsquo;\u00e9cran, cliquez&hellip;","og_url":"https:\/\/aglow.org\/fr\/messages-de-la-conference-de-2019\/","og_site_name":"Aglow International","article_modified_time":"2026-02-05T16:51:27+00:00","og_image":[{"width":1200,"height":444,"url":"https:\/\/aglow.org\/wp-content\/uploads\/2025\/04\/2019-convocation-theme-1200.jpg","type":"image\/jpeg"}],"twitter_card":"summary_large_image","twitter_misc":{"Dur\u00e9e de lecture estim\u00e9e":"6 minutes"},"schema":{"@context":"https:\/\/schema.org","@graph":[{"@type":"WebPage","@id":"https:\/\/aglow.org\/fr\/messages-de-la-conference-de-2019\/","url":"https:\/\/aglow.org\/fr\/messages-de-la-conference-de-2019\/","name":"Messages de la conf\u00e9rence de 2019 - Aglow International","isPartOf":{"@id":"https:\/\/aglow.org\/fr\/#website"},"primaryImageOfPage":{"@id":"https:\/\/aglow.org\/fr\/messages-de-la-conference-de-2019\/#primaryimage"},"image":{"@id":"https:\/\/aglow.org\/fr\/messages-de-la-conference-de-2019\/#primaryimage"},"thumbnailUrl":"https:\/\/aglow.org\/wp-content\/uploads\/2025\/04\/2019-convocation-theme-1200.jpg","datePublished":"2025-04-11T14:31:58+00:00","dateModified":"2026-02-05T16:51:27+00:00","breadcrumb":{"@id":"https:\/\/aglow.org\/fr\/messages-de-la-conference-de-2019\/#breadcrumb"},"inLanguage":"fr-FR","potentialAction":[{"@type":"ReadAction","target":["https:\/\/aglow.org\/fr\/messages-de-la-conference-de-2019\/"]}]},{"@type":"ImageObject","inLanguage":"fr-FR","@id":"https:\/\/aglow.org\/fr\/messages-de-la-conference-de-2019\/#primaryimage","url":"https:\/\/aglow.org\/wp-content\/uploads\/2025\/04\/2019-convocation-theme-1200.jpg","contentUrl":"https:\/\/aglow.org\/wp-content\/uploads\/2025\/04\/2019-convocation-theme-1200.jpg","width":1200,"height":444,"caption":"2019 Conference theme"},{"@type":"BreadcrumbList","@id":"https:\/\/aglow.org\/fr\/messages-de-la-conference-de-2019\/#breadcrumb","itemListElement":[{"@type":"ListItem","position":1,"name":"Home","item":"https:\/\/aglow.org\/fr\/"},{"@type":"ListItem","position":2,"name":"Messages de la conf\u00e9rence de 2019"}]},{"@type":"WebSite","@id":"https:\/\/aglow.org\/fr\/#website","url":"https:\/\/aglow.org\/fr\/","name":"Aglow International","description":"","publisher":{"@id":"https:\/\/aglow.org\/fr\/#organization"},"potentialAction":[{"@type":"SearchAction","target":{"@type":"EntryPoint","urlTemplate":"https:\/\/aglow.org\/fr\/?s={search_term_string}"},"query-input":{"@type":"PropertyValueSpecification","valueRequired":true,"valueName":"search_term_string"}}],"inLanguage":"fr-FR"},{"@type":"Organization","@id":"https:\/\/aglow.org\/fr\/#organization","name":"Aglow International","url":"https:\/\/aglow.org\/fr\/","logo":{"@type":"ImageObject","inLanguage":"fr-FR","@id":"https:\/\/aglow.org\/fr\/#\/schema\/logo\/image\/","url":"https:\/\/aglow.org\/wp-content\/uploads\/2025\/04\/Aglow_logo_orange_800px.png","contentUrl":"https:\/\/aglow.org\/wp-content\/uploads\/2025\/04\/Aglow_logo_orange_800px.png","width":800,"height":302,"caption":"Aglow International"},"image":{"@id":"https:\/\/aglow.org\/fr\/#\/schema\/logo\/image\/"}}]}},"_links":{"self":[{"href":"https:\/\/aglow.org\/fr\/wp-json\/wp\/v2\/pages\/6294","targetHints":{"allow":["GET"]}}],"collection":[{"href":"https:\/\/aglow.org\/fr\/wp-json\/wp\/v2\/pages"}],"about":[{"href":"https:\/\/aglow.org\/fr\/wp-json\/wp\/v2\/types\/page"}],"author":[{"embeddable":true,"href":"https:\/\/aglow.org\/fr\/wp-json\/wp\/v2\/users\/3"}],"replies":[{"embeddable":true,"href":"https:\/\/aglow.org\/fr\/wp-json\/wp\/v2\/comments?post=6294"}],"version-history":[{"count":6,"href":"https:\/\/aglow.org\/fr\/wp-json\/wp\/v2\/pages\/6294\/revisions"}],"predecessor-version":[{"id":6473,"href":"https:\/\/aglow.org\/fr\/wp-json\/wp\/v2\/pages\/6294\/revisions\/6473"}],"wp:featuredmedia":[{"embeddable":true,"href":"https:\/\/aglow.org\/fr\/wp-json\/wp\/v2\/media\/662"}],"wp:attachment":[{"href":"https:\/\/aglow.org\/fr\/wp-json\/wp\/v2\/media?parent=6294"}],"curies":[{"name":"wp","href":"https:\/\/api.w.org\/{rel}","templated":true}]}}