{"id":6145,"date":"2025-05-02T16:27:24","date_gmt":"2025-05-02T16:27:24","guid":{"rendered":"https:\/\/aglow.org\/agents-de-changements\/"},"modified":"2026-01-23T21:31:10","modified_gmt":"2026-01-23T21:31:10","slug":"agents-de-changements","status":"publish","type":"page","link":"https:\/\/aglow.org\/fr\/agents-de-changements\/","title":{"rendered":"Agents de Changements"},"content":{"rendered":"\n<figure itemscope itemtype=\"https:\/\/schema.org\/ImageObject\">\n\t\t\t\t<img decoding=\"async\" src=\"https:\/\/aglow.org\/wp-content\/uploads\/2026\/01\/gamechangers_logo-fr.png\" alt=\"Agents de Changements\" height=\"483\" width=\"2228\" title=\"Agents de Changements\" onerror=\"this.style.display='none'\" loading=\"lazy\" \/>\n\t<\/figure>\n\t<h2>Vous recherchez des produits GameChangers ?<\/h2>\n<p>Contactez Janae Lovern \u00e0 l&rsquo;adresse <a href=\"mailto:janaelovern@aglow.org\" target=\"_blank\" rel=\"noopener\">janaelovern@aglow.org<\/a> pour obtenir les documents n\u00e9cessaires.<\/p>\n\t<h3>Qu&rsquo;est-ce que 21st Century GameChangers ?<\/h3>\n<ul>\n<li><strong>Il s&rsquo;agit d&rsquo;un programme de d\u00e9veloppement personnel puissant, con\u00e7u pour vous aider \u00e0 vous voir tel que Dieu vous voit.<\/strong> En r\u00e9pondant aux questions de la premi\u00e8re session, vous sentirez que vous atteignez un nouveau niveau de compr\u00e9hension de votre identit\u00e9 en tant que citoyen du Ciel vivant sur Terre.<\/li>\n<li><strong>Il est con\u00e7u pour \u00e9liminer compl\u00e8tement la n\u00e9gativit\u00e9 !<\/strong> Les sentiments et les \u00e9motions peuvent s&rsquo;opposer au fruit de l&rsquo;Esprit, qui repr\u00e9sente la nature de l&rsquo;homme int\u00e9rieur, de l&rsquo;esprit. L&rsquo;homme ext\u00e9rieur, l&rsquo;\u00e2me, se plaint, critique, cherche \u00e0 bl\u00e2mer les autres, se lamente et juge souvent les autres en fonction de leur comportement plut\u00f4t que de leur position en Christ. Voyez-vous comme Dieu vous voit et voyez les autres comme Dieu les voit !  <\/li>\n<li><strong>Cela vous permettra de vivre pleinement votre vie, dans un \u00e9tat de pl\u00e9nitude et d&rsquo;abondance.<\/strong> Les probl\u00e8mes peuvent nous donner un sentiment de d\u00e9sespoir et nous faire perdre tout espoir en l&rsquo;avenir. Apprenez \u00e0 changer votre perspective et \u00e0 transformer les probl\u00e8mes en opportunit\u00e9s ! <\/li>\n<\/ul>\n<figure itemscope itemtype=\"https:\/\/schema.org\/ImageObject\">\n\t\t\t\t<img decoding=\"async\" src=\"https:\/\/aglow.org\/wp-content\/uploads\/2026\/01\/GameChanger-cover-fr.jpg\" alt=\"Agents de Changements\" height=\"1100\" width=\"850\" title=\"Agents de Changements\" onerror=\"this.style.display='none'\" loading=\"lazy\" \/>\n\t<\/figure>\n\t<iframe src=\"https:\/\/player.vimeo.com\/video\/139518889?badge=0&amp;autopause=0&amp;player_id=0&amp;app_id=58479\" frameborder=\"0\" allow=\"autoplay; fullscreen; picture-in-picture; clipboard-write; encrypted-media\" title=\"Agents de Changements\"><\/iframe>\n\t<p>D\u00e9couvrez des t\u00e9moignages de personnes partageant leurs exp\u00e9riences avec Game Changers et comment cela a chang\u00e9 leur vision de Dieu et d&rsquo;elles-m\u00eames.<\/p>\n\t<h3>\u00c0 qui s&rsquo;adresse Agents de Changements du 21\u00e8me si\u00e8cles ?<\/h3>\n<p>Ces v\u00e9rit\u00e9s pr\u00e9sent\u00e9es dans Agents de Changements sont pour vous personnellement et pour le corps du Christ dans son ensemble. Votre relation avec Dieu prendra une dimension nouvelle, comme vous ne l&rsquo;avez jamais v\u00e9cue. D\u00e9couvrez comment le ciel tout entier est attir\u00e9 par le Christ qui vit en vous. Commencez \u00e0 marcher dans la m\u00eame gr\u00e2ce que celle dont J\u00e9sus b\u00e9n\u00e9ficiait. Observez comment vos conversations se transforment et comment vous commencez \u00e0 exprimer \u00e0 voix haute ce qui est dit au ciel. Apprenez \u00e0 prier avec Dieu, et non simplement en vous adressant \u00e0 lui.<\/p>\n<h3>\u00c0 quoi ressemble un Agent de Changements?<\/h3>\n<ul>\n<li>Un Agent de Changements est une personne capable d&rsquo;apporter la puissance, la gr\u00e2ce et la lumi\u00e8re du Ciel dans les circonstances terrestres.<\/li>\n<li>Une personne capable de changer la donne poss\u00e8de la concentration, la clart\u00e9 et l&rsquo;inspiration n\u00e9cessaires pour r\u00e9ussir dans n&rsquo;importe quelle situation.<\/li>\n<li>Une personne qui change la donne entretient un partenariat in\u00e9branlable et invincible avec Dieu, ce qui cr\u00e9e une dynamique positive partout o\u00f9 elle va.<\/li>\n<\/ul>\n<p><strong>*Points saillants du message de Graham en 2008 :<\/strong><\/p>\n<blockquote><p>Le P\u00e8re a un r\u00eave. Son r\u00eave est que \u00ab sur la terre, il en soit comme au ciel \u00bb. Son r\u00eave inclut des millions et des millions de personnes lib\u00e9r\u00e9es. Des personnes qui se rassemblent pour vivre des rencontres extraordinaires avec Lui.<\/p>\n<p>Il r\u00eave d&rsquo;une \u00c9glise puissante, magnifique et redoutable pour l&rsquo;ennemi. Il r\u00eave d&rsquo;un peuple sur terre tellement transform\u00e9 par Lui qu&rsquo;il est totalement ouvert et r\u00e9ceptif au Ciel &#8211; un peuple \u00e0 son image, immuable, in\u00e9branlable et invincible.<\/p>\n<p>Il recherche sur Terre des personnes qui soient une illustration vivante de ce qu&rsquo;est le Royaume des Cieux. Des personnes qui puissent dire : \u00ab Voici qui est Dieu et voici ce qu&rsquo;il a fait pour moi, et c&rsquo;est pourquoi je peux partager cette v\u00e9rit\u00e9 et son impact avec vous. \u00bb<\/p><\/blockquote>\n<p>Contactez Janae Lovern \u00e0 l&rsquo;adresse <a href=\"mailto:janaelovern@aglow.org\" target=\"_blank\" rel=\"noopener\">janaelovern@aglow.org<\/a> pour obtenir les documents n\u00e9cessaires.<\/p>\n\n","protected":false},"excerpt":{"rendered":"<p>Vous recherchez des produits GameChangers ? Contactez Janae Lovern \u00e0 l&rsquo;adresse janaelovern@aglow.org pour obtenir les documents n\u00e9cessaires. Qu&rsquo;est-ce que 21st Century GameChangers ? Il s&rsquo;agit d&rsquo;un programme de d\u00e9veloppement personnel puissant, con\u00e7u pour vous aider \u00e0 vous voir tel que Dieu vous voit. En r\u00e9pondant aux questions de la premi\u00e8re session, vous sentirez que vous&hellip;<\/p>\n","protected":false},"author":3,"featured_media":0,"parent":0,"menu_order":0,"comment_status":"closed","ping_status":"closed","template":"","meta":{"footnotes":""},"class_list":["post-6145","page","type-page","status-publish","hentry"],"yoast_head":"<!-- This site is optimized with the Yoast SEO plugin v27.4 - https:\/\/yoast.com\/product\/yoast-seo-wordpress\/ -->\n<title>Agents de Changements - Aglow International<\/title>\n<meta name=\"robots\" content=\"index, follow, max-snippet:-1, max-image-preview:large, max-video-preview:-1\" \/>\n<link rel=\"canonical\" href=\"https:\/\/aglow.org\/fr\/agents-de-changements\/\" \/>\n<meta property=\"og:locale\" content=\"fr_FR\" \/>\n<meta property=\"og:type\" content=\"article\" \/>\n<meta property=\"og:title\" content=\"Agents de Changements - Aglow International\" \/>\n<meta property=\"og:description\" content=\"Vous recherchez des produits GameChangers ? Contactez Janae Lovern \u00e0 l&rsquo;adresse janaelovern@aglow.org pour obtenir les documents n\u00e9cessaires. Qu&rsquo;est-ce que 21st Century GameChangers ? Il s&rsquo;agit d&rsquo;un programme de d\u00e9veloppement personnel puissant, con\u00e7u pour vous aider \u00e0 vous voir tel que Dieu vous voit. En r\u00e9pondant aux questions de la premi\u00e8re session, vous sentirez que vous&hellip;\" \/>\n<meta property=\"og:url\" content=\"https:\/\/aglow.org\/fr\/agents-de-changements\/\" \/>\n<meta property=\"og:site_name\" content=\"Aglow International\" \/>\n<meta property=\"article:modified_time\" content=\"2026-01-23T21:31:10+00:00\" \/>\n<meta property=\"og:image\" content=\"https:\/\/aglow.org\/wp-content\/uploads\/2026\/01\/gamechangers_logo-fr.png\" \/>\n<meta name=\"twitter:card\" content=\"summary_large_image\" \/>\n<meta name=\"twitter:label1\" content=\"Dur\u00e9e de lecture estim\u00e9e\" \/>\n\t<meta name=\"twitter:data1\" content=\"3 minutes\" \/>\n<script type=\"application\/ld+json\" class=\"yoast-schema-graph\">{\"@context\":\"https:\\\/\\\/schema.org\",\"@graph\":[{\"@type\":\"WebPage\",\"@id\":\"https:\\\/\\\/aglow.org\\\/fr\\\/agents-de-changements\\\/\",\"url\":\"https:\\\/\\\/aglow.org\\\/fr\\\/agents-de-changements\\\/\",\"name\":\"Agents de Changements - Aglow International\",\"isPartOf\":{\"@id\":\"https:\\\/\\\/aglow.org\\\/fr\\\/#website\"},\"primaryImageOfPage\":{\"@id\":\"https:\\\/\\\/aglow.org\\\/fr\\\/agents-de-changements\\\/#primaryimage\"},\"image\":{\"@id\":\"https:\\\/\\\/aglow.org\\\/fr\\\/agents-de-changements\\\/#primaryimage\"},\"thumbnailUrl\":\"https:\\\/\\\/aglow.org\\\/wp-content\\\/uploads\\\/2026\\\/01\\\/gamechangers_logo-fr.png\",\"datePublished\":\"2025-05-02T16:27:24+00:00\",\"dateModified\":\"2026-01-23T21:31:10+00:00\",\"breadcrumb\":{\"@id\":\"https:\\\/\\\/aglow.org\\\/fr\\\/agents-de-changements\\\/#breadcrumb\"},\"inLanguage\":\"fr-FR\",\"potentialAction\":[{\"@type\":\"ReadAction\",\"target\":[\"https:\\\/\\\/aglow.org\\\/fr\\\/agents-de-changements\\\/\"]}]},{\"@type\":\"ImageObject\",\"inLanguage\":\"fr-FR\",\"@id\":\"https:\\\/\\\/aglow.org\\\/fr\\\/agents-de-changements\\\/#primaryimage\",\"url\":\"https:\\\/\\\/aglow.org\\\/wp-content\\\/uploads\\\/2026\\\/01\\\/gamechangers_logo-fr.png\",\"contentUrl\":\"https:\\\/\\\/aglow.org\\\/wp-content\\\/uploads\\\/2026\\\/01\\\/gamechangers_logo-fr.png\"},{\"@type\":\"BreadcrumbList\",\"@id\":\"https:\\\/\\\/aglow.org\\\/fr\\\/agents-de-changements\\\/#breadcrumb\",\"itemListElement\":[{\"@type\":\"ListItem\",\"position\":1,\"name\":\"Home\",\"item\":\"https:\\\/\\\/aglow.org\\\/fr\\\/\"},{\"@type\":\"ListItem\",\"position\":2,\"name\":\"Agents de Changements\"}]},{\"@type\":\"WebSite\",\"@id\":\"https:\\\/\\\/aglow.org\\\/fr\\\/#website\",\"url\":\"https:\\\/\\\/aglow.org\\\/fr\\\/\",\"name\":\"Aglow International\",\"description\":\"\",\"publisher\":{\"@id\":\"https:\\\/\\\/aglow.org\\\/fr\\\/#organization\"},\"potentialAction\":[{\"@type\":\"SearchAction\",\"target\":{\"@type\":\"EntryPoint\",\"urlTemplate\":\"https:\\\/\\\/aglow.org\\\/fr\\\/?s={search_term_string}\"},\"query-input\":{\"@type\":\"PropertyValueSpecification\",\"valueRequired\":true,\"valueName\":\"search_term_string\"}}],\"inLanguage\":\"fr-FR\"},{\"@type\":\"Organization\",\"@id\":\"https:\\\/\\\/aglow.org\\\/fr\\\/#organization\",\"name\":\"Aglow International\",\"url\":\"https:\\\/\\\/aglow.org\\\/fr\\\/\",\"logo\":{\"@type\":\"ImageObject\",\"inLanguage\":\"fr-FR\",\"@id\":\"https:\\\/\\\/aglow.org\\\/fr\\\/#\\\/schema\\\/logo\\\/image\\\/\",\"url\":\"https:\\\/\\\/aglow.org\\\/wp-content\\\/uploads\\\/2025\\\/04\\\/Aglow_logo_orange_800px.png\",\"contentUrl\":\"https:\\\/\\\/aglow.org\\\/wp-content\\\/uploads\\\/2025\\\/04\\\/Aglow_logo_orange_800px.png\",\"width\":800,\"height\":302,\"caption\":\"Aglow International\"},\"image\":{\"@id\":\"https:\\\/\\\/aglow.org\\\/fr\\\/#\\\/schema\\\/logo\\\/image\\\/\"}}]}<\/script>\n<!-- \/ Yoast SEO plugin. -->","yoast_head_json":{"title":"Agents de Changements - Aglow International","robots":{"index":"index","follow":"follow","max-snippet":"max-snippet:-1","max-image-preview":"max-image-preview:large","max-video-preview":"max-video-preview:-1"},"canonical":"https:\/\/aglow.org\/fr\/agents-de-changements\/","og_locale":"fr_FR","og_type":"article","og_title":"Agents de Changements - Aglow International","og_description":"Vous recherchez des produits GameChangers ? Contactez Janae Lovern \u00e0 l&rsquo;adresse janaelovern@aglow.org pour obtenir les documents n\u00e9cessaires. Qu&rsquo;est-ce que 21st Century GameChangers ? Il s&rsquo;agit d&rsquo;un programme de d\u00e9veloppement personnel puissant, con\u00e7u pour vous aider \u00e0 vous voir tel que Dieu vous voit. En r\u00e9pondant aux questions de la premi\u00e8re session, vous sentirez que vous&hellip;","og_url":"https:\/\/aglow.org\/fr\/agents-de-changements\/","og_site_name":"Aglow International","article_modified_time":"2026-01-23T21:31:10+00:00","og_image":[{"url":"https:\/\/aglow.org\/wp-content\/uploads\/2026\/01\/gamechangers_logo-fr.png","type":"","width":"","height":""}],"twitter_card":"summary_large_image","twitter_misc":{"Dur\u00e9e de lecture estim\u00e9e":"3 minutes"},"schema":{"@context":"https:\/\/schema.org","@graph":[{"@type":"WebPage","@id":"https:\/\/aglow.org\/fr\/agents-de-changements\/","url":"https:\/\/aglow.org\/fr\/agents-de-changements\/","name":"Agents de Changements - Aglow International","isPartOf":{"@id":"https:\/\/aglow.org\/fr\/#website"},"primaryImageOfPage":{"@id":"https:\/\/aglow.org\/fr\/agents-de-changements\/#primaryimage"},"image":{"@id":"https:\/\/aglow.org\/fr\/agents-de-changements\/#primaryimage"},"thumbnailUrl":"https:\/\/aglow.org\/wp-content\/uploads\/2026\/01\/gamechangers_logo-fr.png","datePublished":"2025-05-02T16:27:24+00:00","dateModified":"2026-01-23T21:31:10+00:00","breadcrumb":{"@id":"https:\/\/aglow.org\/fr\/agents-de-changements\/#breadcrumb"},"inLanguage":"fr-FR","potentialAction":[{"@type":"ReadAction","target":["https:\/\/aglow.org\/fr\/agents-de-changements\/"]}]},{"@type":"ImageObject","inLanguage":"fr-FR","@id":"https:\/\/aglow.org\/fr\/agents-de-changements\/#primaryimage","url":"https:\/\/aglow.org\/wp-content\/uploads\/2026\/01\/gamechangers_logo-fr.png","contentUrl":"https:\/\/aglow.org\/wp-content\/uploads\/2026\/01\/gamechangers_logo-fr.png"},{"@type":"BreadcrumbList","@id":"https:\/\/aglow.org\/fr\/agents-de-changements\/#breadcrumb","itemListElement":[{"@type":"ListItem","position":1,"name":"Home","item":"https:\/\/aglow.org\/fr\/"},{"@type":"ListItem","position":2,"name":"Agents de Changements"}]},{"@type":"WebSite","@id":"https:\/\/aglow.org\/fr\/#website","url":"https:\/\/aglow.org\/fr\/","name":"Aglow International","description":"","publisher":{"@id":"https:\/\/aglow.org\/fr\/#organization"},"potentialAction":[{"@type":"SearchAction","target":{"@type":"EntryPoint","urlTemplate":"https:\/\/aglow.org\/fr\/?s={search_term_string}"},"query-input":{"@type":"PropertyValueSpecification","valueRequired":true,"valueName":"search_term_string"}}],"inLanguage":"fr-FR"},{"@type":"Organization","@id":"https:\/\/aglow.org\/fr\/#organization","name":"Aglow International","url":"https:\/\/aglow.org\/fr\/","logo":{"@type":"ImageObject","inLanguage":"fr-FR","@id":"https:\/\/aglow.org\/fr\/#\/schema\/logo\/image\/","url":"https:\/\/aglow.org\/wp-content\/uploads\/2025\/04\/Aglow_logo_orange_800px.png","contentUrl":"https:\/\/aglow.org\/wp-content\/uploads\/2025\/04\/Aglow_logo_orange_800px.png","width":800,"height":302,"caption":"Aglow International"},"image":{"@id":"https:\/\/aglow.org\/fr\/#\/schema\/logo\/image\/"}}]}},"_links":{"self":[{"href":"https:\/\/aglow.org\/fr\/wp-json\/wp\/v2\/pages\/6145","targetHints":{"allow":["GET"]}}],"collection":[{"href":"https:\/\/aglow.org\/fr\/wp-json\/wp\/v2\/pages"}],"about":[{"href":"https:\/\/aglow.org\/fr\/wp-json\/wp\/v2\/types\/page"}],"author":[{"embeddable":true,"href":"https:\/\/aglow.org\/fr\/wp-json\/wp\/v2\/users\/3"}],"replies":[{"embeddable":true,"href":"https:\/\/aglow.org\/fr\/wp-json\/wp\/v2\/comments?post=6145"}],"version-history":[{"count":4,"href":"https:\/\/aglow.org\/fr\/wp-json\/wp\/v2\/pages\/6145\/revisions"}],"predecessor-version":[{"id":6152,"href":"https:\/\/aglow.org\/fr\/wp-json\/wp\/v2\/pages\/6145\/revisions\/6152"}],"wp:attachment":[{"href":"https:\/\/aglow.org\/fr\/wp-json\/wp\/v2\/media?parent=6145"}],"curies":[{"name":"wp","href":"https:\/\/api.w.org\/{rel}","templated":true}]}}