{"id":6102,"date":"2025-04-10T20:26:09","date_gmt":"2025-04-10T20:26:09","guid":{"rendered":"https:\/\/aglow.org\/messages-de-la-conference-2022\/"},"modified":"2026-02-04T21:20:59","modified_gmt":"2026-02-04T21:20:59","slug":"messages-de-la-conference-2022","status":"publish","type":"page","link":"https:\/\/aglow.org\/fr\/messages-de-la-conference-2022\/","title":{"rendered":"Messages de la conf\u00e9rence 2022"},"content":{"rendered":"\n<h1>\n\t\t\tMessages de la conf\u00e9rence 2022\t<\/h1>\n<figure itemscope itemtype=\"https:\/\/schema.org\/ImageObject\">\n\t\t\t\t<img decoding=\"async\" src=\"https:\/\/aglow.org\/wp-content\/uploads\/2025\/04\/2022-conference-theme-1200.jpg\" alt=\"\" onerror=\"this.style.display='none'\" loading=\"lazy\" \/>\n\t<\/figure>\n\t<p><strong>Adobe Acrobat Reader<\/strong> est n\u00e9cessaire pour visualiser ces documents. Si ce programme n&rsquo;est pas install\u00e9 sur votre ordinateur, vous pouvez le t\u00e9l\u00e9charger gratuitement depuis leur site web.<br \/>Pour la traduction de la vid\u00e9o, merci de suivre les instructions suivantes :<br \/>Cliquez sur la vignette de la vid\u00e9o<br \/>En bas de l&rsquo;\u00e9cran, cliquez sur l&rsquo;ic\u00f4ne CC (pour Closed Caption)<br \/>Cliquez ensuite sur l&rsquo;ic\u00f4ne Param\u00e8tres (Settings)<br \/>Cliquez sur Sous-titres (Subtitles)<br \/>Cliquez sur Traduction automatique (Auto translate)<br \/>Choisissez votre langue T\u00e9l\u00e9charger Adobe Acrobat Reader  <a title=\"T\u00e9l\u00e9charger Adobe Acrobat Reader\" href=\"http:\/\/get.adobe.com\/reader\/\" target=\"_blank\" rel=\"noopener noreferrer\">T\u00e9l\u00e9charger Adobe Acrobat Reader <\/a><\/p>\n\t<ul>\n<li><strong><a title=\"Pr\u00e9server l'identit\u00e9 gr\u00e2ce aux traditions - Jane Hansen Hoyt - S\u00e9ance du vendredi matin\" href=\"https:\/\/aglow.org\/images\/_leaderDev\/2022-Jane-Hansen-Hoyt-Fri-AM-FR.pdf\" target=\"_blank\" rel=\"noopener\">Pr\u00e9server l&rsquo;identit\u00e9 gr\u00e2ce aux traditions &#8211; Jane Hansen Hoyt &#8211; S\u00e9ance du vendredi matin<\/a><\/strong><br \/>\n(<a title=\"Pr\u00e9server l'identit\u00e9 gr\u00e2ce aux traditions - Jane Hansen Hoyt - S\u00e9ance du vendredi matin\" href=\"https:\/\/aglow.org\/images\/_leaderDev\/2022-Jane-Hansen-Hoyt-Fri-AM-FR.pdf\" target=\"_blank\" rel=\"noopener\">T\u00e9l\u00e9charger un PDF <img loading=\"lazy\" decoding=\"async\" src=\"https:\/\/aglow.org\/images\/icons\/pdf_icon_small.gif\" alt=\"Petite ic\u00f4ne PDF\" width=\"25\" height=\"23\" \/><\/a><strong>| <\/strong><a title=\"Preservando la identidad a trav\u00e9s de las tradiciones - Jane Hansen Hoyt, sesi\u00f3n del viernes por la ma\u00f1ana\" href=\"https:\/\/www.youtube.com\/watch?v=JpVSVxWqCig&amp;list=PLSVk2ZELQLZKkspSfzbbew_8AD47C35O2&amp;index=3\" target=\"_blank\" rel=\"noopener\">Regarder sur YouTube <img loading=\"lazy\" decoding=\"async\" src=\"https:\/\/aglow.org\/images\/icons\/you-tube-icon.jpg\" alt=\"you tube icon\" width=\"25\" height=\"25\" data-pagespeed-url-hash=\"218075292\" \/><\/a><strong>)<\/strong><br \/>\nLors de la session du vendredi matin de la conf\u00e9rence Aglow 2022, Jane nous a rappel\u00e9 l&rsquo;histoire d&rsquo;Aglow et comment le Seigneur nous a pr\u00e9par\u00e9es \u00e0 jouer notre r\u00f4le dans le Troisi\u00e8me Grand R\u00e9veil. Il est bon, et assur\u00e9ment, sa bont\u00e9 et sa mis\u00e9ricorde nous accompagneront tous les jours de notre vie !<\/li>\n<li><strong><a title=\"Une nouvelle \u00e8re de la Pentec\u00f4te a commenc\u00e9 - Tim Sheets - Session du vendredi soir\" href=\"https:\/\/aglow.org\/images\/_leaderDev\/2022-Tim-Sheets-Friday-PM-FR.pdf\" target=\"_blank\" rel=\"noopener\">Une nouvelle \u00e8re de la Pentec\u00f4te a commenc\u00e9 &#8211; Tim Sheets &#8211; Session du vendredi soir<\/a><\/strong><br \/>\n(<a title=\"Une nouvelle \u00e8re de la Pentec\u00f4te a commenc\u00e9 - Tim Sheets - Session du vendredi soir\" href=\"https:\/\/aglow.org\/images\/_leaderDev\/2022-Tim-Sheets-Friday-PM-FR.pdf\" target=\"_blank\" rel=\"noopener\">T\u00e9l\u00e9charger un PDF <img loading=\"lazy\" decoding=\"async\" src=\"https:\/\/aglow.org\/images\/icons\/pdf_icon_small.gif\" alt=\"Petite ic\u00f4ne PDF\" width=\"25\" height=\"23\" \/><\/a>| <a title=\"Une nouvelle \u00e8re de la Pentec\u00f4te a commenc\u00e9 - Tim Sheets - Session du vendredi soir\" href=\"https:\/\/www.youtube.com\/watch?v=u1ekf54oVdY&amp;list=PLSVk2ZELQLZKkspSfzbbew_8AD47C35O2&amp;index=2\" target=\"_blank\" rel=\"noopener\">Regarder sur YouTube <img loading=\"lazy\" decoding=\"async\" src=\"https:\/\/aglow.org\/images\/icons\/you-tube-icon.jpg\" alt=\"you tube icon\" width=\"25\" height=\"25\" data-pagespeed-url-hash=\"218075292\" \/><\/a>)<br \/>\nNous vivons un moment d\u00e9cisif pour le monde et pour notre nation. Les moments d\u00e9cisifs sont d\u00e9termin\u00e9s par ceux qui les d\u00e9finissent. Notre Roi attend de ses fils et de ses filles, de vous et de moi, que nous d\u00e9finissions ce moment.<\/li>\n<li><strong><a title=\"Impr\u00e9gnez-les d'espoir - Tim Sheets - S\u00e9ance du samedi matin\" href=\"https:\/\/aglow.org\/images\/_leaderDev\/2022-Tim-Sheets-Saturday-AM-FR.pdf\" target=\"_blank\" rel=\"noopener\">Impr\u00e9gnez-les d&rsquo;espoir &#8211; Tim Sheets &#8211; S\u00e9ance du samedi matin<\/a><\/strong><br \/>\n(<a title=\"Impr\u00e9gnez-les d'espoir - Tim Sheets - S\u00e9ance du samedi matin\" href=\"https:\/\/aglow.org\/images\/_leaderDev\/2022-Tim-Sheets-Saturday-AM-FR.pdf\" target=\"_blank\" rel=\"noopener\">T\u00e9l\u00e9charger un PDF <img loading=\"lazy\" decoding=\"async\" src=\"https:\/\/aglow.org\/images\/icons\/pdf_icon_small.gif\" alt=\"Petite ic\u00f4ne PDF\" width=\"25\" height=\"23\" \/><\/a><strong>| <\/strong><a title=\"Impr\u00e9gnelos de esperanza - Tim Sheets - Sesi\u00f3n del s\u00e1bado por la ma\u00f1ana\" href=\"https:\/\/www.youtube.com\/watch?v=zFMKjkkhVsY&amp;list=PLSVk2ZELQLZKkspSfzbbew_8AD47C35O2&amp;index=2\" target=\"_blank\" rel=\"noopener\">Regarder sur YouTube <img loading=\"lazy\" decoding=\"async\" src=\"https:\/\/aglow.org\/images\/icons\/you-tube-icon.jpg\" alt=\"you tube icon\" width=\"25\" height=\"25\" data-pagespeed-url-hash=\"218075292\" \/><\/a><strong>)<\/strong><br \/>\nLorsque l&rsquo;espoir est d\u00e9\u00e7u, nous pouvons accumuler au fil du temps chagrin, d\u00e9sespoir, sentiment de rejet et frustration. Ces situations s&rsquo;incrustent dans notre \u00e2me et nous avons besoin que celle-ci soit gu\u00e9rie. Dans ce message, Tim nous encourage \u00e0 nous laisser envelopper par son amour et \u00e0 nous impr\u00e9gner de sa glorieuse pr\u00e9sence.<\/li>\n<li><strong><a title=\"Pour un temps comme celui-ci - Dutch Sheets - S\u00e9ance du samedi apr\u00e8s-midi\" href=\"https:\/\/aglow.org\/wp-content\/uploads\/2026\/02\/2022-Dutch-Sheets-Sat-PM-FR.pdf\" target=\"_blank\" rel=\"noopener\">Pour un temps comme celui-ci &#8211; Dutch Sheets &#8211; S\u00e9ance du samedi apr\u00e8s-midi<\/a><\/strong><br \/>\n(<a title=\"Pour un temps comme celui-ci - Dutch Sheets - S\u00e9ance du samedi apr\u00e8s-midi\" href=\"https:\/\/aglow.org\/wp-content\/uploads\/2026\/02\/2022-Dutch-Sheets-Sat-PM-FR.pdf\" target=\"_blank\" rel=\"noopener\">T\u00e9l\u00e9charger un PDF <img loading=\"lazy\" decoding=\"async\" src=\"https:\/\/aglow.org\/images\/icons\/pdf_icon_small.gif\" alt=\"Petite ic\u00f4ne PDF\" width=\"25\" height=\"23\" \/><\/a><strong><a title=\"Impr\u00e9gnelos de esperanza - Tim Sheets - Sesi\u00f3n del s\u00e1bado por la ma\u00f1ana\" href=\"https:\/\/www.youtube.com\/watch?v=zFMKjkkhVsY&amp;list=PLSVk2ZELQLZKkspSfzbbew_8AD47C35O2&amp;index=2\" target=\"_blank\" rel=\"noopener\">|<\/a> <\/strong><a title=\"Pour un temps comme celui-ci - Dutch Sheets - S\u00e9ance du samedi apr\u00e8s-midi\" href=\"https:\/\/www.youtube.com\/watch?v=H2xLfAezAsc&amp;list=PLSVk2ZELQLZKkspSfzbbew_8AD47C35O2&amp;index=3\" target=\"_blank\" rel=\"noopener\">Regarder sur YouTube <img loading=\"lazy\" decoding=\"async\" src=\"https:\/\/aglow.org\/images\/icons\/you-tube-icon.jpg\" alt=\"you tube icon\" width=\"25\" height=\"25\" data-pagespeed-url-hash=\"218075292\" \/><\/a>)<br \/>\nLors de cette s\u00e9ance, Dutch a d\u00e9clar\u00e9 : \u00ab Je peux affirmer avec confiance que nous ne sommes pas une g\u00e9n\u00e9ration qui va laisser passer sa chance. Je crois que la plus grande moisson de toute l&rsquo;histoire a d\u00e9j\u00e0 commenc\u00e9. Nous disons que ce n&rsquo;est ni par la force ni par la puissance de l&rsquo;homme, mais par Ton Esprit. \u00bb<\/li>\n<li><strong><a title=\"Acepta tu llamado - Dutch Sheets - Sesi\u00f3n del domingo por la ma\u00f1ana\" href=\"https:\/\/aglow.org\/images\/_leaderDev\/2022-Dutch-Sheets-Sun-AM-FR.pdf\" target=\"_blank\" rel=\"noopener\">Pour un temps comme celui-ci &#8211; Dutch Sheets &#8211; S\u00e9ance du samedi apr\u00e8s-midi<\/a><\/strong><br \/>\n(<a title=\"Pour un temps comme celui-ci - Dutch Sheets - S\u00e9ance du samedi apr\u00e8s-midi\" href=\"https:\/\/aglow.org\/images\/_leaderDev\/2022-Dutch-Sheets-Sun-AM-FR.pdf\" target=\"_blank\" rel=\"noopener\">T\u00e9l\u00e9charger un PDF <img loading=\"lazy\" decoding=\"async\" src=\"https:\/\/aglow.org\/images\/icons\/pdf_icon_small.gif\" alt=\"Petite ic\u00f4ne PDF\" width=\"25\" height=\"23\" \/><\/a>| <a title=\"Accueillez votre vocation - Dutch Sheets - Session du dimanche matin\" href=\"https:\/\/www.youtube.com\/watch?v=Y0cx80t7rZM&amp;list=PLSVk2ZELQLZKkspSfzbbew_8AD47C35O2&amp;index=1\" target=\"_blank\" rel=\"noopener\">Regarder sur YouTube <img loading=\"lazy\" decoding=\"async\" src=\"https:\/\/aglow.org\/images\/icons\/you-tube-icon.jpg\" alt=\"you tube icon\" width=\"25\" height=\"25\" data-pagespeed-url-hash=\"218075292\" \/><\/a>)<br \/>\nDieu a pr\u00e9par\u00e9 Aglow avec pr\u00e9cision pour qu&rsquo;elle participe au Grand R\u00e9veil du Troisi\u00e8me Jour. Nous avons suffisamment de foi et de confiance en ce qu&rsquo;il a fait de nous. Nous pouvons y arriver !<\/li>\n<\/ul>\n\n","protected":false},"excerpt":{"rendered":"<p>Messages de la conf\u00e9rence 2022 Adobe Acrobat Reader est n\u00e9cessaire pour visualiser ces documents. Si ce programme n&rsquo;est pas install\u00e9 sur votre ordinateur, vous pouvez le t\u00e9l\u00e9charger gratuitement depuis leur site web.Pour la traduction de la vid\u00e9o, merci de suivre les instructions suivantes :Cliquez sur la vignette de la vid\u00e9oEn bas de l&rsquo;\u00e9cran, cliquez sur&hellip;<\/p>\n","protected":false},"author":3,"featured_media":650,"parent":0,"menu_order":0,"comment_status":"closed","ping_status":"closed","template":"","meta":{"footnotes":""},"class_list":["post-6102","page","type-page","status-publish","has-post-thumbnail","hentry"],"yoast_head":"<!-- This site is optimized with the Yoast SEO plugin v27.3 - https:\/\/yoast.com\/product\/yoast-seo-wordpress\/ -->\n<title>Messages de la conf\u00e9rence 2022 - Aglow International<\/title>\n<meta name=\"robots\" content=\"index, follow, max-snippet:-1, max-image-preview:large, max-video-preview:-1\" \/>\n<link rel=\"canonical\" href=\"https:\/\/aglow.org\/fr\/messages-de-la-conference-2022\/\" \/>\n<meta property=\"og:locale\" content=\"fr_FR\" \/>\n<meta property=\"og:type\" content=\"article\" \/>\n<meta property=\"og:title\" content=\"Messages de la conf\u00e9rence 2022 - Aglow International\" \/>\n<meta property=\"og:description\" content=\"Messages de la conf\u00e9rence 2022 Adobe Acrobat Reader est n\u00e9cessaire pour visualiser ces documents. Si ce programme n&rsquo;est pas install\u00e9 sur votre ordinateur, vous pouvez le t\u00e9l\u00e9charger gratuitement depuis leur site web.Pour la traduction de la vid\u00e9o, merci de suivre les instructions suivantes :Cliquez sur la vignette de la vid\u00e9oEn bas de l&rsquo;\u00e9cran, cliquez sur&hellip;\" \/>\n<meta property=\"og:url\" content=\"https:\/\/aglow.org\/fr\/messages-de-la-conference-2022\/\" \/>\n<meta property=\"og:site_name\" content=\"Aglow International\" \/>\n<meta property=\"article:modified_time\" content=\"2026-02-04T21:20:59+00:00\" \/>\n<meta property=\"og:image\" content=\"https:\/\/aglow.org\/wp-content\/uploads\/2025\/04\/2022-conference-theme.jpg\" \/>\n\t<meta property=\"og:image:width\" content=\"800\" \/>\n\t<meta property=\"og:image:height\" content=\"199\" \/>\n\t<meta property=\"og:image:type\" content=\"image\/jpeg\" \/>\n<meta name=\"twitter:card\" content=\"summary_large_image\" \/>\n<meta name=\"twitter:label1\" content=\"Dur\u00e9e de lecture estim\u00e9e\" \/>\n\t<meta name=\"twitter:data1\" content=\"5 minutes\" \/>\n<script type=\"application\/ld+json\" class=\"yoast-schema-graph\">{\"@context\":\"https:\\\/\\\/schema.org\",\"@graph\":[{\"@type\":\"WebPage\",\"@id\":\"https:\\\/\\\/aglow.org\\\/fr\\\/messages-de-la-conference-2022\\\/\",\"url\":\"https:\\\/\\\/aglow.org\\\/fr\\\/messages-de-la-conference-2022\\\/\",\"name\":\"Messages de la conf\u00e9rence 2022 - Aglow International\",\"isPartOf\":{\"@id\":\"https:\\\/\\\/aglow.org\\\/fr\\\/#website\"},\"primaryImageOfPage\":{\"@id\":\"https:\\\/\\\/aglow.org\\\/fr\\\/messages-de-la-conference-2022\\\/#primaryimage\"},\"image\":{\"@id\":\"https:\\\/\\\/aglow.org\\\/fr\\\/messages-de-la-conference-2022\\\/#primaryimage\"},\"thumbnailUrl\":\"https:\\\/\\\/aglow.org\\\/wp-content\\\/uploads\\\/2025\\\/04\\\/2022-conference-theme.jpg\",\"datePublished\":\"2025-04-10T20:26:09+00:00\",\"dateModified\":\"2026-02-04T21:20:59+00:00\",\"breadcrumb\":{\"@id\":\"https:\\\/\\\/aglow.org\\\/fr\\\/messages-de-la-conference-2022\\\/#breadcrumb\"},\"inLanguage\":\"fr-FR\",\"potentialAction\":[{\"@type\":\"ReadAction\",\"target\":[\"https:\\\/\\\/aglow.org\\\/fr\\\/messages-de-la-conference-2022\\\/\"]}]},{\"@type\":\"ImageObject\",\"inLanguage\":\"fr-FR\",\"@id\":\"https:\\\/\\\/aglow.org\\\/fr\\\/messages-de-la-conference-2022\\\/#primaryimage\",\"url\":\"https:\\\/\\\/aglow.org\\\/wp-content\\\/uploads\\\/2025\\\/04\\\/2022-conference-theme.jpg\",\"contentUrl\":\"https:\\\/\\\/aglow.org\\\/wp-content\\\/uploads\\\/2025\\\/04\\\/2022-conference-theme.jpg\",\"width\":800,\"height\":199,\"caption\":\"We Know\"},{\"@type\":\"BreadcrumbList\",\"@id\":\"https:\\\/\\\/aglow.org\\\/fr\\\/messages-de-la-conference-2022\\\/#breadcrumb\",\"itemListElement\":[{\"@type\":\"ListItem\",\"position\":1,\"name\":\"Home\",\"item\":\"https:\\\/\\\/aglow.org\\\/fr\\\/\"},{\"@type\":\"ListItem\",\"position\":2,\"name\":\"Messages de la conf\u00e9rence 2022\"}]},{\"@type\":\"WebSite\",\"@id\":\"https:\\\/\\\/aglow.org\\\/fr\\\/#website\",\"url\":\"https:\\\/\\\/aglow.org\\\/fr\\\/\",\"name\":\"Aglow International\",\"description\":\"\",\"publisher\":{\"@id\":\"https:\\\/\\\/aglow.org\\\/fr\\\/#organization\"},\"potentialAction\":[{\"@type\":\"SearchAction\",\"target\":{\"@type\":\"EntryPoint\",\"urlTemplate\":\"https:\\\/\\\/aglow.org\\\/fr\\\/?s={search_term_string}\"},\"query-input\":{\"@type\":\"PropertyValueSpecification\",\"valueRequired\":true,\"valueName\":\"search_term_string\"}}],\"inLanguage\":\"fr-FR\"},{\"@type\":\"Organization\",\"@id\":\"https:\\\/\\\/aglow.org\\\/fr\\\/#organization\",\"name\":\"Aglow International\",\"url\":\"https:\\\/\\\/aglow.org\\\/fr\\\/\",\"logo\":{\"@type\":\"ImageObject\",\"inLanguage\":\"fr-FR\",\"@id\":\"https:\\\/\\\/aglow.org\\\/fr\\\/#\\\/schema\\\/logo\\\/image\\\/\",\"url\":\"https:\\\/\\\/aglow.org\\\/wp-content\\\/uploads\\\/2025\\\/04\\\/Aglow_logo_orange_800px.png\",\"contentUrl\":\"https:\\\/\\\/aglow.org\\\/wp-content\\\/uploads\\\/2025\\\/04\\\/Aglow_logo_orange_800px.png\",\"width\":800,\"height\":302,\"caption\":\"Aglow International\"},\"image\":{\"@id\":\"https:\\\/\\\/aglow.org\\\/fr\\\/#\\\/schema\\\/logo\\\/image\\\/\"}}]}<\/script>\n<!-- \/ Yoast SEO plugin. -->","yoast_head_json":{"title":"Messages de la conf\u00e9rence 2022 - Aglow International","robots":{"index":"index","follow":"follow","max-snippet":"max-snippet:-1","max-image-preview":"max-image-preview:large","max-video-preview":"max-video-preview:-1"},"canonical":"https:\/\/aglow.org\/fr\/messages-de-la-conference-2022\/","og_locale":"fr_FR","og_type":"article","og_title":"Messages de la conf\u00e9rence 2022 - Aglow International","og_description":"Messages de la conf\u00e9rence 2022 Adobe Acrobat Reader est n\u00e9cessaire pour visualiser ces documents. Si ce programme n&rsquo;est pas install\u00e9 sur votre ordinateur, vous pouvez le t\u00e9l\u00e9charger gratuitement depuis leur site web.Pour la traduction de la vid\u00e9o, merci de suivre les instructions suivantes :Cliquez sur la vignette de la vid\u00e9oEn bas de l&rsquo;\u00e9cran, cliquez sur&hellip;","og_url":"https:\/\/aglow.org\/fr\/messages-de-la-conference-2022\/","og_site_name":"Aglow International","article_modified_time":"2026-02-04T21:20:59+00:00","og_image":[{"width":800,"height":199,"url":"https:\/\/aglow.org\/wp-content\/uploads\/2025\/04\/2022-conference-theme.jpg","type":"image\/jpeg"}],"twitter_card":"summary_large_image","twitter_misc":{"Dur\u00e9e de lecture estim\u00e9e":"5 minutes"},"schema":{"@context":"https:\/\/schema.org","@graph":[{"@type":"WebPage","@id":"https:\/\/aglow.org\/fr\/messages-de-la-conference-2022\/","url":"https:\/\/aglow.org\/fr\/messages-de-la-conference-2022\/","name":"Messages de la conf\u00e9rence 2022 - Aglow International","isPartOf":{"@id":"https:\/\/aglow.org\/fr\/#website"},"primaryImageOfPage":{"@id":"https:\/\/aglow.org\/fr\/messages-de-la-conference-2022\/#primaryimage"},"image":{"@id":"https:\/\/aglow.org\/fr\/messages-de-la-conference-2022\/#primaryimage"},"thumbnailUrl":"https:\/\/aglow.org\/wp-content\/uploads\/2025\/04\/2022-conference-theme.jpg","datePublished":"2025-04-10T20:26:09+00:00","dateModified":"2026-02-04T21:20:59+00:00","breadcrumb":{"@id":"https:\/\/aglow.org\/fr\/messages-de-la-conference-2022\/#breadcrumb"},"inLanguage":"fr-FR","potentialAction":[{"@type":"ReadAction","target":["https:\/\/aglow.org\/fr\/messages-de-la-conference-2022\/"]}]},{"@type":"ImageObject","inLanguage":"fr-FR","@id":"https:\/\/aglow.org\/fr\/messages-de-la-conference-2022\/#primaryimage","url":"https:\/\/aglow.org\/wp-content\/uploads\/2025\/04\/2022-conference-theme.jpg","contentUrl":"https:\/\/aglow.org\/wp-content\/uploads\/2025\/04\/2022-conference-theme.jpg","width":800,"height":199,"caption":"We Know"},{"@type":"BreadcrumbList","@id":"https:\/\/aglow.org\/fr\/messages-de-la-conference-2022\/#breadcrumb","itemListElement":[{"@type":"ListItem","position":1,"name":"Home","item":"https:\/\/aglow.org\/fr\/"},{"@type":"ListItem","position":2,"name":"Messages de la conf\u00e9rence 2022"}]},{"@type":"WebSite","@id":"https:\/\/aglow.org\/fr\/#website","url":"https:\/\/aglow.org\/fr\/","name":"Aglow International","description":"","publisher":{"@id":"https:\/\/aglow.org\/fr\/#organization"},"potentialAction":[{"@type":"SearchAction","target":{"@type":"EntryPoint","urlTemplate":"https:\/\/aglow.org\/fr\/?s={search_term_string}"},"query-input":{"@type":"PropertyValueSpecification","valueRequired":true,"valueName":"search_term_string"}}],"inLanguage":"fr-FR"},{"@type":"Organization","@id":"https:\/\/aglow.org\/fr\/#organization","name":"Aglow International","url":"https:\/\/aglow.org\/fr\/","logo":{"@type":"ImageObject","inLanguage":"fr-FR","@id":"https:\/\/aglow.org\/fr\/#\/schema\/logo\/image\/","url":"https:\/\/aglow.org\/wp-content\/uploads\/2025\/04\/Aglow_logo_orange_800px.png","contentUrl":"https:\/\/aglow.org\/wp-content\/uploads\/2025\/04\/Aglow_logo_orange_800px.png","width":800,"height":302,"caption":"Aglow International"},"image":{"@id":"https:\/\/aglow.org\/fr\/#\/schema\/logo\/image\/"}}]}},"_links":{"self":[{"href":"https:\/\/aglow.org\/fr\/wp-json\/wp\/v2\/pages\/6102","targetHints":{"allow":["GET"]}}],"collection":[{"href":"https:\/\/aglow.org\/fr\/wp-json\/wp\/v2\/pages"}],"about":[{"href":"https:\/\/aglow.org\/fr\/wp-json\/wp\/v2\/types\/page"}],"author":[{"embeddable":true,"href":"https:\/\/aglow.org\/fr\/wp-json\/wp\/v2\/users\/3"}],"replies":[{"embeddable":true,"href":"https:\/\/aglow.org\/fr\/wp-json\/wp\/v2\/comments?post=6102"}],"version-history":[{"count":4,"href":"https:\/\/aglow.org\/fr\/wp-json\/wp\/v2\/pages\/6102\/revisions"}],"predecessor-version":[{"id":6444,"href":"https:\/\/aglow.org\/fr\/wp-json\/wp\/v2\/pages\/6102\/revisions\/6444"}],"wp:featuredmedia":[{"embeddable":true,"href":"https:\/\/aglow.org\/fr\/wp-json\/wp\/v2\/media\/650"}],"wp:attachment":[{"href":"https:\/\/aglow.org\/fr\/wp-json\/wp\/v2\/media?parent=6102"}],"curies":[{"name":"wp","href":"https:\/\/api.w.org\/{rel}","templated":true}]}}