{"id":4439,"date":"2025-07-17T20:26:16","date_gmt":"2025-07-17T20:26:16","guid":{"rendered":"https:\/\/aglow.org\/rejoignez-a-company\/"},"modified":"2025-10-01T20:39:17","modified_gmt":"2025-10-01T20:39:17","slug":"rejoignez-a-company","status":"publish","type":"page","link":"https:\/\/aglow.org\/fr\/rejoignez-a-company\/","title":{"rendered":"Rejoignez A-Company"},"content":{"rendered":"\n\n\t\t\t\t<img decoding=\"async\" src=\"https:\/\/aglow.org\/wp-content\/uploads\/2025\/07\/A-company-Header-2024.jpg\" alt=\"A-Company Header\" itemprop=\"image\" height=\"162\" width=\"600\" title=\"A-Company Header\" onerror=\"this.style.display='none'\" loading=\"lazy\" \/>\n<h1>\n\t\t\tRejoignez A-Company\t<\/h1>\n\t<p>Merci de votre int\u00e9r\u00eat pour A-Company. Ensemble, nous ferons progresser le Royaume de Dieu gr\u00e2ce au minist\u00e8re d&rsquo;Aglow International. Pour faire un don s\u00e9curis\u00e9, veuillez remplir le formulaire ci-dessous et le soumettre. Vous recevrez imm\u00e9diatement une confirmation de votre transaction et un re\u00e7u par courriel.<\/p>\n<p><strong>Donateurs internationaux\u00a0:<\/strong> Si votre \u00c9tat ou votre province ne figure pas dans la liste d\u00e9roulante, veuillez s\u00e9lectionner \u00ab\u00a0S\/O\u00a0\u00bb en haut de la liste. Pour toute question, veuillez contacter donations@aglow.org. Nous serons ravis de vous aider\u00a0!<\/p>\n<p><strong>Vous \u00eates d\u00e9j\u00e0 membre d&rsquo;une soci\u00e9t\u00e9 A ?<\/strong><\/p>\n<p>Pour augmenter votre don mensuel r\u00e9current \u00e0 une entreprise, saisissez le nouveau montant total dans la case \u00ab Autre montant \u00bb, puis ajoutez la mention suivante dans la case \u00ab Commentaires \u00bb : \u00ab Je souhaite augmenter mon don mensuel \u00e0 une entreprise de XX $.\u00bb Pour des raisons de s\u00e9curit\u00e9, nous ne pouvons pas acc\u00e9der \u00e0 votre num\u00e9ro de carte de cr\u00e9dit complet ; vous devrez donc le saisir dans le formulaire de don en ligne. <\/p>\n\t&nbsp;\n<br \/>\n\n\n","protected":false},"excerpt":{"rendered":"<p>Rejoignez A-Company Merci de votre int\u00e9r\u00eat pour A-Company. Ensemble, nous ferons progresser le Royaume de Dieu gr\u00e2ce au minist\u00e8re d&rsquo;Aglow International. Pour faire un don s\u00e9curis\u00e9, veuillez remplir le formulaire ci-dessous et le soumettre. Vous recevrez imm\u00e9diatement une confirmation de votre transaction et un re\u00e7u par courriel. Donateurs internationaux\u00a0: Si votre \u00c9tat ou votre province&hellip;<\/p>\n","protected":false},"author":3,"featured_media":0,"parent":0,"menu_order":0,"comment_status":"closed","ping_status":"closed","template":"","meta":{"footnotes":""},"class_list":["post-4439","page","type-page","status-publish","hentry"],"yoast_head":"<!-- This site is optimized with the Yoast SEO plugin v27.3 - https:\/\/yoast.com\/product\/yoast-seo-wordpress\/ -->\n<title>Rejoignez A-Company - Aglow International<\/title>\n<meta name=\"robots\" content=\"index, follow, max-snippet:-1, max-image-preview:large, max-video-preview:-1\" \/>\n<link rel=\"canonical\" href=\"https:\/\/aglow.org\/fr\/rejoignez-a-company\/\" \/>\n<meta property=\"og:locale\" content=\"fr_FR\" \/>\n<meta property=\"og:type\" content=\"article\" \/>\n<meta property=\"og:title\" content=\"Rejoignez A-Company - Aglow International\" \/>\n<meta property=\"og:description\" content=\"Rejoignez A-Company Merci de votre int\u00e9r\u00eat pour A-Company. Ensemble, nous ferons progresser le Royaume de Dieu gr\u00e2ce au minist\u00e8re d&rsquo;Aglow International. Pour faire un don s\u00e9curis\u00e9, veuillez remplir le formulaire ci-dessous et le soumettre. Vous recevrez imm\u00e9diatement une confirmation de votre transaction et un re\u00e7u par courriel. Donateurs internationaux\u00a0: Si votre \u00c9tat ou votre province&hellip;\" \/>\n<meta property=\"og:url\" content=\"https:\/\/aglow.org\/fr\/rejoignez-a-company\/\" \/>\n<meta property=\"og:site_name\" content=\"Aglow International\" \/>\n<meta property=\"article:modified_time\" content=\"2025-10-01T20:39:17+00:00\" \/>\n<meta property=\"og:image\" content=\"https:\/\/aglow.org\/wp-content\/uploads\/2025\/07\/A-company-Header-2024.jpg\" \/>\n<meta name=\"twitter:card\" content=\"summary_large_image\" \/>\n<meta name=\"twitter:label1\" content=\"Dur\u00e9e de lecture estim\u00e9e\" \/>\n\t<meta name=\"twitter:data1\" content=\"1 minute\" \/>\n<script type=\"application\/ld+json\" class=\"yoast-schema-graph\">{\"@context\":\"https:\\\/\\\/schema.org\",\"@graph\":[{\"@type\":\"WebPage\",\"@id\":\"https:\\\/\\\/aglow.org\\\/fr\\\/rejoignez-a-company\\\/\",\"url\":\"https:\\\/\\\/aglow.org\\\/fr\\\/rejoignez-a-company\\\/\",\"name\":\"Rejoignez A-Company - Aglow International\",\"isPartOf\":{\"@id\":\"https:\\\/\\\/aglow.org\\\/fr\\\/#website\"},\"primaryImageOfPage\":{\"@id\":\"https:\\\/\\\/aglow.org\\\/fr\\\/rejoignez-a-company\\\/#primaryimage\"},\"image\":{\"@id\":\"https:\\\/\\\/aglow.org\\\/fr\\\/rejoignez-a-company\\\/#primaryimage\"},\"thumbnailUrl\":\"https:\\\/\\\/aglow.org\\\/wp-content\\\/uploads\\\/2025\\\/07\\\/A-company-Header-2024.jpg\",\"datePublished\":\"2025-07-17T20:26:16+00:00\",\"dateModified\":\"2025-10-01T20:39:17+00:00\",\"breadcrumb\":{\"@id\":\"https:\\\/\\\/aglow.org\\\/fr\\\/rejoignez-a-company\\\/#breadcrumb\"},\"inLanguage\":\"fr-FR\",\"potentialAction\":[{\"@type\":\"ReadAction\",\"target\":[\"https:\\\/\\\/aglow.org\\\/fr\\\/rejoignez-a-company\\\/\"]}]},{\"@type\":\"ImageObject\",\"inLanguage\":\"fr-FR\",\"@id\":\"https:\\\/\\\/aglow.org\\\/fr\\\/rejoignez-a-company\\\/#primaryimage\",\"url\":\"https:\\\/\\\/aglow.org\\\/wp-content\\\/uploads\\\/2025\\\/07\\\/A-company-Header-2024.jpg\",\"contentUrl\":\"https:\\\/\\\/aglow.org\\\/wp-content\\\/uploads\\\/2025\\\/07\\\/A-company-Header-2024.jpg\"},{\"@type\":\"BreadcrumbList\",\"@id\":\"https:\\\/\\\/aglow.org\\\/fr\\\/rejoignez-a-company\\\/#breadcrumb\",\"itemListElement\":[{\"@type\":\"ListItem\",\"position\":1,\"name\":\"Home\",\"item\":\"https:\\\/\\\/aglow.org\\\/fr\\\/\"},{\"@type\":\"ListItem\",\"position\":2,\"name\":\"Rejoignez A-Company\"}]},{\"@type\":\"WebSite\",\"@id\":\"https:\\\/\\\/aglow.org\\\/fr\\\/#website\",\"url\":\"https:\\\/\\\/aglow.org\\\/fr\\\/\",\"name\":\"Aglow International\",\"description\":\"\",\"publisher\":{\"@id\":\"https:\\\/\\\/aglow.org\\\/fr\\\/#organization\"},\"potentialAction\":[{\"@type\":\"SearchAction\",\"target\":{\"@type\":\"EntryPoint\",\"urlTemplate\":\"https:\\\/\\\/aglow.org\\\/fr\\\/?s={search_term_string}\"},\"query-input\":{\"@type\":\"PropertyValueSpecification\",\"valueRequired\":true,\"valueName\":\"search_term_string\"}}],\"inLanguage\":\"fr-FR\"},{\"@type\":\"Organization\",\"@id\":\"https:\\\/\\\/aglow.org\\\/fr\\\/#organization\",\"name\":\"Aglow International\",\"url\":\"https:\\\/\\\/aglow.org\\\/fr\\\/\",\"logo\":{\"@type\":\"ImageObject\",\"inLanguage\":\"fr-FR\",\"@id\":\"https:\\\/\\\/aglow.org\\\/fr\\\/#\\\/schema\\\/logo\\\/image\\\/\",\"url\":\"https:\\\/\\\/aglow.org\\\/wp-content\\\/uploads\\\/2025\\\/04\\\/Aglow_logo_orange_800px.png\",\"contentUrl\":\"https:\\\/\\\/aglow.org\\\/wp-content\\\/uploads\\\/2025\\\/04\\\/Aglow_logo_orange_800px.png\",\"width\":800,\"height\":302,\"caption\":\"Aglow International\"},\"image\":{\"@id\":\"https:\\\/\\\/aglow.org\\\/fr\\\/#\\\/schema\\\/logo\\\/image\\\/\"}}]}<\/script>\n<!-- \/ Yoast SEO plugin. -->","yoast_head_json":{"title":"Rejoignez A-Company - Aglow International","robots":{"index":"index","follow":"follow","max-snippet":"max-snippet:-1","max-image-preview":"max-image-preview:large","max-video-preview":"max-video-preview:-1"},"canonical":"https:\/\/aglow.org\/fr\/rejoignez-a-company\/","og_locale":"fr_FR","og_type":"article","og_title":"Rejoignez A-Company - Aglow International","og_description":"Rejoignez A-Company Merci de votre int\u00e9r\u00eat pour A-Company. Ensemble, nous ferons progresser le Royaume de Dieu gr\u00e2ce au minist\u00e8re d&rsquo;Aglow International. Pour faire un don s\u00e9curis\u00e9, veuillez remplir le formulaire ci-dessous et le soumettre. Vous recevrez imm\u00e9diatement une confirmation de votre transaction et un re\u00e7u par courriel. Donateurs internationaux\u00a0: Si votre \u00c9tat ou votre province&hellip;","og_url":"https:\/\/aglow.org\/fr\/rejoignez-a-company\/","og_site_name":"Aglow International","article_modified_time":"2025-10-01T20:39:17+00:00","og_image":[{"url":"https:\/\/aglow.org\/wp-content\/uploads\/2025\/07\/A-company-Header-2024.jpg","type":"","width":"","height":""}],"twitter_card":"summary_large_image","twitter_misc":{"Dur\u00e9e de lecture estim\u00e9e":"1 minute"},"schema":{"@context":"https:\/\/schema.org","@graph":[{"@type":"WebPage","@id":"https:\/\/aglow.org\/fr\/rejoignez-a-company\/","url":"https:\/\/aglow.org\/fr\/rejoignez-a-company\/","name":"Rejoignez A-Company - Aglow International","isPartOf":{"@id":"https:\/\/aglow.org\/fr\/#website"},"primaryImageOfPage":{"@id":"https:\/\/aglow.org\/fr\/rejoignez-a-company\/#primaryimage"},"image":{"@id":"https:\/\/aglow.org\/fr\/rejoignez-a-company\/#primaryimage"},"thumbnailUrl":"https:\/\/aglow.org\/wp-content\/uploads\/2025\/07\/A-company-Header-2024.jpg","datePublished":"2025-07-17T20:26:16+00:00","dateModified":"2025-10-01T20:39:17+00:00","breadcrumb":{"@id":"https:\/\/aglow.org\/fr\/rejoignez-a-company\/#breadcrumb"},"inLanguage":"fr-FR","potentialAction":[{"@type":"ReadAction","target":["https:\/\/aglow.org\/fr\/rejoignez-a-company\/"]}]},{"@type":"ImageObject","inLanguage":"fr-FR","@id":"https:\/\/aglow.org\/fr\/rejoignez-a-company\/#primaryimage","url":"https:\/\/aglow.org\/wp-content\/uploads\/2025\/07\/A-company-Header-2024.jpg","contentUrl":"https:\/\/aglow.org\/wp-content\/uploads\/2025\/07\/A-company-Header-2024.jpg"},{"@type":"BreadcrumbList","@id":"https:\/\/aglow.org\/fr\/rejoignez-a-company\/#breadcrumb","itemListElement":[{"@type":"ListItem","position":1,"name":"Home","item":"https:\/\/aglow.org\/fr\/"},{"@type":"ListItem","position":2,"name":"Rejoignez A-Company"}]},{"@type":"WebSite","@id":"https:\/\/aglow.org\/fr\/#website","url":"https:\/\/aglow.org\/fr\/","name":"Aglow International","description":"","publisher":{"@id":"https:\/\/aglow.org\/fr\/#organization"},"potentialAction":[{"@type":"SearchAction","target":{"@type":"EntryPoint","urlTemplate":"https:\/\/aglow.org\/fr\/?s={search_term_string}"},"query-input":{"@type":"PropertyValueSpecification","valueRequired":true,"valueName":"search_term_string"}}],"inLanguage":"fr-FR"},{"@type":"Organization","@id":"https:\/\/aglow.org\/fr\/#organization","name":"Aglow International","url":"https:\/\/aglow.org\/fr\/","logo":{"@type":"ImageObject","inLanguage":"fr-FR","@id":"https:\/\/aglow.org\/fr\/#\/schema\/logo\/image\/","url":"https:\/\/aglow.org\/wp-content\/uploads\/2025\/04\/Aglow_logo_orange_800px.png","contentUrl":"https:\/\/aglow.org\/wp-content\/uploads\/2025\/04\/Aglow_logo_orange_800px.png","width":800,"height":302,"caption":"Aglow International"},"image":{"@id":"https:\/\/aglow.org\/fr\/#\/schema\/logo\/image\/"}}]}},"_links":{"self":[{"href":"https:\/\/aglow.org\/fr\/wp-json\/wp\/v2\/pages\/4439","targetHints":{"allow":["GET"]}}],"collection":[{"href":"https:\/\/aglow.org\/fr\/wp-json\/wp\/v2\/pages"}],"about":[{"href":"https:\/\/aglow.org\/fr\/wp-json\/wp\/v2\/types\/page"}],"author":[{"embeddable":true,"href":"https:\/\/aglow.org\/fr\/wp-json\/wp\/v2\/users\/3"}],"replies":[{"embeddable":true,"href":"https:\/\/aglow.org\/fr\/wp-json\/wp\/v2\/comments?post=4439"}],"version-history":[{"count":1,"href":"https:\/\/aglow.org\/fr\/wp-json\/wp\/v2\/pages\/4439\/revisions"}],"predecessor-version":[{"id":4441,"href":"https:\/\/aglow.org\/fr\/wp-json\/wp\/v2\/pages\/4439\/revisions\/4441"}],"wp:attachment":[{"href":"https:\/\/aglow.org\/fr\/wp-json\/wp\/v2\/media?parent=4439"}],"curies":[{"name":"wp","href":"https:\/\/api.w.org\/{rel}","templated":true}]}}