{"id":4319,"date":"2025-09-25T16:36:00","date_gmt":"2025-09-25T16:36:00","guid":{"rendered":"https:\/\/aglow.org\/messages-de-la-conference-2025\/"},"modified":"2026-02-06T17:41:02","modified_gmt":"2026-02-06T17:41:02","slug":"messages-de-la-conference-2025","status":"publish","type":"page","link":"https:\/\/aglow.org\/fr\/messages-de-la-conference-2025\/","title":{"rendered":"Messages de la conf\u00e9rence 2025"},"content":{"rendered":"\n<h1>\n\t\t\tMessages de la conf\u00e9rence 2025\t<\/h1>\n\t\t\t\t<img decoding=\"async\" src=\"https:\/\/aglow.org\/wp-content\/uploads\/2025\/09\/2025-conference-banner-.jpg\" alt=\"2025 Conference Theme\" itemprop=\"image\" height=\"532\" width=\"1644\" title=\"2025 Conference Theme\" onerror=\"this.style.display='none'\" loading=\"lazy\" \/>\n\t<p><strong>Adobe Acrobat Reader<\/strong> est n\u00e9cessaire pour visualiser ces documents. Si ce programme n&rsquo;est pas install\u00e9 sur votre ordinateur, vous pouvez le t\u00e9l\u00e9charger gratuitement depuis leur site web.<br \/>Pour la traduction de la vid\u00e9o, merci de suivre les instructions suivantes :<br \/>Cliquez sur la vignette de la vid\u00e9o<br \/>En bas de l&rsquo;\u00e9cran, cliquez sur l&rsquo;ic\u00f4ne CC (pour Closed Caption)<br \/>Cliquez ensuite sur l&rsquo;ic\u00f4ne Param\u00e8tres (Settings)<br \/>Cliquez sur Sous-titres (Subtitles)<br \/>Cliquez sur Traduction automatique (Auto translate)<br \/>Choisissez votre langue T\u00e9l\u00e9charger Adobe Acrobat Reader  <a title=\"T\u00e9l\u00e9charger Adobe Acrobat Reader\" href=\"http:\/\/get.adobe.com\/reader\/\" target=\"_blank\" rel=\"noopener noreferrer\">T\u00e9l\u00e9charger Adobe Acrobat Reader <\/a><\/p>\n\t<h3>Conf\u00e9rence nationale am\u00e9ricaine Aglow 2025<\/h3>\n<ul>\n<li><strong><a title=\" \" href=\"https:\/\/aglow.org\/wp-content\/uploads\/2025\/09\/2025-Nancy-McDaniel-Fri-PM-FR.pdf\" target=\"_blank\" rel=\"noopener\"><img loading=\"lazy\" decoding=\"async\" src=\"https:\/\/aglow.org\/images\/icons\/pdf_icon_small.gif\" alt=\"Petite ic\u00f4ne PDF\" width=\"25\" height=\"23\" \/>De l&rsquo;aube au destin &#8211; Nancy McDaniel &#8211; S\u00e9ance du vendredi apr\u00e8s-midi <\/a><\/strong><a title=\" \" href=\"https:\/\/aglow.org\/wp-content\/uploads\/2025\/09\/2025-Nancy-McDaniel-Fri-PM.pdf\" target=\"_blank\" rel=\"noopener\"><br \/>\n(<\/a><a href=\"https:\/\/aglow.org\/wp-content\/uploads\/2025\/09\/2025-Nancy-McDaniel-Fri-PM-FR.pdf\" target=\"_blank\" rel=\"noopener\">English<\/a> | <a href=\"https:\/\/aglow.org\/wp-content\/uploads\/2025\/09\/2025-Nancy-McDaniel-Fri-PM-SP.pdf\" target=\"_blank\" rel=\"noopener\">Espa\u00f1ol<\/a> | <a href=\"https:\/\/aglow.org\/wp-content\/uploads\/2025\/09\/2025-Nancy-McDaniel-Fri-PM-FR.pdf\" target=\"_blank\" rel=\"noopener\">Fran\u00e7ais<\/a> | <a href=\"https:\/\/aglow.org\/wp-content\/uploads\/2025\/09\/2025-Nancy-McDaniel-Fri-PM-PT.pdf\" target=\"_blank\" rel=\"noopener\">Portugu\u00eas<\/a>)<br \/>\nLors de la s\u00e9ance d&rsquo;ouverture de la premi\u00e8re conf\u00e9rence virtuelle d&rsquo;Aglow, Nancy a parl\u00e9 de l&rsquo;Aube du Destin : \u00ab Nous sommes dans une nouvelle \u00e8re. Nous ne suivons plus les m\u00eames chemins. Nous sommes sur de nouveaux chemins que Dieu, \u00e9tape par \u00e9tape, nous ouvre dans cette nouvelle \u00e8re. \u00bb<\/li>\n<li><strong><a href=\"https:\/\/aglow.org\/wp-content\/uploads\/2025\/10\/2025-Dave-McDaniel-Redemptive-Prophecy-Sat-FR.pdf\" target=\"_blank\" rel=\"noopener\"><img loading=\"lazy\" decoding=\"async\" src=\"https:\/\/aglow.org\/images\/icons\/pdf_icon_small.gif\" alt=\"\" width=\"25\" height=\"23\" \/>Proph\u00e9tie r\u00e9demptrice &#8211; Dave McDaniel &#8211; Samed<\/a><br \/>\n<\/strong>(<a href=\"https:\/\/aglow.org\/wp-content\/uploads\/2025\/10\/2025-Dave-McDaniel-Redemptive-Prophecy-Sat-EN.pdf\" target=\"_blank\" rel=\"noopener\">English<\/a> | <a href=\"https:\/\/aglow.org\/wp-content\/uploads\/2025\/10\/2025-Dave-McDaniel-Redemptive-Prophecy-Sat-SP.pdf\" target=\"_blank\" rel=\"noopener\">Espa\u00f1ol<\/a> | <a href=\"https:\/\/aglow.org\/wp-content\/uploads\/2025\/10\/2025-Dave-McDaniel-Redemptive-Prophecy-Sat-FR.pdf\" target=\"_blank\" rel=\"noopener\">Fran\u00e7ais<\/a> | <a href=\"https:\/\/aglow.org\/wp-content\/uploads\/2025\/10\/2025-Dave-McDaniel-Redemptive-Prophecy-Sat-PT.pdf\" target=\"_blank\" rel=\"noopener\">Portugu\u00eas<\/a>)<br \/>\nSamedi, Dave a expliqu\u00e9 comment les promesses de Dieu et son calendrier se confondent d\u00e9sormais. Il a \u00e9galement expos\u00e9 les cinq niveaux du proph\u00e9tique dans lesquels nous op\u00e9rons.<\/li>\n<\/ul>\n\n","protected":false},"excerpt":{"rendered":"<p>Messages de la conf\u00e9rence 2025 Adobe Acrobat Reader est n\u00e9cessaire pour visualiser ces documents. Si ce programme n&rsquo;est pas install\u00e9 sur votre ordinateur, vous pouvez le t\u00e9l\u00e9charger gratuitement depuis leur site web.Pour la traduction de la vid\u00e9o, merci de suivre les instructions suivantes :Cliquez sur la vignette de la vid\u00e9oEn bas de l&rsquo;\u00e9cran, cliquez sur&hellip;<\/p>\n","protected":false},"author":3,"featured_media":4220,"parent":0,"menu_order":0,"comment_status":"closed","ping_status":"closed","template":"","meta":{"footnotes":""},"class_list":["post-4319","page","type-page","status-publish","has-post-thumbnail","hentry"],"yoast_head":"<!-- This site is optimized with the Yoast SEO plugin v27.3 - https:\/\/yoast.com\/product\/yoast-seo-wordpress\/ -->\n<title>Messages de la conf\u00e9rence 2025 - Aglow International<\/title>\n<meta name=\"robots\" content=\"index, follow, max-snippet:-1, max-image-preview:large, max-video-preview:-1\" \/>\n<link rel=\"canonical\" href=\"https:\/\/aglow.org\/fr\/messages-de-la-conference-2025\/\" \/>\n<meta property=\"og:locale\" content=\"fr_FR\" \/>\n<meta property=\"og:type\" content=\"article\" \/>\n<meta property=\"og:title\" content=\"Messages de la conf\u00e9rence 2025 - Aglow International\" \/>\n<meta property=\"og:description\" content=\"Messages de la conf\u00e9rence 2025 Adobe Acrobat Reader est n\u00e9cessaire pour visualiser ces documents. Si ce programme n&rsquo;est pas install\u00e9 sur votre ordinateur, vous pouvez le t\u00e9l\u00e9charger gratuitement depuis leur site web.Pour la traduction de la vid\u00e9o, merci de suivre les instructions suivantes :Cliquez sur la vignette de la vid\u00e9oEn bas de l&rsquo;\u00e9cran, cliquez sur&hellip;\" \/>\n<meta property=\"og:url\" content=\"https:\/\/aglow.org\/fr\/messages-de-la-conference-2025\/\" \/>\n<meta property=\"og:site_name\" content=\"Aglow International\" \/>\n<meta property=\"article:modified_time\" content=\"2026-02-06T17:41:02+00:00\" \/>\n<meta property=\"og:image\" content=\"https:\/\/aglow.org\/wp-content\/uploads\/2025\/09\/2025-conference-banner.png\" \/>\n\t<meta property=\"og:image:width\" content=\"1656\" \/>\n\t<meta property=\"og:image:height\" content=\"646\" \/>\n\t<meta property=\"og:image:type\" content=\"image\/png\" \/>\n<meta name=\"twitter:card\" content=\"summary_large_image\" \/>\n<meta name=\"twitter:label1\" content=\"Dur\u00e9e de lecture estim\u00e9e\" \/>\n\t<meta name=\"twitter:data1\" content=\"2 minutes\" \/>\n<script type=\"application\/ld+json\" class=\"yoast-schema-graph\">{\"@context\":\"https:\\\/\\\/schema.org\",\"@graph\":[{\"@type\":\"WebPage\",\"@id\":\"https:\\\/\\\/aglow.org\\\/fr\\\/messages-de-la-conference-2025\\\/\",\"url\":\"https:\\\/\\\/aglow.org\\\/fr\\\/messages-de-la-conference-2025\\\/\",\"name\":\"Messages de la conf\u00e9rence 2025 - Aglow International\",\"isPartOf\":{\"@id\":\"https:\\\/\\\/aglow.org\\\/fr\\\/#website\"},\"primaryImageOfPage\":{\"@id\":\"https:\\\/\\\/aglow.org\\\/fr\\\/messages-de-la-conference-2025\\\/#primaryimage\"},\"image\":{\"@id\":\"https:\\\/\\\/aglow.org\\\/fr\\\/messages-de-la-conference-2025\\\/#primaryimage\"},\"thumbnailUrl\":\"https:\\\/\\\/aglow.org\\\/wp-content\\\/uploads\\\/2025\\\/09\\\/2025-conference-banner.png\",\"datePublished\":\"2025-09-25T16:36:00+00:00\",\"dateModified\":\"2026-02-06T17:41:02+00:00\",\"breadcrumb\":{\"@id\":\"https:\\\/\\\/aglow.org\\\/fr\\\/messages-de-la-conference-2025\\\/#breadcrumb\"},\"inLanguage\":\"fr-FR\",\"potentialAction\":[{\"@type\":\"ReadAction\",\"target\":[\"https:\\\/\\\/aglow.org\\\/fr\\\/messages-de-la-conference-2025\\\/\"]}]},{\"@type\":\"ImageObject\",\"inLanguage\":\"fr-FR\",\"@id\":\"https:\\\/\\\/aglow.org\\\/fr\\\/messages-de-la-conference-2025\\\/#primaryimage\",\"url\":\"https:\\\/\\\/aglow.org\\\/wp-content\\\/uploads\\\/2025\\\/09\\\/2025-conference-banner.png\",\"contentUrl\":\"https:\\\/\\\/aglow.org\\\/wp-content\\\/uploads\\\/2025\\\/09\\\/2025-conference-banner.png\",\"width\":1656,\"height\":646,\"caption\":\"2025 Conference Theme\"},{\"@type\":\"BreadcrumbList\",\"@id\":\"https:\\\/\\\/aglow.org\\\/fr\\\/messages-de-la-conference-2025\\\/#breadcrumb\",\"itemListElement\":[{\"@type\":\"ListItem\",\"position\":1,\"name\":\"Home\",\"item\":\"https:\\\/\\\/aglow.org\\\/fr\\\/\"},{\"@type\":\"ListItem\",\"position\":2,\"name\":\"Messages de la conf\u00e9rence 2025\"}]},{\"@type\":\"WebSite\",\"@id\":\"https:\\\/\\\/aglow.org\\\/fr\\\/#website\",\"url\":\"https:\\\/\\\/aglow.org\\\/fr\\\/\",\"name\":\"Aglow International\",\"description\":\"\",\"publisher\":{\"@id\":\"https:\\\/\\\/aglow.org\\\/fr\\\/#organization\"},\"potentialAction\":[{\"@type\":\"SearchAction\",\"target\":{\"@type\":\"EntryPoint\",\"urlTemplate\":\"https:\\\/\\\/aglow.org\\\/fr\\\/?s={search_term_string}\"},\"query-input\":{\"@type\":\"PropertyValueSpecification\",\"valueRequired\":true,\"valueName\":\"search_term_string\"}}],\"inLanguage\":\"fr-FR\"},{\"@type\":\"Organization\",\"@id\":\"https:\\\/\\\/aglow.org\\\/fr\\\/#organization\",\"name\":\"Aglow International\",\"url\":\"https:\\\/\\\/aglow.org\\\/fr\\\/\",\"logo\":{\"@type\":\"ImageObject\",\"inLanguage\":\"fr-FR\",\"@id\":\"https:\\\/\\\/aglow.org\\\/fr\\\/#\\\/schema\\\/logo\\\/image\\\/\",\"url\":\"https:\\\/\\\/aglow.org\\\/wp-content\\\/uploads\\\/2025\\\/04\\\/Aglow_logo_orange_800px.png\",\"contentUrl\":\"https:\\\/\\\/aglow.org\\\/wp-content\\\/uploads\\\/2025\\\/04\\\/Aglow_logo_orange_800px.png\",\"width\":800,\"height\":302,\"caption\":\"Aglow International\"},\"image\":{\"@id\":\"https:\\\/\\\/aglow.org\\\/fr\\\/#\\\/schema\\\/logo\\\/image\\\/\"}}]}<\/script>\n<!-- \/ Yoast SEO plugin. -->","yoast_head_json":{"title":"Messages de la conf\u00e9rence 2025 - Aglow International","robots":{"index":"index","follow":"follow","max-snippet":"max-snippet:-1","max-image-preview":"max-image-preview:large","max-video-preview":"max-video-preview:-1"},"canonical":"https:\/\/aglow.org\/fr\/messages-de-la-conference-2025\/","og_locale":"fr_FR","og_type":"article","og_title":"Messages de la conf\u00e9rence 2025 - Aglow International","og_description":"Messages de la conf\u00e9rence 2025 Adobe Acrobat Reader est n\u00e9cessaire pour visualiser ces documents. Si ce programme n&rsquo;est pas install\u00e9 sur votre ordinateur, vous pouvez le t\u00e9l\u00e9charger gratuitement depuis leur site web.Pour la traduction de la vid\u00e9o, merci de suivre les instructions suivantes :Cliquez sur la vignette de la vid\u00e9oEn bas de l&rsquo;\u00e9cran, cliquez sur&hellip;","og_url":"https:\/\/aglow.org\/fr\/messages-de-la-conference-2025\/","og_site_name":"Aglow International","article_modified_time":"2026-02-06T17:41:02+00:00","og_image":[{"width":1656,"height":646,"url":"https:\/\/aglow.org\/wp-content\/uploads\/2025\/09\/2025-conference-banner.png","type":"image\/png"}],"twitter_card":"summary_large_image","twitter_misc":{"Dur\u00e9e de lecture estim\u00e9e":"2 minutes"},"schema":{"@context":"https:\/\/schema.org","@graph":[{"@type":"WebPage","@id":"https:\/\/aglow.org\/fr\/messages-de-la-conference-2025\/","url":"https:\/\/aglow.org\/fr\/messages-de-la-conference-2025\/","name":"Messages de la conf\u00e9rence 2025 - Aglow International","isPartOf":{"@id":"https:\/\/aglow.org\/fr\/#website"},"primaryImageOfPage":{"@id":"https:\/\/aglow.org\/fr\/messages-de-la-conference-2025\/#primaryimage"},"image":{"@id":"https:\/\/aglow.org\/fr\/messages-de-la-conference-2025\/#primaryimage"},"thumbnailUrl":"https:\/\/aglow.org\/wp-content\/uploads\/2025\/09\/2025-conference-banner.png","datePublished":"2025-09-25T16:36:00+00:00","dateModified":"2026-02-06T17:41:02+00:00","breadcrumb":{"@id":"https:\/\/aglow.org\/fr\/messages-de-la-conference-2025\/#breadcrumb"},"inLanguage":"fr-FR","potentialAction":[{"@type":"ReadAction","target":["https:\/\/aglow.org\/fr\/messages-de-la-conference-2025\/"]}]},{"@type":"ImageObject","inLanguage":"fr-FR","@id":"https:\/\/aglow.org\/fr\/messages-de-la-conference-2025\/#primaryimage","url":"https:\/\/aglow.org\/wp-content\/uploads\/2025\/09\/2025-conference-banner.png","contentUrl":"https:\/\/aglow.org\/wp-content\/uploads\/2025\/09\/2025-conference-banner.png","width":1656,"height":646,"caption":"2025 Conference Theme"},{"@type":"BreadcrumbList","@id":"https:\/\/aglow.org\/fr\/messages-de-la-conference-2025\/#breadcrumb","itemListElement":[{"@type":"ListItem","position":1,"name":"Home","item":"https:\/\/aglow.org\/fr\/"},{"@type":"ListItem","position":2,"name":"Messages de la conf\u00e9rence 2025"}]},{"@type":"WebSite","@id":"https:\/\/aglow.org\/fr\/#website","url":"https:\/\/aglow.org\/fr\/","name":"Aglow International","description":"","publisher":{"@id":"https:\/\/aglow.org\/fr\/#organization"},"potentialAction":[{"@type":"SearchAction","target":{"@type":"EntryPoint","urlTemplate":"https:\/\/aglow.org\/fr\/?s={search_term_string}"},"query-input":{"@type":"PropertyValueSpecification","valueRequired":true,"valueName":"search_term_string"}}],"inLanguage":"fr-FR"},{"@type":"Organization","@id":"https:\/\/aglow.org\/fr\/#organization","name":"Aglow International","url":"https:\/\/aglow.org\/fr\/","logo":{"@type":"ImageObject","inLanguage":"fr-FR","@id":"https:\/\/aglow.org\/fr\/#\/schema\/logo\/image\/","url":"https:\/\/aglow.org\/wp-content\/uploads\/2025\/04\/Aglow_logo_orange_800px.png","contentUrl":"https:\/\/aglow.org\/wp-content\/uploads\/2025\/04\/Aglow_logo_orange_800px.png","width":800,"height":302,"caption":"Aglow International"},"image":{"@id":"https:\/\/aglow.org\/fr\/#\/schema\/logo\/image\/"}}]}},"_links":{"self":[{"href":"https:\/\/aglow.org\/fr\/wp-json\/wp\/v2\/pages\/4319","targetHints":{"allow":["GET"]}}],"collection":[{"href":"https:\/\/aglow.org\/fr\/wp-json\/wp\/v2\/pages"}],"about":[{"href":"https:\/\/aglow.org\/fr\/wp-json\/wp\/v2\/types\/page"}],"author":[{"embeddable":true,"href":"https:\/\/aglow.org\/fr\/wp-json\/wp\/v2\/users\/3"}],"replies":[{"embeddable":true,"href":"https:\/\/aglow.org\/fr\/wp-json\/wp\/v2\/comments?post=4319"}],"version-history":[{"count":4,"href":"https:\/\/aglow.org\/fr\/wp-json\/wp\/v2\/pages\/4319\/revisions"}],"predecessor-version":[{"id":4665,"href":"https:\/\/aglow.org\/fr\/wp-json\/wp\/v2\/pages\/4319\/revisions\/4665"}],"wp:featuredmedia":[{"embeddable":true,"href":"https:\/\/aglow.org\/fr\/wp-json\/wp\/v2\/media\/4220"}],"wp:attachment":[{"href":"https:\/\/aglow.org\/fr\/wp-json\/wp\/v2\/media?parent=4319"}],"curies":[{"name":"wp","href":"https:\/\/api.w.org\/{rel}","templated":true}]}}