{"id":3678,"date":"2025-08-04T21:07:08","date_gmt":"2025-08-04T21:07:08","guid":{"rendered":"https:\/\/aglow.org\/graphiques-partageables-2\/"},"modified":"2025-08-07T15:48:50","modified_gmt":"2025-08-07T15:48:50","slug":"graphiques-partageables-2","status":"publish","type":"page","link":"https:\/\/aglow.org\/fr\/graphiques-partageables-2\/","title":{"rendered":"Graphiques partageables &#8211; 2"},"content":{"rendered":"\n<h1>\n\t\t\tGraphiques partageables &#8211; 2\t<\/h1>\n\t\t\t<a href=\"https:\/\/aglow.org\/fr\/graphiques-partageables\/\" target=\"_self\">\n\t\t\t\t\t\t\tPage 1\n\t\t\t\t\t<\/a>\n<p>Partagez ces images lors des r\u00e9unions et conf\u00e9rences Aglow, sur Facebook et autres r\u00e9seaux sociaux. Pour t\u00e9l\u00e9charger, <strong>faites un clic droit <\/strong>sur l&rsquo;image et choisissez \u00ab <strong>Enregistrer l&rsquo;image sous<\/strong> \u00bb.<\/p>\n\t\t\t\t<img decoding=\"async\" src=\"https:\/\/aglow.org\/wp-content\/uploads\/2025\/08\/openheart-FR.jpg\" alt=\"openheart-FR\" itemprop=\"image\" height=\"800\" width=\"800\" title=\"openheart-FR\" onerror=\"this.style.display='none'\" loading=\"lazy\" \/>\n\t\t\t\t<img decoding=\"async\" src=\"https:\/\/aglow.org\/wp-content\/uploads\/2025\/08\/quiet-FR.jpg\" alt=\"quiet-FR\" itemprop=\"image\" height=\"800\" width=\"800\" title=\"quiet-FR\" onerror=\"this.style.display='none'\" loading=\"lazy\" \/>\n\t\t\t\t<img decoding=\"async\" src=\"https:\/\/aglow.org\/wp-content\/uploads\/2025\/08\/merciful-FR.jpg\" alt=\"merciful-FR\" itemprop=\"image\" height=\"800\" width=\"800\" title=\"merciful-FR\" onerror=\"this.style.display='none'\" loading=\"lazy\" \/>\n\t\t\t\t<img decoding=\"async\" src=\"https:\/\/aglow.org\/wp-content\/uploads\/2025\/08\/anchor-FR.jpg\" alt=\"anchor-FR\" itemprop=\"image\" height=\"800\" width=\"800\" title=\"anchor-FR\" onerror=\"this.style.display='none'\" loading=\"lazy\" \/>\n\t\t\t\t<img decoding=\"async\" src=\"https:\/\/aglow.org\/wp-content\/uploads\/2025\/08\/promise-FR.jpg\" alt=\"promise-FR\" itemprop=\"image\" height=\"800\" width=\"800\" title=\"promise-FR\" onerror=\"this.style.display='none'\" loading=\"lazy\" \/>\n\t\t\t\t<img decoding=\"async\" src=\"https:\/\/aglow.org\/wp-content\/uploads\/2025\/08\/miss-FR.jpg\" alt=\"miss-FR\" itemprop=\"image\" height=\"800\" width=\"800\" title=\"miss-FR\" onerror=\"this.style.display='none'\" loading=\"lazy\" \/>\n\t\t\t\t<img decoding=\"async\" src=\"https:\/\/aglow.org\/wp-content\/uploads\/2025\/08\/apostolic-FR.jpg\" alt=\"apostolic-FR\" itemprop=\"image\" height=\"800\" width=\"800\" title=\"apostolic-FR\" onerror=\"this.style.display='none'\" loading=\"lazy\" \/>\n\t\t\t\t<img decoding=\"async\" src=\"https:\/\/aglow.org\/wp-content\/uploads\/2025\/08\/shift-FR.jpg\" alt=\"shift-FR\" itemprop=\"image\" height=\"800\" width=\"800\" title=\"shift-FR\" onerror=\"this.style.display='none'\" loading=\"lazy\" \/>\n\t\t\t\t<img decoding=\"async\" src=\"https:\/\/aglow.org\/wp-content\/uploads\/2025\/08\/greatest-FR.jpg\" alt=\"greatest-FR\" itemprop=\"image\" height=\"800\" width=\"800\" title=\"greatest-FR\" onerror=\"this.style.display='none'\" loading=\"lazy\" \/>\n\t\t\t\t<img decoding=\"async\" src=\"https:\/\/aglow.org\/wp-content\/uploads\/2025\/08\/level-FR.jpg\" alt=\"level-FR\" itemprop=\"image\" height=\"800\" width=\"800\" title=\"level-FR\" onerror=\"this.style.display='none'\" loading=\"lazy\" \/>\n\t\t\t\t<img decoding=\"async\" src=\"https:\/\/aglow.org\/wp-content\/uploads\/2025\/08\/steadfast-FR.jpg\" alt=\"steadfast-FR\" itemprop=\"image\" height=\"800\" width=\"800\" title=\"steadfast-FR\" onerror=\"this.style.display='none'\" loading=\"lazy\" \/>\n\t\t\t\t<img decoding=\"async\" src=\"https:\/\/aglow.org\/wp-content\/uploads\/2025\/08\/listening-FR.jpg\" alt=\"listening-FR\" itemprop=\"image\" height=\"800\" width=\"800\" title=\"listening-FR\" onerror=\"this.style.display='none'\" loading=\"lazy\" \/>\n\t\t\t\t<img decoding=\"async\" src=\"https:\/\/aglow.org\/wp-content\/uploads\/2025\/08\/stable-FR.jpg\" alt=\"stable-FR\" itemprop=\"image\" height=\"800\" width=\"800\" title=\"stable-FR\" onerror=\"this.style.display='none'\" loading=\"lazy\" \/>\n\t\t\t\t<img decoding=\"async\" src=\"https:\/\/aglow.org\/wp-content\/uploads\/2025\/08\/advantage-FR.jpg\" alt=\"advantage-FR\" itemprop=\"image\" height=\"800\" width=\"800\" title=\"advantage-FR\" onerror=\"this.style.display='none'\" loading=\"lazy\" \/>\n\t\t\t\t<img decoding=\"async\" src=\"https:\/\/aglow.org\/wp-content\/uploads\/2025\/08\/hope-FR.jpg\" alt=\"hope-FR\" itemprop=\"image\" height=\"800\" width=\"800\" title=\"hope-FR\" onerror=\"this.style.display='none'\" loading=\"lazy\" \/>\n\t\t\t\t<img decoding=\"async\" src=\"https:\/\/aglow.org\/wp-content\/uploads\/2025\/08\/welcome-FR.jpg\" alt=\"welcome-FR\" itemprop=\"image\" height=\"800\" width=\"800\" title=\"welcome-FR\" onerror=\"this.style.display='none'\" loading=\"lazy\" \/>\n\t\t\t\t<img decoding=\"async\" src=\"https:\/\/aglow.org\/wp-content\/uploads\/2025\/08\/rod-FR.jpg\" alt=\"rod-FR\" itemprop=\"image\" height=\"800\" width=\"800\" title=\"rod-FR\" onerror=\"this.style.display='none'\" loading=\"lazy\" \/>\n\t\t\t\t<img decoding=\"async\" src=\"https:\/\/aglow.org\/wp-content\/uploads\/2025\/08\/expectant-FR.jpg\" alt=\"expectant-FR\" itemprop=\"image\" height=\"800\" width=\"800\" title=\"expectant-FR\" onerror=\"this.style.display='none'\" loading=\"lazy\" \/>\n\t\t\t\t<img decoding=\"async\" src=\"https:\/\/aglow.org\/wp-content\/uploads\/2025\/08\/treasure-fr.jpg\" alt=\"treasure-fr\" itemprop=\"image\" height=\"800\" width=\"800\" title=\"treasure-fr\" onerror=\"this.style.display='none'\" loading=\"lazy\" \/>\n\t\t\t\t<img decoding=\"async\" src=\"https:\/\/aglow.org\/wp-content\/uploads\/2025\/08\/holy-spirit-fr.jpg\" alt=\"holy-spirit-fr\" itemprop=\"image\" height=\"800\" width=\"800\" title=\"holy-spirit-fr\" onerror=\"this.style.display='none'\" loading=\"lazy\" \/>\n\t\t\t\t<img decoding=\"async\" src=\"https:\/\/aglow.org\/wp-content\/uploads\/2025\/08\/expanding-fr.jpg\" alt=\"expanding-fr\" itemprop=\"image\" height=\"800\" width=\"800\" title=\"expanding-fr\" onerror=\"this.style.display='none'\" loading=\"lazy\" \/>\n\t\t\t\t<img decoding=\"async\" src=\"https:\/\/aglow.org\/wp-content\/uploads\/2025\/08\/difference-fr-.jpg\" alt=\"difference-fr-\" itemprop=\"image\" height=\"800\" width=\"800\" title=\"difference-fr-\" onerror=\"this.style.display='none'\" loading=\"lazy\" \/>\n\t\t\t\t<img decoding=\"async\" src=\"https:\/\/aglow.org\/wp-content\/uploads\/2025\/08\/WithYou-FR.jpg\" alt=\"WithYou-FR\" itemprop=\"image\" height=\"800\" width=\"800\" title=\"WithYou-FR\" onerror=\"this.style.display='none'\" loading=\"lazy\" \/>\n\t\t\t\t<img decoding=\"async\" src=\"https:\/\/aglow.org\/wp-content\/uploads\/2025\/08\/Tongues-fr.jpg\" alt=\"Tongues-fr\" itemprop=\"image\" height=\"800\" width=\"800\" title=\"Tongues-fr\" onerror=\"this.style.display='none'\" loading=\"lazy\" \/>\n\n","protected":false},"excerpt":{"rendered":"<p>Graphiques partageables &#8211; 2 Page 1 Partagez ces images lors des r\u00e9unions et conf\u00e9rences Aglow, sur Facebook et autres r\u00e9seaux sociaux. Pour t\u00e9l\u00e9charger, faites un clic droit sur l&rsquo;image et choisissez \u00ab Enregistrer l&rsquo;image sous \u00bb.<\/p>\n","protected":false},"author":3,"featured_media":0,"parent":0,"menu_order":0,"comment_status":"closed","ping_status":"closed","template":"","meta":{"footnotes":""},"class_list":["post-3678","page","type-page","status-publish","hentry"],"yoast_head":"<!-- This site is optimized with the Yoast SEO plugin v27.3 - https:\/\/yoast.com\/product\/yoast-seo-wordpress\/ -->\n<title>Graphiques partageables - 2 - Aglow International<\/title>\n<meta name=\"robots\" content=\"index, follow, max-snippet:-1, max-image-preview:large, max-video-preview:-1\" \/>\n<link rel=\"canonical\" href=\"https:\/\/aglow.org\/fr\/graphiques-partageables-2\/\" \/>\n<meta property=\"og:locale\" content=\"fr_FR\" \/>\n<meta property=\"og:type\" content=\"article\" \/>\n<meta property=\"og:title\" content=\"Graphiques partageables - 2 - Aglow International\" \/>\n<meta property=\"og:description\" content=\"Graphiques partageables &#8211; 2 Page 1 Partagez ces images lors des r\u00e9unions et conf\u00e9rences Aglow, sur Facebook et autres r\u00e9seaux sociaux. Pour t\u00e9l\u00e9charger, faites un clic droit sur l&rsquo;image et choisissez \u00ab Enregistrer l&rsquo;image sous \u00bb.\" \/>\n<meta property=\"og:url\" content=\"https:\/\/aglow.org\/fr\/graphiques-partageables-2\/\" \/>\n<meta property=\"og:site_name\" content=\"Aglow International\" \/>\n<meta property=\"article:modified_time\" content=\"2025-08-07T15:48:50+00:00\" \/>\n<meta property=\"og:image\" content=\"https:\/\/aglow.org\/wp-content\/uploads\/2025\/08\/openheart-FR.jpg\" \/>\n<meta name=\"twitter:card\" content=\"summary_large_image\" \/>\n<meta name=\"twitter:label1\" content=\"Dur\u00e9e de lecture estim\u00e9e\" \/>\n\t<meta name=\"twitter:data1\" content=\"5 minutes\" \/>\n<script type=\"application\/ld+json\" class=\"yoast-schema-graph\">{\"@context\":\"https:\\\/\\\/schema.org\",\"@graph\":[{\"@type\":\"WebPage\",\"@id\":\"https:\\\/\\\/aglow.org\\\/fr\\\/graphiques-partageables-2\\\/\",\"url\":\"https:\\\/\\\/aglow.org\\\/fr\\\/graphiques-partageables-2\\\/\",\"name\":\"Graphiques partageables - 2 - Aglow International\",\"isPartOf\":{\"@id\":\"https:\\\/\\\/aglow.org\\\/fr\\\/#website\"},\"primaryImageOfPage\":{\"@id\":\"https:\\\/\\\/aglow.org\\\/fr\\\/graphiques-partageables-2\\\/#primaryimage\"},\"image\":{\"@id\":\"https:\\\/\\\/aglow.org\\\/fr\\\/graphiques-partageables-2\\\/#primaryimage\"},\"thumbnailUrl\":\"https:\\\/\\\/aglow.org\\\/wp-content\\\/uploads\\\/2025\\\/08\\\/openheart-FR.jpg\",\"datePublished\":\"2025-08-04T21:07:08+00:00\",\"dateModified\":\"2025-08-07T15:48:50+00:00\",\"breadcrumb\":{\"@id\":\"https:\\\/\\\/aglow.org\\\/fr\\\/graphiques-partageables-2\\\/#breadcrumb\"},\"inLanguage\":\"fr-FR\",\"potentialAction\":[{\"@type\":\"ReadAction\",\"target\":[\"https:\\\/\\\/aglow.org\\\/fr\\\/graphiques-partageables-2\\\/\"]}]},{\"@type\":\"ImageObject\",\"inLanguage\":\"fr-FR\",\"@id\":\"https:\\\/\\\/aglow.org\\\/fr\\\/graphiques-partageables-2\\\/#primaryimage\",\"url\":\"https:\\\/\\\/aglow.org\\\/wp-content\\\/uploads\\\/2025\\\/08\\\/openheart-FR.jpg\",\"contentUrl\":\"https:\\\/\\\/aglow.org\\\/wp-content\\\/uploads\\\/2025\\\/08\\\/openheart-FR.jpg\"},{\"@type\":\"BreadcrumbList\",\"@id\":\"https:\\\/\\\/aglow.org\\\/fr\\\/graphiques-partageables-2\\\/#breadcrumb\",\"itemListElement\":[{\"@type\":\"ListItem\",\"position\":1,\"name\":\"Home\",\"item\":\"https:\\\/\\\/aglow.org\\\/fr\\\/\"},{\"@type\":\"ListItem\",\"position\":2,\"name\":\"Graphiques partageables &#8211; 2\"}]},{\"@type\":\"WebSite\",\"@id\":\"https:\\\/\\\/aglow.org\\\/fr\\\/#website\",\"url\":\"https:\\\/\\\/aglow.org\\\/fr\\\/\",\"name\":\"Aglow International\",\"description\":\"\",\"publisher\":{\"@id\":\"https:\\\/\\\/aglow.org\\\/fr\\\/#organization\"},\"potentialAction\":[{\"@type\":\"SearchAction\",\"target\":{\"@type\":\"EntryPoint\",\"urlTemplate\":\"https:\\\/\\\/aglow.org\\\/fr\\\/?s={search_term_string}\"},\"query-input\":{\"@type\":\"PropertyValueSpecification\",\"valueRequired\":true,\"valueName\":\"search_term_string\"}}],\"inLanguage\":\"fr-FR\"},{\"@type\":\"Organization\",\"@id\":\"https:\\\/\\\/aglow.org\\\/fr\\\/#organization\",\"name\":\"Aglow International\",\"url\":\"https:\\\/\\\/aglow.org\\\/fr\\\/\",\"logo\":{\"@type\":\"ImageObject\",\"inLanguage\":\"fr-FR\",\"@id\":\"https:\\\/\\\/aglow.org\\\/fr\\\/#\\\/schema\\\/logo\\\/image\\\/\",\"url\":\"https:\\\/\\\/aglow.org\\\/wp-content\\\/uploads\\\/2025\\\/04\\\/Aglow_logo_orange_800px.png\",\"contentUrl\":\"https:\\\/\\\/aglow.org\\\/wp-content\\\/uploads\\\/2025\\\/04\\\/Aglow_logo_orange_800px.png\",\"width\":800,\"height\":302,\"caption\":\"Aglow International\"},\"image\":{\"@id\":\"https:\\\/\\\/aglow.org\\\/fr\\\/#\\\/schema\\\/logo\\\/image\\\/\"}}]}<\/script>\n<!-- \/ Yoast SEO plugin. -->","yoast_head_json":{"title":"Graphiques partageables - 2 - Aglow International","robots":{"index":"index","follow":"follow","max-snippet":"max-snippet:-1","max-image-preview":"max-image-preview:large","max-video-preview":"max-video-preview:-1"},"canonical":"https:\/\/aglow.org\/fr\/graphiques-partageables-2\/","og_locale":"fr_FR","og_type":"article","og_title":"Graphiques partageables - 2 - Aglow International","og_description":"Graphiques partageables &#8211; 2 Page 1 Partagez ces images lors des r\u00e9unions et conf\u00e9rences Aglow, sur Facebook et autres r\u00e9seaux sociaux. Pour t\u00e9l\u00e9charger, faites un clic droit sur l&rsquo;image et choisissez \u00ab Enregistrer l&rsquo;image sous \u00bb.","og_url":"https:\/\/aglow.org\/fr\/graphiques-partageables-2\/","og_site_name":"Aglow International","article_modified_time":"2025-08-07T15:48:50+00:00","og_image":[{"url":"https:\/\/aglow.org\/wp-content\/uploads\/2025\/08\/openheart-FR.jpg","type":"","width":"","height":""}],"twitter_card":"summary_large_image","twitter_misc":{"Dur\u00e9e de lecture estim\u00e9e":"5 minutes"},"schema":{"@context":"https:\/\/schema.org","@graph":[{"@type":"WebPage","@id":"https:\/\/aglow.org\/fr\/graphiques-partageables-2\/","url":"https:\/\/aglow.org\/fr\/graphiques-partageables-2\/","name":"Graphiques partageables - 2 - Aglow International","isPartOf":{"@id":"https:\/\/aglow.org\/fr\/#website"},"primaryImageOfPage":{"@id":"https:\/\/aglow.org\/fr\/graphiques-partageables-2\/#primaryimage"},"image":{"@id":"https:\/\/aglow.org\/fr\/graphiques-partageables-2\/#primaryimage"},"thumbnailUrl":"https:\/\/aglow.org\/wp-content\/uploads\/2025\/08\/openheart-FR.jpg","datePublished":"2025-08-04T21:07:08+00:00","dateModified":"2025-08-07T15:48:50+00:00","breadcrumb":{"@id":"https:\/\/aglow.org\/fr\/graphiques-partageables-2\/#breadcrumb"},"inLanguage":"fr-FR","potentialAction":[{"@type":"ReadAction","target":["https:\/\/aglow.org\/fr\/graphiques-partageables-2\/"]}]},{"@type":"ImageObject","inLanguage":"fr-FR","@id":"https:\/\/aglow.org\/fr\/graphiques-partageables-2\/#primaryimage","url":"https:\/\/aglow.org\/wp-content\/uploads\/2025\/08\/openheart-FR.jpg","contentUrl":"https:\/\/aglow.org\/wp-content\/uploads\/2025\/08\/openheart-FR.jpg"},{"@type":"BreadcrumbList","@id":"https:\/\/aglow.org\/fr\/graphiques-partageables-2\/#breadcrumb","itemListElement":[{"@type":"ListItem","position":1,"name":"Home","item":"https:\/\/aglow.org\/fr\/"},{"@type":"ListItem","position":2,"name":"Graphiques partageables &#8211; 2"}]},{"@type":"WebSite","@id":"https:\/\/aglow.org\/fr\/#website","url":"https:\/\/aglow.org\/fr\/","name":"Aglow International","description":"","publisher":{"@id":"https:\/\/aglow.org\/fr\/#organization"},"potentialAction":[{"@type":"SearchAction","target":{"@type":"EntryPoint","urlTemplate":"https:\/\/aglow.org\/fr\/?s={search_term_string}"},"query-input":{"@type":"PropertyValueSpecification","valueRequired":true,"valueName":"search_term_string"}}],"inLanguage":"fr-FR"},{"@type":"Organization","@id":"https:\/\/aglow.org\/fr\/#organization","name":"Aglow International","url":"https:\/\/aglow.org\/fr\/","logo":{"@type":"ImageObject","inLanguage":"fr-FR","@id":"https:\/\/aglow.org\/fr\/#\/schema\/logo\/image\/","url":"https:\/\/aglow.org\/wp-content\/uploads\/2025\/04\/Aglow_logo_orange_800px.png","contentUrl":"https:\/\/aglow.org\/wp-content\/uploads\/2025\/04\/Aglow_logo_orange_800px.png","width":800,"height":302,"caption":"Aglow International"},"image":{"@id":"https:\/\/aglow.org\/fr\/#\/schema\/logo\/image\/"}}]}},"_links":{"self":[{"href":"https:\/\/aglow.org\/fr\/wp-json\/wp\/v2\/pages\/3678","targetHints":{"allow":["GET"]}}],"collection":[{"href":"https:\/\/aglow.org\/fr\/wp-json\/wp\/v2\/pages"}],"about":[{"href":"https:\/\/aglow.org\/fr\/wp-json\/wp\/v2\/types\/page"}],"author":[{"embeddable":true,"href":"https:\/\/aglow.org\/fr\/wp-json\/wp\/v2\/users\/3"}],"replies":[{"embeddable":true,"href":"https:\/\/aglow.org\/fr\/wp-json\/wp\/v2\/comments?post=3678"}],"version-history":[{"count":3,"href":"https:\/\/aglow.org\/fr\/wp-json\/wp\/v2\/pages\/3678\/revisions"}],"predecessor-version":[{"id":3682,"href":"https:\/\/aglow.org\/fr\/wp-json\/wp\/v2\/pages\/3678\/revisions\/3682"}],"wp:attachment":[{"href":"https:\/\/aglow.org\/fr\/wp-json\/wp\/v2\/media?parent=3678"}],"curies":[{"name":"wp","href":"https:\/\/api.w.org\/{rel}","templated":true}]}}