{"id":3192,"date":"2025-04-11T19:21:22","date_gmt":"2025-04-11T19:21:22","guid":{"rendered":"https:\/\/aglow.org\/graphiques-partageables\/"},"modified":"2026-03-25T20:41:43","modified_gmt":"2026-03-25T20:41:43","slug":"graphiques-partageables","status":"publish","type":"page","link":"https:\/\/aglow.org\/fr\/graphiques-partageables\/","title":{"rendered":"Graphiques partageables"},"content":{"rendered":"\n<h1>\n\t\t\tGraphiques partageables\t<\/h1>\n\t<p>Partagez ces images lors des r\u00e9unions et conf\u00e9rences Aglow, sur Facebook et autres r\u00e9seaux sociaux.<\/p>\n<p>Pour t\u00e9l\u00e9charger, <strong>faites un clic droit <\/strong>sur l&rsquo;image et choisissez \u00ab <strong>Enregistrer l&rsquo;image sous<\/strong> \u00bb.<\/p>\n<figure itemscope itemtype=\"https:\/\/schema.org\/ImageObject\">\n\t\t\t\t<img decoding=\"async\" src=\"https:\/\/aglow.org\/wp-content\/uploads\/2026\/03\/standard-FR.jpg\" alt=\"\u00c9lever un \u00c9tendard\" height=\"800\" width=\"800\" title=\"\u00c9lever un \u00c9tendard\" onerror=\"this.style.display='none'\" loading=\"lazy\" \/>\n\t<\/figure>\n<figure itemscope itemtype=\"https:\/\/schema.org\/ImageObject\">\n\t\t\t\t<img decoding=\"async\" src=\"https:\/\/aglow.org\/wp-content\/uploads\/2026\/02\/crush-chaos-FR-1.jpg\" alt=\"\u00c9crasez le chaos\" height=\"800\" width=\"800\" title=\"\u00c9crasez le chaos\" onerror=\"this.style.display='none'\" loading=\"lazy\" \/>\n\t<\/figure>\n<figure itemscope itemtype=\"https:\/\/schema.org\/ImageObject\">\n\t\t\t\t<img decoding=\"async\" src=\"https:\/\/aglow.org\/wp-content\/uploads\/2026\/02\/camp-FR-1.jpg\" alt=\"La pr\u00e9sence de Dieu est le feu autour duquel nous campions Actualit\u00e9s\" height=\"800\" width=\"800\" title=\"La pr\u00e9sence de Dieu est le feu autour duquel nous campions Actualit\u00e9s\" onerror=\"this.style.display='none'\" loading=\"lazy\" \/>\n\t<\/figure>\n<figure itemscope itemtype=\"https:\/\/schema.org\/ImageObject\">\n\t\t\t\t<img decoding=\"async\" src=\"https:\/\/aglow.org\/wp-content\/uploads\/2026\/01\/airplane-FR-1.jpg\" alt=\"avons\" height=\"800\" width=\"800\" title=\"avons\" onerror=\"this.style.display='none'\" loading=\"lazy\" \/>\n\t<\/figure>\n<figure itemscope itemtype=\"https:\/\/schema.org\/ImageObject\">\n\t\t\t\t<img decoding=\"async\" src=\"https:\/\/aglow.org\/wp-content\/uploads\/2025\/12\/prophesy-FR.jpg\" alt=\"Proph\u00e9tisez sur vos nations!\" height=\"800\" width=\"800\" title=\"Proph\u00e9tisez sur vos nations!\" onerror=\"this.style.display='none'\" loading=\"lazy\" \/>\n\t<\/figure>\n<figure itemscope itemtype=\"https:\/\/schema.org\/ImageObject\">\n\t\t\t\t<img decoding=\"async\" src=\"https:\/\/aglow.org\/wp-content\/uploads\/2025\/11\/hosanna-FR-1.jpg\" alt=\"Hosanna\" height=\"800\" width=\"800\" title=\"hosanna-FR\" onerror=\"this.style.display='none'\" loading=\"lazy\" \/>\n\t<\/figure>\n<figure itemscope itemtype=\"https:\/\/schema.org\/ImageObject\">\n\t\t\t\t<img decoding=\"async\" src=\"https:\/\/aglow.org\/wp-content\/uploads\/2025\/10\/revival-FR-1.jpg\" alt=\"Le R\u00e9veil est l\u00e0!\" height=\"800\" width=\"800\" title=\"Le R\u00e9veil est l\u00e0!\" onerror=\"this.style.display='none'\" loading=\"lazy\" \/>\n\t<\/figure>\n<figure itemscope itemtype=\"https:\/\/schema.org\/ImageObject\">\n\t\t\t\t<img decoding=\"async\" src=\"https:\/\/aglow.org\/wp-content\/uploads\/2025\/09\/finished-FR.jpg\" alt=\"Tout est accompli\" height=\"800\" width=\"800\" title=\"finished-FR\" onerror=\"this.style.display='none'\" loading=\"lazy\" \/>\n\t<\/figure>\n<figure itemscope itemtype=\"https:\/\/schema.org\/ImageObject\">\n\t\t\t\t<img decoding=\"async\" src=\"https:\/\/aglow.org\/wp-content\/uploads\/2025\/08\/champions-FR.jpg\" alt=\"Champions\" height=\"1200\" width=\"1200\" title=\"champions-FR\" onerror=\"this.style.display='none'\" loading=\"lazy\" \/>\n\t<\/figure>\n<figure itemscope itemtype=\"https:\/\/schema.org\/ImageObject\">\n\t\t\t\t<img decoding=\"async\" src=\"https:\/\/aglow.org\/wp-content\/uploads\/2025\/07\/right-FR.jpg\" alt=\"right-FR\" height=\"800\" width=\"800\" title=\"right-FR\" onerror=\"this.style.display='none'\" loading=\"lazy\" \/>\n\t<\/figure>\n<figure itemscope itemtype=\"https:\/\/schema.org\/ImageObject\">\n\t\t\t\t<img decoding=\"async\" src=\"https:\/\/aglow.org\/wp-content\/uploads\/2025\/06\/Called-FR.jpg\" alt=\"Appel\u00e9s\" height=\"800\" width=\"800\" title=\"Called-FR\" onerror=\"this.style.display='none'\" loading=\"lazy\" \/>\n\t<\/figure>\n<figure itemscope itemtype=\"https:\/\/schema.org\/ImageObject\">\n\t\t\t\t<img decoding=\"async\" src=\"https:\/\/aglow.org\/wp-content\/uploads\/2025\/06\/awakening-FRb.jpg\" alt=\"L&#039;Esprit Saint nous conduit vers une nouvelle libert\u00e9 de r\u00e9veil !\" height=\"800\" width=\"800\" title=\"awakening-FRb\" onerror=\"this.style.display='none'\" loading=\"lazy\" \/>\n\t<\/figure>\n<figure itemscope itemtype=\"https:\/\/schema.org\/ImageObject\">\n\t\t\t\t<img decoding=\"async\" src=\"https:\/\/aglow.org\/wp-content\/uploads\/2025\/04\/strategies-FR.jpg\" alt=\"strategies-FR\" height=\"800\" width=\"800\" title=\"strategies-FR\" onerror=\"this.style.display='none'\" loading=\"lazy\" \/>\n\t<\/figure>\n<figure itemscope itemtype=\"https:\/\/schema.org\/ImageObject\">\n\t\t\t\t<img decoding=\"async\" src=\"https:\/\/aglow.org\/wp-content\/uploads\/2025\/07\/call-FR.jpg\" alt=\"call-FR\" height=\"800\" width=\"800\" title=\"call-FR\" onerror=\"this.style.display='none'\" loading=\"lazy\" \/>\n\t<\/figure>\n<figure itemscope itemtype=\"https:\/\/schema.org\/ImageObject\">\n\t\t\t\t<img decoding=\"async\" src=\"https:\/\/aglow.org\/wp-content\/uploads\/2025\/08\/strength-of-the-word-FR.jpg\" alt=\"strength-of-the-word-FR\" height=\"800\" width=\"800\" title=\"strength-of-the-word-FR\" onerror=\"this.style.display='none'\" loading=\"lazy\" \/>\n\t<\/figure>\n<figure itemscope itemtype=\"https:\/\/schema.org\/ImageObject\">\n\t\t\t\t<img decoding=\"async\" src=\"https:\/\/aglow.org\/wp-content\/uploads\/2025\/08\/portion-FR.jpg\" alt=\"portion-FR\" height=\"800\" width=\"800\" title=\"portion-FR\" onerror=\"this.style.display='none'\" loading=\"lazy\" \/>\n\t<\/figure>\n<figure itemscope itemtype=\"https:\/\/schema.org\/ImageObject\">\n\t\t\t\t<img decoding=\"async\" src=\"https:\/\/aglow.org\/wp-content\/uploads\/2025\/08\/legislation-FR.jpg\" alt=\"legislation-FR\" height=\"800\" width=\"800\" title=\"legislation-FR\" onerror=\"this.style.display='none'\" loading=\"lazy\" \/>\n\t<\/figure>\n<figure itemscope itemtype=\"https:\/\/schema.org\/ImageObject\">\n\t\t\t\t<img decoding=\"async\" src=\"https:\/\/aglow.org\/wp-content\/uploads\/2025\/08\/belongs-FR.jpg\" alt=\"belongs-FR\" height=\"800\" width=\"800\" title=\"belongs-FR\" onerror=\"this.style.display='none'\" loading=\"lazy\" \/>\n\t<\/figure>\n<figure itemscope itemtype=\"https:\/\/schema.org\/ImageObject\">\n\t\t\t\t<img decoding=\"async\" src=\"https:\/\/aglow.org\/wp-content\/uploads\/2025\/08\/steady-FR-.jpg\" alt=\"steady-FR-\" height=\"800\" width=\"800\" title=\"steady-FR-\" onerror=\"this.style.display='none'\" loading=\"lazy\" \/>\n\t<\/figure>\n<figure itemscope itemtype=\"https:\/\/schema.org\/ImageObject\">\n\t\t\t\t<img decoding=\"async\" src=\"https:\/\/aglow.org\/wp-content\/uploads\/2025\/08\/reap-FR.jpg\" alt=\"reap-FR\" height=\"1200\" width=\"1200\" title=\"reap-FR\" onerror=\"this.style.display='none'\" loading=\"lazy\" \/>\n\t<\/figure>\n<figure itemscope itemtype=\"https:\/\/schema.org\/ImageObject\">\n\t\t\t\t<img decoding=\"async\" src=\"https:\/\/aglow.org\/wp-content\/uploads\/2025\/08\/Grief-FR.jpg\" alt=\"Grief-FR\" height=\"800\" width=\"800\" title=\"Grief-FR\" onerror=\"this.style.display='none'\" loading=\"lazy\" \/>\n\t<\/figure>\n<figure itemscope itemtype=\"https:\/\/schema.org\/ImageObject\">\n\t\t\t\t<img decoding=\"async\" src=\"https:\/\/aglow.org\/wp-content\/uploads\/2025\/08\/OneWithIsrael-FR.jpg\" alt=\"OneWithIsrael-FR\" height=\"800\" width=\"800\" title=\"OneWithIsrael-FR\" onerror=\"this.style.display='none'\" loading=\"lazy\" \/>\n\t<\/figure>\n<figure itemscope itemtype=\"https:\/\/schema.org\/ImageObject\">\n\t\t\t\t<img decoding=\"async\" src=\"https:\/\/aglow.org\/wp-content\/uploads\/2025\/08\/trust-FR.jpg\" alt=\"trust-FR\" height=\"800\" width=\"800\" title=\"trust-FR\" onerror=\"this.style.display='none'\" loading=\"lazy\" \/>\n\t<\/figure>\n<figure itemscope itemtype=\"https:\/\/schema.org\/ImageObject\">\n\t\t\t\t<img decoding=\"async\" src=\"https:\/\/aglow.org\/wp-content\/uploads\/2025\/08\/sound-FR.jpg\" alt=\"sound-FR\" height=\"800\" width=\"800\" title=\"sound-FR\" onerror=\"this.style.display='none'\" loading=\"lazy\" \/>\n\t<\/figure>\n<figure itemscope itemtype=\"https:\/\/schema.org\/ImageObject\">\n\t\t\t\t<img decoding=\"async\" src=\"https:\/\/aglow.org\/wp-content\/uploads\/2025\/08\/shake-FR.jpg\" alt=\"shake-FR\" height=\"800\" width=\"800\" title=\"shake-FR\" onerror=\"this.style.display='none'\" loading=\"lazy\" \/>\n\t<\/figure>\n<figure itemscope itemtype=\"https:\/\/schema.org\/ImageObject\">\n\t\t\t\t<img decoding=\"async\" src=\"https:\/\/aglow.org\/wp-content\/uploads\/2025\/08\/share-FR.jpg\" alt=\"share-FR\" height=\"800\" width=\"800\" title=\"share-FR\" onerror=\"this.style.display='none'\" loading=\"lazy\" \/>\n\t<\/figure>\n<figure itemscope itemtype=\"https:\/\/schema.org\/ImageObject\">\n\t\t\t\t<img decoding=\"async\" src=\"https:\/\/aglow.org\/wp-content\/uploads\/2025\/08\/fire-glory-FR.jpg\" alt=\"fire-glory-FR\" height=\"800\" width=\"800\" title=\"fire-glory-FR\" onerror=\"this.style.display='none'\" loading=\"lazy\" \/>\n\t<\/figure>\n<figure itemscope itemtype=\"https:\/\/schema.org\/ImageObject\">\n\t\t\t\t<img decoding=\"async\" src=\"https:\/\/aglow.org\/wp-content\/uploads\/2025\/08\/song-FR.jpg\" alt=\"song-FR\" height=\"800\" width=\"800\" title=\"song-FR\" onerror=\"this.style.display='none'\" loading=\"lazy\" \/>\n\t<\/figure>\n<figure itemscope itemtype=\"https:\/\/schema.org\/ImageObject\">\n\t\t\t\t<img decoding=\"async\" src=\"https:\/\/aglow.org\/wp-content\/uploads\/2025\/08\/night-season-FR.jpg\" alt=\"night-season-FR\" height=\"800\" width=\"800\" title=\"night-season-FR\" onerror=\"this.style.display='none'\" loading=\"lazy\" \/>\n\t<\/figure>\n<figure itemscope itemtype=\"https:\/\/schema.org\/ImageObject\">\n\t\t\t\t<img decoding=\"async\" src=\"https:\/\/aglow.org\/wp-content\/uploads\/2025\/08\/Zion-FR.jpg\" alt=\"Zion-FR\" height=\"800\" width=\"800\" title=\"Zion-FR\" onerror=\"this.style.display='none'\" loading=\"lazy\" \/>\n\t<\/figure>\n<figure itemscope itemtype=\"https:\/\/schema.org\/ImageObject\">\n\t\t\t\t<img decoding=\"async\" src=\"https:\/\/aglow.org\/wp-content\/uploads\/2025\/08\/AppleOfHIsEye-FR.jpg\" alt=\"AppleOfHIsEye-FR\" height=\"800\" width=\"800\" title=\"AppleOfHIsEye-FR\" onerror=\"this.style.display='none'\" loading=\"lazy\" \/>\n\t<\/figure>\n<figure itemscope itemtype=\"https:\/\/schema.org\/ImageObject\">\n\t\t\t\t<img decoding=\"async\" src=\"https:\/\/aglow.org\/wp-content\/uploads\/2025\/08\/established-FR.jpg\" alt=\"established-FR\" height=\"800\" width=\"800\" title=\"established-FR\" onerror=\"this.style.display='none'\" loading=\"lazy\" \/>\n\t<\/figure>\n<figure itemscope itemtype=\"https:\/\/schema.org\/ImageObject\">\n\t\t\t\t<img decoding=\"async\" src=\"https:\/\/aglow.org\/wp-content\/uploads\/2025\/08\/open-FR.jpg\" alt=\"open-FR\" height=\"800\" width=\"800\" title=\"open-FR\" onerror=\"this.style.display='none'\" loading=\"lazy\" \/>\n\t<\/figure>\n\n","protected":false},"excerpt":{"rendered":"<p>Graphiques partageables Partagez ces images lors des r\u00e9unions et conf\u00e9rences Aglow, sur Facebook et autres r\u00e9seaux sociaux. Pour t\u00e9l\u00e9charger, faites un clic droit sur l&rsquo;image et choisissez \u00ab Enregistrer l&rsquo;image sous \u00bb.<\/p>\n","protected":false},"author":3,"featured_media":0,"parent":0,"menu_order":0,"comment_status":"closed","ping_status":"closed","template":"","meta":{"footnotes":""},"class_list":["post-3192","page","type-page","status-publish","hentry"],"yoast_head":"<!-- This site is optimized with the Yoast SEO plugin v27.3 - https:\/\/yoast.com\/product\/yoast-seo-wordpress\/ -->\n<title>Graphiques partageables - Aglow International<\/title>\n<meta name=\"robots\" content=\"index, follow, max-snippet:-1, max-image-preview:large, max-video-preview:-1\" \/>\n<link rel=\"canonical\" href=\"https:\/\/aglow.org\/fr\/graphiques-partageables\/\" \/>\n<meta property=\"og:locale\" content=\"fr_FR\" \/>\n<meta property=\"og:type\" content=\"article\" \/>\n<meta property=\"og:title\" content=\"Graphiques partageables - Aglow International\" \/>\n<meta property=\"og:description\" content=\"Graphiques partageables Partagez ces images lors des r\u00e9unions et conf\u00e9rences Aglow, sur Facebook et autres r\u00e9seaux sociaux. Pour t\u00e9l\u00e9charger, faites un clic droit sur l&rsquo;image et choisissez \u00ab Enregistrer l&rsquo;image sous \u00bb.\" \/>\n<meta property=\"og:url\" content=\"https:\/\/aglow.org\/fr\/graphiques-partageables\/\" \/>\n<meta property=\"og:site_name\" content=\"Aglow International\" \/>\n<meta property=\"article:modified_time\" content=\"2026-03-25T20:41:43+00:00\" \/>\n<meta property=\"og:image\" content=\"https:\/\/aglow.org\/wp-content\/uploads\/2026\/03\/standard-FR.jpg\" \/>\n<meta name=\"twitter:card\" content=\"summary_large_image\" \/>\n<meta name=\"twitter:label1\" content=\"Dur\u00e9e de lecture estim\u00e9e\" \/>\n\t<meta name=\"twitter:data1\" content=\"7 minutes\" \/>\n<script type=\"application\/ld+json\" class=\"yoast-schema-graph\">{\"@context\":\"https:\\\/\\\/schema.org\",\"@graph\":[{\"@type\":\"WebPage\",\"@id\":\"https:\\\/\\\/aglow.org\\\/fr\\\/graphiques-partageables\\\/\",\"url\":\"https:\\\/\\\/aglow.org\\\/fr\\\/graphiques-partageables\\\/\",\"name\":\"Graphiques partageables - Aglow International\",\"isPartOf\":{\"@id\":\"https:\\\/\\\/aglow.org\\\/fr\\\/#website\"},\"primaryImageOfPage\":{\"@id\":\"https:\\\/\\\/aglow.org\\\/fr\\\/graphiques-partageables\\\/#primaryimage\"},\"image\":{\"@id\":\"https:\\\/\\\/aglow.org\\\/fr\\\/graphiques-partageables\\\/#primaryimage\"},\"thumbnailUrl\":\"https:\\\/\\\/aglow.org\\\/wp-content\\\/uploads\\\/2026\\\/03\\\/standard-FR.jpg\",\"datePublished\":\"2025-04-11T19:21:22+00:00\",\"dateModified\":\"2026-03-25T20:41:43+00:00\",\"breadcrumb\":{\"@id\":\"https:\\\/\\\/aglow.org\\\/fr\\\/graphiques-partageables\\\/#breadcrumb\"},\"inLanguage\":\"fr-FR\",\"potentialAction\":[{\"@type\":\"ReadAction\",\"target\":[\"https:\\\/\\\/aglow.org\\\/fr\\\/graphiques-partageables\\\/\"]}]},{\"@type\":\"ImageObject\",\"inLanguage\":\"fr-FR\",\"@id\":\"https:\\\/\\\/aglow.org\\\/fr\\\/graphiques-partageables\\\/#primaryimage\",\"url\":\"https:\\\/\\\/aglow.org\\\/wp-content\\\/uploads\\\/2026\\\/03\\\/standard-FR.jpg\",\"contentUrl\":\"https:\\\/\\\/aglow.org\\\/wp-content\\\/uploads\\\/2026\\\/03\\\/standard-FR.jpg\"},{\"@type\":\"BreadcrumbList\",\"@id\":\"https:\\\/\\\/aglow.org\\\/fr\\\/graphiques-partageables\\\/#breadcrumb\",\"itemListElement\":[{\"@type\":\"ListItem\",\"position\":1,\"name\":\"Home\",\"item\":\"https:\\\/\\\/aglow.org\\\/fr\\\/\"},{\"@type\":\"ListItem\",\"position\":2,\"name\":\"Graphiques partageables\"}]},{\"@type\":\"WebSite\",\"@id\":\"https:\\\/\\\/aglow.org\\\/fr\\\/#website\",\"url\":\"https:\\\/\\\/aglow.org\\\/fr\\\/\",\"name\":\"Aglow International\",\"description\":\"\",\"publisher\":{\"@id\":\"https:\\\/\\\/aglow.org\\\/fr\\\/#organization\"},\"potentialAction\":[{\"@type\":\"SearchAction\",\"target\":{\"@type\":\"EntryPoint\",\"urlTemplate\":\"https:\\\/\\\/aglow.org\\\/fr\\\/?s={search_term_string}\"},\"query-input\":{\"@type\":\"PropertyValueSpecification\",\"valueRequired\":true,\"valueName\":\"search_term_string\"}}],\"inLanguage\":\"fr-FR\"},{\"@type\":\"Organization\",\"@id\":\"https:\\\/\\\/aglow.org\\\/fr\\\/#organization\",\"name\":\"Aglow International\",\"url\":\"https:\\\/\\\/aglow.org\\\/fr\\\/\",\"logo\":{\"@type\":\"ImageObject\",\"inLanguage\":\"fr-FR\",\"@id\":\"https:\\\/\\\/aglow.org\\\/fr\\\/#\\\/schema\\\/logo\\\/image\\\/\",\"url\":\"https:\\\/\\\/aglow.org\\\/wp-content\\\/uploads\\\/2025\\\/04\\\/Aglow_logo_orange_800px.png\",\"contentUrl\":\"https:\\\/\\\/aglow.org\\\/wp-content\\\/uploads\\\/2025\\\/04\\\/Aglow_logo_orange_800px.png\",\"width\":800,\"height\":302,\"caption\":\"Aglow International\"},\"image\":{\"@id\":\"https:\\\/\\\/aglow.org\\\/fr\\\/#\\\/schema\\\/logo\\\/image\\\/\"}}]}<\/script>\n<!-- \/ Yoast SEO plugin. -->","yoast_head_json":{"title":"Graphiques partageables - Aglow International","robots":{"index":"index","follow":"follow","max-snippet":"max-snippet:-1","max-image-preview":"max-image-preview:large","max-video-preview":"max-video-preview:-1"},"canonical":"https:\/\/aglow.org\/fr\/graphiques-partageables\/","og_locale":"fr_FR","og_type":"article","og_title":"Graphiques partageables - Aglow International","og_description":"Graphiques partageables Partagez ces images lors des r\u00e9unions et conf\u00e9rences Aglow, sur Facebook et autres r\u00e9seaux sociaux. Pour t\u00e9l\u00e9charger, faites un clic droit sur l&rsquo;image et choisissez \u00ab Enregistrer l&rsquo;image sous \u00bb.","og_url":"https:\/\/aglow.org\/fr\/graphiques-partageables\/","og_site_name":"Aglow International","article_modified_time":"2026-03-25T20:41:43+00:00","og_image":[{"url":"https:\/\/aglow.org\/wp-content\/uploads\/2026\/03\/standard-FR.jpg","type":"","width":"","height":""}],"twitter_card":"summary_large_image","twitter_misc":{"Dur\u00e9e de lecture estim\u00e9e":"7 minutes"},"schema":{"@context":"https:\/\/schema.org","@graph":[{"@type":"WebPage","@id":"https:\/\/aglow.org\/fr\/graphiques-partageables\/","url":"https:\/\/aglow.org\/fr\/graphiques-partageables\/","name":"Graphiques partageables - Aglow International","isPartOf":{"@id":"https:\/\/aglow.org\/fr\/#website"},"primaryImageOfPage":{"@id":"https:\/\/aglow.org\/fr\/graphiques-partageables\/#primaryimage"},"image":{"@id":"https:\/\/aglow.org\/fr\/graphiques-partageables\/#primaryimage"},"thumbnailUrl":"https:\/\/aglow.org\/wp-content\/uploads\/2026\/03\/standard-FR.jpg","datePublished":"2025-04-11T19:21:22+00:00","dateModified":"2026-03-25T20:41:43+00:00","breadcrumb":{"@id":"https:\/\/aglow.org\/fr\/graphiques-partageables\/#breadcrumb"},"inLanguage":"fr-FR","potentialAction":[{"@type":"ReadAction","target":["https:\/\/aglow.org\/fr\/graphiques-partageables\/"]}]},{"@type":"ImageObject","inLanguage":"fr-FR","@id":"https:\/\/aglow.org\/fr\/graphiques-partageables\/#primaryimage","url":"https:\/\/aglow.org\/wp-content\/uploads\/2026\/03\/standard-FR.jpg","contentUrl":"https:\/\/aglow.org\/wp-content\/uploads\/2026\/03\/standard-FR.jpg"},{"@type":"BreadcrumbList","@id":"https:\/\/aglow.org\/fr\/graphiques-partageables\/#breadcrumb","itemListElement":[{"@type":"ListItem","position":1,"name":"Home","item":"https:\/\/aglow.org\/fr\/"},{"@type":"ListItem","position":2,"name":"Graphiques partageables"}]},{"@type":"WebSite","@id":"https:\/\/aglow.org\/fr\/#website","url":"https:\/\/aglow.org\/fr\/","name":"Aglow International","description":"","publisher":{"@id":"https:\/\/aglow.org\/fr\/#organization"},"potentialAction":[{"@type":"SearchAction","target":{"@type":"EntryPoint","urlTemplate":"https:\/\/aglow.org\/fr\/?s={search_term_string}"},"query-input":{"@type":"PropertyValueSpecification","valueRequired":true,"valueName":"search_term_string"}}],"inLanguage":"fr-FR"},{"@type":"Organization","@id":"https:\/\/aglow.org\/fr\/#organization","name":"Aglow International","url":"https:\/\/aglow.org\/fr\/","logo":{"@type":"ImageObject","inLanguage":"fr-FR","@id":"https:\/\/aglow.org\/fr\/#\/schema\/logo\/image\/","url":"https:\/\/aglow.org\/wp-content\/uploads\/2025\/04\/Aglow_logo_orange_800px.png","contentUrl":"https:\/\/aglow.org\/wp-content\/uploads\/2025\/04\/Aglow_logo_orange_800px.png","width":800,"height":302,"caption":"Aglow International"},"image":{"@id":"https:\/\/aglow.org\/fr\/#\/schema\/logo\/image\/"}}]}},"_links":{"self":[{"href":"https:\/\/aglow.org\/fr\/wp-json\/wp\/v2\/pages\/3192","targetHints":{"allow":["GET"]}}],"collection":[{"href":"https:\/\/aglow.org\/fr\/wp-json\/wp\/v2\/pages"}],"about":[{"href":"https:\/\/aglow.org\/fr\/wp-json\/wp\/v2\/types\/page"}],"author":[{"embeddable":true,"href":"https:\/\/aglow.org\/fr\/wp-json\/wp\/v2\/users\/3"}],"replies":[{"embeddable":true,"href":"https:\/\/aglow.org\/fr\/wp-json\/wp\/v2\/comments?post=3192"}],"version-history":[{"count":12,"href":"https:\/\/aglow.org\/fr\/wp-json\/wp\/v2\/pages\/3192\/revisions"}],"predecessor-version":[{"id":8033,"href":"https:\/\/aglow.org\/fr\/wp-json\/wp\/v2\/pages\/3192\/revisions\/8033"}],"wp:attachment":[{"href":"https:\/\/aglow.org\/fr\/wp-json\/wp\/v2\/media?parent=3192"}],"curies":[{"name":"wp","href":"https:\/\/api.w.org\/{rel}","templated":true}]}}