{"id":8430,"date":"2026-04-07T19:44:37","date_gmt":"2026-04-07T19:44:37","guid":{"rendered":"https:\/\/aglow.org\/hablar-en-lenguas\/"},"modified":"2026-04-23T20:47:31","modified_gmt":"2026-04-23T20:47:31","slug":"hablar-en-lenguas","status":"publish","type":"page","link":"https:\/\/aglow.org\/es\/hablar-en-lenguas\/","title":{"rendered":"Hablar en lenguas"},"content":{"rendered":"\n<h1>\n\t\t\tEl Esp\u00edritu Santo y el lenguaje gubernamental del cielo\t<\/h1>\n\t<p>Desde que Aglow comenz\u00f3, un requisito para quienes ocupan puestos de liderazgo es estar llenos del Esp\u00edritu Santo y manifestarlo hablando en lenguas. Hemos solicitado y recibido permiso de Tim Sheets, de la Iglesia Oasis, para usar un mensaje que comparti\u00f3 titulado \u00abEl don que prometi\u00f3\u00bb. T\u00f3mese un tiempo para leer este mensaje y reflexionar sobre el don que Dios ha dado a su pueblo. Encontrar\u00e1 preguntas para la reflexi\u00f3n que le ayudar\u00e1n a comprender mejor la necesidad de que los creyentes oren diariamente en el Esp\u00edritu.<\/p>\n<ul>\n<li><a href=\"https:\/\/aglow.org\/wp-content\/uploads\/2026\/04\/2025-The-Gift-He-Promised-with-discussion-questions-Tim-Sheets-SP.pdf\" target=\"_blank\" rel=\"noopener\">El regalo que prometi\u00f3 &#8211; Tim Sheets (con preguntas para la reflexi\u00f3n)<\/a><\/li>\n<li><a href=\"https:\/\/aglow.org\/wp-content\/uploads\/2026\/04\/2025-The-Gift-He-Promised-Tim-Sheets-SP.pdf\" target=\"_blank\" rel=\"noopener\">El regalo que prometi\u00f3 &#8211; Tim Sheets (Sin preguntas para la discusi\u00f3n)<\/a><\/li>\n<li><a href=\"https:\/\/aglow.org\/wp-content\/uploads\/2026\/04\/2025-The-Gift-He-Promised-Discussion-Questions-Tim-Sheets-SP.pdf\" target=\"_blank\" rel=\"noopener\">El regalo que prometi\u00f3 &#8211; Tim Sheets (Preguntas para la discusi\u00f3n)<\/a><\/li>\n<\/ul>\n<figure itemscope itemtype=\"https:\/\/schema.org\/ImageObject\">\n\t\t\t\t<img decoding=\"async\" src=\"https:\/\/aglow.org\/wp-content\/uploads\/2025\/08\/Tongues-sp.jpg\" alt=\"Tongues-sp\" height=\"800\" width=\"800\" title=\"Tongues-sp\" onerror=\"this.style.display='none'\" loading=\"lazy\" \/>\n\t<\/figure>\n\n","protected":false},"excerpt":{"rendered":"<p>El Esp\u00edritu Santo y el lenguaje gubernamental del cielo Desde que Aglow comenz\u00f3, un requisito para quienes ocupan puestos de liderazgo es estar llenos del Esp\u00edritu Santo y manifestarlo hablando en lenguas. Hemos solicitado y recibido permiso de Tim Sheets, de la Iglesia Oasis, para usar un mensaje que comparti\u00f3 titulado \u00abEl don que prometi\u00f3\u00bb.&hellip;<\/p>\n","protected":false},"author":9,"featured_media":0,"parent":0,"menu_order":0,"comment_status":"closed","ping_status":"closed","template":"","meta":{"footnotes":""},"class_list":["post-8430","page","type-page","status-publish","hentry"],"yoast_head":"<!-- This site is optimized with the Yoast SEO plugin v27.4 - https:\/\/yoast.com\/product\/yoast-seo-wordpress\/ -->\n<title>Hablar en lenguas - Aglow International<\/title>\n<meta name=\"robots\" content=\"index, follow, max-snippet:-1, max-image-preview:large, max-video-preview:-1\" \/>\n<link rel=\"canonical\" href=\"https:\/\/aglow.org\/es\/hablar-en-lenguas\/\" \/>\n<meta property=\"og:locale\" content=\"es_ES\" \/>\n<meta property=\"og:type\" content=\"article\" \/>\n<meta property=\"og:title\" content=\"Hablar en lenguas - Aglow International\" \/>\n<meta property=\"og:description\" content=\"El Esp\u00edritu Santo y el lenguaje gubernamental del cielo Desde que Aglow comenz\u00f3, un requisito para quienes ocupan puestos de liderazgo es estar llenos del Esp\u00edritu Santo y manifestarlo hablando en lenguas. Hemos solicitado y recibido permiso de Tim Sheets, de la Iglesia Oasis, para usar un mensaje que comparti\u00f3 titulado \u00abEl don que prometi\u00f3\u00bb.&hellip;\" \/>\n<meta property=\"og:url\" content=\"https:\/\/aglow.org\/es\/hablar-en-lenguas\/\" \/>\n<meta property=\"og:site_name\" content=\"Aglow International\" \/>\n<meta property=\"article:modified_time\" content=\"2026-04-23T20:47:31+00:00\" \/>\n<meta property=\"og:image\" content=\"https:\/\/aglow.org\/wp-content\/uploads\/2025\/08\/Tongues-sp.jpg\" \/>\n<meta name=\"twitter:card\" content=\"summary_large_image\" \/>\n<meta name=\"twitter:label1\" content=\"Tiempo de lectura\" \/>\n\t<meta name=\"twitter:data1\" content=\"1 minuto\" \/>\n<script type=\"application\/ld+json\" class=\"yoast-schema-graph\">{\"@context\":\"https:\\\/\\\/schema.org\",\"@graph\":[{\"@type\":\"WebPage\",\"@id\":\"https:\\\/\\\/aglow.org\\\/es\\\/hablar-en-lenguas\\\/\",\"url\":\"https:\\\/\\\/aglow.org\\\/es\\\/hablar-en-lenguas\\\/\",\"name\":\"Hablar en lenguas - Aglow International\",\"isPartOf\":{\"@id\":\"https:\\\/\\\/aglow.org\\\/es\\\/#website\"},\"primaryImageOfPage\":{\"@id\":\"https:\\\/\\\/aglow.org\\\/es\\\/hablar-en-lenguas\\\/#primaryimage\"},\"image\":{\"@id\":\"https:\\\/\\\/aglow.org\\\/es\\\/hablar-en-lenguas\\\/#primaryimage\"},\"thumbnailUrl\":\"https:\\\/\\\/aglow.org\\\/wp-content\\\/uploads\\\/2025\\\/08\\\/Tongues-sp.jpg\",\"datePublished\":\"2026-04-07T19:44:37+00:00\",\"dateModified\":\"2026-04-23T20:47:31+00:00\",\"breadcrumb\":{\"@id\":\"https:\\\/\\\/aglow.org\\\/es\\\/hablar-en-lenguas\\\/#breadcrumb\"},\"inLanguage\":\"es\",\"potentialAction\":[{\"@type\":\"ReadAction\",\"target\":[\"https:\\\/\\\/aglow.org\\\/es\\\/hablar-en-lenguas\\\/\"]}]},{\"@type\":\"ImageObject\",\"inLanguage\":\"es\",\"@id\":\"https:\\\/\\\/aglow.org\\\/es\\\/hablar-en-lenguas\\\/#primaryimage\",\"url\":\"https:\\\/\\\/aglow.org\\\/wp-content\\\/uploads\\\/2025\\\/08\\\/Tongues-sp.jpg\",\"contentUrl\":\"https:\\\/\\\/aglow.org\\\/wp-content\\\/uploads\\\/2025\\\/08\\\/Tongues-sp.jpg\"},{\"@type\":\"BreadcrumbList\",\"@id\":\"https:\\\/\\\/aglow.org\\\/es\\\/hablar-en-lenguas\\\/#breadcrumb\",\"itemListElement\":[{\"@type\":\"ListItem\",\"position\":1,\"name\":\"Home\",\"item\":\"https:\\\/\\\/aglow.org\\\/es\\\/\"},{\"@type\":\"ListItem\",\"position\":2,\"name\":\"Hablar en lenguas\"}]},{\"@type\":\"WebSite\",\"@id\":\"https:\\\/\\\/aglow.org\\\/es\\\/#website\",\"url\":\"https:\\\/\\\/aglow.org\\\/es\\\/\",\"name\":\"Aglow International\",\"description\":\"\",\"publisher\":{\"@id\":\"https:\\\/\\\/aglow.org\\\/es\\\/#organization\"},\"potentialAction\":[{\"@type\":\"SearchAction\",\"target\":{\"@type\":\"EntryPoint\",\"urlTemplate\":\"https:\\\/\\\/aglow.org\\\/es\\\/?s={search_term_string}\"},\"query-input\":{\"@type\":\"PropertyValueSpecification\",\"valueRequired\":true,\"valueName\":\"search_term_string\"}}],\"inLanguage\":\"es\"},{\"@type\":\"Organization\",\"@id\":\"https:\\\/\\\/aglow.org\\\/es\\\/#organization\",\"name\":\"Aglow International\",\"url\":\"https:\\\/\\\/aglow.org\\\/es\\\/\",\"logo\":{\"@type\":\"ImageObject\",\"inLanguage\":\"es\",\"@id\":\"https:\\\/\\\/aglow.org\\\/es\\\/#\\\/schema\\\/logo\\\/image\\\/\",\"url\":\"https:\\\/\\\/aglow.org\\\/wp-content\\\/uploads\\\/2025\\\/04\\\/Aglow_logo_orange_800px.png\",\"contentUrl\":\"https:\\\/\\\/aglow.org\\\/wp-content\\\/uploads\\\/2025\\\/04\\\/Aglow_logo_orange_800px.png\",\"width\":800,\"height\":302,\"caption\":\"Aglow International\"},\"image\":{\"@id\":\"https:\\\/\\\/aglow.org\\\/es\\\/#\\\/schema\\\/logo\\\/image\\\/\"}}]}<\/script>\n<!-- \/ Yoast SEO plugin. -->","yoast_head_json":{"title":"Hablar en lenguas - Aglow International","robots":{"index":"index","follow":"follow","max-snippet":"max-snippet:-1","max-image-preview":"max-image-preview:large","max-video-preview":"max-video-preview:-1"},"canonical":"https:\/\/aglow.org\/es\/hablar-en-lenguas\/","og_locale":"es_ES","og_type":"article","og_title":"Hablar en lenguas - Aglow International","og_description":"El Esp\u00edritu Santo y el lenguaje gubernamental del cielo Desde que Aglow comenz\u00f3, un requisito para quienes ocupan puestos de liderazgo es estar llenos del Esp\u00edritu Santo y manifestarlo hablando en lenguas. Hemos solicitado y recibido permiso de Tim Sheets, de la Iglesia Oasis, para usar un mensaje que comparti\u00f3 titulado \u00abEl don que prometi\u00f3\u00bb.&hellip;","og_url":"https:\/\/aglow.org\/es\/hablar-en-lenguas\/","og_site_name":"Aglow International","article_modified_time":"2026-04-23T20:47:31+00:00","og_image":[{"url":"https:\/\/aglow.org\/wp-content\/uploads\/2025\/08\/Tongues-sp.jpg","type":"","width":"","height":""}],"twitter_card":"summary_large_image","twitter_misc":{"Tiempo de lectura":"1 minuto"},"schema":{"@context":"https:\/\/schema.org","@graph":[{"@type":"WebPage","@id":"https:\/\/aglow.org\/es\/hablar-en-lenguas\/","url":"https:\/\/aglow.org\/es\/hablar-en-lenguas\/","name":"Hablar en lenguas - Aglow International","isPartOf":{"@id":"https:\/\/aglow.org\/es\/#website"},"primaryImageOfPage":{"@id":"https:\/\/aglow.org\/es\/hablar-en-lenguas\/#primaryimage"},"image":{"@id":"https:\/\/aglow.org\/es\/hablar-en-lenguas\/#primaryimage"},"thumbnailUrl":"https:\/\/aglow.org\/wp-content\/uploads\/2025\/08\/Tongues-sp.jpg","datePublished":"2026-04-07T19:44:37+00:00","dateModified":"2026-04-23T20:47:31+00:00","breadcrumb":{"@id":"https:\/\/aglow.org\/es\/hablar-en-lenguas\/#breadcrumb"},"inLanguage":"es","potentialAction":[{"@type":"ReadAction","target":["https:\/\/aglow.org\/es\/hablar-en-lenguas\/"]}]},{"@type":"ImageObject","inLanguage":"es","@id":"https:\/\/aglow.org\/es\/hablar-en-lenguas\/#primaryimage","url":"https:\/\/aglow.org\/wp-content\/uploads\/2025\/08\/Tongues-sp.jpg","contentUrl":"https:\/\/aglow.org\/wp-content\/uploads\/2025\/08\/Tongues-sp.jpg"},{"@type":"BreadcrumbList","@id":"https:\/\/aglow.org\/es\/hablar-en-lenguas\/#breadcrumb","itemListElement":[{"@type":"ListItem","position":1,"name":"Home","item":"https:\/\/aglow.org\/es\/"},{"@type":"ListItem","position":2,"name":"Hablar en lenguas"}]},{"@type":"WebSite","@id":"https:\/\/aglow.org\/es\/#website","url":"https:\/\/aglow.org\/es\/","name":"Aglow International","description":"","publisher":{"@id":"https:\/\/aglow.org\/es\/#organization"},"potentialAction":[{"@type":"SearchAction","target":{"@type":"EntryPoint","urlTemplate":"https:\/\/aglow.org\/es\/?s={search_term_string}"},"query-input":{"@type":"PropertyValueSpecification","valueRequired":true,"valueName":"search_term_string"}}],"inLanguage":"es"},{"@type":"Organization","@id":"https:\/\/aglow.org\/es\/#organization","name":"Aglow International","url":"https:\/\/aglow.org\/es\/","logo":{"@type":"ImageObject","inLanguage":"es","@id":"https:\/\/aglow.org\/es\/#\/schema\/logo\/image\/","url":"https:\/\/aglow.org\/wp-content\/uploads\/2025\/04\/Aglow_logo_orange_800px.png","contentUrl":"https:\/\/aglow.org\/wp-content\/uploads\/2025\/04\/Aglow_logo_orange_800px.png","width":800,"height":302,"caption":"Aglow International"},"image":{"@id":"https:\/\/aglow.org\/es\/#\/schema\/logo\/image\/"}}]}},"_links":{"self":[{"href":"https:\/\/aglow.org\/es\/wp-json\/wp\/v2\/pages\/8430","targetHints":{"allow":["GET"]}}],"collection":[{"href":"https:\/\/aglow.org\/es\/wp-json\/wp\/v2\/pages"}],"about":[{"href":"https:\/\/aglow.org\/es\/wp-json\/wp\/v2\/types\/page"}],"author":[{"embeddable":true,"href":"https:\/\/aglow.org\/es\/wp-json\/wp\/v2\/users\/9"}],"replies":[{"embeddable":true,"href":"https:\/\/aglow.org\/es\/wp-json\/wp\/v2\/comments?post=8430"}],"version-history":[{"count":3,"href":"https:\/\/aglow.org\/es\/wp-json\/wp\/v2\/pages\/8430\/revisions"}],"predecessor-version":[{"id":8437,"href":"https:\/\/aglow.org\/es\/wp-json\/wp\/v2\/pages\/8430\/revisions\/8437"}],"wp:attachment":[{"href":"https:\/\/aglow.org\/es\/wp-json\/wp\/v2\/media?parent=8430"}],"curies":[{"name":"wp","href":"https:\/\/api.w.org\/{rel}","templated":true}]}}