{"id":7693,"date":"2026-03-12T19:12:33","date_gmt":"2026-03-12T19:12:33","guid":{"rendered":"https:\/\/aglow.org\/decreta-declara-proclama\/"},"modified":"2026-03-12T20:24:13","modified_gmt":"2026-03-12T20:24:13","slug":"decreta-declara-proclama","status":"publish","type":"page","link":"https:\/\/aglow.org\/es\/decreta-declara-proclama\/","title":{"rendered":"\u00a1Decreta! \u00a1Declara! \u00a1Proclama!"},"content":{"rendered":"\n<h1>\n\t\t\t\u00a1Decreta! \u00a1Declara! \u00a1Proclama!  \t<\/h1>\n\t<p>En nuestra Conferencia del Jubileo de Aglow, Graham Cooke nos ret\u00f3 a vincular nuestra intercesi\u00f3n con la promesa y el prop\u00f3sito. Al hacerlo, elevamos poderosas oraciones del Reino de proclamaci\u00f3n, declaraci\u00f3n y decreto. <\/p>\n<p>\u00daltimamente me han hecho esta pregunta varias veces: \u00ab\u00bfCu\u00e1l es la diferencia entre proclamaci\u00f3n, declaraci\u00f3n y decreto cuando oramos?\u00bb \u00a1Excelente pregunta! <\/p>\n<p>Al hacer oraciones de proclamaci\u00f3n, suelo usar estas palabras indistintamente. Sin embargo, al reflexionar y elaborar mi oraci\u00f3n con m\u00e1s detenimiento, se aprecian matices en sus significados. Aunque probablemente podr\u00edamos encontrar infinidad de libros y art\u00edculos que lo expliquen con detalle y gran perspicacia, aqu\u00ed les presento algunas breves descripciones que me resultan \u00fatiles.  <\/p>\n<h2>Decreto<\/h2>\n<p>Este es m\u00e1s bien un t\u00e9rmino legal. Es un mandato que establece algo legalmente. Es alinear la tierra con el Cielo, trayendo el gobierno, la ley o el gobierno del Cielo a la tierra. Es una expresi\u00f3n del gobierno del Reino de Dios para alinear, cambiar o incluso invadir la tierra y los sistemas del mundo con la majestad de Dios.   <\/p>\n<p>\u00bfQu\u00e9 tal si hacemos un simple decreto para que Dios favorezca a Aglow International? \u00a1Suena como una gran oraci\u00f3n! <\/p>\n<h3>Decretamos el favor de Dios sobre Aglow Internacional.<\/h3>\n<p>Esta es una oraci\u00f3n que alinea a Aglow con el favor de Dios y renuncia a todo lo que lo contradiga. Esto establece firmemente que el favor de Dios est\u00e1 sobre Aglow. <\/p>\n<h2>Declarar<\/h2>\n<p>Una declaraci\u00f3n anuncia el pleno apoyo a algo o deja clara nuestra postura. Convirtamos nuestra oraci\u00f3n por el favor de Dios sobre Aglow International en una declaraci\u00f3n. <\/p>\n<h3>Declaramos el favor de Dios sobre Aglow Internacional.<\/h3>\n<p>Esta oraci\u00f3n dice: \u00abSe\u00f1or, dijiste que tu favor est\u00e1 sobre Aglow. Has otorgado favor, sobre favor, sobre favor, sobre favor, sobre Aglow. Por lo tanto, nos levantamos en total acuerdo con tu favor. Nos mantenemos plenamente a tu favor. Esta es nuestra postura clara: \u00a1el favor de Dios est\u00e1 sobre nosotros! \u00a1Nada nos apartar\u00e1 ni nos separar\u00e1 de tu favor!\u00bb<\/p>\n<h2>Proclaim<\/h2>\n<p>Se trata de hacer un fuerte anuncio p\u00fablico.<\/p>\n<p>Una proclamaci\u00f3n es un anuncio p\u00fablico contundente. Una proclamaci\u00f3n disipa cualquier duda, afirma nuestro acuerdo con la Deidad y nos fortalece en nuestra posici\u00f3n espiritual. Una proclamaci\u00f3n libera la luz de la verdad de Dios para exponer el enga\u00f1o y disipar la oscuridad. Una proclamaci\u00f3n anuncia en la tierra lo que el Cielo ya ha decretado. Una proclamaci\u00f3n para el favor de Dios sobre Aglow International podr\u00eda sonar as\u00ed:    <\/p>\n<h3>Proclamamos el favor de Dios sobre Aglow.<\/h3>\n<p>Esta oraci\u00f3n es un anuncio p\u00fablico del favor de Dios sobre nosotros que libera celebraci\u00f3n, libertad y confianza en nosotros mientras ata y paraliza al enemigo.<\/p>\n<p>Sigamos expandi\u00e9ndonos y creciendo en la intercesi\u00f3n del Reino. Ruego que el Esp\u00edritu Santo nos d\u00e9 profunda revelaci\u00f3n y empoderamiento mientras seguimos sumergi\u00e9ndonos en las palabras que Dios nos ha dado. <\/p>\n<p>Padre, \u00bfqu\u00e9 est\u00e1s decretando del Cielo a la tierra? \u00a1Estamos alineando nuestras proclamaciones, declaraciones y decretos con los tuyos! En verdad, venga tu Reino, y h\u00e1gase tu voluntad en la tierra como en el Cielo.  <\/p>\n\n","protected":false},"excerpt":{"rendered":"<p>\u00a1Decreta! \u00a1Declara! \u00a1Proclama! En nuestra Conferencia del Jubileo de Aglow, Graham Cooke nos ret\u00f3 a vincular nuestra intercesi\u00f3n con la promesa y el prop\u00f3sito. Al hacerlo, elevamos poderosas oraciones del Reino de proclamaci\u00f3n, declaraci\u00f3n y decreto. \u00daltimamente me han hecho esta pregunta varias veces: \u00ab\u00bfCu\u00e1l es la diferencia entre proclamaci\u00f3n, declaraci\u00f3n y decreto cuando oramos?\u00bb&hellip;<\/p>\n","protected":false},"author":9,"featured_media":0,"parent":0,"menu_order":0,"comment_status":"closed","ping_status":"closed","template":"","meta":{"footnotes":""},"class_list":["post-7693","page","type-page","status-publish","hentry"],"yoast_head":"<!-- This site is optimized with the Yoast SEO plugin v27.3 - https:\/\/yoast.com\/product\/yoast-seo-wordpress\/ -->\n<title>\u00a1Decreta! \u00a1Declara! \u00a1Proclama! - Aglow International<\/title>\n<meta name=\"robots\" content=\"index, follow, max-snippet:-1, max-image-preview:large, max-video-preview:-1\" \/>\n<link rel=\"canonical\" href=\"https:\/\/aglow.org\/es\/decreta-declara-proclama\/\" \/>\n<meta property=\"og:locale\" content=\"es_ES\" \/>\n<meta property=\"og:type\" content=\"article\" \/>\n<meta property=\"og:title\" content=\"\u00a1Decreta! \u00a1Declara! \u00a1Proclama! - Aglow International\" \/>\n<meta property=\"og:description\" content=\"\u00a1Decreta! \u00a1Declara! \u00a1Proclama! En nuestra Conferencia del Jubileo de Aglow, Graham Cooke nos ret\u00f3 a vincular nuestra intercesi\u00f3n con la promesa y el prop\u00f3sito. Al hacerlo, elevamos poderosas oraciones del Reino de proclamaci\u00f3n, declaraci\u00f3n y decreto. \u00daltimamente me han hecho esta pregunta varias veces: \u00ab\u00bfCu\u00e1l es la diferencia entre proclamaci\u00f3n, declaraci\u00f3n y decreto cuando oramos?\u00bb&hellip;\" \/>\n<meta property=\"og:url\" content=\"https:\/\/aglow.org\/es\/decreta-declara-proclama\/\" \/>\n<meta property=\"og:site_name\" content=\"Aglow International\" \/>\n<meta property=\"article:modified_time\" content=\"2026-03-12T20:24:13+00:00\" \/>\n<meta name=\"twitter:card\" content=\"summary_large_image\" \/>\n<meta name=\"twitter:label1\" content=\"Tiempo de lectura\" \/>\n\t<meta name=\"twitter:data1\" content=\"3 minutos\" \/>\n<script type=\"application\/ld+json\" class=\"yoast-schema-graph\">{\"@context\":\"https:\\\/\\\/schema.org\",\"@graph\":[{\"@type\":\"WebPage\",\"@id\":\"https:\\\/\\\/aglow.org\\\/es\\\/decreta-declara-proclama\\\/\",\"url\":\"https:\\\/\\\/aglow.org\\\/es\\\/decreta-declara-proclama\\\/\",\"name\":\"\u00a1Decreta! \u00a1Declara! \u00a1Proclama! - Aglow International\",\"isPartOf\":{\"@id\":\"https:\\\/\\\/aglow.org\\\/es\\\/#website\"},\"datePublished\":\"2026-03-12T19:12:33+00:00\",\"dateModified\":\"2026-03-12T20:24:13+00:00\",\"breadcrumb\":{\"@id\":\"https:\\\/\\\/aglow.org\\\/es\\\/decreta-declara-proclama\\\/#breadcrumb\"},\"inLanguage\":\"es\",\"potentialAction\":[{\"@type\":\"ReadAction\",\"target\":[\"https:\\\/\\\/aglow.org\\\/es\\\/decreta-declara-proclama\\\/\"]}]},{\"@type\":\"BreadcrumbList\",\"@id\":\"https:\\\/\\\/aglow.org\\\/es\\\/decreta-declara-proclama\\\/#breadcrumb\",\"itemListElement\":[{\"@type\":\"ListItem\",\"position\":1,\"name\":\"Home\",\"item\":\"https:\\\/\\\/aglow.org\\\/es\\\/\"},{\"@type\":\"ListItem\",\"position\":2,\"name\":\"\u00a1Decreta! \u00a1Declara! \u00a1Proclama!\"}]},{\"@type\":\"WebSite\",\"@id\":\"https:\\\/\\\/aglow.org\\\/es\\\/#website\",\"url\":\"https:\\\/\\\/aglow.org\\\/es\\\/\",\"name\":\"Aglow International\",\"description\":\"\",\"publisher\":{\"@id\":\"https:\\\/\\\/aglow.org\\\/es\\\/#organization\"},\"potentialAction\":[{\"@type\":\"SearchAction\",\"target\":{\"@type\":\"EntryPoint\",\"urlTemplate\":\"https:\\\/\\\/aglow.org\\\/es\\\/?s={search_term_string}\"},\"query-input\":{\"@type\":\"PropertyValueSpecification\",\"valueRequired\":true,\"valueName\":\"search_term_string\"}}],\"inLanguage\":\"es\"},{\"@type\":\"Organization\",\"@id\":\"https:\\\/\\\/aglow.org\\\/es\\\/#organization\",\"name\":\"Aglow International\",\"url\":\"https:\\\/\\\/aglow.org\\\/es\\\/\",\"logo\":{\"@type\":\"ImageObject\",\"inLanguage\":\"es\",\"@id\":\"https:\\\/\\\/aglow.org\\\/es\\\/#\\\/schema\\\/logo\\\/image\\\/\",\"url\":\"https:\\\/\\\/aglow.org\\\/wp-content\\\/uploads\\\/2025\\\/04\\\/Aglow_logo_orange_800px.png\",\"contentUrl\":\"https:\\\/\\\/aglow.org\\\/wp-content\\\/uploads\\\/2025\\\/04\\\/Aglow_logo_orange_800px.png\",\"width\":800,\"height\":302,\"caption\":\"Aglow International\"},\"image\":{\"@id\":\"https:\\\/\\\/aglow.org\\\/es\\\/#\\\/schema\\\/logo\\\/image\\\/\"}}]}<\/script>\n<!-- \/ Yoast SEO plugin. -->","yoast_head_json":{"title":"\u00a1Decreta! \u00a1Declara! \u00a1Proclama! - Aglow International","robots":{"index":"index","follow":"follow","max-snippet":"max-snippet:-1","max-image-preview":"max-image-preview:large","max-video-preview":"max-video-preview:-1"},"canonical":"https:\/\/aglow.org\/es\/decreta-declara-proclama\/","og_locale":"es_ES","og_type":"article","og_title":"\u00a1Decreta! \u00a1Declara! \u00a1Proclama! - Aglow International","og_description":"\u00a1Decreta! \u00a1Declara! \u00a1Proclama! En nuestra Conferencia del Jubileo de Aglow, Graham Cooke nos ret\u00f3 a vincular nuestra intercesi\u00f3n con la promesa y el prop\u00f3sito. Al hacerlo, elevamos poderosas oraciones del Reino de proclamaci\u00f3n, declaraci\u00f3n y decreto. \u00daltimamente me han hecho esta pregunta varias veces: \u00ab\u00bfCu\u00e1l es la diferencia entre proclamaci\u00f3n, declaraci\u00f3n y decreto cuando oramos?\u00bb&hellip;","og_url":"https:\/\/aglow.org\/es\/decreta-declara-proclama\/","og_site_name":"Aglow International","article_modified_time":"2026-03-12T20:24:13+00:00","twitter_card":"summary_large_image","twitter_misc":{"Tiempo de lectura":"3 minutos"},"schema":{"@context":"https:\/\/schema.org","@graph":[{"@type":"WebPage","@id":"https:\/\/aglow.org\/es\/decreta-declara-proclama\/","url":"https:\/\/aglow.org\/es\/decreta-declara-proclama\/","name":"\u00a1Decreta! \u00a1Declara! \u00a1Proclama! - Aglow International","isPartOf":{"@id":"https:\/\/aglow.org\/es\/#website"},"datePublished":"2026-03-12T19:12:33+00:00","dateModified":"2026-03-12T20:24:13+00:00","breadcrumb":{"@id":"https:\/\/aglow.org\/es\/decreta-declara-proclama\/#breadcrumb"},"inLanguage":"es","potentialAction":[{"@type":"ReadAction","target":["https:\/\/aglow.org\/es\/decreta-declara-proclama\/"]}]},{"@type":"BreadcrumbList","@id":"https:\/\/aglow.org\/es\/decreta-declara-proclama\/#breadcrumb","itemListElement":[{"@type":"ListItem","position":1,"name":"Home","item":"https:\/\/aglow.org\/es\/"},{"@type":"ListItem","position":2,"name":"\u00a1Decreta! \u00a1Declara! \u00a1Proclama!"}]},{"@type":"WebSite","@id":"https:\/\/aglow.org\/es\/#website","url":"https:\/\/aglow.org\/es\/","name":"Aglow International","description":"","publisher":{"@id":"https:\/\/aglow.org\/es\/#organization"},"potentialAction":[{"@type":"SearchAction","target":{"@type":"EntryPoint","urlTemplate":"https:\/\/aglow.org\/es\/?s={search_term_string}"},"query-input":{"@type":"PropertyValueSpecification","valueRequired":true,"valueName":"search_term_string"}}],"inLanguage":"es"},{"@type":"Organization","@id":"https:\/\/aglow.org\/es\/#organization","name":"Aglow International","url":"https:\/\/aglow.org\/es\/","logo":{"@type":"ImageObject","inLanguage":"es","@id":"https:\/\/aglow.org\/es\/#\/schema\/logo\/image\/","url":"https:\/\/aglow.org\/wp-content\/uploads\/2025\/04\/Aglow_logo_orange_800px.png","contentUrl":"https:\/\/aglow.org\/wp-content\/uploads\/2025\/04\/Aglow_logo_orange_800px.png","width":800,"height":302,"caption":"Aglow International"},"image":{"@id":"https:\/\/aglow.org\/es\/#\/schema\/logo\/image\/"}}]}},"_links":{"self":[{"href":"https:\/\/aglow.org\/es\/wp-json\/wp\/v2\/pages\/7693","targetHints":{"allow":["GET"]}}],"collection":[{"href":"https:\/\/aglow.org\/es\/wp-json\/wp\/v2\/pages"}],"about":[{"href":"https:\/\/aglow.org\/es\/wp-json\/wp\/v2\/types\/page"}],"author":[{"embeddable":true,"href":"https:\/\/aglow.org\/es\/wp-json\/wp\/v2\/users\/9"}],"replies":[{"embeddable":true,"href":"https:\/\/aglow.org\/es\/wp-json\/wp\/v2\/comments?post=7693"}],"version-history":[{"count":4,"href":"https:\/\/aglow.org\/es\/wp-json\/wp\/v2\/pages\/7693\/revisions"}],"predecessor-version":[{"id":7722,"href":"https:\/\/aglow.org\/es\/wp-json\/wp\/v2\/pages\/7693\/revisions\/7722"}],"wp:attachment":[{"href":"https:\/\/aglow.org\/es\/wp-json\/wp\/v2\/media?parent=7693"}],"curies":[{"name":"wp","href":"https:\/\/api.w.org\/{rel}","templated":true}]}}