{"id":6480,"date":"2025-04-10T16:37:38","date_gmt":"2025-04-10T16:37:38","guid":{"rendered":"https:\/\/aglow.org\/recursos-globales-para-el-desarrollo-de-lideres\/"},"modified":"2026-03-02T17:38:27","modified_gmt":"2026-03-02T17:38:27","slug":"recursos-globales-para-el-desarrollo-de-lideres","status":"publish","type":"page","link":"https:\/\/aglow.org\/es\/recursos-globales-para-el-desarrollo-de-lideres\/","title":{"rendered":"Recursos globales para el desarrollo de l\u00edderes"},"content":{"rendered":"\n<figure itemscope itemtype=\"https:\/\/schema.org\/ImageObject\">\n\t\t\t\t<img decoding=\"async\" src=\"https:\/\/aglow.org\/wp-content\/uploads\/2026\/02\/header-leaderDev-sp-1.jpg\" alt=\"header-leaderDev-sp\" height=\"350\" width=\"1200\" title=\"header-leaderDev-sp\" onerror=\"this.style.display='none'\" loading=\"lazy\" \/>\n\t<\/figure>\n<h1>\n\t\t\tMensajes de la conferencia\t<\/h1>\n\t<p><strong>Adobe Acrobat Reader <\/strong>Es necesario tener instalado el programa Adobe Acrobat Reader en su ordenador para ver algunos de estos documentos. Si no tiene este programa instalado: Adobe Acrobat Reader <a title=\"Descargar Adobe Acrobat Reader\" href=\"http:\/\/get.adobe.com\/reader\/\" target=\"_blank\" rel=\"noopener noreferrer\">Descargar Adobe Acrobat Reader <\/a><\/p>\n<p>Para traducir el video, por favor sigue estas instrucciones:<\/p>\n<ul>\n<li>Haz clic en la miniatura del video<\/li>\n<li>En la parte inferior de la pantalla, haz clic en el \u00edcono de CC (para subt\u00edtulos)<\/li>\n<li>Luego haz clic en el \u00edcono de Configuraci\u00f3n<\/li>\n<li>Haz clic en Subt\u00edtulos<\/li>\n<li>Haz clic en Auto-traducir<\/li>\n<li>Elige tu idioma<\/li>\n<li>Descargar Adobe Acrobat Reader<\/li>\n<li>Descargar Adobe Acrobat Reader<\/li>\n<\/ul>\n\t<p>La secci\u00f3n de Desarrollo de L\u00edderes Globales contiene materiales actuales y estrat\u00e9gicos para formar a los campeones, guerreros y l\u00edderes globales de hoy. Encontrar\u00e1 transcripciones de mensajes, enlaces para solicitar DVD y materiales did\u00e1cticos que impulsar\u00e1n su desarrollo.<\/p>\n\t<h3>Pl\u00e1ticas \u00edntimas para los transformadores<\/h3>\n<strong>44 Entries<br \/>\n<\/strong>\n<p>Todo lo que Dios nos ha vertido a trav\u00e9s de los a\u00f1os nos ha formado en un vasto ej\u00e9rcito en toda la tierra. A medida que se re\u00fanen como equipos o grupos de amigos, utilice estas ense\u00f1anzas cortas para estimular la conversaci\u00f3n que traer\u00e1 la iluminaci\u00f3n y el crecimiento personal a todos los que participan. Usted encontrar\u00e1 que pueden ser utilizados en los ajustes de la escuela dominical o en los grupos de estudio b\u00edblico. Util\u00edcelos en lugar de un altavoz mensual o para enviar en boletines informativos. \u00a1 D\u00e9jenos saber c\u00f3mo los est\u00e1 usando! Disfrutar!     <\/p>\n<figure itemscope itemtype=\"https:\/\/schema.org\/ImageObject\">\n\t\t\t\t<a href=\"https:\/\/aglow.org\/es\/platicas-intimas\/\"  target=\"_self\" itemprop=\"url\">\n\t\t\t\t<img decoding=\"async\" src=\"https:\/\/aglow.org\/wp-content\/uploads\/2025\/04\/fireside-chats.jpg\" alt=\"Hogar\" height=\"713\" width=\"1210\" title=\"hogar\" onerror=\"this.style.display='none'\" loading=\"lazy\" \/>\n\t\t\t\t<\/a>\n\t<\/figure>\n<h3><a href=\"https:\/\/aglow.org\/es\/mensajes-de-la-conferencia-de-2025\/\">Mensajes de la Conferencia Aglow 2025<\/a><\/h3>\n<p><strong>5 Entradas<\/strong><\/p>\n<p>En la sesi\u00f3n inaugural de la primera conferencia virtual de Aglow, Nancy habl\u00f3 sobre \u00abDel amanecer al destino\u00bb y dijo: \u00abEstamos en una nueva era. Ya no seguimos los viejos caminos. Estamos en nuevos caminos que Dios, paso a paso, est\u00e1 poniendo ante nosotros en esta nueva era\u00bb.<\/p>\n<figure itemscope itemtype=\"https:\/\/schema.org\/ImageObject\">\n\t\t\t\t<a href=\"https:\/\/aglow.org\/es\/mensajes-de-la-conferencia-de-2025\/\"  target=\"_self\" itemprop=\"url\">\n\t\t\t\t<img decoding=\"async\" src=\"https:\/\/aglow.org\/wp-content\/uploads\/2025\/09\/2025-conference-banner-.jpg\" alt=\"\" onerror=\"this.style.display='none'\" loading=\"lazy\" \/>\n\t\t\t\t<\/a>\n\t<\/figure>\n<h3><a href=\"https:\/\/aglow.org\/wp-content\/uploads\/2025\/05\/2024-Chuck-Pierce-South-Central-Region-SP.pdf\">Mensajes de la Conferencia Aglow 2024<\/a><\/h3>\n<strong>5 Entradas<br \/>\n<\/strong>\n<p>En la sesi\u00f3n de la conferencia del viernes por la ma\u00f1ana de 2024, Jane repasa la historia de Aglow desde sus inicios hasta la actualidad.<\/p>\n<p>En el mensaje dirigido a la Conferencia Regional Sur-Central de Aglow en julio, Chuck Pierce habla de que Aglow est\u00e1 entrando en la quinta fase de su unci\u00f3n prof\u00e9tica.<\/p>\n<figure itemscope itemtype=\"https:\/\/schema.org\/ImageObject\">\n\t\t\t\t<a href=\"https:\/\/aglow.org\/es\/mensajes-de-la-conferencia-aglow-2024\/\"  target=\"_self\" itemprop=\"url\">\n\t\t\t\t<img decoding=\"async\" src=\"https:\/\/aglow.org\/wp-content\/uploads\/2025\/04\/2024-theme-banner-300x130.jpg\" alt=\"\" onerror=\"this.style.display='none'\" loading=\"lazy\" \/>\n\t\t\t\t<\/a>\n\t<\/figure>\n<h3><a href=\"https:\/\/aglow.org\/es\/2023-conferencia-mensajes\/\">Mensajes de la Conferencia Aglow 2023<\/a><\/h3>\n<strong>4 Entradas<br \/>\n<\/strong>\n<p>Nuestros ponentes de la conferencia compartieron mensajes inspiradores y revelaron nuevas perspectivas sobre lo que significa adentrarse en el Gran Despertar del Tercer D\u00eda.<\/p>\n<figure itemscope itemtype=\"https:\/\/schema.org\/ImageObject\">\n\t\t\t\t<a href=\"https:\/\/aglow.org\/es\/2023-conferencia-mensajes\/\"  target=\"_self\" itemprop=\"url\">\n\t\t\t\t<img decoding=\"async\" src=\"https:\/\/aglow.org\/wp-content\/uploads\/2025\/04\/2023-conference-theme1-300x168.jpg\" alt=\"\" onerror=\"this.style.display='none'\" loading=\"lazy\" \/>\n\t\t\t\t<\/a>\n\t<\/figure>\n<h3><a href=\"https:\/\/aglow.org\/es\/mensagens-da-conferencia-de-2022\/\">Mensajes de la Conferencia Aglow 2022<\/a><\/h3>\n<strong>5 Entradas<br \/>\n<\/strong>\n<p>Aglow est\u00e1 entrando en una nueva etapa a medida que avanzamos hacia el Gran Despertar del Tercer D\u00eda.<\/p>\n<figure itemscope itemtype=\"https:\/\/schema.org\/ImageObject\">\n\t\t\t\t<a href=\"https:\/\/aglow.org\/es\/mensagens-da-conferencia-de-2022\/\"  target=\"_self\" itemprop=\"url\">\n\t\t\t\t<img decoding=\"async\" src=\"https:\/\/aglow.org\/wp-content\/uploads\/2025\/04\/2022-conference-theme-1200-300x75.jpg\" alt=\"\" onerror=\"this.style.display='none'\" loading=\"lazy\" \/>\n\t\t\t\t<\/a>\n\t<\/figure>\n<h3><a href=\"https:\/\/aglow.org\/es\/mensajes-de-la-conferencia-de-2021\/\">Mensajes de la Conferencia Aglow 2021<\/a><\/h3>\n<strong>6 Entradas<br \/>\n<\/strong>\n<p>Esta conferencia marc\u00f3 el comienzo de algo nuevo, una renovaci\u00f3n que Dios est\u00e1 obrando entre nosotros para prepararnos para el Despertar del Tercer D\u00eda. Juntos estamos entrando en la plenitud de nuestro destino, tanto individual como colectivamente. No entramos con timidez ni incertidumbre, sino con la confianza que proviene de saber que \u00c9l nos ha estado equipando y preparando para este d\u00eda.  <\/p>\n<figure itemscope itemtype=\"https:\/\/schema.org\/ImageObject\">\n\t\t\t\t<a href=\"https:\/\/aglow.org\/es\/mensajes-de-la-conferencia-de-2021\/\"  target=\"_self\" itemprop=\"url\">\n\t\t\t\t<img decoding=\"async\" src=\"https:\/\/aglow.org\/wp-content\/uploads\/2025\/04\/2021-conference-theme-1200.jpg\" alt=\"Mensajes de la conferencia de 2021\" height=\"378\" width=\"1200\" title=\"Mensajes de la conferencia de 2021\" onerror=\"this.style.display='none'\" loading=\"lazy\" \/>\n\t\t\t\t<\/a>\n\t<\/figure>\n<h3><a href=\"https:\/\/aglow.org\/es\/mensajes-de-la-conferencia-de-2019\/\">Convocatoria de Jerusal\u00e9n de 2019<\/a><\/h3>\n<h3><a href=\"https:\/\/aglow.org\/es\/mensajes-de-la-conferencia-de-2019\/\">Colaborando con mensajes prof\u00e9ticos<\/a><\/h3>\n<strong>8 Entradas<br \/>\n<\/strong>\n<p>Esta secci\u00f3n contiene las transcripciones de los mensajes de la Convenci\u00f3n de Aglow 2019 en Jerusal\u00e9n.<\/p>\n<figure itemscope itemtype=\"https:\/\/schema.org\/ImageObject\">\n\t\t\t\t<a href=\"https:\/\/aglow.org\/es\/mensajes-de-la-conferencia-de-2019\/\"  target=\"_self\" itemprop=\"url\">\n\t\t\t\t<img decoding=\"async\" src=\"https:\/\/aglow.org\/wp-content\/uploads\/2025\/04\/2019-convocation-1200-300x144.jpg\" alt=\"Mensajes de la Conferencia de 2019\" height=\"144\" width=\"300\" title=\"2019-convocation-1200\" onerror=\"this.style.display='none'\" loading=\"lazy\" \/>\n\t\t\t\t<\/a>\n\t<\/figure>\n\t<h3><a href=\"https:\/\/aglow.org\/es\/2018-conference-messages\/\">Mensajes de la Conferencia Nacional y Cumbre de L\u00edderes de Estados Unidos de 2018<\/a><em><br \/>\n<\/em><\/h3>\n<strong>5 Entradas<br \/>\n<\/strong>\n<p>Aglow ha sido llamado a actuar \u00abpara un tiempo como este\u00bb. Una puerta, una puerta que se abri\u00f3 en el momento oportuno, se present\u00f3 ante nosotros en nuestra primera gran reuni\u00f3n desde que cruzamos el umbral en la Conferencia del Jubileo de 2017. La conferencia de 2018 fue el momento perfecto para vivir en la plenitud de todo lo que Jes\u00fas nos dio con su sacrificio, y Spokane, Washington, fue el lugar ideal para experimentar esa plenitud.  <\/p>\n<p>Esta secci\u00f3n contiene mensajes de la Conferencia Nacional de Estados Unidos de 2018, la Cumbre de L\u00edderes y recursos sobre c\u00f3mo colaborar con la profec\u00eda.<\/p>\n<figure itemscope itemtype=\"https:\/\/schema.org\/ImageObject\">\n\t\t\t\t<a href=\"https:\/\/aglow.org\/es\/2018-conference-messages\/\"  target=\"_self\" itemprop=\"url\">\n\t\t\t\t<img decoding=\"async\" src=\"https:\/\/aglow.org\/wp-content\/uploads\/2025\/04\/2018-conf-theme-267x300.jpg\" alt=\"Tema de la Conferencia 2018\" height=\"300\" width=\"267\" title=\"Tema de la Conferencia 2018\" onerror=\"this.style.display='none'\" loading=\"lazy\" \/>\n\t\t\t\t<\/a>\n\t<\/figure>\n\n","protected":false},"excerpt":{"rendered":"<p>Mensajes de la conferencia Adobe Acrobat Reader Es necesario tener instalado el programa Adobe Acrobat Reader en su ordenador para ver algunos de estos documentos. Si no tiene este programa instalado: Adobe Acrobat Reader Descargar Adobe Acrobat Reader Para traducir el video, por favor sigue estas instrucciones: Haz clic en la miniatura del video En&hellip;<\/p>\n","protected":false},"author":3,"featured_media":0,"parent":0,"menu_order":0,"comment_status":"closed","ping_status":"closed","template":"","meta":{"footnotes":""},"class_list":["post-6480","page","type-page","status-publish","hentry"],"yoast_head":"<!-- This site is optimized with the Yoast SEO plugin v27.3 - https:\/\/yoast.com\/product\/yoast-seo-wordpress\/ -->\n<title>Recursos globales para el desarrollo de l\u00edderes - Aglow International<\/title>\n<meta name=\"robots\" content=\"index, follow, max-snippet:-1, max-image-preview:large, max-video-preview:-1\" \/>\n<link rel=\"canonical\" href=\"https:\/\/aglow.org\/es\/recursos-globales-para-el-desarrollo-de-lideres\/\" \/>\n<meta property=\"og:locale\" content=\"es_ES\" \/>\n<meta property=\"og:type\" content=\"article\" \/>\n<meta property=\"og:title\" content=\"Recursos globales para el desarrollo de l\u00edderes - Aglow International\" \/>\n<meta property=\"og:description\" content=\"Mensajes de la conferencia Adobe Acrobat Reader Es necesario tener instalado el programa Adobe Acrobat Reader en su ordenador para ver algunos de estos documentos. Si no tiene este programa instalado: Adobe Acrobat Reader Descargar Adobe Acrobat Reader Para traducir el video, por favor sigue estas instrucciones: Haz clic en la miniatura del video En&hellip;\" \/>\n<meta property=\"og:url\" content=\"https:\/\/aglow.org\/es\/recursos-globales-para-el-desarrollo-de-lideres\/\" \/>\n<meta property=\"og:site_name\" content=\"Aglow International\" \/>\n<meta property=\"article:modified_time\" content=\"2026-03-02T17:38:27+00:00\" \/>\n<meta property=\"og:image\" content=\"https:\/\/aglow.org\/wp-content\/uploads\/2026\/02\/header-leaderDev-sp-1.jpg\" \/>\n<meta name=\"twitter:card\" content=\"summary_large_image\" \/>\n<meta name=\"twitter:label1\" content=\"Tiempo de lectura\" \/>\n\t<meta name=\"twitter:data1\" content=\"5 minutos\" \/>\n<script type=\"application\/ld+json\" class=\"yoast-schema-graph\">{\"@context\":\"https:\\\/\\\/schema.org\",\"@graph\":[{\"@type\":\"WebPage\",\"@id\":\"https:\\\/\\\/aglow.org\\\/es\\\/recursos-globales-para-el-desarrollo-de-lideres\\\/\",\"url\":\"https:\\\/\\\/aglow.org\\\/es\\\/recursos-globales-para-el-desarrollo-de-lideres\\\/\",\"name\":\"Recursos globales para el desarrollo de l\u00edderes - Aglow International\",\"isPartOf\":{\"@id\":\"https:\\\/\\\/aglow.org\\\/es\\\/#website\"},\"primaryImageOfPage\":{\"@id\":\"https:\\\/\\\/aglow.org\\\/es\\\/recursos-globales-para-el-desarrollo-de-lideres\\\/#primaryimage\"},\"image\":{\"@id\":\"https:\\\/\\\/aglow.org\\\/es\\\/recursos-globales-para-el-desarrollo-de-lideres\\\/#primaryimage\"},\"thumbnailUrl\":\"https:\\\/\\\/aglow.org\\\/wp-content\\\/uploads\\\/2026\\\/02\\\/header-leaderDev-sp-1.jpg\",\"datePublished\":\"2025-04-10T16:37:38+00:00\",\"dateModified\":\"2026-03-02T17:38:27+00:00\",\"breadcrumb\":{\"@id\":\"https:\\\/\\\/aglow.org\\\/es\\\/recursos-globales-para-el-desarrollo-de-lideres\\\/#breadcrumb\"},\"inLanguage\":\"es\",\"potentialAction\":[{\"@type\":\"ReadAction\",\"target\":[\"https:\\\/\\\/aglow.org\\\/es\\\/recursos-globales-para-el-desarrollo-de-lideres\\\/\"]}]},{\"@type\":\"ImageObject\",\"inLanguage\":\"es\",\"@id\":\"https:\\\/\\\/aglow.org\\\/es\\\/recursos-globales-para-el-desarrollo-de-lideres\\\/#primaryimage\",\"url\":\"https:\\\/\\\/aglow.org\\\/wp-content\\\/uploads\\\/2026\\\/02\\\/header-leaderDev-sp-1.jpg\",\"contentUrl\":\"https:\\\/\\\/aglow.org\\\/wp-content\\\/uploads\\\/2026\\\/02\\\/header-leaderDev-sp-1.jpg\"},{\"@type\":\"BreadcrumbList\",\"@id\":\"https:\\\/\\\/aglow.org\\\/es\\\/recursos-globales-para-el-desarrollo-de-lideres\\\/#breadcrumb\",\"itemListElement\":[{\"@type\":\"ListItem\",\"position\":1,\"name\":\"Home\",\"item\":\"https:\\\/\\\/aglow.org\\\/es\\\/\"},{\"@type\":\"ListItem\",\"position\":2,\"name\":\"Recursos globales para el desarrollo de l\u00edderes\"}]},{\"@type\":\"WebSite\",\"@id\":\"https:\\\/\\\/aglow.org\\\/es\\\/#website\",\"url\":\"https:\\\/\\\/aglow.org\\\/es\\\/\",\"name\":\"Aglow International\",\"description\":\"\",\"publisher\":{\"@id\":\"https:\\\/\\\/aglow.org\\\/es\\\/#organization\"},\"potentialAction\":[{\"@type\":\"SearchAction\",\"target\":{\"@type\":\"EntryPoint\",\"urlTemplate\":\"https:\\\/\\\/aglow.org\\\/es\\\/?s={search_term_string}\"},\"query-input\":{\"@type\":\"PropertyValueSpecification\",\"valueRequired\":true,\"valueName\":\"search_term_string\"}}],\"inLanguage\":\"es\"},{\"@type\":\"Organization\",\"@id\":\"https:\\\/\\\/aglow.org\\\/es\\\/#organization\",\"name\":\"Aglow International\",\"url\":\"https:\\\/\\\/aglow.org\\\/es\\\/\",\"logo\":{\"@type\":\"ImageObject\",\"inLanguage\":\"es\",\"@id\":\"https:\\\/\\\/aglow.org\\\/es\\\/#\\\/schema\\\/logo\\\/image\\\/\",\"url\":\"https:\\\/\\\/aglow.org\\\/wp-content\\\/uploads\\\/2025\\\/04\\\/Aglow_logo_orange_800px.png\",\"contentUrl\":\"https:\\\/\\\/aglow.org\\\/wp-content\\\/uploads\\\/2025\\\/04\\\/Aglow_logo_orange_800px.png\",\"width\":800,\"height\":302,\"caption\":\"Aglow International\"},\"image\":{\"@id\":\"https:\\\/\\\/aglow.org\\\/es\\\/#\\\/schema\\\/logo\\\/image\\\/\"}}]}<\/script>\n<!-- \/ Yoast SEO plugin. -->","yoast_head_json":{"title":"Recursos globales para el desarrollo de l\u00edderes - Aglow International","robots":{"index":"index","follow":"follow","max-snippet":"max-snippet:-1","max-image-preview":"max-image-preview:large","max-video-preview":"max-video-preview:-1"},"canonical":"https:\/\/aglow.org\/es\/recursos-globales-para-el-desarrollo-de-lideres\/","og_locale":"es_ES","og_type":"article","og_title":"Recursos globales para el desarrollo de l\u00edderes - Aglow International","og_description":"Mensajes de la conferencia Adobe Acrobat Reader Es necesario tener instalado el programa Adobe Acrobat Reader en su ordenador para ver algunos de estos documentos. Si no tiene este programa instalado: Adobe Acrobat Reader Descargar Adobe Acrobat Reader Para traducir el video, por favor sigue estas instrucciones: Haz clic en la miniatura del video En&hellip;","og_url":"https:\/\/aglow.org\/es\/recursos-globales-para-el-desarrollo-de-lideres\/","og_site_name":"Aglow International","article_modified_time":"2026-03-02T17:38:27+00:00","og_image":[{"url":"https:\/\/aglow.org\/wp-content\/uploads\/2026\/02\/header-leaderDev-sp-1.jpg","type":"","width":"","height":""}],"twitter_card":"summary_large_image","twitter_misc":{"Tiempo de lectura":"5 minutos"},"schema":{"@context":"https:\/\/schema.org","@graph":[{"@type":"WebPage","@id":"https:\/\/aglow.org\/es\/recursos-globales-para-el-desarrollo-de-lideres\/","url":"https:\/\/aglow.org\/es\/recursos-globales-para-el-desarrollo-de-lideres\/","name":"Recursos globales para el desarrollo de l\u00edderes - Aglow International","isPartOf":{"@id":"https:\/\/aglow.org\/es\/#website"},"primaryImageOfPage":{"@id":"https:\/\/aglow.org\/es\/recursos-globales-para-el-desarrollo-de-lideres\/#primaryimage"},"image":{"@id":"https:\/\/aglow.org\/es\/recursos-globales-para-el-desarrollo-de-lideres\/#primaryimage"},"thumbnailUrl":"https:\/\/aglow.org\/wp-content\/uploads\/2026\/02\/header-leaderDev-sp-1.jpg","datePublished":"2025-04-10T16:37:38+00:00","dateModified":"2026-03-02T17:38:27+00:00","breadcrumb":{"@id":"https:\/\/aglow.org\/es\/recursos-globales-para-el-desarrollo-de-lideres\/#breadcrumb"},"inLanguage":"es","potentialAction":[{"@type":"ReadAction","target":["https:\/\/aglow.org\/es\/recursos-globales-para-el-desarrollo-de-lideres\/"]}]},{"@type":"ImageObject","inLanguage":"es","@id":"https:\/\/aglow.org\/es\/recursos-globales-para-el-desarrollo-de-lideres\/#primaryimage","url":"https:\/\/aglow.org\/wp-content\/uploads\/2026\/02\/header-leaderDev-sp-1.jpg","contentUrl":"https:\/\/aglow.org\/wp-content\/uploads\/2026\/02\/header-leaderDev-sp-1.jpg"},{"@type":"BreadcrumbList","@id":"https:\/\/aglow.org\/es\/recursos-globales-para-el-desarrollo-de-lideres\/#breadcrumb","itemListElement":[{"@type":"ListItem","position":1,"name":"Home","item":"https:\/\/aglow.org\/es\/"},{"@type":"ListItem","position":2,"name":"Recursos globales para el desarrollo de l\u00edderes"}]},{"@type":"WebSite","@id":"https:\/\/aglow.org\/es\/#website","url":"https:\/\/aglow.org\/es\/","name":"Aglow International","description":"","publisher":{"@id":"https:\/\/aglow.org\/es\/#organization"},"potentialAction":[{"@type":"SearchAction","target":{"@type":"EntryPoint","urlTemplate":"https:\/\/aglow.org\/es\/?s={search_term_string}"},"query-input":{"@type":"PropertyValueSpecification","valueRequired":true,"valueName":"search_term_string"}}],"inLanguage":"es"},{"@type":"Organization","@id":"https:\/\/aglow.org\/es\/#organization","name":"Aglow International","url":"https:\/\/aglow.org\/es\/","logo":{"@type":"ImageObject","inLanguage":"es","@id":"https:\/\/aglow.org\/es\/#\/schema\/logo\/image\/","url":"https:\/\/aglow.org\/wp-content\/uploads\/2025\/04\/Aglow_logo_orange_800px.png","contentUrl":"https:\/\/aglow.org\/wp-content\/uploads\/2025\/04\/Aglow_logo_orange_800px.png","width":800,"height":302,"caption":"Aglow International"},"image":{"@id":"https:\/\/aglow.org\/es\/#\/schema\/logo\/image\/"}}]}},"_links":{"self":[{"href":"https:\/\/aglow.org\/es\/wp-json\/wp\/v2\/pages\/6480","targetHints":{"allow":["GET"]}}],"collection":[{"href":"https:\/\/aglow.org\/es\/wp-json\/wp\/v2\/pages"}],"about":[{"href":"https:\/\/aglow.org\/es\/wp-json\/wp\/v2\/types\/page"}],"author":[{"embeddable":true,"href":"https:\/\/aglow.org\/es\/wp-json\/wp\/v2\/users\/3"}],"replies":[{"embeddable":true,"href":"https:\/\/aglow.org\/es\/wp-json\/wp\/v2\/comments?post=6480"}],"version-history":[{"count":5,"href":"https:\/\/aglow.org\/es\/wp-json\/wp\/v2\/pages\/6480\/revisions"}],"predecessor-version":[{"id":6547,"href":"https:\/\/aglow.org\/es\/wp-json\/wp\/v2\/pages\/6480\/revisions\/6547"}],"wp:attachment":[{"href":"https:\/\/aglow.org\/es\/wp-json\/wp\/v2\/media?parent=6480"}],"curies":[{"name":"wp","href":"https:\/\/api.w.org\/{rel}","templated":true}]}}