{"id":6354,"date":"2025-04-10T18:59:35","date_gmt":"2025-04-10T18:59:35","guid":{"rendered":"https:\/\/aglow.org\/2023-conferencia-mensajes\/"},"modified":"2026-02-04T20:59:33","modified_gmt":"2026-02-04T20:59:33","slug":"2023-conferencia-mensajes","status":"publish","type":"page","link":"https:\/\/aglow.org\/es\/2023-conferencia-mensajes\/","title":{"rendered":"2023 Conferencia Mensajes"},"content":{"rendered":"\n<h1>\n\t\t\t2023 Conferencia Mensajes \t<\/h1>\n<figure itemscope itemtype=\"https:\/\/schema.org\/ImageObject\">\n\t\t\t\t<img decoding=\"async\" src=\"https:\/\/aglow.org\/wp-content\/uploads\/2025\/04\/2023-conference-theme-1200.jpg\" alt=\"\" onerror=\"this.style.display='none'\" loading=\"lazy\" \/>\n\t<\/figure>\n\t<p><strong>Adobe Acrobat Reader <\/strong>Es necesario tener instalado el programa Adobe Acrobat Reader en su ordenador para ver algunos de estos documentos. Si no tiene este programa instalado: Adobe Acrobat Reader  <a title=\"Descargar Adobe Acrobat Reader\" href=\"http:\/\/get.adobe.com\/reader\/\" target=\"_blank\" rel=\"noopener noreferrer\">Descargar Adobe Acrobat Reader <\/a><\/p>\n\t<ul>\n<li><strong><a title=\"El maremoto que viene: Tim Sheets - Sesi\u00f3n del viernes en la ma\u00f1ana\" href=\"https:\/\/aglow.org\/images\/_leaderDev\/2023-Tim-Sheets-Friday-AM-SP.pdf\" target=\"_blank\" rel=\"noopener\">El maremoto que viene: Tim Sheets &#8211; Sesi\u00f3n del viernes en la ma\u00f1ana<\/a><\/strong><br \/>\n<a title=\"El maremoto que viene: Tim Sheets - Sesi\u00f3n del viernes en la ma\u00f1ana\" href=\"https:\/\/aglow.org\/images\/_leaderDev\/2023-Tim-Sheets-Friday-AM-SP.pdf\" target=\"_blank\" rel=\"noopener\">(Descargar un<img loading=\"lazy\" decoding=\"async\" src=\"https:\/\/aglow.org\/images\/icons\/pdf_icon_small.gif\" alt=\"\u00cdcono PDF peque\u00f1o\" width=\"25\" height=\"23\" \/><\/a> <strong>| <\/strong><a title=\"El maremoto que viene: Tim Sheets - Sesi\u00f3n del viernes en la ma\u00f1ana\" href=\"https:\/\/www.youtube.com\/watch?v=myherGcpik0\" target=\"_blank\" rel=\"noopener\">Ver en YouTube<img loading=\"lazy\" decoding=\"async\" src=\"https:\/\/aglow.org\/images\/icons\/you-tube-icon.jpg\" alt=\"you tube icon\" width=\"25\" height=\"25\" data-pagespeed-url-hash=\"218075292\" \/><\/a> )Toda guerra que se haya peleado en la tierra o en el Cielo, lo fue por causa del \u00abprincipio del yo\u00bb. El &#8216;problema del yo&#8217; en cada uno hace que nos esforcemos. La pregunta a lo largo del tiempo ha sido, \u00ab\u00bfQui\u00e9n ocupar\u00e1 el trono?\u00bb Y as\u00ed, llegamos a nuestro propio &#8216;problema del yo&#8217;. Es la misma cosa. \u00bfQui\u00e9n ocupar\u00e1 el trono de nuestro coraz\u00f3n?<\/li>\n<li><strong><a title=\"Mi ecclesia prevalecer\u00e1: Tim Sheets - Sesi\u00f3n del viernes en la tarde\" href=\"https:\/\/aglow.org\/wp-content\/uploads\/2026\/02\/2023-Tim-Sheets-Friday-PM-SP.pdf\" target=\"_blank\" rel=\"noopener\">Mi ecclesia prevalecer\u00e1: Tim Sheets &#8211; Sesi\u00f3n del viernes en la tarde<\/a><\/strong><br \/>\n(<a title=\"Descargar un PDF\" href=\"https:\/\/aglow.org\/wp-content\/uploads\/2026\/02\/2023-Tim-Sheets-Friday-PM-SP.pdf\" target=\"_blank\" rel=\"noopener\">Descargar un PDF <img loading=\"lazy\" decoding=\"async\" src=\"https:\/\/aglow.org\/images\/icons\/pdf_icon_small.gif\" alt=\"\u00cdcono PDF peque\u00f1o\" width=\"25\" height=\"23\" \/><\/a><strong>| <\/strong><a title=\"Ver en YouTube\" href=\"https:\/\/www.youtube.com\/watch?v=CprlkdDtcEw\" target=\"_blank\" rel=\"noopener\">Ver en YouTubee<img loading=\"lazy\" decoding=\"async\" src=\"https:\/\/aglow.org\/images\/icons\/you-tube-icon.jpg\" alt=\"you tube icon\" width=\"25\" height=\"25\" data-pagespeed-url-hash=\"218075292\" \/><\/a>)<br \/>\nEn la sesi\u00f3n del viernes por la noche, Tim Sheets expone sobre los momentos definitorios en la historia y d\u00f3nde nos encontramos actualmente en el plan de Dios.<\/li>\n<li><strong>La Fiesta de las Trompetas &#8211; Asher Intrater &#8211; Sesi\u00f3n del S\u00e1bado por la Ma\u00f1ana<\/strong><br \/>\n(<a title=\"La Fiesta de las Trompetas - Asher Intrater - Sesi\u00f3n de la ma\u00f1ana del s\u00e1bado\" href=\"https:\/\/www.youtube.com\/watch?v=UbpcuMnCUeo\" target=\"_blank\" rel=\"noopener\">Ver en YouTube <img loading=\"lazy\" decoding=\"async\" src=\"https:\/\/aglow.org\/images\/icons\/you-tube-icon.jpg\" alt=\"you tube icon\" width=\"25\" height=\"25\" data-pagespeed-url-hash=\"218075292\" \/><\/a>)<br \/>\nEn la sesi\u00f3n del s\u00e1bado por la ma\u00f1ana, Asher habl\u00f3 sobre c\u00f3mo navegar estos tiempos dif\u00edciles confiando en el Esp\u00edritu Santo y en la Palabra.<\/li>\n<li><strong>El Tiempo para ser Glorificado &#8211; Asher Intrater &#8211; Sesi\u00f3n del S\u00e1bado por la PM<\/strong><br \/>\n(<a title=\"El Tiempo de Ser Glorificado - Asher Intrater - Sesi\u00f3n del S\u00e1bado por la Tarde\" href=\"https:\/\/www.youtube.com\/watch?v=gyQej8Tw0L0\" target=\"_blank\" rel=\"noopener\">Ver en YouTube<\/a> <img loading=\"lazy\" decoding=\"async\" src=\"https:\/\/aglow.org\/images\/icons\/you-tube-icon.jpg\" alt=\"you tube icon\" width=\"25\" height=\"25\" data-pagespeed-url-hash=\"218075292\" \/>)<br \/>\nEn la sesi\u00f3n del s\u00e1bado por la noche, Asher habl\u00f3 sobre c\u00f3mo caminar en victoria en estos \u00faltimos d\u00edas.<\/li>\n<\/ul>\n\n","protected":false},"excerpt":{"rendered":"<p>2023 Conferencia Mensajes Adobe Acrobat Reader Es necesario tener instalado el programa Adobe Acrobat Reader en su ordenador para ver algunos de estos documentos. Si no tiene este programa instalado: Adobe Acrobat Reader Descargar Adobe Acrobat Reader El maremoto que viene: Tim Sheets &#8211; Sesi\u00f3n del viernes en la ma\u00f1ana (Descargar un | Ver en&hellip;<\/p>\n","protected":false},"author":3,"featured_media":0,"parent":0,"menu_order":0,"comment_status":"closed","ping_status":"closed","template":"","meta":{"footnotes":""},"class_list":["post-6354","page","type-page","status-publish","hentry"],"yoast_head":"<!-- This site is optimized with the Yoast SEO plugin v27.3 - https:\/\/yoast.com\/product\/yoast-seo-wordpress\/ -->\n<title>2023 Conferencia Mensajes - Aglow International<\/title>\n<meta name=\"robots\" content=\"index, follow, max-snippet:-1, max-image-preview:large, max-video-preview:-1\" \/>\n<link rel=\"canonical\" href=\"https:\/\/aglow.org\/es\/2023-conferencia-mensajes\/\" \/>\n<meta property=\"og:locale\" content=\"es_ES\" \/>\n<meta property=\"og:type\" content=\"article\" \/>\n<meta property=\"og:title\" content=\"2023 Conferencia Mensajes - Aglow International\" \/>\n<meta property=\"og:description\" content=\"2023 Conferencia Mensajes Adobe Acrobat Reader Es necesario tener instalado el programa Adobe Acrobat Reader en su ordenador para ver algunos de estos documentos. Si no tiene este programa instalado: Adobe Acrobat Reader Descargar Adobe Acrobat Reader El maremoto que viene: Tim Sheets &#8211; Sesi\u00f3n del viernes en la ma\u00f1ana (Descargar un | Ver en&hellip;\" \/>\n<meta property=\"og:url\" content=\"https:\/\/aglow.org\/es\/2023-conferencia-mensajes\/\" \/>\n<meta property=\"og:site_name\" content=\"Aglow International\" \/>\n<meta property=\"article:modified_time\" content=\"2026-02-04T20:59:33+00:00\" \/>\n<meta property=\"og:image\" content=\"https:\/\/aglow.org\/wp-content\/uploads\/2025\/04\/2023-conference-theme-1200.jpg\" \/>\n<meta name=\"twitter:card\" content=\"summary_large_image\" \/>\n<meta name=\"twitter:label1\" content=\"Tiempo de lectura\" \/>\n\t<meta name=\"twitter:data1\" content=\"3 minutos\" \/>\n<script type=\"application\/ld+json\" class=\"yoast-schema-graph\">{\"@context\":\"https:\\\/\\\/schema.org\",\"@graph\":[{\"@type\":\"WebPage\",\"@id\":\"https:\\\/\\\/aglow.org\\\/es\\\/2023-conferencia-mensajes\\\/\",\"url\":\"https:\\\/\\\/aglow.org\\\/es\\\/2023-conferencia-mensajes\\\/\",\"name\":\"2023 Conferencia Mensajes - Aglow International\",\"isPartOf\":{\"@id\":\"https:\\\/\\\/aglow.org\\\/es\\\/#website\"},\"primaryImageOfPage\":{\"@id\":\"https:\\\/\\\/aglow.org\\\/es\\\/2023-conferencia-mensajes\\\/#primaryimage\"},\"image\":{\"@id\":\"https:\\\/\\\/aglow.org\\\/es\\\/2023-conferencia-mensajes\\\/#primaryimage\"},\"thumbnailUrl\":\"https:\\\/\\\/aglow.org\\\/wp-content\\\/uploads\\\/2025\\\/04\\\/2023-conference-theme-1200.jpg\",\"datePublished\":\"2025-04-10T18:59:35+00:00\",\"dateModified\":\"2026-02-04T20:59:33+00:00\",\"breadcrumb\":{\"@id\":\"https:\\\/\\\/aglow.org\\\/es\\\/2023-conferencia-mensajes\\\/#breadcrumb\"},\"inLanguage\":\"es\",\"potentialAction\":[{\"@type\":\"ReadAction\",\"target\":[\"https:\\\/\\\/aglow.org\\\/es\\\/2023-conferencia-mensajes\\\/\"]}]},{\"@type\":\"ImageObject\",\"inLanguage\":\"es\",\"@id\":\"https:\\\/\\\/aglow.org\\\/es\\\/2023-conferencia-mensajes\\\/#primaryimage\",\"url\":\"https:\\\/\\\/aglow.org\\\/wp-content\\\/uploads\\\/2025\\\/04\\\/2023-conference-theme-1200.jpg\",\"contentUrl\":\"https:\\\/\\\/aglow.org\\\/wp-content\\\/uploads\\\/2025\\\/04\\\/2023-conference-theme-1200.jpg\"},{\"@type\":\"BreadcrumbList\",\"@id\":\"https:\\\/\\\/aglow.org\\\/es\\\/2023-conferencia-mensajes\\\/#breadcrumb\",\"itemListElement\":[{\"@type\":\"ListItem\",\"position\":1,\"name\":\"Home\",\"item\":\"https:\\\/\\\/aglow.org\\\/es\\\/\"},{\"@type\":\"ListItem\",\"position\":2,\"name\":\"2023 Conferencia Mensajes\"}]},{\"@type\":\"WebSite\",\"@id\":\"https:\\\/\\\/aglow.org\\\/es\\\/#website\",\"url\":\"https:\\\/\\\/aglow.org\\\/es\\\/\",\"name\":\"Aglow International\",\"description\":\"\",\"publisher\":{\"@id\":\"https:\\\/\\\/aglow.org\\\/es\\\/#organization\"},\"potentialAction\":[{\"@type\":\"SearchAction\",\"target\":{\"@type\":\"EntryPoint\",\"urlTemplate\":\"https:\\\/\\\/aglow.org\\\/es\\\/?s={search_term_string}\"},\"query-input\":{\"@type\":\"PropertyValueSpecification\",\"valueRequired\":true,\"valueName\":\"search_term_string\"}}],\"inLanguage\":\"es\"},{\"@type\":\"Organization\",\"@id\":\"https:\\\/\\\/aglow.org\\\/es\\\/#organization\",\"name\":\"Aglow International\",\"url\":\"https:\\\/\\\/aglow.org\\\/es\\\/\",\"logo\":{\"@type\":\"ImageObject\",\"inLanguage\":\"es\",\"@id\":\"https:\\\/\\\/aglow.org\\\/es\\\/#\\\/schema\\\/logo\\\/image\\\/\",\"url\":\"https:\\\/\\\/aglow.org\\\/wp-content\\\/uploads\\\/2025\\\/04\\\/Aglow_logo_orange_800px.png\",\"contentUrl\":\"https:\\\/\\\/aglow.org\\\/wp-content\\\/uploads\\\/2025\\\/04\\\/Aglow_logo_orange_800px.png\",\"width\":800,\"height\":302,\"caption\":\"Aglow International\"},\"image\":{\"@id\":\"https:\\\/\\\/aglow.org\\\/es\\\/#\\\/schema\\\/logo\\\/image\\\/\"}}]}<\/script>\n<!-- \/ Yoast SEO plugin. -->","yoast_head_json":{"title":"2023 Conferencia Mensajes - Aglow International","robots":{"index":"index","follow":"follow","max-snippet":"max-snippet:-1","max-image-preview":"max-image-preview:large","max-video-preview":"max-video-preview:-1"},"canonical":"https:\/\/aglow.org\/es\/2023-conferencia-mensajes\/","og_locale":"es_ES","og_type":"article","og_title":"2023 Conferencia Mensajes - Aglow International","og_description":"2023 Conferencia Mensajes Adobe Acrobat Reader Es necesario tener instalado el programa Adobe Acrobat Reader en su ordenador para ver algunos de estos documentos. Si no tiene este programa instalado: Adobe Acrobat Reader Descargar Adobe Acrobat Reader El maremoto que viene: Tim Sheets &#8211; Sesi\u00f3n del viernes en la ma\u00f1ana (Descargar un | Ver en&hellip;","og_url":"https:\/\/aglow.org\/es\/2023-conferencia-mensajes\/","og_site_name":"Aglow International","article_modified_time":"2026-02-04T20:59:33+00:00","og_image":[{"url":"https:\/\/aglow.org\/wp-content\/uploads\/2025\/04\/2023-conference-theme-1200.jpg","type":"","width":"","height":""}],"twitter_card":"summary_large_image","twitter_misc":{"Tiempo de lectura":"3 minutos"},"schema":{"@context":"https:\/\/schema.org","@graph":[{"@type":"WebPage","@id":"https:\/\/aglow.org\/es\/2023-conferencia-mensajes\/","url":"https:\/\/aglow.org\/es\/2023-conferencia-mensajes\/","name":"2023 Conferencia Mensajes - Aglow International","isPartOf":{"@id":"https:\/\/aglow.org\/es\/#website"},"primaryImageOfPage":{"@id":"https:\/\/aglow.org\/es\/2023-conferencia-mensajes\/#primaryimage"},"image":{"@id":"https:\/\/aglow.org\/es\/2023-conferencia-mensajes\/#primaryimage"},"thumbnailUrl":"https:\/\/aglow.org\/wp-content\/uploads\/2025\/04\/2023-conference-theme-1200.jpg","datePublished":"2025-04-10T18:59:35+00:00","dateModified":"2026-02-04T20:59:33+00:00","breadcrumb":{"@id":"https:\/\/aglow.org\/es\/2023-conferencia-mensajes\/#breadcrumb"},"inLanguage":"es","potentialAction":[{"@type":"ReadAction","target":["https:\/\/aglow.org\/es\/2023-conferencia-mensajes\/"]}]},{"@type":"ImageObject","inLanguage":"es","@id":"https:\/\/aglow.org\/es\/2023-conferencia-mensajes\/#primaryimage","url":"https:\/\/aglow.org\/wp-content\/uploads\/2025\/04\/2023-conference-theme-1200.jpg","contentUrl":"https:\/\/aglow.org\/wp-content\/uploads\/2025\/04\/2023-conference-theme-1200.jpg"},{"@type":"BreadcrumbList","@id":"https:\/\/aglow.org\/es\/2023-conferencia-mensajes\/#breadcrumb","itemListElement":[{"@type":"ListItem","position":1,"name":"Home","item":"https:\/\/aglow.org\/es\/"},{"@type":"ListItem","position":2,"name":"2023 Conferencia Mensajes"}]},{"@type":"WebSite","@id":"https:\/\/aglow.org\/es\/#website","url":"https:\/\/aglow.org\/es\/","name":"Aglow International","description":"","publisher":{"@id":"https:\/\/aglow.org\/es\/#organization"},"potentialAction":[{"@type":"SearchAction","target":{"@type":"EntryPoint","urlTemplate":"https:\/\/aglow.org\/es\/?s={search_term_string}"},"query-input":{"@type":"PropertyValueSpecification","valueRequired":true,"valueName":"search_term_string"}}],"inLanguage":"es"},{"@type":"Organization","@id":"https:\/\/aglow.org\/es\/#organization","name":"Aglow International","url":"https:\/\/aglow.org\/es\/","logo":{"@type":"ImageObject","inLanguage":"es","@id":"https:\/\/aglow.org\/es\/#\/schema\/logo\/image\/","url":"https:\/\/aglow.org\/wp-content\/uploads\/2025\/04\/Aglow_logo_orange_800px.png","contentUrl":"https:\/\/aglow.org\/wp-content\/uploads\/2025\/04\/Aglow_logo_orange_800px.png","width":800,"height":302,"caption":"Aglow International"},"image":{"@id":"https:\/\/aglow.org\/es\/#\/schema\/logo\/image\/"}}]}},"_links":{"self":[{"href":"https:\/\/aglow.org\/es\/wp-json\/wp\/v2\/pages\/6354","targetHints":{"allow":["GET"]}}],"collection":[{"href":"https:\/\/aglow.org\/es\/wp-json\/wp\/v2\/pages"}],"about":[{"href":"https:\/\/aglow.org\/es\/wp-json\/wp\/v2\/types\/page"}],"author":[{"embeddable":true,"href":"https:\/\/aglow.org\/es\/wp-json\/wp\/v2\/users\/3"}],"replies":[{"embeddable":true,"href":"https:\/\/aglow.org\/es\/wp-json\/wp\/v2\/comments?post=6354"}],"version-history":[{"count":3,"href":"https:\/\/aglow.org\/es\/wp-json\/wp\/v2\/pages\/6354\/revisions"}],"predecessor-version":[{"id":6420,"href":"https:\/\/aglow.org\/es\/wp-json\/wp\/v2\/pages\/6354\/revisions\/6420"}],"wp:attachment":[{"href":"https:\/\/aglow.org\/es\/wp-json\/wp\/v2\/media?parent=6354"}],"curies":[{"name":"wp","href":"https:\/\/api.w.org\/{rel}","templated":true}]}}