{"id":6351,"date":"2025-04-11T18:51:29","date_gmt":"2025-04-11T18:51:29","guid":{"rendered":"https:\/\/aglow.org\/2018-conference-messages\/"},"modified":"2026-02-04T20:03:05","modified_gmt":"2026-02-04T20:03:05","slug":"2018-conference-messages","status":"publish","type":"page","link":"https:\/\/aglow.org\/es\/2018-conference-messages\/","title":{"rendered":"Mensajes de la conferencia de 2018"},"content":{"rendered":"\n<h1>\n\t\t\tMensajes de la conferencia de 2018\t<\/h1>\n<figure itemscope itemtype=\"https:\/\/schema.org\/ImageObject\">\n\t\t\t\t<img decoding=\"async\" src=\"https:\/\/aglow.org\/wp-content\/uploads\/2025\/04\/2018-conf-theme.jpg\" alt=\"Tema de la Conferencia 2018\" height=\"900\" width=\"800\" title=\"Tema de la Conferencia 2018\" onerror=\"this.style.display='none'\" loading=\"lazy\" \/>\n\t<\/figure>\n\t<p><strong>Adobe Acrobat Reader <\/strong>Es necesario tener instalado el programa Adobe Acrobat Reader en su ordenador para ver algunos de estos documentos. Si no tiene este programa instalado: Adobe Acrobat Reader  <a title=\"Descargar Adobe Acrobat Reader\" href=\"http:\/\/get.adobe.com\/reader\/\" target=\"_blank\" rel=\"noopener noreferrer\">Descargar Adobe Acrobat Reader <\/a><\/p>\n\t<h3>2018 mensajes de la cumbre de l\u00edderes<\/h3>\n<ul>\n<li><strong><a title=\"Convi\u00e9rtase en heredero de dios\" href=\"https:\/\/aglow.org\/images\/_leaderDev\/2018-Leaders-Summit-Graham-Cooke-SP.pdf\" target=\"_blank\" rel=\"noopener noreferrer\">Graham Cooke<\/a><a title=\"Convi\u00e9rtase en heredero de dios\" href=\"https:\/\/aglow.org\/images\/_leaderDev\/2018-Leaders-Summit-Graham-Cooke-SP.pdf\" target=\"_blank\" rel=\"noopener noreferrer\"> &#8211; Convi\u00e9rtase en heredero de dios<\/a> <\/strong>\u00a0<a title=\"Convi\u00e9rtase en heredero de dios\" href=\"https:\/\/aglow.org\/images\/_leaderDev\/2018-Leaders-Summit-Graham-Cooke-.pdf\" target=\"_blank\" rel=\"noopener noreferrer\"><img loading=\"lazy\" decoding=\"async\" src=\"https:\/\/aglow.org\/images\/icons\/pdf_icon_small.gif\" alt=\"\u00cdcono PDF peque\u00f1o\" width=\"20\" height=\"18\" \/><\/a><br \/>\nDios est\u00e1 construyendo un pueblo que ser\u00e1 exactamente el mismo, que representar\u00e1 al Reino, que representar\u00e1 a los tres independientemente de lo que el mundo est\u00e1 haciendo o no lo que Dios nos est\u00e1 hablando es incre\u00edble. Lo que Dios nos est\u00e1 hablando es absolutamente asombroso. En LifeChangers, \u00e9l nos habl\u00f3 del anciano en el nuevo y \u00e9l todav\u00eda nos est\u00e1 hablando en m\u00e1s de lo nuevo. Lo sabes, ese curso fue s\u00f3lo el principio. Hay un estilo de vida de haber cambiado tu existencia. Cada d\u00eda \u00e9l te est\u00e1 hablando de la negatividad en algo mejor. Te est\u00e1 hablando de tu pasado en tu futuro. \u00c9l te est\u00e1 hablando por temor a ser amado m\u00e1s a la perfecci\u00f3n.<\/li>\n<\/ul>\n<h3>Mensajes de la conferencia de 2018<\/h3>\n<ul>\n<li><strong>Dutch Sheets &#8211; S\u00e1bado por la tarde sesi\u00f3n<br \/>\n<\/strong>(<strong><a title=\"Dutch Sheets - S\u00e1bado por la tarde sesi\u00f3n\" href=\"https:\/\/www.youtube.com\/watch?v=D1F9aS9y8mM&amp;list=PLSVk2ZELQLZKkspSfzbbew_8AD47C35O2&amp;index=17\" target=\"_blank\" rel=\"noopener\">Ver en YouTube <img loading=\"lazy\" decoding=\"async\" src=\"https:\/\/aglow.org\/images\/icons\/you-tube-icon.jpg\" alt=\"you tube icon\" width=\"25\" height=\"25\" data-pagespeed-url-hash=\"218075292\" \/><\/a><\/strong>)<br \/>\nEn la sesi\u00f3n del viernes por la noche, Dutch Sheets habl\u00f3 sobre derribar a los gigantes en la tierra con 2 armas, Everlast y Evergreen, que representan el pacto eterno. Al final del mensaje, Dutch dio una poderosa comisi\u00f3n a Aglow para que ocupemos nuestro lugar en El Tercer Gran Avivamiento que hoy comienza a verse en la tierra.<\/li>\n<li><strong><a title=\"Chuck Pierce - Sesi\u00f3n de la Ma\u00f1ana del S\u00e1bado\" href=\"https:\/\/aglow.org\/wp-content\/uploads\/2026\/02\/2018-Saturday-AM-Chuck-Pierce-SP.pdf\" target=\"_blank\" rel=\"noopener noreferrer\">Chuck Pierce &#8211; Sesi\u00f3n de la Ma\u00f1ana del S\u00e1bado<br \/>\n<\/a><\/strong>(<strong><a title=\"Chuck Pierce - Sesi\u00f3n de la Ma\u00f1ana del S\u00e1bado\" href=\"https:\/\/aglow.org\/wp-content\/uploads\/2026\/02\/2018-Saturday-AM-Chuck-Pierce-SP.pdf\" target=\"_blank\" rel=\"noopener noreferrer\">Descargar un PDF <\/a><a href=\"https:\/\/aglow.org\/wp-content\/uploads\/2026\/02\/2018-Saturday-AM-Chuck-Pierce-SP.pdf\" target=\"_blank\" rel=\"noopener noreferrer\"><img loading=\"lazy\" decoding=\"async\" src=\"https:\/\/aglow.org\/images\/icons\/pdf_icon_small.gif\" alt=\"\u00cdcono PDF peque\u00f1o\" width=\"20\" height=\"18\" \/><\/a><\/strong>| <strong><a title=\"Chuck Pierce - Saturday AM Session\" href=\"https:\/\/www.youtube.com\/watch?v=BTu8QXPTElU&amp;list=PLSVk2ZELQLZKkspSfzbbew_8AD47C35O2&amp;index=14\" target=\"_blank\" rel=\"noopener\">Ver en YouTube <img loading=\"lazy\" decoding=\"async\" src=\"https:\/\/aglow.org\/images\/icons\/you-tube-icon.jpg\" alt=\"you tube icon\" width=\"25\" height=\"25\" data-pagespeed-url-hash=\"218075292\" \/><\/a><\/strong>)<br \/>\nEn la sesi\u00f3n del s\u00e1bado por la ma\u00f1ana de la Conferencia Nacional de EE.\u202fUU. de 2018, Chuck habl\u00f3 sobre c\u00f3mo salir de las formas convencionales de pensar, los campos de cosecha en todo el mundo y el nuevo d\u00eda que est\u00e1 amaneciendo para Aglow en nuestra identidad renovada como mujeres apost\u00f3licas y prof\u00e9ticas.<\/li>\n<li><strong><a title=\"Dutch Sheets - S\u00e1bado por la tarde sesi\u00f3n\" href=\"https:\/\/aglow.org\/wp-content\/uploads\/2026\/02\/2018-Saturday-Afternoon-Dutch-Sheets-SP.pdf\" target=\"_blank\" rel=\"noopener noreferrer\">Dutch Sheets &#8211; S\u00e1bado por la tarde sesi\u00f3n<br \/>\n<\/a><\/strong>(<strong><a title=\"Dutch Sheets - S\u00e1bado por la tarde sesi\u00f3n\" href=\"https:\/\/aglow.org\/wp-content\/uploads\/2026\/02\/2018-Saturday-Afternoon-Dutch-Sheets-SP.pdf\" target=\"_blank\" rel=\"noopener noreferrer\">Descargar un PDF <img loading=\"lazy\" decoding=\"async\" src=\"https:\/\/aglow.org\/images\/icons\/pdf_icon_small.gif\" alt=\"\u00cdcono PDF peque\u00f1o\" width=\"20\" height=\"18\" \/><\/a><\/strong>| <strong><a title=\"Dutch Sheets - S\u00e1bado por la tarde sesi\u00f3n\" href=\"https:\/\/www.youtube.com\/watch?v=8tPJ1bQ7vdY&amp;list=PLSVk2ZELQLZKkspSfzbbew_8AD47C35O2&amp;index=16\" target=\"_blank\" rel=\"noopener\">Ver en YouTube <img loading=\"lazy\" decoding=\"async\" src=\"https:\/\/aglow.org\/images\/icons\/you-tube-icon.jpg\" alt=\"you tube icon\" width=\"25\" height=\"25\" data-pagespeed-url-hash=\"218075292\" \/><\/a><\/strong>)<br \/>\nEn el mensaje de la tarde de Dutch, \u00e9l aborda 6 temas: la vigilancia, el nacimiento, los centinelas, la plenitud del tiempo, la espera y la apropiaci\u00f3n de las cosas. Estamos en un momento en que el Se\u00f1or est\u00e1 listo para quebrar fortalezas de siglos y milenios de antig\u00fcedad y transformar completamente, radicalmente y de manera total a las naciones.<\/li>\n<li><strong>Graham Cooke &#8211; Sesi\u00f3n del s\u00e1bado por la noche<br \/>\n<\/strong>(<strong><a title=\"Graham Cooke - Sesi\u00f3n del s\u00e1bado por la noche\" href=\"https:\/\/www.youtube.com\/watch?v=UujZ_IlNNaY&amp;list=PLSVk2ZELQLZKkspSfzbbew_8AD47C35O2&amp;index=15\" target=\"_blank\" rel=\"noopener\">Ver en YouTube <img loading=\"lazy\" decoding=\"async\" src=\"https:\/\/aglow.org\/images\/icons\/you-tube-icon.jpg\" alt=\"you tube icon\" width=\"25\" height=\"25\" data-pagespeed-url-hash=\"218075292\" \/><\/a><\/strong>)<br \/>\nEstamos juntos en un momento sin precedentes. Algunos de nosotros hemos estado entrenando para esto toda nuestra vida para vivir por algo tan profundo, tan enorme que nos domina. Nos obsesionamos con la bondad de Dios. Este es un momento adecuado para que entremos en este lugar porque el mundo est\u00e1 en caos, pero no nosotros, nunca nosotros. Estamos en el Reino. Y Su promesa a nosotros es, como \u00c9l es, refiri\u00e9ndose a Jes\u00fas, as\u00ed eres t\u00fa en este mundo.<\/li>\n<\/ul>\n\n","protected":false},"excerpt":{"rendered":"<p>Mensajes de la conferencia de 2018 Adobe Acrobat Reader Es necesario tener instalado el programa Adobe Acrobat Reader en su ordenador para ver algunos de estos documentos. Si no tiene este programa instalado: Adobe Acrobat Reader Descargar Adobe Acrobat Reader 2018 mensajes de la cumbre de l\u00edderes Graham Cooke &#8211; Convi\u00e9rtase en heredero de dios&hellip;<\/p>\n","protected":false},"author":3,"featured_media":673,"parent":0,"menu_order":0,"comment_status":"closed","ping_status":"closed","template":"","meta":{"footnotes":""},"class_list":["post-6351","page","type-page","status-publish","has-post-thumbnail","hentry"],"yoast_head":"<!-- This site is optimized with the Yoast SEO plugin v27.3 - https:\/\/yoast.com\/product\/yoast-seo-wordpress\/ -->\n<title>Mensajes de la conferencia de 2018 - Aglow International<\/title>\n<meta name=\"robots\" content=\"index, follow, max-snippet:-1, max-image-preview:large, max-video-preview:-1\" \/>\n<link rel=\"canonical\" href=\"https:\/\/aglow.org\/es\/2018-conference-messages\/\" \/>\n<meta property=\"og:locale\" content=\"es_ES\" \/>\n<meta property=\"og:type\" content=\"article\" \/>\n<meta property=\"og:title\" content=\"Mensajes de la conferencia de 2018 - Aglow International\" \/>\n<meta property=\"og:description\" content=\"Mensajes de la conferencia de 2018 Adobe Acrobat Reader Es necesario tener instalado el programa Adobe Acrobat Reader en su ordenador para ver algunos de estos documentos. Si no tiene este programa instalado: Adobe Acrobat Reader Descargar Adobe Acrobat Reader 2018 mensajes de la cumbre de l\u00edderes Graham Cooke &#8211; Convi\u00e9rtase en heredero de dios&hellip;\" \/>\n<meta property=\"og:url\" content=\"https:\/\/aglow.org\/es\/2018-conference-messages\/\" \/>\n<meta property=\"og:site_name\" content=\"Aglow International\" \/>\n<meta property=\"article:modified_time\" content=\"2026-02-04T20:03:05+00:00\" \/>\n<meta property=\"og:image\" content=\"https:\/\/aglow.org\/wp-content\/uploads\/2025\/04\/2018-conf-theme.jpg\" \/>\n\t<meta property=\"og:image:width\" content=\"800\" \/>\n\t<meta property=\"og:image:height\" content=\"900\" \/>\n\t<meta property=\"og:image:type\" content=\"image\/jpeg\" \/>\n<meta name=\"twitter:card\" content=\"summary_large_image\" \/>\n<meta name=\"twitter:label1\" content=\"Tiempo de lectura\" \/>\n\t<meta name=\"twitter:data1\" content=\"4 minutos\" \/>\n<script type=\"application\/ld+json\" class=\"yoast-schema-graph\">{\"@context\":\"https:\\\/\\\/schema.org\",\"@graph\":[{\"@type\":\"WebPage\",\"@id\":\"https:\\\/\\\/aglow.org\\\/es\\\/2018-conference-messages\\\/\",\"url\":\"https:\\\/\\\/aglow.org\\\/es\\\/2018-conference-messages\\\/\",\"name\":\"Mensajes de la conferencia de 2018 - Aglow International\",\"isPartOf\":{\"@id\":\"https:\\\/\\\/aglow.org\\\/es\\\/#website\"},\"primaryImageOfPage\":{\"@id\":\"https:\\\/\\\/aglow.org\\\/es\\\/2018-conference-messages\\\/#primaryimage\"},\"image\":{\"@id\":\"https:\\\/\\\/aglow.org\\\/es\\\/2018-conference-messages\\\/#primaryimage\"},\"thumbnailUrl\":\"https:\\\/\\\/aglow.org\\\/wp-content\\\/uploads\\\/2025\\\/04\\\/2018-conf-theme.jpg\",\"datePublished\":\"2025-04-11T18:51:29+00:00\",\"dateModified\":\"2026-02-04T20:03:05+00:00\",\"breadcrumb\":{\"@id\":\"https:\\\/\\\/aglow.org\\\/es\\\/2018-conference-messages\\\/#breadcrumb\"},\"inLanguage\":\"es\",\"potentialAction\":[{\"@type\":\"ReadAction\",\"target\":[\"https:\\\/\\\/aglow.org\\\/es\\\/2018-conference-messages\\\/\"]}]},{\"@type\":\"ImageObject\",\"inLanguage\":\"es\",\"@id\":\"https:\\\/\\\/aglow.org\\\/es\\\/2018-conference-messages\\\/#primaryimage\",\"url\":\"https:\\\/\\\/aglow.org\\\/wp-content\\\/uploads\\\/2025\\\/04\\\/2018-conf-theme.jpg\",\"contentUrl\":\"https:\\\/\\\/aglow.org\\\/wp-content\\\/uploads\\\/2025\\\/04\\\/2018-conf-theme.jpg\",\"width\":800,\"height\":900,\"caption\":\"Tema de la Conferencia 2018\"},{\"@type\":\"BreadcrumbList\",\"@id\":\"https:\\\/\\\/aglow.org\\\/es\\\/2018-conference-messages\\\/#breadcrumb\",\"itemListElement\":[{\"@type\":\"ListItem\",\"position\":1,\"name\":\"Home\",\"item\":\"https:\\\/\\\/aglow.org\\\/es\\\/\"},{\"@type\":\"ListItem\",\"position\":2,\"name\":\"Mensajes de la conferencia de 2018\"}]},{\"@type\":\"WebSite\",\"@id\":\"https:\\\/\\\/aglow.org\\\/es\\\/#website\",\"url\":\"https:\\\/\\\/aglow.org\\\/es\\\/\",\"name\":\"Aglow International\",\"description\":\"\",\"publisher\":{\"@id\":\"https:\\\/\\\/aglow.org\\\/es\\\/#organization\"},\"potentialAction\":[{\"@type\":\"SearchAction\",\"target\":{\"@type\":\"EntryPoint\",\"urlTemplate\":\"https:\\\/\\\/aglow.org\\\/es\\\/?s={search_term_string}\"},\"query-input\":{\"@type\":\"PropertyValueSpecification\",\"valueRequired\":true,\"valueName\":\"search_term_string\"}}],\"inLanguage\":\"es\"},{\"@type\":\"Organization\",\"@id\":\"https:\\\/\\\/aglow.org\\\/es\\\/#organization\",\"name\":\"Aglow International\",\"url\":\"https:\\\/\\\/aglow.org\\\/es\\\/\",\"logo\":{\"@type\":\"ImageObject\",\"inLanguage\":\"es\",\"@id\":\"https:\\\/\\\/aglow.org\\\/es\\\/#\\\/schema\\\/logo\\\/image\\\/\",\"url\":\"https:\\\/\\\/aglow.org\\\/wp-content\\\/uploads\\\/2025\\\/04\\\/Aglow_logo_orange_800px.png\",\"contentUrl\":\"https:\\\/\\\/aglow.org\\\/wp-content\\\/uploads\\\/2025\\\/04\\\/Aglow_logo_orange_800px.png\",\"width\":800,\"height\":302,\"caption\":\"Aglow International\"},\"image\":{\"@id\":\"https:\\\/\\\/aglow.org\\\/es\\\/#\\\/schema\\\/logo\\\/image\\\/\"}}]}<\/script>\n<!-- \/ Yoast SEO plugin. -->","yoast_head_json":{"title":"Mensajes de la conferencia de 2018 - Aglow International","robots":{"index":"index","follow":"follow","max-snippet":"max-snippet:-1","max-image-preview":"max-image-preview:large","max-video-preview":"max-video-preview:-1"},"canonical":"https:\/\/aglow.org\/es\/2018-conference-messages\/","og_locale":"es_ES","og_type":"article","og_title":"Mensajes de la conferencia de 2018 - Aglow International","og_description":"Mensajes de la conferencia de 2018 Adobe Acrobat Reader Es necesario tener instalado el programa Adobe Acrobat Reader en su ordenador para ver algunos de estos documentos. Si no tiene este programa instalado: Adobe Acrobat Reader Descargar Adobe Acrobat Reader 2018 mensajes de la cumbre de l\u00edderes Graham Cooke &#8211; Convi\u00e9rtase en heredero de dios&hellip;","og_url":"https:\/\/aglow.org\/es\/2018-conference-messages\/","og_site_name":"Aglow International","article_modified_time":"2026-02-04T20:03:05+00:00","og_image":[{"width":800,"height":900,"url":"https:\/\/aglow.org\/wp-content\/uploads\/2025\/04\/2018-conf-theme.jpg","type":"image\/jpeg"}],"twitter_card":"summary_large_image","twitter_misc":{"Tiempo de lectura":"4 minutos"},"schema":{"@context":"https:\/\/schema.org","@graph":[{"@type":"WebPage","@id":"https:\/\/aglow.org\/es\/2018-conference-messages\/","url":"https:\/\/aglow.org\/es\/2018-conference-messages\/","name":"Mensajes de la conferencia de 2018 - Aglow International","isPartOf":{"@id":"https:\/\/aglow.org\/es\/#website"},"primaryImageOfPage":{"@id":"https:\/\/aglow.org\/es\/2018-conference-messages\/#primaryimage"},"image":{"@id":"https:\/\/aglow.org\/es\/2018-conference-messages\/#primaryimage"},"thumbnailUrl":"https:\/\/aglow.org\/wp-content\/uploads\/2025\/04\/2018-conf-theme.jpg","datePublished":"2025-04-11T18:51:29+00:00","dateModified":"2026-02-04T20:03:05+00:00","breadcrumb":{"@id":"https:\/\/aglow.org\/es\/2018-conference-messages\/#breadcrumb"},"inLanguage":"es","potentialAction":[{"@type":"ReadAction","target":["https:\/\/aglow.org\/es\/2018-conference-messages\/"]}]},{"@type":"ImageObject","inLanguage":"es","@id":"https:\/\/aglow.org\/es\/2018-conference-messages\/#primaryimage","url":"https:\/\/aglow.org\/wp-content\/uploads\/2025\/04\/2018-conf-theme.jpg","contentUrl":"https:\/\/aglow.org\/wp-content\/uploads\/2025\/04\/2018-conf-theme.jpg","width":800,"height":900,"caption":"Tema de la Conferencia 2018"},{"@type":"BreadcrumbList","@id":"https:\/\/aglow.org\/es\/2018-conference-messages\/#breadcrumb","itemListElement":[{"@type":"ListItem","position":1,"name":"Home","item":"https:\/\/aglow.org\/es\/"},{"@type":"ListItem","position":2,"name":"Mensajes de la conferencia de 2018"}]},{"@type":"WebSite","@id":"https:\/\/aglow.org\/es\/#website","url":"https:\/\/aglow.org\/es\/","name":"Aglow International","description":"","publisher":{"@id":"https:\/\/aglow.org\/es\/#organization"},"potentialAction":[{"@type":"SearchAction","target":{"@type":"EntryPoint","urlTemplate":"https:\/\/aglow.org\/es\/?s={search_term_string}"},"query-input":{"@type":"PropertyValueSpecification","valueRequired":true,"valueName":"search_term_string"}}],"inLanguage":"es"},{"@type":"Organization","@id":"https:\/\/aglow.org\/es\/#organization","name":"Aglow International","url":"https:\/\/aglow.org\/es\/","logo":{"@type":"ImageObject","inLanguage":"es","@id":"https:\/\/aglow.org\/es\/#\/schema\/logo\/image\/","url":"https:\/\/aglow.org\/wp-content\/uploads\/2025\/04\/Aglow_logo_orange_800px.png","contentUrl":"https:\/\/aglow.org\/wp-content\/uploads\/2025\/04\/Aglow_logo_orange_800px.png","width":800,"height":302,"caption":"Aglow International"},"image":{"@id":"https:\/\/aglow.org\/es\/#\/schema\/logo\/image\/"}}]}},"_links":{"self":[{"href":"https:\/\/aglow.org\/es\/wp-json\/wp\/v2\/pages\/6351","targetHints":{"allow":["GET"]}}],"collection":[{"href":"https:\/\/aglow.org\/es\/wp-json\/wp\/v2\/pages"}],"about":[{"href":"https:\/\/aglow.org\/es\/wp-json\/wp\/v2\/types\/page"}],"author":[{"embeddable":true,"href":"https:\/\/aglow.org\/es\/wp-json\/wp\/v2\/users\/3"}],"replies":[{"embeddable":true,"href":"https:\/\/aglow.org\/es\/wp-json\/wp\/v2\/comments?post=6351"}],"version-history":[{"count":9,"href":"https:\/\/aglow.org\/es\/wp-json\/wp\/v2\/pages\/6351\/revisions"}],"predecessor-version":[{"id":6409,"href":"https:\/\/aglow.org\/es\/wp-json\/wp\/v2\/pages\/6351\/revisions\/6409"}],"wp:featuredmedia":[{"embeddable":true,"href":"https:\/\/aglow.org\/es\/wp-json\/wp\/v2\/media\/673"}],"wp:attachment":[{"href":"https:\/\/aglow.org\/es\/wp-json\/wp\/v2\/media?parent=6351"}],"curies":[{"name":"wp","href":"https:\/\/api.w.org\/{rel}","templated":true}]}}