{"id":6164,"date":"2025-04-11T14:31:58","date_gmt":"2025-04-11T14:31:58","guid":{"rendered":"https:\/\/aglow.org\/mensajes-de-la-conferencia-de-2019\/"},"modified":"2026-02-05T16:52:30","modified_gmt":"2026-02-05T16:52:30","slug":"mensajes-de-la-conferencia-de-2019","status":"publish","type":"page","link":"https:\/\/aglow.org\/es\/mensajes-de-la-conferencia-de-2019\/","title":{"rendered":"Mensajes de la Conferencia de 2019"},"content":{"rendered":"\n<h1>\n\t\t\tMensajes de la Conferencia de 2019\t<\/h1>\n<figure itemscope itemtype=\"https:\/\/schema.org\/ImageObject\">\n\t\t\t\t<img decoding=\"async\" src=\"https:\/\/aglow.org\/wp-content\/uploads\/2025\/04\/2019-convocation-1200.jpg\" alt=\"Mensajes de la Conferencia de 2019\" height=\"574\" width=\"1200\" title=\"2019-convocation-1200\" onerror=\"this.style.display='none'\" loading=\"lazy\" \/>\n\t<\/figure>\n\t<p><strong>Adobe Acrobat Reader <\/strong>Es necesario tener instalado el programa Adobe Acrobat Reader en su ordenador para ver algunos de estos documentos. Si no tiene este programa instalado: Adobe Acrobat Reader  <a title=\"Descargar Adobe Acrobat Reader\" href=\"http:\/\/get.adobe.com\/reader\/\" target=\"_blank\" rel=\"noopener noreferrer\">Descargar Adobe Acrobat Reader <\/a><\/p>\n\t<ul>\n<li><strong><a title=\"Jane Hansen Hoyt - Sesi\u00f3n de apertura\" href=\"https:\/\/aglow.org\/images\/_leaderDev\/2019-Convocation-Jane-Hansen-Hoyt-opening-session-SP.pdf\" target=\"_blank\" rel=\"noopener\">Jane Hansen Hoyt &#8211; Sesi\u00f3n de apertura<\/a><\/strong><br \/>\n(<strong><a title=\"Jane Hansen Hoyt - Sesi\u00f3n de apertura\" href=\"https:\/\/aglow.org\/images\/_leaderDev\/2019-Convocation-Jane-Hansen-Hoyt-opening-session-SP.pdf\" target=\"_blank\" rel=\"noopener\">Descargar un PDF <img loading=\"lazy\" decoding=\"async\" src=\"https:\/\/aglow.org\/images\/icons\/pdf_icon_small.gif\" alt=\"\u00cdcono PDF peque\u00f1o\" width=\"20\" height=\"18\" \/><\/a><\/strong> | <strong><a title=\"Jane Hansen Hoyt - Sesi\u00f3n de apertura\" href=\"https:\/\/www.youtube.com\/watch?v=YcX5JKSGhd4&amp;list=PLSVk2ZELQLZKkspSfzbbew_8AD47C35O2&amp;index=21\" target=\"_blank\" rel=\"noopener\">Ver en YouTube <img loading=\"lazy\" decoding=\"async\" src=\"https:\/\/aglow.org\/images\/icons\/you-tube-icon.jpg\" alt=\"you tube icon\" width=\"25\" height=\"25\" data-pagespeed-url-hash=\"218075292\" \/><\/a><\/strong>)<br \/>\nEn la sesi\u00f3n inaugural de la Convenci\u00f3n de Jerusal\u00e9n, Jane habl\u00f3 sobre las palabras prof\u00e9ticas que se han pronunciado sobre Aglow y c\u00f3mo las estamos viendo cumplirse ante nuestros ojos. En todas las naciones hay una nueva unci\u00f3n. La luz brilla con m\u00e1s intensidad. La profundidad es mayor. La verdad es impactante en el mejor sentido de la palabra. Es un nuevo d\u00eda. Es una nueva era para Aglow.<\/li>\n<li><strong><a title=\"Asher Intrater - Sesi\u00f3n del lunes por la tarde\" href=\"https:\/\/aglow.org\/images\/_leaderDev\/2019-Convocation-Asher-Intrater-Mon-PM-session-SP.pdf\" target=\"_blank\" rel=\"noopener\">Asher Intrater &#8211; Sesi\u00f3n del lunes por la tarde<\/a><\/strong><br \/>\n(<strong><a title=\"Asher Intrater - Sesi\u00f3n del lunes por la tarde\" href=\"https:\/\/aglow.org\/images\/_leaderDev\/2019-Convocation-Asher-Intrater-Mon-PM-session-SP.pdf\" target=\"_blank\" rel=\"noopener\">Descargar un PDF <img loading=\"lazy\" decoding=\"async\" src=\"https:\/\/aglow.org\/images\/icons\/pdf_icon_small.gif\" alt=\"\u00cdcono PDF peque\u00f1o\" width=\"20\" height=\"18\" \/><\/a><\/strong> | <strong><a title=\"Asher Intrater - Sesi\u00f3n del lunes por la tarde\" href=\"https:\/\/www.youtube.com\/watch?v=4YB90CPws18&amp;list=PLSVk2ZELQLZKkspSfzbbew_8AD47C35O2&amp;index=13\" target=\"_blank\" rel=\"noopener\">Ver en YouTube <img loading=\"lazy\" decoding=\"async\" src=\"https:\/\/aglow.org\/images\/icons\/you-tube-icon.jpg\" alt=\"you tube icon\" width=\"25\" height=\"25\" data-pagespeed-url-hash=\"218075292\" \/><\/a><\/strong>)<br \/>\nEn lugar de fijarnos en lo que est\u00e1 mal en los dem\u00e1s, debemos preguntarnos: \u00ab\u00bfQu\u00e9 necesito cambiar yo?\u00bb, y luego dejar de juzgar. Debemos cultivar la rectitud personal.<\/li>\n<li><strong><a title=\"Dan Juster - Sesi\u00f3n del martes por la ma\u00f1ana\" href=\"https:\/\/aglow.org\/wp-content\/uploads\/2026\/02\/2019-Convocation-Dan-Juster-Tues-AM-session-SP.pdf\" target=\"_blank\" rel=\"noopener\">Dan Juster &#8211; Sesi\u00f3n del martes por la ma\u00f1ana<\/a><\/strong><br \/>\n(<strong><a title=\"Dan Juster - Sesi\u00f3n del martes por la ma\u00f1ana\" href=\"https:\/\/aglow.org\/wp-content\/uploads\/2026\/02\/2019-Convocation-Dan-Juster-Tues-AM-session-SP.pdf\" target=\"_blank\" rel=\"noopener\">Descargar un PDF <img loading=\"lazy\" decoding=\"async\" src=\"https:\/\/aglow.org\/images\/icons\/pdf_icon_small.gif\" alt=\"\u00cdcono PDF peque\u00f1o\" width=\"20\" height=\"18\" \/><\/a><\/strong> | <strong><a title=\"Dan Juster - Sesi\u00f3n del martes por la ma\u00f1ana\" href=\"https:\/\/www.youtube.com\/watch?v=1YvB_WMjPNA&amp;list=PLSVk2ZELQLZKkspSfzbbew_8AD47C35O2&amp;index=12\" target=\"_blank\" rel=\"noopener\">Ver en YouTube <img loading=\"lazy\" decoding=\"async\" src=\"https:\/\/aglow.org\/images\/icons\/you-tube-icon.jpg\" alt=\"you tube icon\" width=\"25\" height=\"25\" data-pagespeed-url-hash=\"218075292\" \/><\/a><\/strong>)<br \/>\nEn la sesi\u00f3n del martes por la ma\u00f1ana, Dan Juster habl\u00f3 sobre el Movimiento de los 5 Pilares: 1) tener un esp\u00edritu de avivamiento y pasi\u00f3n por Yesh\u00faa, 2) la unidad de la iglesia que libera al Esp\u00edritu Santo y las misiones mundiales, 3) el Evangelio del Reino que establece congregaciones\/comunidades, todo lo relacionado con el Reino, 4) tener un coraz\u00f3n y pasi\u00f3n por el pueblo jud\u00edo y su salvaci\u00f3n, y 5) formar l\u00edderes apasionados por los primeros cuatro pilares. \u00bfEres una persona de los 5 Pilares?<\/li>\n<li><strong><a title=\"Asher Intrater - Sesi\u00f3n del martes por la tarde\" href=\"https:\/\/aglow.org\/images\/_leaderDev\/2019-Convocation-Asher-Intrater-Tues-PM-session-SP3.pdf\" target=\"_blank\" rel=\"noopener\">Asher Intrater &#8211; Sesi\u00f3n del martes por la tarde<\/a><\/strong><br \/>\n(<strong><a title=\"Asher Intrater - Sesi\u00f3n del martes por la tarde\" href=\"https:\/\/aglow.org\/images\/_leaderDev\/2019-Convocation-Asher-Intrater-Tues-PM-session-SP3.pdf\" target=\"_blank\" rel=\"noopener\">Descargar PDF <img loading=\"lazy\" decoding=\"async\" src=\"https:\/\/aglow.org\/images\/icons\/pdf_icon_small.gif\" alt=\"\u00cdcono PDF peque\u00f1o\" width=\"20\" height=\"18\" \/><\/a><\/strong> | <strong><a title=\"Asher Intrater - Sesi\u00f3n del martes por la tarde\" href=\"https:\/\/www.youtube.com\/watch?v=iXboOxCgkVQ&amp;list=PLSVk2ZELQLZKkspSfzbbew_8AD47C35O2&amp;index=10\" target=\"_blank\" rel=\"noopener\">Ver en YouTube <img loading=\"lazy\" decoding=\"async\" src=\"https:\/\/aglow.org\/images\/icons\/you-tube-icon.jpg\" alt=\"you tube icon\" width=\"25\" height=\"25\" data-pagespeed-url-hash=\"218075292\" \/><\/a><\/strong>)<br \/>\nEn la sesi\u00f3n del martes por la noche, Asher nos exhort\u00f3 a alcanzar un nivel superior, un nivel m\u00e1s elevado de comprensi\u00f3n donde podamos ver con claridad en el Esp\u00edritu, donde podamos entender lo que est\u00e1 sucediendo, aferrarnos al poder espiritual y ejercer la autoridad y el dominio que Jes\u00fas ascendi\u00f3 al cielo para darnos.<\/li>\n<li><strong><a title=\"Dan Juster - Sesi\u00f3n del mi\u00e9rcoles por la ma\u00f1ana\" href=\"https:\/\/aglow.org\/images\/_leaderDev\/2019-Convocation-Dan-Juster-Wed-AM-session-SP.pdf\" target=\"_blank\" rel=\"noopener\">Dan Juster &#8211; Sesi\u00f3n del mi\u00e9rcoles por la ma\u00f1ana<\/a><\/strong><br \/>\n(<strong><a title=\"Dan Juster - Sesi\u00f3n del mi\u00e9rcoles por la ma\u00f1ana\" href=\"https:\/\/aglow.org\/images\/_leaderDev\/2019-Convocation-Dan-Juster-Wed-AM-session-SP.pdf\" target=\"_blank\" rel=\"noopener\">Descargar un PDF <img loading=\"lazy\" decoding=\"async\" src=\"https:\/\/aglow.org\/images\/icons\/pdf_icon_small.gif\" alt=\"\u00cdcono PDF peque\u00f1o\" width=\"20\" height=\"18\" \/><\/a><\/strong> | <strong><a title=\"Dan Juster - Sesi\u00f3n del mi\u00e9rcoles por la ma\u00f1ana\" href=\"https:\/\/www.youtube.com\/watch?v=AH1Q6RHyYdc&amp;list=PLSVk2ZELQLZKkspSfzbbew_8AD47C35O2&amp;index=11\" target=\"_blank\" rel=\"noopener\">Ver en YouTube <img loading=\"lazy\" decoding=\"async\" src=\"https:\/\/aglow.org\/images\/icons\/you-tube-icon.jpg\" alt=\"you tube icon\" width=\"25\" height=\"25\" data-pagespeed-url-hash=\"218075292\" \/><\/a><\/strong>)<br \/>\nEn esta sesi\u00f3n, Dan habla sobre c\u00f3mo est\u00e1s unido a Israel, Israel est\u00e1 unido a ti, y juntos forman un solo hombre nuevo.<\/li>\n<li><strong><a title=\"Patty Juster - Sesi\u00f3n del mi\u00e9rcoles por la ma\u00f1ana\" href=\"https:\/\/aglow.org\/images\/_leaderDev\/2019-Convocation-Patty-Juster-Wed-AM-session-SP.pdf\" target=\"_blank\" rel=\"noopener\">Patty Juster &#8211; Sesi\u00f3n del mi\u00e9rcoles por la ma\u00f1ana <img loading=\"lazy\" decoding=\"async\" src=\"https:\/\/aglow.org\/images\/icons\/pdf_icon_small.gif\" alt=\"\u00cdcono PDF peque\u00f1o\" width=\"20\" height=\"18\" \/><\/a><\/strong><br \/>\nEn la sesi\u00f3n del mi\u00e9rcoles por la ma\u00f1ana, Patty Juster habl\u00f3 sobre c\u00f3mo desarrollar una fe profundamente arraigada y comprender el prop\u00f3sito superior de Dios en las pruebas y dificultades, incluso en medio del dolor y el sufrimiento.<\/li>\n<li><strong><a title=\"Jane Hansen Hoyt y miembros de IBOD - Sesi\u00f3n de clausura\" href=\"https:\/\/aglow.org\/images\/_leaderDev\/2019-Convocation-Jane-Hansen-Hoyt-closing-session-SP.pdf\" target=\"_blank\" rel=\"noopener\">Jane Hansen Hoyt y miembros de IBOD &#8211; Sesi\u00f3n de clausura <img loading=\"lazy\" decoding=\"async\" src=\"https:\/\/aglow.org\/images\/icons\/pdf_icon_small.gif\" alt=\"\u00cdcono PDF peque\u00f1o\" width=\"20\" height=\"18\" \/><\/a><\/strong><br \/>\nEn la sesi\u00f3n de clausura de la Convocatoria, Jane, Dan y miembros de IBOD hablaron sobre diferentes verdades que surgieron durante las sesiones y que fueron especialmente significativas para sus naciones y regiones. Nos animaron a revisar las transcripciones de cada sesi\u00f3n para estudiar, asimilar y recibir una revelaci\u00f3n m\u00e1s profunda sobre las verdades presentadas en la Convocatoria, lo que nos permitir\u00e1 alcanzar un mayor nivel de comprensi\u00f3n de lo que \u00c9l desea.<\/li>\n<li><strong><a title=\"Puntos clave de la Convenci\u00f3n Aglow 2019 en Jerusal\u00e9n\" href=\"https:\/\/aglow.org\/images\/_leaderDev\/2019-Jerusalem-Convocation-Talking-Points-SP.pdf\" target=\"_blank\" rel=\"noopener\">Puntos clave de la Convenci\u00f3n Aglow 2019 en Jerusal\u00e9n <\/a><a href=\"https:\/\/aglow.org\/images\/_leaderDev\/2019-Jerusalem-Convocation-Talking-Points-SP.pdf\" target=\"_blank\" rel=\"noopener\"><img loading=\"lazy\" decoding=\"async\" src=\"https:\/\/aglow.org\/images\/icons\/pdf_icon_small.gif\" alt=\"\u00cdcono PDF peque\u00f1o\" width=\"20\" height=\"18\" \/><\/a><\/strong><\/li>\n<\/ul>\n\n","protected":false},"excerpt":{"rendered":"<p>Mensajes de la Conferencia de 2019 Adobe Acrobat Reader Es necesario tener instalado el programa Adobe Acrobat Reader en su ordenador para ver algunos de estos documentos. Si no tiene este programa instalado: Adobe Acrobat Reader Descargar Adobe Acrobat Reader Jane Hansen Hoyt &#8211; Sesi\u00f3n de apertura (Descargar un PDF | Ver en YouTube )&hellip;<\/p>\n","protected":false},"author":3,"featured_media":664,"parent":0,"menu_order":0,"comment_status":"closed","ping_status":"closed","template":"","meta":{"footnotes":""},"class_list":["post-6164","page","type-page","status-publish","has-post-thumbnail","hentry"],"yoast_head":"<!-- This site is optimized with the Yoast SEO plugin v27.4 - https:\/\/yoast.com\/product\/yoast-seo-wordpress\/ -->\n<title>Mensajes de la Conferencia de 2019 - Aglow International<\/title>\n<meta name=\"robots\" content=\"index, follow, max-snippet:-1, max-image-preview:large, max-video-preview:-1\" \/>\n<link rel=\"canonical\" href=\"https:\/\/aglow.org\/es\/mensajes-de-la-conferencia-de-2019\/\" \/>\n<meta property=\"og:locale\" content=\"es_ES\" \/>\n<meta property=\"og:type\" content=\"article\" \/>\n<meta property=\"og:title\" content=\"Mensajes de la Conferencia de 2019 - Aglow International\" \/>\n<meta property=\"og:description\" content=\"Mensajes de la Conferencia de 2019 Adobe Acrobat Reader Es necesario tener instalado el programa Adobe Acrobat Reader en su ordenador para ver algunos de estos documentos. Si no tiene este programa instalado: Adobe Acrobat Reader Descargar Adobe Acrobat Reader Jane Hansen Hoyt &#8211; Sesi\u00f3n de apertura (Descargar un PDF | Ver en YouTube )&hellip;\" \/>\n<meta property=\"og:url\" content=\"https:\/\/aglow.org\/es\/mensajes-de-la-conferencia-de-2019\/\" \/>\n<meta property=\"og:site_name\" content=\"Aglow International\" \/>\n<meta property=\"article:modified_time\" content=\"2026-02-05T16:52:30+00:00\" \/>\n<meta property=\"og:image\" content=\"https:\/\/aglow.org\/wp-content\/uploads\/2025\/04\/2019-convocation-theme-1200.jpg\" \/>\n\t<meta property=\"og:image:width\" content=\"1200\" \/>\n\t<meta property=\"og:image:height\" content=\"444\" \/>\n\t<meta property=\"og:image:type\" content=\"image\/jpeg\" \/>\n<meta name=\"twitter:card\" content=\"summary_large_image\" \/>\n<meta name=\"twitter:label1\" content=\"Tiempo de lectura\" \/>\n\t<meta name=\"twitter:data1\" content=\"6 minutos\" \/>\n<script type=\"application\/ld+json\" class=\"yoast-schema-graph\">{\"@context\":\"https:\\\/\\\/schema.org\",\"@graph\":[{\"@type\":\"WebPage\",\"@id\":\"https:\\\/\\\/aglow.org\\\/es\\\/mensajes-de-la-conferencia-de-2019\\\/\",\"url\":\"https:\\\/\\\/aglow.org\\\/es\\\/mensajes-de-la-conferencia-de-2019\\\/\",\"name\":\"Mensajes de la Conferencia de 2019 - Aglow International\",\"isPartOf\":{\"@id\":\"https:\\\/\\\/aglow.org\\\/es\\\/#website\"},\"primaryImageOfPage\":{\"@id\":\"https:\\\/\\\/aglow.org\\\/es\\\/mensajes-de-la-conferencia-de-2019\\\/#primaryimage\"},\"image\":{\"@id\":\"https:\\\/\\\/aglow.org\\\/es\\\/mensajes-de-la-conferencia-de-2019\\\/#primaryimage\"},\"thumbnailUrl\":\"https:\\\/\\\/aglow.org\\\/wp-content\\\/uploads\\\/2025\\\/04\\\/2019-convocation-theme-1200.jpg\",\"datePublished\":\"2025-04-11T14:31:58+00:00\",\"dateModified\":\"2026-02-05T16:52:30+00:00\",\"breadcrumb\":{\"@id\":\"https:\\\/\\\/aglow.org\\\/es\\\/mensajes-de-la-conferencia-de-2019\\\/#breadcrumb\"},\"inLanguage\":\"es\",\"potentialAction\":[{\"@type\":\"ReadAction\",\"target\":[\"https:\\\/\\\/aglow.org\\\/es\\\/mensajes-de-la-conferencia-de-2019\\\/\"]}]},{\"@type\":\"ImageObject\",\"inLanguage\":\"es\",\"@id\":\"https:\\\/\\\/aglow.org\\\/es\\\/mensajes-de-la-conferencia-de-2019\\\/#primaryimage\",\"url\":\"https:\\\/\\\/aglow.org\\\/wp-content\\\/uploads\\\/2025\\\/04\\\/2019-convocation-theme-1200.jpg\",\"contentUrl\":\"https:\\\/\\\/aglow.org\\\/wp-content\\\/uploads\\\/2025\\\/04\\\/2019-convocation-theme-1200.jpg\",\"width\":1200,\"height\":444,\"caption\":\"2019 Conference theme\"},{\"@type\":\"BreadcrumbList\",\"@id\":\"https:\\\/\\\/aglow.org\\\/es\\\/mensajes-de-la-conferencia-de-2019\\\/#breadcrumb\",\"itemListElement\":[{\"@type\":\"ListItem\",\"position\":1,\"name\":\"Home\",\"item\":\"https:\\\/\\\/aglow.org\\\/es\\\/\"},{\"@type\":\"ListItem\",\"position\":2,\"name\":\"Mensajes de la Conferencia de 2019\"}]},{\"@type\":\"WebSite\",\"@id\":\"https:\\\/\\\/aglow.org\\\/es\\\/#website\",\"url\":\"https:\\\/\\\/aglow.org\\\/es\\\/\",\"name\":\"Aglow International\",\"description\":\"\",\"publisher\":{\"@id\":\"https:\\\/\\\/aglow.org\\\/es\\\/#organization\"},\"potentialAction\":[{\"@type\":\"SearchAction\",\"target\":{\"@type\":\"EntryPoint\",\"urlTemplate\":\"https:\\\/\\\/aglow.org\\\/es\\\/?s={search_term_string}\"},\"query-input\":{\"@type\":\"PropertyValueSpecification\",\"valueRequired\":true,\"valueName\":\"search_term_string\"}}],\"inLanguage\":\"es\"},{\"@type\":\"Organization\",\"@id\":\"https:\\\/\\\/aglow.org\\\/es\\\/#organization\",\"name\":\"Aglow International\",\"url\":\"https:\\\/\\\/aglow.org\\\/es\\\/\",\"logo\":{\"@type\":\"ImageObject\",\"inLanguage\":\"es\",\"@id\":\"https:\\\/\\\/aglow.org\\\/es\\\/#\\\/schema\\\/logo\\\/image\\\/\",\"url\":\"https:\\\/\\\/aglow.org\\\/wp-content\\\/uploads\\\/2025\\\/04\\\/Aglow_logo_orange_800px.png\",\"contentUrl\":\"https:\\\/\\\/aglow.org\\\/wp-content\\\/uploads\\\/2025\\\/04\\\/Aglow_logo_orange_800px.png\",\"width\":800,\"height\":302,\"caption\":\"Aglow International\"},\"image\":{\"@id\":\"https:\\\/\\\/aglow.org\\\/es\\\/#\\\/schema\\\/logo\\\/image\\\/\"}}]}<\/script>\n<!-- \/ Yoast SEO plugin. -->","yoast_head_json":{"title":"Mensajes de la Conferencia de 2019 - Aglow International","robots":{"index":"index","follow":"follow","max-snippet":"max-snippet:-1","max-image-preview":"max-image-preview:large","max-video-preview":"max-video-preview:-1"},"canonical":"https:\/\/aglow.org\/es\/mensajes-de-la-conferencia-de-2019\/","og_locale":"es_ES","og_type":"article","og_title":"Mensajes de la Conferencia de 2019 - Aglow International","og_description":"Mensajes de la Conferencia de 2019 Adobe Acrobat Reader Es necesario tener instalado el programa Adobe Acrobat Reader en su ordenador para ver algunos de estos documentos. Si no tiene este programa instalado: Adobe Acrobat Reader Descargar Adobe Acrobat Reader Jane Hansen Hoyt &#8211; Sesi\u00f3n de apertura (Descargar un PDF | Ver en YouTube )&hellip;","og_url":"https:\/\/aglow.org\/es\/mensajes-de-la-conferencia-de-2019\/","og_site_name":"Aglow International","article_modified_time":"2026-02-05T16:52:30+00:00","og_image":[{"width":1200,"height":444,"url":"https:\/\/aglow.org\/wp-content\/uploads\/2025\/04\/2019-convocation-theme-1200.jpg","type":"image\/jpeg"}],"twitter_card":"summary_large_image","twitter_misc":{"Tiempo de lectura":"6 minutos"},"schema":{"@context":"https:\/\/schema.org","@graph":[{"@type":"WebPage","@id":"https:\/\/aglow.org\/es\/mensajes-de-la-conferencia-de-2019\/","url":"https:\/\/aglow.org\/es\/mensajes-de-la-conferencia-de-2019\/","name":"Mensajes de la Conferencia de 2019 - Aglow International","isPartOf":{"@id":"https:\/\/aglow.org\/es\/#website"},"primaryImageOfPage":{"@id":"https:\/\/aglow.org\/es\/mensajes-de-la-conferencia-de-2019\/#primaryimage"},"image":{"@id":"https:\/\/aglow.org\/es\/mensajes-de-la-conferencia-de-2019\/#primaryimage"},"thumbnailUrl":"https:\/\/aglow.org\/wp-content\/uploads\/2025\/04\/2019-convocation-theme-1200.jpg","datePublished":"2025-04-11T14:31:58+00:00","dateModified":"2026-02-05T16:52:30+00:00","breadcrumb":{"@id":"https:\/\/aglow.org\/es\/mensajes-de-la-conferencia-de-2019\/#breadcrumb"},"inLanguage":"es","potentialAction":[{"@type":"ReadAction","target":["https:\/\/aglow.org\/es\/mensajes-de-la-conferencia-de-2019\/"]}]},{"@type":"ImageObject","inLanguage":"es","@id":"https:\/\/aglow.org\/es\/mensajes-de-la-conferencia-de-2019\/#primaryimage","url":"https:\/\/aglow.org\/wp-content\/uploads\/2025\/04\/2019-convocation-theme-1200.jpg","contentUrl":"https:\/\/aglow.org\/wp-content\/uploads\/2025\/04\/2019-convocation-theme-1200.jpg","width":1200,"height":444,"caption":"2019 Conference theme"},{"@type":"BreadcrumbList","@id":"https:\/\/aglow.org\/es\/mensajes-de-la-conferencia-de-2019\/#breadcrumb","itemListElement":[{"@type":"ListItem","position":1,"name":"Home","item":"https:\/\/aglow.org\/es\/"},{"@type":"ListItem","position":2,"name":"Mensajes de la Conferencia de 2019"}]},{"@type":"WebSite","@id":"https:\/\/aglow.org\/es\/#website","url":"https:\/\/aglow.org\/es\/","name":"Aglow International","description":"","publisher":{"@id":"https:\/\/aglow.org\/es\/#organization"},"potentialAction":[{"@type":"SearchAction","target":{"@type":"EntryPoint","urlTemplate":"https:\/\/aglow.org\/es\/?s={search_term_string}"},"query-input":{"@type":"PropertyValueSpecification","valueRequired":true,"valueName":"search_term_string"}}],"inLanguage":"es"},{"@type":"Organization","@id":"https:\/\/aglow.org\/es\/#organization","name":"Aglow International","url":"https:\/\/aglow.org\/es\/","logo":{"@type":"ImageObject","inLanguage":"es","@id":"https:\/\/aglow.org\/es\/#\/schema\/logo\/image\/","url":"https:\/\/aglow.org\/wp-content\/uploads\/2025\/04\/Aglow_logo_orange_800px.png","contentUrl":"https:\/\/aglow.org\/wp-content\/uploads\/2025\/04\/Aglow_logo_orange_800px.png","width":800,"height":302,"caption":"Aglow International"},"image":{"@id":"https:\/\/aglow.org\/es\/#\/schema\/logo\/image\/"}}]}},"_links":{"self":[{"href":"https:\/\/aglow.org\/es\/wp-json\/wp\/v2\/pages\/6164","targetHints":{"allow":["GET"]}}],"collection":[{"href":"https:\/\/aglow.org\/es\/wp-json\/wp\/v2\/pages"}],"about":[{"href":"https:\/\/aglow.org\/es\/wp-json\/wp\/v2\/types\/page"}],"author":[{"embeddable":true,"href":"https:\/\/aglow.org\/es\/wp-json\/wp\/v2\/users\/3"}],"replies":[{"embeddable":true,"href":"https:\/\/aglow.org\/es\/wp-json\/wp\/v2\/comments?post=6164"}],"version-history":[{"count":7,"href":"https:\/\/aglow.org\/es\/wp-json\/wp\/v2\/pages\/6164\/revisions"}],"predecessor-version":[{"id":6474,"href":"https:\/\/aglow.org\/es\/wp-json\/wp\/v2\/pages\/6164\/revisions\/6474"}],"wp:featuredmedia":[{"embeddable":true,"href":"https:\/\/aglow.org\/es\/wp-json\/wp\/v2\/media\/664"}],"wp:attachment":[{"href":"https:\/\/aglow.org\/es\/wp-json\/wp\/v2\/media?parent=6164"}],"curies":[{"name":"wp","href":"https:\/\/api.w.org\/{rel}","templated":true}]}}