{"id":6099,"date":"2025-04-10T20:26:09","date_gmt":"2025-04-10T20:26:09","guid":{"rendered":"https:\/\/aglow.org\/mensagens-da-conferencia-de-2022\/"},"modified":"2026-02-04T21:27:07","modified_gmt":"2026-02-04T21:27:07","slug":"mensagens-da-conferencia-de-2022","status":"publish","type":"page","link":"https:\/\/aglow.org\/es\/mensagens-da-conferencia-de-2022\/","title":{"rendered":"Mensajes de la conferencia de 2022"},"content":{"rendered":"\n<h1>\n\t\t\tMensajes de la conferencia de 2022\t<\/h1>\n<figure itemscope itemtype=\"https:\/\/schema.org\/ImageObject\">\n\t\t\t\t<img decoding=\"async\" src=\"https:\/\/aglow.org\/wp-content\/uploads\/2025\/04\/2022-conference-theme-1200.jpg\" alt=\"2022 Conference Theme\" height=\"299\" width=\"1200\" title=\"2022 Conference Theme\" onerror=\"this.style.display='none'\" loading=\"lazy\" \/>\n\t<\/figure>\n\t<p><strong>Adobe Acrobat Reader <\/strong>Es necesario tener instalado el programa Adobe Acrobat Reader en su ordenador para ver algunos de estos documentos. Si no tiene este programa instalado: Adobe Acrobat Reader  <a title=\"Descargar Adobe Acrobat Reader\" href=\"http:\/\/get.adobe.com\/reader\/\" target=\"_blank\" rel=\"noopener noreferrer\">Descargar Adobe Acrobat Reader <\/a><\/p>\n\t<ul>\n<li><strong><a title=\"Preservando o Legado e a Identidade - Jane Hansen Hoyt - Sess\u00e3o de sexta-feira de manh\u00e3\" href=\"https:\/\/aglow.org\/images\/_leaderDev\/2022-Jane-Hansen-Hoyt-Fri-AM-SP.pdf\" target=\"_blank\" rel=\"noopener\">Preservando o Legado e a Identidade &#8211; Jane Hansen Hoyt &#8211; Sess\u00e3o de sexta-feira de manh\u00e3<\/a><\/strong><br \/>\n(<a title=\"Preservando o Legado e a Identidade - Jane Hansen Hoyt - Sess\u00e3o de sexta-feira de manh\u00e3\" href=\"https:\/\/aglow.org\/images\/_leaderDev\/2022-Jane-Hansen-Hoyt-Fri-AM-SP.pdf\" target=\"_blank\" rel=\"noopener\">Baixar um PDF <img loading=\"lazy\" decoding=\"async\" src=\"https:\/\/aglow.org\/images\/icons\/pdf_icon_small.gif\" alt=\"\u00cdcono PDF peque\u00f1o\" width=\"25\" height=\"23\" \/><\/a><strong>| <\/strong><a title=\"Preservando o Legado e a Identidade - Jane Hansen Hoyt, Sess\u00e3o de sexta-feira de manh\u00e3\" href=\"https:\/\/www.youtube.com\/watch?v=JpVSVxWqCig&amp;list=PLSVk2ZELQLZKkspSfzbbew_8AD47C35O2&amp;index=3\" target=\"_blank\" rel=\"noopener\">Assistir no YouTube <img loading=\"lazy\" decoding=\"async\" src=\"https:\/\/aglow.org\/images\/icons\/you-tube-icon.jpg\" alt=\"you tube icon\" width=\"25\" height=\"25\" data-pagespeed-url-hash=\"218075292\" \/><\/a><strong>)<\/strong><br \/>\nDurante a sess\u00e3o de sexta-feira de manh\u00e3 da Confer\u00eancia Aglow de 2022, Jane nos lembrou da hist\u00f3ria da Aglow e de como o Senhor tem nos preparado para o nosso papel no Terceiro Grande Despertar. Ele \u00e9 bom e, certamente, a Sua bondade e miseric\u00f3rdia nos acompanhar\u00e3o todos os dias de nossas vidas!<\/li>\n<li><strong><a title=\"Uma Nova Era Pentecostal Come\u00e7ou - Tim Sheets - Sess\u00e3o de sexta-feira \u00e0 noite\" href=\"https:\/\/aglow.org\/images\/_leaderDev\/2022-Tim-Sheets-Friday-PM-SP.pdf\" target=\"_blank\" rel=\"noopener\">Uma Nova Era Pentecostal Come\u00e7ou &#8211; Tim Sheets &#8211; Sess\u00e3o de sexta-feira \u00e0 noite<\/a><\/strong><br \/>\n(<a title=\"Uma Nova Era Pentecostal Come\u00e7ou - Tim Sheets - Sess\u00e3o de sexta-feira \u00e0 noite\" href=\"https:\/\/aglow.org\/images\/_leaderDev\/2022-Tim-Sheets-Friday-PM-SP.pdf\" target=\"_blank\" rel=\"noopener\">Baixe o PDF <img loading=\"lazy\" decoding=\"async\" src=\"https:\/\/aglow.org\/images\/icons\/pdf_icon_small.gif\" alt=\"\u00cdcono PDF peque\u00f1o\" width=\"25\" height=\"23\" \/><\/a>| <a title=\"Uma Nova Era Pentecostal Come\u00e7ou - Tim Sheets - Sess\u00e3o de sexta-feira \u00e0 noite\" href=\"https:\/\/www.youtube.com\/watch?v=u1ekf54oVdY&amp;list=PLSVk2ZELQLZKkspSfzbbew_8AD47C35O2&amp;index=2\" target=\"_blank\" rel=\"noopener\">Assista no YouTube <img loading=\"lazy\" decoding=\"async\" src=\"https:\/\/aglow.org\/images\/icons\/you-tube-icon.jpg\" alt=\"you tube icon\" width=\"25\" height=\"25\" data-pagespeed-url-hash=\"218075292\" \/><\/a>)<br \/>\nEstamos vivendo um momento decisivo em nosso mundo e em nossa na\u00e7\u00e3o. Os momentos decisivos s\u00e3o definidos por aqueles que os vivenciam. Nosso Rei espera que Seus filhos e filhas, voc\u00ea e eu, definamos este momento.<\/li>\n<li><strong><a title=\"Impregnem-nos de Esperan\u00e7a - Tim Sheets - Sess\u00e3o de S\u00e1bado de manh\u00e3\" href=\"https:\/\/aglow.org\/images\/_leaderDev\/2022-Tim-Sheets-Saturday-AM-SP.pdf\" target=\"_blank\" rel=\"noopener\">Impregnem-nos de Esperan\u00e7a &#8211; Tim Sheets &#8211; Sess\u00e3o de S\u00e1bado de manh\u00e3<\/a><\/strong><br \/>\n(<a title=\"Impregnem-nos de Esperan\u00e7a - Tim Sheets - Sess\u00e3o de S\u00e1bado de manh\u00e3\" href=\"https:\/\/aglow.org\/images\/_leaderDev\/2022-Tim-Sheets-Saturday-AM-SP.pdf\" target=\"_blank\" rel=\"noopener\">Baixar um PDF <img loading=\"lazy\" decoding=\"async\" src=\"https:\/\/aglow.org\/images\/icons\/pdf_icon_small.gif\" alt=\"\u00cdcono PDF peque\u00f1o\" width=\"25\" height=\"23\" \/><\/a><strong>| <\/strong><a title=\"Impregnem-nos de Esperan\u00e7a - Tim Sheets - Sess\u00e3o de S\u00e1bado de manh\u00e3\" href=\"https:\/\/www.youtube.com\/watch?v=zFMKjkkhVsY&amp;list=PLSVk2ZELQLZKkspSfzbbew_8AD47C35O2&amp;index=2\" target=\"_blank\" rel=\"noopener\">Assistir no YouTube <img loading=\"lazy\" decoding=\"async\" src=\"https:\/\/aglow.org\/images\/icons\/you-tube-icon.jpg\" alt=\"you tube icon\" width=\"25\" height=\"25\" data-pagespeed-url-hash=\"218075292\" \/><\/a><strong>)<\/strong><br \/>\nDevido \u00e0 esperan\u00e7a adiada, com o tempo podemos acumular tristeza, desespero, rejei\u00e7\u00e3o e frustra\u00e7\u00e3o. S\u00e3o situa\u00e7\u00f5es que se fixam na alma e podem se acumular, e precisamos que nossa alma seja curada. Nesta mensagem, Tim nos encoraja a envolver nossos cora\u00e7\u00f5es em Seu amor e a nos imergirmos em Sua gloriosa Presen\u00e7a.<\/li>\n<li><strong><a title=\"Para um tempo como este - Dutch Sheets - Sess\u00e3o de s\u00e1bado \u00e0 tarde\" href=\"https:\/\/aglow.org\/images\/_leaderDev\/2022-Dutch-Sheets-Saturday-PM-SP.pdf\" target=\"_blank\" rel=\"noopener\">Para um tempo como este &#8211; Dutch Sheets &#8211; Sess\u00e3o de s\u00e1bado \u00e0 tarde<\/a><\/strong><br \/>\n(<a title=\"Para um tempo como este - Dutch Sheets - Sess\u00e3o de s\u00e1bado \u00e0 tarde\" href=\"https:\/\/aglow.org\/images\/_leaderDev\/2022-Dutch-Sheets-Saturday-PM-SP.pdf\" target=\"_blank\" rel=\"noopener\">Baixar um PDF <img loading=\"lazy\" decoding=\"async\" src=\"https:\/\/aglow.org\/images\/icons\/pdf_icon_small.gif\" alt=\"\u00cdcono PDF peque\u00f1o\" width=\"25\" height=\"23\" \/><\/a><strong><a title=\"Impregnem-nos de Esperan\u00e7a - Tim Sheets - Sess\u00e3o de S\u00e1bado de manh\u00e3\" href=\"https:\/\/aglow.org\/images\/_leaderDev\/2022-Dutch-Sheets-Saturday-PM-SP.pdf\" target=\"_blank\" rel=\"noopener\">|<\/a> <\/strong><a title=\"Para um tempo como este - Dutch Sheets - Sess\u00e3o de s\u00e1bado \u00e0 tarde\" href=\"https:\/\/www.youtube.com\/watch?v=H2xLfAezAsc&amp;list=PLSVk2ZELQLZKkspSfzbbew_8AD47C35O2&amp;index=3\" target=\"_blank\" rel=\"noopener\">Assistir no YouTube <img loading=\"lazy\" decoding=\"async\" src=\"https:\/\/aglow.org\/images\/icons\/you-tube-icon.jpg\" alt=\"you tube icon\" width=\"25\" height=\"25\" data-pagespeed-url-hash=\"218075292\" \/><\/a>)<br \/>\nNesta sess\u00e3o, Dutch disse: \u00abPosso afirmar com confian\u00e7a que n\u00e3o acredito que sejamos uma gera\u00e7\u00e3o que v\u00e1 perder sua oportunidade. Acredito que a maior colheita de toda a hist\u00f3ria j\u00e1 come\u00e7ou. Dizemos que n\u00e3o \u00e9 pela for\u00e7a ou pelo poder do homem, mas pelo Teu Esp\u00edrito.\u00bb<\/li>\n<li><a title=\"Abrace o seu chamado - Dutch Sheets - Sess\u00e3o de domingo de manh\u00e3\" href=\"https:\/\/aglow.org\/images\/_leaderDev\/2022-Dutch-Sheets-Sun-AM-SP.pdf\" target=\"_blank\" rel=\"noopener\"><strong>Abrace o seu chamado &#8211; Dutch Sheets &#8211; Sess\u00e3o de domingo de manh\u00e3<\/strong><\/a><br \/>\n(<a title=\"Abrace o seu chamado - Dutch Sheets - Sess\u00e3o de domingo de manh\u00e3\" href=\"https:\/\/aglow.org\/images\/_leaderDev\/2022-Dutch-Sheets-Sun-AM-SP.pdf\" target=\"_blank\" rel=\"noopener\">Baixe o PDF <img loading=\"lazy\" decoding=\"async\" src=\"https:\/\/aglow.org\/images\/icons\/pdf_icon_small.gif\" alt=\"\u00cdcono PDF peque\u00f1o\" width=\"25\" height=\"23\" \/><\/a>| <a title=\"Abrace o seu chamado - Dutch Sheets - Sess\u00e3o de domingo de manh\u00e3\" href=\"https:\/\/www.youtube.com\/watch?v=Y0cx80t7rZM&amp;list=PLSVk2ZELQLZKkspSfzbbew_8AD47C35O2&amp;index=1\" target=\"_blank\" rel=\"noopener\">Assista no YouTube <img loading=\"lazy\" decoding=\"async\" src=\"https:\/\/aglow.org\/images\/icons\/you-tube-icon.jpg\" alt=\"you tube icon\" width=\"25\" height=\"25\" data-pagespeed-url-hash=\"218075292\" \/><\/a>)<br \/>\nDeus aperfei\u00e7oou a Aglow para fazer parte do Grande Despertar do Terceiro Dia. Temos f\u00e9 e confian\u00e7a suficientes naquilo que Ele nos tornou. Podemos fazer isso!<\/li>\n<\/ul>\n\n","protected":false},"excerpt":{"rendered":"<p>Mensajes de la conferencia de 2022 Adobe Acrobat Reader Es necesario tener instalado el programa Adobe Acrobat Reader en su ordenador para ver algunos de estos documentos. Si no tiene este programa instalado: Adobe Acrobat Reader Descargar Adobe Acrobat Reader Preservando o Legado e a Identidade &#8211; Jane Hansen Hoyt &#8211; Sess\u00e3o de sexta-feira de&hellip;<\/p>\n","protected":false},"author":3,"featured_media":652,"parent":0,"menu_order":0,"comment_status":"closed","ping_status":"closed","template":"","meta":{"footnotes":""},"class_list":["post-6099","page","type-page","status-publish","has-post-thumbnail","hentry"],"yoast_head":"<!-- This site is optimized with the Yoast SEO plugin v27.3 - https:\/\/yoast.com\/product\/yoast-seo-wordpress\/ -->\n<title>Mensajes de la conferencia de 2022 - Aglow International<\/title>\n<meta name=\"robots\" content=\"index, follow, max-snippet:-1, max-image-preview:large, max-video-preview:-1\" \/>\n<link rel=\"canonical\" href=\"https:\/\/aglow.org\/es\/mensagens-da-conferencia-de-2022\/\" \/>\n<meta property=\"og:locale\" content=\"es_ES\" \/>\n<meta property=\"og:type\" content=\"article\" \/>\n<meta property=\"og:title\" content=\"Mensajes de la conferencia de 2022 - Aglow International\" \/>\n<meta property=\"og:description\" content=\"Mensajes de la conferencia de 2022 Adobe Acrobat Reader Es necesario tener instalado el programa Adobe Acrobat Reader en su ordenador para ver algunos de estos documentos. Si no tiene este programa instalado: Adobe Acrobat Reader Descargar Adobe Acrobat Reader Preservando o Legado e a Identidade &#8211; Jane Hansen Hoyt &#8211; Sess\u00e3o de sexta-feira de&hellip;\" \/>\n<meta property=\"og:url\" content=\"https:\/\/aglow.org\/es\/mensagens-da-conferencia-de-2022\/\" \/>\n<meta property=\"og:site_name\" content=\"Aglow International\" \/>\n<meta property=\"article:modified_time\" content=\"2026-02-04T21:27:07+00:00\" \/>\n<meta property=\"og:image\" content=\"https:\/\/aglow.org\/wp-content\/uploads\/2025\/04\/2022-conference-theme.jpg\" \/>\n\t<meta property=\"og:image:width\" content=\"800\" \/>\n\t<meta property=\"og:image:height\" content=\"199\" \/>\n\t<meta property=\"og:image:type\" content=\"image\/jpeg\" \/>\n<meta name=\"twitter:card\" content=\"summary_large_image\" \/>\n<meta name=\"twitter:label1\" content=\"Tiempo de lectura\" \/>\n\t<meta name=\"twitter:data1\" content=\"4 minutos\" \/>\n<script type=\"application\/ld+json\" class=\"yoast-schema-graph\">{\"@context\":\"https:\\\/\\\/schema.org\",\"@graph\":[{\"@type\":\"WebPage\",\"@id\":\"https:\\\/\\\/aglow.org\\\/es\\\/mensagens-da-conferencia-de-2022\\\/\",\"url\":\"https:\\\/\\\/aglow.org\\\/es\\\/mensagens-da-conferencia-de-2022\\\/\",\"name\":\"Mensajes de la conferencia de 2022 - Aglow International\",\"isPartOf\":{\"@id\":\"https:\\\/\\\/aglow.org\\\/es\\\/#website\"},\"primaryImageOfPage\":{\"@id\":\"https:\\\/\\\/aglow.org\\\/es\\\/mensagens-da-conferencia-de-2022\\\/#primaryimage\"},\"image\":{\"@id\":\"https:\\\/\\\/aglow.org\\\/es\\\/mensagens-da-conferencia-de-2022\\\/#primaryimage\"},\"thumbnailUrl\":\"https:\\\/\\\/aglow.org\\\/wp-content\\\/uploads\\\/2025\\\/04\\\/2022-conference-theme.jpg\",\"datePublished\":\"2025-04-10T20:26:09+00:00\",\"dateModified\":\"2026-02-04T21:27:07+00:00\",\"breadcrumb\":{\"@id\":\"https:\\\/\\\/aglow.org\\\/es\\\/mensagens-da-conferencia-de-2022\\\/#breadcrumb\"},\"inLanguage\":\"es\",\"potentialAction\":[{\"@type\":\"ReadAction\",\"target\":[\"https:\\\/\\\/aglow.org\\\/es\\\/mensagens-da-conferencia-de-2022\\\/\"]}]},{\"@type\":\"ImageObject\",\"inLanguage\":\"es\",\"@id\":\"https:\\\/\\\/aglow.org\\\/es\\\/mensagens-da-conferencia-de-2022\\\/#primaryimage\",\"url\":\"https:\\\/\\\/aglow.org\\\/wp-content\\\/uploads\\\/2025\\\/04\\\/2022-conference-theme.jpg\",\"contentUrl\":\"https:\\\/\\\/aglow.org\\\/wp-content\\\/uploads\\\/2025\\\/04\\\/2022-conference-theme.jpg\",\"width\":800,\"height\":199,\"caption\":\"We Know\"},{\"@type\":\"BreadcrumbList\",\"@id\":\"https:\\\/\\\/aglow.org\\\/es\\\/mensagens-da-conferencia-de-2022\\\/#breadcrumb\",\"itemListElement\":[{\"@type\":\"ListItem\",\"position\":1,\"name\":\"Home\",\"item\":\"https:\\\/\\\/aglow.org\\\/es\\\/\"},{\"@type\":\"ListItem\",\"position\":2,\"name\":\"Mensajes de la conferencia de 2022\"}]},{\"@type\":\"WebSite\",\"@id\":\"https:\\\/\\\/aglow.org\\\/es\\\/#website\",\"url\":\"https:\\\/\\\/aglow.org\\\/es\\\/\",\"name\":\"Aglow International\",\"description\":\"\",\"publisher\":{\"@id\":\"https:\\\/\\\/aglow.org\\\/es\\\/#organization\"},\"potentialAction\":[{\"@type\":\"SearchAction\",\"target\":{\"@type\":\"EntryPoint\",\"urlTemplate\":\"https:\\\/\\\/aglow.org\\\/es\\\/?s={search_term_string}\"},\"query-input\":{\"@type\":\"PropertyValueSpecification\",\"valueRequired\":true,\"valueName\":\"search_term_string\"}}],\"inLanguage\":\"es\"},{\"@type\":\"Organization\",\"@id\":\"https:\\\/\\\/aglow.org\\\/es\\\/#organization\",\"name\":\"Aglow International\",\"url\":\"https:\\\/\\\/aglow.org\\\/es\\\/\",\"logo\":{\"@type\":\"ImageObject\",\"inLanguage\":\"es\",\"@id\":\"https:\\\/\\\/aglow.org\\\/es\\\/#\\\/schema\\\/logo\\\/image\\\/\",\"url\":\"https:\\\/\\\/aglow.org\\\/wp-content\\\/uploads\\\/2025\\\/04\\\/Aglow_logo_orange_800px.png\",\"contentUrl\":\"https:\\\/\\\/aglow.org\\\/wp-content\\\/uploads\\\/2025\\\/04\\\/Aglow_logo_orange_800px.png\",\"width\":800,\"height\":302,\"caption\":\"Aglow International\"},\"image\":{\"@id\":\"https:\\\/\\\/aglow.org\\\/es\\\/#\\\/schema\\\/logo\\\/image\\\/\"}}]}<\/script>\n<!-- \/ Yoast SEO plugin. -->","yoast_head_json":{"title":"Mensajes de la conferencia de 2022 - Aglow International","robots":{"index":"index","follow":"follow","max-snippet":"max-snippet:-1","max-image-preview":"max-image-preview:large","max-video-preview":"max-video-preview:-1"},"canonical":"https:\/\/aglow.org\/es\/mensagens-da-conferencia-de-2022\/","og_locale":"es_ES","og_type":"article","og_title":"Mensajes de la conferencia de 2022 - Aglow International","og_description":"Mensajes de la conferencia de 2022 Adobe Acrobat Reader Es necesario tener instalado el programa Adobe Acrobat Reader en su ordenador para ver algunos de estos documentos. Si no tiene este programa instalado: Adobe Acrobat Reader Descargar Adobe Acrobat Reader Preservando o Legado e a Identidade &#8211; Jane Hansen Hoyt &#8211; Sess\u00e3o de sexta-feira de&hellip;","og_url":"https:\/\/aglow.org\/es\/mensagens-da-conferencia-de-2022\/","og_site_name":"Aglow International","article_modified_time":"2026-02-04T21:27:07+00:00","og_image":[{"width":800,"height":199,"url":"https:\/\/aglow.org\/wp-content\/uploads\/2025\/04\/2022-conference-theme.jpg","type":"image\/jpeg"}],"twitter_card":"summary_large_image","twitter_misc":{"Tiempo de lectura":"4 minutos"},"schema":{"@context":"https:\/\/schema.org","@graph":[{"@type":"WebPage","@id":"https:\/\/aglow.org\/es\/mensagens-da-conferencia-de-2022\/","url":"https:\/\/aglow.org\/es\/mensagens-da-conferencia-de-2022\/","name":"Mensajes de la conferencia de 2022 - Aglow International","isPartOf":{"@id":"https:\/\/aglow.org\/es\/#website"},"primaryImageOfPage":{"@id":"https:\/\/aglow.org\/es\/mensagens-da-conferencia-de-2022\/#primaryimage"},"image":{"@id":"https:\/\/aglow.org\/es\/mensagens-da-conferencia-de-2022\/#primaryimage"},"thumbnailUrl":"https:\/\/aglow.org\/wp-content\/uploads\/2025\/04\/2022-conference-theme.jpg","datePublished":"2025-04-10T20:26:09+00:00","dateModified":"2026-02-04T21:27:07+00:00","breadcrumb":{"@id":"https:\/\/aglow.org\/es\/mensagens-da-conferencia-de-2022\/#breadcrumb"},"inLanguage":"es","potentialAction":[{"@type":"ReadAction","target":["https:\/\/aglow.org\/es\/mensagens-da-conferencia-de-2022\/"]}]},{"@type":"ImageObject","inLanguage":"es","@id":"https:\/\/aglow.org\/es\/mensagens-da-conferencia-de-2022\/#primaryimage","url":"https:\/\/aglow.org\/wp-content\/uploads\/2025\/04\/2022-conference-theme.jpg","contentUrl":"https:\/\/aglow.org\/wp-content\/uploads\/2025\/04\/2022-conference-theme.jpg","width":800,"height":199,"caption":"We Know"},{"@type":"BreadcrumbList","@id":"https:\/\/aglow.org\/es\/mensagens-da-conferencia-de-2022\/#breadcrumb","itemListElement":[{"@type":"ListItem","position":1,"name":"Home","item":"https:\/\/aglow.org\/es\/"},{"@type":"ListItem","position":2,"name":"Mensajes de la conferencia de 2022"}]},{"@type":"WebSite","@id":"https:\/\/aglow.org\/es\/#website","url":"https:\/\/aglow.org\/es\/","name":"Aglow International","description":"","publisher":{"@id":"https:\/\/aglow.org\/es\/#organization"},"potentialAction":[{"@type":"SearchAction","target":{"@type":"EntryPoint","urlTemplate":"https:\/\/aglow.org\/es\/?s={search_term_string}"},"query-input":{"@type":"PropertyValueSpecification","valueRequired":true,"valueName":"search_term_string"}}],"inLanguage":"es"},{"@type":"Organization","@id":"https:\/\/aglow.org\/es\/#organization","name":"Aglow International","url":"https:\/\/aglow.org\/es\/","logo":{"@type":"ImageObject","inLanguage":"es","@id":"https:\/\/aglow.org\/es\/#\/schema\/logo\/image\/","url":"https:\/\/aglow.org\/wp-content\/uploads\/2025\/04\/Aglow_logo_orange_800px.png","contentUrl":"https:\/\/aglow.org\/wp-content\/uploads\/2025\/04\/Aglow_logo_orange_800px.png","width":800,"height":302,"caption":"Aglow International"},"image":{"@id":"https:\/\/aglow.org\/es\/#\/schema\/logo\/image\/"}}]}},"_links":{"self":[{"href":"https:\/\/aglow.org\/es\/wp-json\/wp\/v2\/pages\/6099","targetHints":{"allow":["GET"]}}],"collection":[{"href":"https:\/\/aglow.org\/es\/wp-json\/wp\/v2\/pages"}],"about":[{"href":"https:\/\/aglow.org\/es\/wp-json\/wp\/v2\/types\/page"}],"author":[{"embeddable":true,"href":"https:\/\/aglow.org\/es\/wp-json\/wp\/v2\/users\/3"}],"replies":[{"embeddable":true,"href":"https:\/\/aglow.org\/es\/wp-json\/wp\/v2\/comments?post=6099"}],"version-history":[{"count":6,"href":"https:\/\/aglow.org\/es\/wp-json\/wp\/v2\/pages\/6099\/revisions"}],"predecessor-version":[{"id":6450,"href":"https:\/\/aglow.org\/es\/wp-json\/wp\/v2\/pages\/6099\/revisions\/6450"}],"wp:featuredmedia":[{"embeddable":true,"href":"https:\/\/aglow.org\/es\/wp-json\/wp\/v2\/media\/652"}],"wp:attachment":[{"href":"https:\/\/aglow.org\/es\/wp-json\/wp\/v2\/media?parent=6099"}],"curies":[{"name":"wp","href":"https:\/\/api.w.org\/{rel}","templated":true}]}}