{"id":4435,"date":"2025-07-17T20:26:16","date_gmt":"2025-07-17T20:26:16","guid":{"rendered":"https:\/\/aglow.org\/unase-a-a-company\/"},"modified":"2025-10-01T20:33:12","modified_gmt":"2025-10-01T20:33:12","slug":"unase-a-a-company","status":"publish","type":"page","link":"https:\/\/aglow.org\/es\/unase-a-a-company\/","title":{"rendered":"\u00danase a A-Company"},"content":{"rendered":"\n\n\t\t\t\t<img decoding=\"async\" src=\"https:\/\/aglow.org\/wp-content\/uploads\/2025\/07\/A-company-Header-2024.jpg\" alt=\"A-Company Header\" itemprop=\"image\" height=\"162\" width=\"600\" title=\"A-Company Header\" onerror=\"this.style.display='none'\" loading=\"lazy\" \/>\n<h1>\n\t\t\t\u00danase a A-Company\t<\/h1>\n\t<p>Gracias por considerar a A-Company. Juntos, veremos el Reino de Dios avanzar a trav\u00e9s del ministerio de Aglow International. Para hacer una donaci\u00f3n segura, complete el formulario a continuaci\u00f3n y env\u00edelo. Recibir\u00e1 una confirmaci\u00f3n inmediata de su transacci\u00f3n exitosa y un recibo de regalo por correo electr\u00f3nico.<\/p>\n<p><strong>Donantes internacionales:<\/strong> Si su estado o provincia no aparece en el men\u00fa desplegable, seleccione la opci\u00f3n \u00abN\/A\u00bb en la parte superior. Si tiene alguna pregunta, escriba a donations@aglow.org. \u00a1Con gusto le ayudaremos!<\/p>\n<p><strong>\u00bfYa es miembro de una empresa A?<\/strong><\/p>\n<p>Para aumentar su donaci\u00f3n mensual recurrente a la Compa\u00f1\u00eda A, ingrese el nuevo monto total en la casilla \u00abOtro monto\u00bb y luego agregue esta declaraci\u00f3n en la casilla \u00abComentarios\u00bb: \u00abMe gustar\u00eda aumentar mi donaci\u00f3n mensual a la Compa\u00f1\u00eda A en $XX\u00bb. Por razones de seguridad, no podemos acceder al n\u00famero completo de su tarjeta de cr\u00e9dito, por lo que deber\u00e1 ingresarlo en el formulario de donaciones en l\u00ednea. <\/p>\n\t&nbsp;\n<br \/>\n\n\n","protected":false},"excerpt":{"rendered":"<p>\u00danase a A-Company Gracias por considerar a A-Company. Juntos, veremos el Reino de Dios avanzar a trav\u00e9s del ministerio de Aglow International. Para hacer una donaci\u00f3n segura, complete el formulario a continuaci\u00f3n y env\u00edelo. Recibir\u00e1 una confirmaci\u00f3n inmediata de su transacci\u00f3n exitosa y un recibo de regalo por correo electr\u00f3nico. Donantes internacionales: Si su estado&hellip;<\/p>\n","protected":false},"author":3,"featured_media":0,"parent":0,"menu_order":0,"comment_status":"closed","ping_status":"closed","template":"","meta":{"footnotes":""},"class_list":["post-4435","page","type-page","status-publish","hentry"],"yoast_head":"<!-- This site is optimized with the Yoast SEO plugin v27.4 - https:\/\/yoast.com\/product\/yoast-seo-wordpress\/ -->\n<title>\u00danase a A-Company - Aglow International<\/title>\n<meta name=\"robots\" content=\"index, follow, max-snippet:-1, max-image-preview:large, max-video-preview:-1\" \/>\n<link rel=\"canonical\" href=\"https:\/\/aglow.org\/es\/unase-a-a-company\/\" \/>\n<meta property=\"og:locale\" content=\"es_ES\" \/>\n<meta property=\"og:type\" content=\"article\" \/>\n<meta property=\"og:title\" content=\"\u00danase a A-Company - Aglow International\" \/>\n<meta property=\"og:description\" content=\"\u00danase a A-Company Gracias por considerar a A-Company. Juntos, veremos el Reino de Dios avanzar a trav\u00e9s del ministerio de Aglow International. Para hacer una donaci\u00f3n segura, complete el formulario a continuaci\u00f3n y env\u00edelo. Recibir\u00e1 una confirmaci\u00f3n inmediata de su transacci\u00f3n exitosa y un recibo de regalo por correo electr\u00f3nico. Donantes internacionales: Si su estado&hellip;\" \/>\n<meta property=\"og:url\" content=\"https:\/\/aglow.org\/es\/unase-a-a-company\/\" \/>\n<meta property=\"og:site_name\" content=\"Aglow International\" \/>\n<meta property=\"article:modified_time\" content=\"2025-10-01T20:33:12+00:00\" \/>\n<meta property=\"og:image\" content=\"https:\/\/aglow.org\/wp-content\/uploads\/2025\/07\/A-company-Header-2024.jpg\" \/>\n<meta name=\"twitter:card\" content=\"summary_large_image\" \/>\n<meta name=\"twitter:label1\" content=\"Tiempo de lectura\" \/>\n\t<meta name=\"twitter:data1\" content=\"1 minuto\" \/>\n<script type=\"application\/ld+json\" class=\"yoast-schema-graph\">{\"@context\":\"https:\\\/\\\/schema.org\",\"@graph\":[{\"@type\":\"WebPage\",\"@id\":\"https:\\\/\\\/aglow.org\\\/es\\\/unase-a-a-company\\\/\",\"url\":\"https:\\\/\\\/aglow.org\\\/es\\\/unase-a-a-company\\\/\",\"name\":\"\u00danase a A-Company - Aglow International\",\"isPartOf\":{\"@id\":\"https:\\\/\\\/aglow.org\\\/es\\\/#website\"},\"primaryImageOfPage\":{\"@id\":\"https:\\\/\\\/aglow.org\\\/es\\\/unase-a-a-company\\\/#primaryimage\"},\"image\":{\"@id\":\"https:\\\/\\\/aglow.org\\\/es\\\/unase-a-a-company\\\/#primaryimage\"},\"thumbnailUrl\":\"https:\\\/\\\/aglow.org\\\/wp-content\\\/uploads\\\/2025\\\/07\\\/A-company-Header-2024.jpg\",\"datePublished\":\"2025-07-17T20:26:16+00:00\",\"dateModified\":\"2025-10-01T20:33:12+00:00\",\"breadcrumb\":{\"@id\":\"https:\\\/\\\/aglow.org\\\/es\\\/unase-a-a-company\\\/#breadcrumb\"},\"inLanguage\":\"es\",\"potentialAction\":[{\"@type\":\"ReadAction\",\"target\":[\"https:\\\/\\\/aglow.org\\\/es\\\/unase-a-a-company\\\/\"]}]},{\"@type\":\"ImageObject\",\"inLanguage\":\"es\",\"@id\":\"https:\\\/\\\/aglow.org\\\/es\\\/unase-a-a-company\\\/#primaryimage\",\"url\":\"https:\\\/\\\/aglow.org\\\/wp-content\\\/uploads\\\/2025\\\/07\\\/A-company-Header-2024.jpg\",\"contentUrl\":\"https:\\\/\\\/aglow.org\\\/wp-content\\\/uploads\\\/2025\\\/07\\\/A-company-Header-2024.jpg\"},{\"@type\":\"BreadcrumbList\",\"@id\":\"https:\\\/\\\/aglow.org\\\/es\\\/unase-a-a-company\\\/#breadcrumb\",\"itemListElement\":[{\"@type\":\"ListItem\",\"position\":1,\"name\":\"Home\",\"item\":\"https:\\\/\\\/aglow.org\\\/es\\\/\"},{\"@type\":\"ListItem\",\"position\":2,\"name\":\"\u00danase a A-Company\"}]},{\"@type\":\"WebSite\",\"@id\":\"https:\\\/\\\/aglow.org\\\/es\\\/#website\",\"url\":\"https:\\\/\\\/aglow.org\\\/es\\\/\",\"name\":\"Aglow International\",\"description\":\"\",\"publisher\":{\"@id\":\"https:\\\/\\\/aglow.org\\\/es\\\/#organization\"},\"potentialAction\":[{\"@type\":\"SearchAction\",\"target\":{\"@type\":\"EntryPoint\",\"urlTemplate\":\"https:\\\/\\\/aglow.org\\\/es\\\/?s={search_term_string}\"},\"query-input\":{\"@type\":\"PropertyValueSpecification\",\"valueRequired\":true,\"valueName\":\"search_term_string\"}}],\"inLanguage\":\"es\"},{\"@type\":\"Organization\",\"@id\":\"https:\\\/\\\/aglow.org\\\/es\\\/#organization\",\"name\":\"Aglow International\",\"url\":\"https:\\\/\\\/aglow.org\\\/es\\\/\",\"logo\":{\"@type\":\"ImageObject\",\"inLanguage\":\"es\",\"@id\":\"https:\\\/\\\/aglow.org\\\/es\\\/#\\\/schema\\\/logo\\\/image\\\/\",\"url\":\"https:\\\/\\\/aglow.org\\\/wp-content\\\/uploads\\\/2025\\\/04\\\/Aglow_logo_orange_800px.png\",\"contentUrl\":\"https:\\\/\\\/aglow.org\\\/wp-content\\\/uploads\\\/2025\\\/04\\\/Aglow_logo_orange_800px.png\",\"width\":800,\"height\":302,\"caption\":\"Aglow International\"},\"image\":{\"@id\":\"https:\\\/\\\/aglow.org\\\/es\\\/#\\\/schema\\\/logo\\\/image\\\/\"}}]}<\/script>\n<!-- \/ Yoast SEO plugin. -->","yoast_head_json":{"title":"\u00danase a A-Company - Aglow International","robots":{"index":"index","follow":"follow","max-snippet":"max-snippet:-1","max-image-preview":"max-image-preview:large","max-video-preview":"max-video-preview:-1"},"canonical":"https:\/\/aglow.org\/es\/unase-a-a-company\/","og_locale":"es_ES","og_type":"article","og_title":"\u00danase a A-Company - Aglow International","og_description":"\u00danase a A-Company Gracias por considerar a A-Company. Juntos, veremos el Reino de Dios avanzar a trav\u00e9s del ministerio de Aglow International. Para hacer una donaci\u00f3n segura, complete el formulario a continuaci\u00f3n y env\u00edelo. Recibir\u00e1 una confirmaci\u00f3n inmediata de su transacci\u00f3n exitosa y un recibo de regalo por correo electr\u00f3nico. Donantes internacionales: Si su estado&hellip;","og_url":"https:\/\/aglow.org\/es\/unase-a-a-company\/","og_site_name":"Aglow International","article_modified_time":"2025-10-01T20:33:12+00:00","og_image":[{"url":"https:\/\/aglow.org\/wp-content\/uploads\/2025\/07\/A-company-Header-2024.jpg","type":"","width":"","height":""}],"twitter_card":"summary_large_image","twitter_misc":{"Tiempo de lectura":"1 minuto"},"schema":{"@context":"https:\/\/schema.org","@graph":[{"@type":"WebPage","@id":"https:\/\/aglow.org\/es\/unase-a-a-company\/","url":"https:\/\/aglow.org\/es\/unase-a-a-company\/","name":"\u00danase a A-Company - Aglow International","isPartOf":{"@id":"https:\/\/aglow.org\/es\/#website"},"primaryImageOfPage":{"@id":"https:\/\/aglow.org\/es\/unase-a-a-company\/#primaryimage"},"image":{"@id":"https:\/\/aglow.org\/es\/unase-a-a-company\/#primaryimage"},"thumbnailUrl":"https:\/\/aglow.org\/wp-content\/uploads\/2025\/07\/A-company-Header-2024.jpg","datePublished":"2025-07-17T20:26:16+00:00","dateModified":"2025-10-01T20:33:12+00:00","breadcrumb":{"@id":"https:\/\/aglow.org\/es\/unase-a-a-company\/#breadcrumb"},"inLanguage":"es","potentialAction":[{"@type":"ReadAction","target":["https:\/\/aglow.org\/es\/unase-a-a-company\/"]}]},{"@type":"ImageObject","inLanguage":"es","@id":"https:\/\/aglow.org\/es\/unase-a-a-company\/#primaryimage","url":"https:\/\/aglow.org\/wp-content\/uploads\/2025\/07\/A-company-Header-2024.jpg","contentUrl":"https:\/\/aglow.org\/wp-content\/uploads\/2025\/07\/A-company-Header-2024.jpg"},{"@type":"BreadcrumbList","@id":"https:\/\/aglow.org\/es\/unase-a-a-company\/#breadcrumb","itemListElement":[{"@type":"ListItem","position":1,"name":"Home","item":"https:\/\/aglow.org\/es\/"},{"@type":"ListItem","position":2,"name":"\u00danase a A-Company"}]},{"@type":"WebSite","@id":"https:\/\/aglow.org\/es\/#website","url":"https:\/\/aglow.org\/es\/","name":"Aglow International","description":"","publisher":{"@id":"https:\/\/aglow.org\/es\/#organization"},"potentialAction":[{"@type":"SearchAction","target":{"@type":"EntryPoint","urlTemplate":"https:\/\/aglow.org\/es\/?s={search_term_string}"},"query-input":{"@type":"PropertyValueSpecification","valueRequired":true,"valueName":"search_term_string"}}],"inLanguage":"es"},{"@type":"Organization","@id":"https:\/\/aglow.org\/es\/#organization","name":"Aglow International","url":"https:\/\/aglow.org\/es\/","logo":{"@type":"ImageObject","inLanguage":"es","@id":"https:\/\/aglow.org\/es\/#\/schema\/logo\/image\/","url":"https:\/\/aglow.org\/wp-content\/uploads\/2025\/04\/Aglow_logo_orange_800px.png","contentUrl":"https:\/\/aglow.org\/wp-content\/uploads\/2025\/04\/Aglow_logo_orange_800px.png","width":800,"height":302,"caption":"Aglow International"},"image":{"@id":"https:\/\/aglow.org\/es\/#\/schema\/logo\/image\/"}}]}},"_links":{"self":[{"href":"https:\/\/aglow.org\/es\/wp-json\/wp\/v2\/pages\/4435","targetHints":{"allow":["GET"]}}],"collection":[{"href":"https:\/\/aglow.org\/es\/wp-json\/wp\/v2\/pages"}],"about":[{"href":"https:\/\/aglow.org\/es\/wp-json\/wp\/v2\/types\/page"}],"author":[{"embeddable":true,"href":"https:\/\/aglow.org\/es\/wp-json\/wp\/v2\/users\/3"}],"replies":[{"embeddable":true,"href":"https:\/\/aglow.org\/es\/wp-json\/wp\/v2\/comments?post=4435"}],"version-history":[{"count":2,"href":"https:\/\/aglow.org\/es\/wp-json\/wp\/v2\/pages\/4435\/revisions"}],"predecessor-version":[{"id":4438,"href":"https:\/\/aglow.org\/es\/wp-json\/wp\/v2\/pages\/4435\/revisions\/4438"}],"wp:attachment":[{"href":"https:\/\/aglow.org\/es\/wp-json\/wp\/v2\/media?parent=4435"}],"curies":[{"name":"wp","href":"https:\/\/api.w.org\/{rel}","templated":true}]}}