{"id":4317,"date":"2025-09-25T16:36:00","date_gmt":"2025-09-25T16:36:00","guid":{"rendered":"https:\/\/aglow.org\/mensajes-de-la-conferencia-de-2025\/"},"modified":"2026-02-06T17:34:36","modified_gmt":"2026-02-06T17:34:36","slug":"mensajes-de-la-conferencia-de-2025","status":"publish","type":"page","link":"https:\/\/aglow.org\/es\/mensajes-de-la-conferencia-de-2025\/","title":{"rendered":"Mensajes de la conferencia de 2025"},"content":{"rendered":"\n<h1>\n\t\t\tMensajes de la conferencia de 2025\t<\/h1>\n\t\t\t\t<img decoding=\"async\" src=\"https:\/\/aglow.org\/wp-content\/uploads\/2025\/09\/2025-conference-banner-.jpg\" alt=\"2025 Conference Theme\" itemprop=\"image\" height=\"532\" width=\"1644\" title=\"2025 Conference Theme\" onerror=\"this.style.display='none'\" loading=\"lazy\" \/>\n\t<p><strong>Adobe Acrobat Reader <\/strong>Es necesario tener instalado el programa Adobe Acrobat Reader en su ordenador para ver algunos de estos documentos. Si no tiene este programa instalado: Adobe Acrobat Reader  <a title=\"Descargar Adobe Acrobat Reader\" href=\"http:\/\/get.adobe.com\/reader\/\" target=\"_blank\" rel=\"noopener noreferrer\">Descargar Adobe Acrobat Reader <\/a><\/p>\n\t<h3>Conferencia Nacional Aglow de EE. UU. 2025<\/h3>\n<ul>\n<li><img loading=\"lazy\" decoding=\"async\" src=\"https:\/\/aglow.org\/images\/icons\/pdf_icon_small.gif\" alt=\"\u00cdcono PDF peque\u00f1o\" width=\"25\" height=\"23\" \/> <a title=\" \" href=\"https:\/\/aglow.org\/wp-content\/uploads\/2025\/09\/2025-Nancy-McDaniel-Fri-PM-SP.pdf\" target=\"_blank\" rel=\"noopener\">Del amanecer al destino &#8211; Nancy McDaniel &#8211; Sesi\u00f3n del viernes por la tarde<\/a><a title=\" \" href=\"https:\/\/aglow.org\/wp-content\/uploads\/2025\/09\/2025-Nancy-McDaniel-Fri-PM.pdf\" target=\"_blank\" rel=\"noopener\"><br \/>\n(<\/a><a href=\"https:\/\/aglow.org\/wp-content\/uploads\/2025\/09\/2025-Nancy-McDaniel-Fri-PM-SP.pdf\" target=\"_blank\" rel=\"noopener\">English<\/a> | <a href=\"https:\/\/aglow.org\/wp-content\/uploads\/2025\/09\/2025-Nancy-McDaniel-Fri-PM-SP.pdf\" target=\"_blank\" rel=\"noopener\">Espa\u00f1ol<\/a> | <a href=\"https:\/\/aglow.org\/wp-content\/uploads\/2025\/09\/2025-Nancy-McDaniel-Fri-PM-FR.pdf\" target=\"_blank\" rel=\"noopener\">Fran\u00e7ais<\/a> | <a href=\"https:\/\/aglow.org\/wp-content\/uploads\/2025\/09\/2025-Nancy-McDaniel-Fri-PM-PT.pdf\" target=\"_blank\" rel=\"noopener\">Portugu\u00eas<\/a>)<br \/>\nEn la sesi\u00f3n inaugural de la primera conferencia virtual de Aglow, Nancy habl\u00f3 sobre el Amanecer del Destino y afirm\u00f3: \u00abEstamos en una nueva era. Ya no transitamos por viejos caminos. Estamos en nuevos caminos que Dios, paso a paso, nos est\u00e1 colocando en esta nueva era\u00bb.<\/li>\n<li><a href=\"https:\/\/aglow.org\/wp-content\/uploads\/2025\/10\/2025-Dave-McDaniel-Offering-Fri-SP.pdf\" target=\"_blank\" rel=\"noopener\"><img loading=\"lazy\" decoding=\"async\" src=\"https:\/\/aglow.org\/images\/icons\/pdf_icon_small.gif\" alt=\"\u00cdcono PDF peque\u00f1o\" width=\"25\" height=\"23\" \/><\/a><a href=\"https:\/\/aglow.org\/wp-content\/uploads\/2025\/10\/2025-Dave-McDaniel-Offering-Fri-SP.pdf\" target=\"_blank\" rel=\"noopener\">Offering Message &#8211; Dave McDaniel &#8211; Friday <\/a><br \/>\nEn el mensaje de la ofrenda del viernes, Dave habla de c\u00f3mo la esclavitud de los inviernos \u00e1ridos ha llegado a su fin. La vieja temporada ha llegado a su fin oficialmente, y vivimos en este tiempo donde la gloria y el esplendor de Dios Todopoderoso est\u00e1n comenzando, y est\u00e1 sucediendo ahora.<\/li>\n<li><img loading=\"lazy\" decoding=\"async\" src=\"https:\/\/aglow.org\/images\/icons\/pdf_icon_small.gif\" alt=\"\u00cdcono PDF peque\u00f1o\" width=\"25\" height=\"23\" \/><a href=\"https:\/\/aglow.org\/wp-content\/uploads\/2025\/10\/2025-Graham-Cooke-Sat-AM-SP.pdf\" target=\"_blank\" rel=\"noopener\">Renovaci\u00f3n radical &#8211; Graham Cooke &#8211; S\u00e1bado por la ma\u00f1ana<\/a><br \/>\nEn el mensaje del s\u00e1bado por la ma\u00f1ana, Graham habl\u00f3 sobre la renovaci\u00f3n radical que est\u00e1 ocurriendo hoy.<\/li>\n<li><img loading=\"lazy\" decoding=\"async\" src=\"https:\/\/aglow.org\/images\/icons\/pdf_icon_small.gif\" alt=\"\" width=\"25\" height=\"23\" \/><a href=\"https:\/\/aglow.org\/wp-content\/uploads\/2025\/10\/2025-Dave-McDaniel-Redemptive-Prophecy-Sat-SP.pdf\" target=\"_blank\" rel=\"noopener\">Profec\u00eda Redentora &#8211; Dave McDaniel &#8211; S\u00e1bado<\/a><strong><br \/>\n<\/strong>(<a href=\"https:\/\/aglow.org\/wp-content\/uploads\/2025\/10\/2025-Dave-McDaniel-Redemptive-Prophecy-Sat-SP.pdf\" target=\"_blank\" rel=\"noopener\">English<\/a> | <a href=\"https:\/\/aglow.org\/wp-content\/uploads\/2025\/10\/2025-Dave-McDaniel-Redemptive-Prophecy-Sat-SP.pdf\" target=\"_blank\" rel=\"noopener\">Espa\u00f1ol<\/a> | <a href=\"https:\/\/aglow.org\/wp-content\/uploads\/2025\/10\/2025-Dave-McDaniel-Redemptive-Prophecy-Sat-FR.pdf\" target=\"_blank\" rel=\"noopener\">Fran\u00e7ais<\/a> | <a href=\"https:\/\/aglow.org\/wp-content\/uploads\/2025\/10\/2025-Dave-McDaniel-Redemptive-Prophecy-Sat-PT.pdf\" target=\"_blank\" rel=\"noopener\">Portugu\u00eas<\/a>)<br \/>\nEl s\u00e1bado, Dave habl\u00f3 sobre c\u00f3mo las promesas de Dios y su tiempo se han fusionado. Tambi\u00e9n explic\u00f3 los cinco niveles de la profec\u00eda en los que operamos.<\/li>\n<\/ul>\n\n","protected":false},"excerpt":{"rendered":"<p>Mensajes de la conferencia de 2025 Adobe Acrobat Reader Es necesario tener instalado el programa Adobe Acrobat Reader en su ordenador para ver algunos de estos documentos. Si no tiene este programa instalado: Adobe Acrobat Reader Descargar Adobe Acrobat Reader Conferencia Nacional Aglow de EE. UU. 2025 Del amanecer al destino &#8211; Nancy McDaniel &#8211;&hellip;<\/p>\n","protected":false},"author":3,"featured_media":4222,"parent":0,"menu_order":0,"comment_status":"closed","ping_status":"closed","template":"","meta":{"footnotes":""},"class_list":["post-4317","page","type-page","status-publish","has-post-thumbnail","hentry"],"yoast_head":"<!-- This site is optimized with the Yoast SEO plugin v27.3 - https:\/\/yoast.com\/product\/yoast-seo-wordpress\/ -->\n<title>Mensajes de la conferencia de 2025 - Aglow International<\/title>\n<meta name=\"robots\" content=\"index, follow, max-snippet:-1, max-image-preview:large, max-video-preview:-1\" \/>\n<link rel=\"canonical\" href=\"https:\/\/aglow.org\/es\/mensajes-de-la-conferencia-de-2025\/\" \/>\n<meta property=\"og:locale\" content=\"es_ES\" \/>\n<meta property=\"og:type\" content=\"article\" \/>\n<meta property=\"og:title\" content=\"Mensajes de la conferencia de 2025 - Aglow International\" \/>\n<meta property=\"og:description\" content=\"Mensajes de la conferencia de 2025 Adobe Acrobat Reader Es necesario tener instalado el programa Adobe Acrobat Reader en su ordenador para ver algunos de estos documentos. Si no tiene este programa instalado: Adobe Acrobat Reader Descargar Adobe Acrobat Reader Conferencia Nacional Aglow de EE. UU. 2025 Del amanecer al destino &#8211; Nancy McDaniel &#8211;&hellip;\" \/>\n<meta property=\"og:url\" content=\"https:\/\/aglow.org\/es\/mensajes-de-la-conferencia-de-2025\/\" \/>\n<meta property=\"og:site_name\" content=\"Aglow International\" \/>\n<meta property=\"article:modified_time\" content=\"2026-02-06T17:34:36+00:00\" \/>\n<meta property=\"og:image\" content=\"https:\/\/aglow.org\/wp-content\/uploads\/2025\/09\/2025-conference-banner.png\" \/>\n\t<meta property=\"og:image:width\" content=\"1656\" \/>\n\t<meta property=\"og:image:height\" content=\"646\" \/>\n\t<meta property=\"og:image:type\" content=\"image\/png\" \/>\n<meta name=\"twitter:card\" content=\"summary_large_image\" \/>\n<meta name=\"twitter:label1\" content=\"Tiempo de lectura\" \/>\n\t<meta name=\"twitter:data1\" content=\"2 minutos\" \/>\n<script type=\"application\/ld+json\" class=\"yoast-schema-graph\">{\"@context\":\"https:\\\/\\\/schema.org\",\"@graph\":[{\"@type\":\"WebPage\",\"@id\":\"https:\\\/\\\/aglow.org\\\/es\\\/mensajes-de-la-conferencia-de-2025\\\/\",\"url\":\"https:\\\/\\\/aglow.org\\\/es\\\/mensajes-de-la-conferencia-de-2025\\\/\",\"name\":\"Mensajes de la conferencia de 2025 - Aglow International\",\"isPartOf\":{\"@id\":\"https:\\\/\\\/aglow.org\\\/es\\\/#website\"},\"primaryImageOfPage\":{\"@id\":\"https:\\\/\\\/aglow.org\\\/es\\\/mensajes-de-la-conferencia-de-2025\\\/#primaryimage\"},\"image\":{\"@id\":\"https:\\\/\\\/aglow.org\\\/es\\\/mensajes-de-la-conferencia-de-2025\\\/#primaryimage\"},\"thumbnailUrl\":\"https:\\\/\\\/aglow.org\\\/wp-content\\\/uploads\\\/2025\\\/09\\\/2025-conference-banner.png\",\"datePublished\":\"2025-09-25T16:36:00+00:00\",\"dateModified\":\"2026-02-06T17:34:36+00:00\",\"breadcrumb\":{\"@id\":\"https:\\\/\\\/aglow.org\\\/es\\\/mensajes-de-la-conferencia-de-2025\\\/#breadcrumb\"},\"inLanguage\":\"es\",\"potentialAction\":[{\"@type\":\"ReadAction\",\"target\":[\"https:\\\/\\\/aglow.org\\\/es\\\/mensajes-de-la-conferencia-de-2025\\\/\"]}]},{\"@type\":\"ImageObject\",\"inLanguage\":\"es\",\"@id\":\"https:\\\/\\\/aglow.org\\\/es\\\/mensajes-de-la-conferencia-de-2025\\\/#primaryimage\",\"url\":\"https:\\\/\\\/aglow.org\\\/wp-content\\\/uploads\\\/2025\\\/09\\\/2025-conference-banner.png\",\"contentUrl\":\"https:\\\/\\\/aglow.org\\\/wp-content\\\/uploads\\\/2025\\\/09\\\/2025-conference-banner.png\",\"width\":1656,\"height\":646,\"caption\":\"2025 Conference Theme\"},{\"@type\":\"BreadcrumbList\",\"@id\":\"https:\\\/\\\/aglow.org\\\/es\\\/mensajes-de-la-conferencia-de-2025\\\/#breadcrumb\",\"itemListElement\":[{\"@type\":\"ListItem\",\"position\":1,\"name\":\"Home\",\"item\":\"https:\\\/\\\/aglow.org\\\/es\\\/\"},{\"@type\":\"ListItem\",\"position\":2,\"name\":\"Mensajes de la conferencia de 2025\"}]},{\"@type\":\"WebSite\",\"@id\":\"https:\\\/\\\/aglow.org\\\/es\\\/#website\",\"url\":\"https:\\\/\\\/aglow.org\\\/es\\\/\",\"name\":\"Aglow International\",\"description\":\"\",\"publisher\":{\"@id\":\"https:\\\/\\\/aglow.org\\\/es\\\/#organization\"},\"potentialAction\":[{\"@type\":\"SearchAction\",\"target\":{\"@type\":\"EntryPoint\",\"urlTemplate\":\"https:\\\/\\\/aglow.org\\\/es\\\/?s={search_term_string}\"},\"query-input\":{\"@type\":\"PropertyValueSpecification\",\"valueRequired\":true,\"valueName\":\"search_term_string\"}}],\"inLanguage\":\"es\"},{\"@type\":\"Organization\",\"@id\":\"https:\\\/\\\/aglow.org\\\/es\\\/#organization\",\"name\":\"Aglow International\",\"url\":\"https:\\\/\\\/aglow.org\\\/es\\\/\",\"logo\":{\"@type\":\"ImageObject\",\"inLanguage\":\"es\",\"@id\":\"https:\\\/\\\/aglow.org\\\/es\\\/#\\\/schema\\\/logo\\\/image\\\/\",\"url\":\"https:\\\/\\\/aglow.org\\\/wp-content\\\/uploads\\\/2025\\\/04\\\/Aglow_logo_orange_800px.png\",\"contentUrl\":\"https:\\\/\\\/aglow.org\\\/wp-content\\\/uploads\\\/2025\\\/04\\\/Aglow_logo_orange_800px.png\",\"width\":800,\"height\":302,\"caption\":\"Aglow International\"},\"image\":{\"@id\":\"https:\\\/\\\/aglow.org\\\/es\\\/#\\\/schema\\\/logo\\\/image\\\/\"}}]}<\/script>\n<!-- \/ Yoast SEO plugin. -->","yoast_head_json":{"title":"Mensajes de la conferencia de 2025 - Aglow International","robots":{"index":"index","follow":"follow","max-snippet":"max-snippet:-1","max-image-preview":"max-image-preview:large","max-video-preview":"max-video-preview:-1"},"canonical":"https:\/\/aglow.org\/es\/mensajes-de-la-conferencia-de-2025\/","og_locale":"es_ES","og_type":"article","og_title":"Mensajes de la conferencia de 2025 - Aglow International","og_description":"Mensajes de la conferencia de 2025 Adobe Acrobat Reader Es necesario tener instalado el programa Adobe Acrobat Reader en su ordenador para ver algunos de estos documentos. Si no tiene este programa instalado: Adobe Acrobat Reader Descargar Adobe Acrobat Reader Conferencia Nacional Aglow de EE. UU. 2025 Del amanecer al destino &#8211; Nancy McDaniel &#8211;&hellip;","og_url":"https:\/\/aglow.org\/es\/mensajes-de-la-conferencia-de-2025\/","og_site_name":"Aglow International","article_modified_time":"2026-02-06T17:34:36+00:00","og_image":[{"width":1656,"height":646,"url":"https:\/\/aglow.org\/wp-content\/uploads\/2025\/09\/2025-conference-banner.png","type":"image\/png"}],"twitter_card":"summary_large_image","twitter_misc":{"Tiempo de lectura":"2 minutos"},"schema":{"@context":"https:\/\/schema.org","@graph":[{"@type":"WebPage","@id":"https:\/\/aglow.org\/es\/mensajes-de-la-conferencia-de-2025\/","url":"https:\/\/aglow.org\/es\/mensajes-de-la-conferencia-de-2025\/","name":"Mensajes de la conferencia de 2025 - Aglow International","isPartOf":{"@id":"https:\/\/aglow.org\/es\/#website"},"primaryImageOfPage":{"@id":"https:\/\/aglow.org\/es\/mensajes-de-la-conferencia-de-2025\/#primaryimage"},"image":{"@id":"https:\/\/aglow.org\/es\/mensajes-de-la-conferencia-de-2025\/#primaryimage"},"thumbnailUrl":"https:\/\/aglow.org\/wp-content\/uploads\/2025\/09\/2025-conference-banner.png","datePublished":"2025-09-25T16:36:00+00:00","dateModified":"2026-02-06T17:34:36+00:00","breadcrumb":{"@id":"https:\/\/aglow.org\/es\/mensajes-de-la-conferencia-de-2025\/#breadcrumb"},"inLanguage":"es","potentialAction":[{"@type":"ReadAction","target":["https:\/\/aglow.org\/es\/mensajes-de-la-conferencia-de-2025\/"]}]},{"@type":"ImageObject","inLanguage":"es","@id":"https:\/\/aglow.org\/es\/mensajes-de-la-conferencia-de-2025\/#primaryimage","url":"https:\/\/aglow.org\/wp-content\/uploads\/2025\/09\/2025-conference-banner.png","contentUrl":"https:\/\/aglow.org\/wp-content\/uploads\/2025\/09\/2025-conference-banner.png","width":1656,"height":646,"caption":"2025 Conference Theme"},{"@type":"BreadcrumbList","@id":"https:\/\/aglow.org\/es\/mensajes-de-la-conferencia-de-2025\/#breadcrumb","itemListElement":[{"@type":"ListItem","position":1,"name":"Home","item":"https:\/\/aglow.org\/es\/"},{"@type":"ListItem","position":2,"name":"Mensajes de la conferencia de 2025"}]},{"@type":"WebSite","@id":"https:\/\/aglow.org\/es\/#website","url":"https:\/\/aglow.org\/es\/","name":"Aglow International","description":"","publisher":{"@id":"https:\/\/aglow.org\/es\/#organization"},"potentialAction":[{"@type":"SearchAction","target":{"@type":"EntryPoint","urlTemplate":"https:\/\/aglow.org\/es\/?s={search_term_string}"},"query-input":{"@type":"PropertyValueSpecification","valueRequired":true,"valueName":"search_term_string"}}],"inLanguage":"es"},{"@type":"Organization","@id":"https:\/\/aglow.org\/es\/#organization","name":"Aglow International","url":"https:\/\/aglow.org\/es\/","logo":{"@type":"ImageObject","inLanguage":"es","@id":"https:\/\/aglow.org\/es\/#\/schema\/logo\/image\/","url":"https:\/\/aglow.org\/wp-content\/uploads\/2025\/04\/Aglow_logo_orange_800px.png","contentUrl":"https:\/\/aglow.org\/wp-content\/uploads\/2025\/04\/Aglow_logo_orange_800px.png","width":800,"height":302,"caption":"Aglow International"},"image":{"@id":"https:\/\/aglow.org\/es\/#\/schema\/logo\/image\/"}}]}},"_links":{"self":[{"href":"https:\/\/aglow.org\/es\/wp-json\/wp\/v2\/pages\/4317","targetHints":{"allow":["GET"]}}],"collection":[{"href":"https:\/\/aglow.org\/es\/wp-json\/wp\/v2\/pages"}],"about":[{"href":"https:\/\/aglow.org\/es\/wp-json\/wp\/v2\/types\/page"}],"author":[{"embeddable":true,"href":"https:\/\/aglow.org\/es\/wp-json\/wp\/v2\/users\/3"}],"replies":[{"embeddable":true,"href":"https:\/\/aglow.org\/es\/wp-json\/wp\/v2\/comments?post=4317"}],"version-history":[{"count":5,"href":"https:\/\/aglow.org\/es\/wp-json\/wp\/v2\/pages\/4317\/revisions"}],"predecessor-version":[{"id":4716,"href":"https:\/\/aglow.org\/es\/wp-json\/wp\/v2\/pages\/4317\/revisions\/4716"}],"wp:featuredmedia":[{"embeddable":true,"href":"https:\/\/aglow.org\/es\/wp-json\/wp\/v2\/media\/4222"}],"wp:attachment":[{"href":"https:\/\/aglow.org\/es\/wp-json\/wp\/v2\/media?parent=4317"}],"curies":[{"name":"wp","href":"https:\/\/api.w.org\/{rel}","templated":true}]}}