{"id":3673,"date":"2025-08-04T21:07:08","date_gmt":"2025-08-04T21:07:08","guid":{"rendered":"https:\/\/aglow.org\/graficos-compartibles-2\/"},"modified":"2025-08-07T15:35:03","modified_gmt":"2025-08-07T15:35:03","slug":"graficos-compartibles-2","status":"publish","type":"page","link":"https:\/\/aglow.org\/es\/graficos-compartibles-2\/","title":{"rendered":"Gr\u00e1ficos compartibles &#8211; 2"},"content":{"rendered":"\n<h1>\n\t\t\tGr\u00e1ficos compartibles &#8211; 2\t<\/h1>\n\t\t\t<a href=\"https:\/\/aglow.org\/es\/imagenes-para-compartir\/\" target=\"_self\">\n\t\t\t\t\t\t\tP\u00e1gina 1\n\t\t\t\t\t<\/a>\nComparte estos gr\u00e1ficos en reuniones y conferencias de Aglow, en Facebook y otras redes sociales.<br \/>\nPara descargarlos, <strong>haz clic derecho<\/strong> en la imagen y selecciona \u00ab<strong>Guardar imagen como<\/strong>\u00ab.\n\t\t\t\t<img decoding=\"async\" src=\"https:\/\/aglow.org\/wp-content\/uploads\/2025\/08\/openheart-SP.jpg\" alt=\"openheart-SP\" itemprop=\"image\" height=\"800\" width=\"800\" title=\"openheart-SP\" onerror=\"this.style.display='none'\" loading=\"lazy\" \/>\n\t\t\t\t<img decoding=\"async\" src=\"https:\/\/aglow.org\/wp-content\/uploads\/2025\/08\/quiet-SP.jpg\" alt=\"quiet-SP\" itemprop=\"image\" height=\"800\" width=\"800\" title=\"quiet-SP\" onerror=\"this.style.display='none'\" loading=\"lazy\" \/>\n\t\t\t\t<img decoding=\"async\" src=\"https:\/\/aglow.org\/wp-content\/uploads\/2025\/08\/merciful-SP.jpg\" alt=\"merciful-SP\" itemprop=\"image\" height=\"800\" width=\"800\" title=\"merciful-SP\" onerror=\"this.style.display='none'\" loading=\"lazy\" \/>\n\t\t\t\t<img decoding=\"async\" src=\"https:\/\/aglow.org\/wp-content\/uploads\/2025\/08\/anchor-SP.jpg\" alt=\"anchor-SP\" itemprop=\"image\" height=\"800\" width=\"800\" title=\"anchor-SP\" onerror=\"this.style.display='none'\" loading=\"lazy\" \/>\n\t\t\t\t<img decoding=\"async\" src=\"https:\/\/aglow.org\/wp-content\/uploads\/2025\/08\/promise-SP.jpg\" alt=\"promise-SP\" itemprop=\"image\" height=\"800\" width=\"800\" title=\"promise-SP\" onerror=\"this.style.display='none'\" loading=\"lazy\" \/>\n\t\t\t\t<img decoding=\"async\" src=\"https:\/\/aglow.org\/wp-content\/uploads\/2025\/08\/miss-SP.jpg\" alt=\"miss-SP\" itemprop=\"image\" height=\"800\" width=\"800\" title=\"miss-SP\" onerror=\"this.style.display='none'\" loading=\"lazy\" \/>\n\t\t\t\t<img decoding=\"async\" src=\"https:\/\/aglow.org\/wp-content\/uploads\/2025\/08\/apostolic-SP.jpg\" alt=\"apostolic-SP\" itemprop=\"image\" height=\"800\" width=\"800\" title=\"apostolic-SP\" onerror=\"this.style.display='none'\" loading=\"lazy\" \/>\n\t\t\t\t<img decoding=\"async\" src=\"https:\/\/aglow.org\/wp-content\/uploads\/2025\/08\/shift-SP.jpg\" alt=\"shift-SP\" itemprop=\"image\" height=\"800\" width=\"800\" title=\"shift-SP\" onerror=\"this.style.display='none'\" loading=\"lazy\" \/>\n\t\t\t\t<img decoding=\"async\" src=\"https:\/\/aglow.org\/wp-content\/uploads\/2025\/08\/greatest-SP.jpg\" alt=\"greatest-SP\" itemprop=\"image\" height=\"800\" width=\"800\" title=\"greatest-SP\" onerror=\"this.style.display='none'\" loading=\"lazy\" \/>\n\t\t\t\t<img decoding=\"async\" src=\"https:\/\/aglow.org\/wp-content\/uploads\/2025\/08\/level-SP.jpg\" alt=\"level-SP\" itemprop=\"image\" height=\"800\" width=\"800\" title=\"level-SP\" onerror=\"this.style.display='none'\" loading=\"lazy\" \/>\n\t\t\t\t<img decoding=\"async\" src=\"https:\/\/aglow.org\/wp-content\/uploads\/2025\/08\/steadfast-SP.jpg\" alt=\"steadfast-SP\" itemprop=\"image\" height=\"800\" width=\"800\" title=\"steadfast-SP\" onerror=\"this.style.display='none'\" loading=\"lazy\" \/>\n\t\t\t\t<img decoding=\"async\" src=\"https:\/\/aglow.org\/wp-content\/uploads\/2025\/08\/listening-SP.jpg\" alt=\"listening-SP\" itemprop=\"image\" height=\"800\" width=\"800\" title=\"listening-SP\" onerror=\"this.style.display='none'\" loading=\"lazy\" \/>\n\t\t\t\t<img decoding=\"async\" src=\"https:\/\/aglow.org\/wp-content\/uploads\/2025\/08\/stable-SP.jpg\" alt=\"stable-SP\" itemprop=\"image\" height=\"800\" width=\"800\" title=\"stable-SP\" onerror=\"this.style.display='none'\" loading=\"lazy\" \/>\n\t\t\t\t<img decoding=\"async\" src=\"https:\/\/aglow.org\/wp-content\/uploads\/2025\/08\/advantage-SP.jpg\" alt=\"advantage-SP\" itemprop=\"image\" height=\"800\" width=\"800\" title=\"advantage-SP\" onerror=\"this.style.display='none'\" loading=\"lazy\" \/>\n\t\t\t\t<img decoding=\"async\" src=\"https:\/\/aglow.org\/wp-content\/uploads\/2025\/08\/hope-SP.jpg\" alt=\"hope-SP\" itemprop=\"image\" height=\"800\" width=\"800\" title=\"hope-SP\" onerror=\"this.style.display='none'\" loading=\"lazy\" \/>\n\t\t\t\t<img decoding=\"async\" src=\"https:\/\/aglow.org\/wp-content\/uploads\/2025\/08\/welcome-SP.jpg\" alt=\"welcome-SP\" itemprop=\"image\" height=\"800\" width=\"800\" title=\"welcome-SP\" onerror=\"this.style.display='none'\" loading=\"lazy\" \/>\n\t\t\t\t<img decoding=\"async\" src=\"https:\/\/aglow.org\/wp-content\/uploads\/2025\/08\/rod-SP.jpg\" alt=\"rod-SP\" itemprop=\"image\" height=\"800\" width=\"800\" title=\"rod-SP\" onerror=\"this.style.display='none'\" loading=\"lazy\" \/>\n\t\t\t\t<img decoding=\"async\" src=\"https:\/\/aglow.org\/wp-content\/uploads\/2025\/08\/expectant-SP.jpg\" alt=\"expectant-SP\" itemprop=\"image\" height=\"800\" width=\"800\" title=\"expectant-SP\" onerror=\"this.style.display='none'\" loading=\"lazy\" \/>\n\t\t\t\t<img decoding=\"async\" src=\"https:\/\/aglow.org\/wp-content\/uploads\/2025\/08\/treasure-sp.jpg\" alt=\"treasure-sp\" itemprop=\"image\" height=\"800\" width=\"800\" title=\"treasure-sp\" onerror=\"this.style.display='none'\" loading=\"lazy\" \/>\n\t\t\t\t<img decoding=\"async\" src=\"https:\/\/aglow.org\/wp-content\/uploads\/2025\/08\/holy-spirit-sp.jpg\" alt=\"holy-spirit-sp\" itemprop=\"image\" height=\"800\" width=\"800\" title=\"holy-spirit-sp\" onerror=\"this.style.display='none'\" loading=\"lazy\" \/>\n\t\t\t\t<img decoding=\"async\" src=\"https:\/\/aglow.org\/wp-content\/uploads\/2025\/08\/expanding-sp.jpg\" alt=\"expanding-sp\" itemprop=\"image\" height=\"800\" width=\"800\" title=\"expanding-sp\" onerror=\"this.style.display='none'\" loading=\"lazy\" \/>\n\t\t\t\t<img decoding=\"async\" src=\"https:\/\/aglow.org\/wp-content\/uploads\/2025\/08\/difference-sp-.jpg\" alt=\"difference-sp-\" itemprop=\"image\" height=\"800\" width=\"800\" title=\"difference-sp-\" onerror=\"this.style.display='none'\" loading=\"lazy\" \/>\n\t\t\t\t<img decoding=\"async\" src=\"https:\/\/aglow.org\/wp-content\/uploads\/2025\/08\/WithYou-sp.jpg\" alt=\"WithYou-sp\" itemprop=\"image\" height=\"800\" width=\"800\" title=\"WithYou-sp\" onerror=\"this.style.display='none'\" loading=\"lazy\" \/>\n\t\t\t\t<img decoding=\"async\" src=\"https:\/\/aglow.org\/wp-content\/uploads\/2025\/08\/Tongues-sp.jpg\" alt=\"Tongues-sp\" itemprop=\"image\" height=\"800\" width=\"800\" title=\"Tongues-sp\" onerror=\"this.style.display='none'\" loading=\"lazy\" \/>\n\n","protected":false},"excerpt":{"rendered":"<p>Gr\u00e1ficos compartibles &#8211; 2 P\u00e1gina 1 Comparte estos gr\u00e1ficos en reuniones y conferencias de Aglow, en Facebook y otras redes sociales. Para descargarlos, haz clic derecho en la imagen y selecciona \u00abGuardar imagen como\u00ab.<\/p>\n","protected":false},"author":3,"featured_media":0,"parent":0,"menu_order":0,"comment_status":"closed","ping_status":"closed","template":"","meta":{"footnotes":""},"class_list":["post-3673","page","type-page","status-publish","hentry"],"yoast_head":"<!-- This site is optimized with the Yoast SEO plugin v27.4 - https:\/\/yoast.com\/product\/yoast-seo-wordpress\/ -->\n<title>Gr\u00e1ficos compartibles - 2 - Aglow International<\/title>\n<meta name=\"robots\" content=\"index, follow, max-snippet:-1, max-image-preview:large, max-video-preview:-1\" \/>\n<link rel=\"canonical\" href=\"https:\/\/aglow.org\/es\/graficos-compartibles-2\/\" \/>\n<meta property=\"og:locale\" content=\"es_ES\" \/>\n<meta property=\"og:type\" content=\"article\" \/>\n<meta property=\"og:title\" content=\"Gr\u00e1ficos compartibles - 2 - Aglow International\" \/>\n<meta property=\"og:description\" content=\"Gr\u00e1ficos compartibles &#8211; 2 P\u00e1gina 1 Comparte estos gr\u00e1ficos en reuniones y conferencias de Aglow, en Facebook y otras redes sociales. Para descargarlos, haz clic derecho en la imagen y selecciona \u00abGuardar imagen como\u00ab.\" \/>\n<meta property=\"og:url\" content=\"https:\/\/aglow.org\/es\/graficos-compartibles-2\/\" \/>\n<meta property=\"og:site_name\" content=\"Aglow International\" \/>\n<meta property=\"article:modified_time\" content=\"2025-08-07T15:35:03+00:00\" \/>\n<meta property=\"og:image\" content=\"https:\/\/aglow.org\/wp-content\/uploads\/2025\/08\/openheart-SP.jpg\" \/>\n<meta name=\"twitter:card\" content=\"summary_large_image\" \/>\n<meta name=\"twitter:label1\" content=\"Tiempo de lectura\" \/>\n\t<meta name=\"twitter:data1\" content=\"5 minutos\" \/>\n<script type=\"application\/ld+json\" class=\"yoast-schema-graph\">{\"@context\":\"https:\\\/\\\/schema.org\",\"@graph\":[{\"@type\":\"WebPage\",\"@id\":\"https:\\\/\\\/aglow.org\\\/es\\\/graficos-compartibles-2\\\/\",\"url\":\"https:\\\/\\\/aglow.org\\\/es\\\/graficos-compartibles-2\\\/\",\"name\":\"Gr\u00e1ficos compartibles - 2 - Aglow International\",\"isPartOf\":{\"@id\":\"https:\\\/\\\/aglow.org\\\/es\\\/#website\"},\"primaryImageOfPage\":{\"@id\":\"https:\\\/\\\/aglow.org\\\/es\\\/graficos-compartibles-2\\\/#primaryimage\"},\"image\":{\"@id\":\"https:\\\/\\\/aglow.org\\\/es\\\/graficos-compartibles-2\\\/#primaryimage\"},\"thumbnailUrl\":\"https:\\\/\\\/aglow.org\\\/wp-content\\\/uploads\\\/2025\\\/08\\\/openheart-SP.jpg\",\"datePublished\":\"2025-08-04T21:07:08+00:00\",\"dateModified\":\"2025-08-07T15:35:03+00:00\",\"breadcrumb\":{\"@id\":\"https:\\\/\\\/aglow.org\\\/es\\\/graficos-compartibles-2\\\/#breadcrumb\"},\"inLanguage\":\"es\",\"potentialAction\":[{\"@type\":\"ReadAction\",\"target\":[\"https:\\\/\\\/aglow.org\\\/es\\\/graficos-compartibles-2\\\/\"]}]},{\"@type\":\"ImageObject\",\"inLanguage\":\"es\",\"@id\":\"https:\\\/\\\/aglow.org\\\/es\\\/graficos-compartibles-2\\\/#primaryimage\",\"url\":\"https:\\\/\\\/aglow.org\\\/wp-content\\\/uploads\\\/2025\\\/08\\\/openheart-SP.jpg\",\"contentUrl\":\"https:\\\/\\\/aglow.org\\\/wp-content\\\/uploads\\\/2025\\\/08\\\/openheart-SP.jpg\"},{\"@type\":\"BreadcrumbList\",\"@id\":\"https:\\\/\\\/aglow.org\\\/es\\\/graficos-compartibles-2\\\/#breadcrumb\",\"itemListElement\":[{\"@type\":\"ListItem\",\"position\":1,\"name\":\"Home\",\"item\":\"https:\\\/\\\/aglow.org\\\/es\\\/\"},{\"@type\":\"ListItem\",\"position\":2,\"name\":\"Gr\u00e1ficos compartibles &#8211; 2\"}]},{\"@type\":\"WebSite\",\"@id\":\"https:\\\/\\\/aglow.org\\\/es\\\/#website\",\"url\":\"https:\\\/\\\/aglow.org\\\/es\\\/\",\"name\":\"Aglow International\",\"description\":\"\",\"publisher\":{\"@id\":\"https:\\\/\\\/aglow.org\\\/es\\\/#organization\"},\"potentialAction\":[{\"@type\":\"SearchAction\",\"target\":{\"@type\":\"EntryPoint\",\"urlTemplate\":\"https:\\\/\\\/aglow.org\\\/es\\\/?s={search_term_string}\"},\"query-input\":{\"@type\":\"PropertyValueSpecification\",\"valueRequired\":true,\"valueName\":\"search_term_string\"}}],\"inLanguage\":\"es\"},{\"@type\":\"Organization\",\"@id\":\"https:\\\/\\\/aglow.org\\\/es\\\/#organization\",\"name\":\"Aglow International\",\"url\":\"https:\\\/\\\/aglow.org\\\/es\\\/\",\"logo\":{\"@type\":\"ImageObject\",\"inLanguage\":\"es\",\"@id\":\"https:\\\/\\\/aglow.org\\\/es\\\/#\\\/schema\\\/logo\\\/image\\\/\",\"url\":\"https:\\\/\\\/aglow.org\\\/wp-content\\\/uploads\\\/2025\\\/04\\\/Aglow_logo_orange_800px.png\",\"contentUrl\":\"https:\\\/\\\/aglow.org\\\/wp-content\\\/uploads\\\/2025\\\/04\\\/Aglow_logo_orange_800px.png\",\"width\":800,\"height\":302,\"caption\":\"Aglow International\"},\"image\":{\"@id\":\"https:\\\/\\\/aglow.org\\\/es\\\/#\\\/schema\\\/logo\\\/image\\\/\"}}]}<\/script>\n<!-- \/ Yoast SEO plugin. -->","yoast_head_json":{"title":"Gr\u00e1ficos compartibles - 2 - Aglow International","robots":{"index":"index","follow":"follow","max-snippet":"max-snippet:-1","max-image-preview":"max-image-preview:large","max-video-preview":"max-video-preview:-1"},"canonical":"https:\/\/aglow.org\/es\/graficos-compartibles-2\/","og_locale":"es_ES","og_type":"article","og_title":"Gr\u00e1ficos compartibles - 2 - Aglow International","og_description":"Gr\u00e1ficos compartibles &#8211; 2 P\u00e1gina 1 Comparte estos gr\u00e1ficos en reuniones y conferencias de Aglow, en Facebook y otras redes sociales. Para descargarlos, haz clic derecho en la imagen y selecciona \u00abGuardar imagen como\u00ab.","og_url":"https:\/\/aglow.org\/es\/graficos-compartibles-2\/","og_site_name":"Aglow International","article_modified_time":"2025-08-07T15:35:03+00:00","og_image":[{"url":"https:\/\/aglow.org\/wp-content\/uploads\/2025\/08\/openheart-SP.jpg","type":"","width":"","height":""}],"twitter_card":"summary_large_image","twitter_misc":{"Tiempo de lectura":"5 minutos"},"schema":{"@context":"https:\/\/schema.org","@graph":[{"@type":"WebPage","@id":"https:\/\/aglow.org\/es\/graficos-compartibles-2\/","url":"https:\/\/aglow.org\/es\/graficos-compartibles-2\/","name":"Gr\u00e1ficos compartibles - 2 - Aglow International","isPartOf":{"@id":"https:\/\/aglow.org\/es\/#website"},"primaryImageOfPage":{"@id":"https:\/\/aglow.org\/es\/graficos-compartibles-2\/#primaryimage"},"image":{"@id":"https:\/\/aglow.org\/es\/graficos-compartibles-2\/#primaryimage"},"thumbnailUrl":"https:\/\/aglow.org\/wp-content\/uploads\/2025\/08\/openheart-SP.jpg","datePublished":"2025-08-04T21:07:08+00:00","dateModified":"2025-08-07T15:35:03+00:00","breadcrumb":{"@id":"https:\/\/aglow.org\/es\/graficos-compartibles-2\/#breadcrumb"},"inLanguage":"es","potentialAction":[{"@type":"ReadAction","target":["https:\/\/aglow.org\/es\/graficos-compartibles-2\/"]}]},{"@type":"ImageObject","inLanguage":"es","@id":"https:\/\/aglow.org\/es\/graficos-compartibles-2\/#primaryimage","url":"https:\/\/aglow.org\/wp-content\/uploads\/2025\/08\/openheart-SP.jpg","contentUrl":"https:\/\/aglow.org\/wp-content\/uploads\/2025\/08\/openheart-SP.jpg"},{"@type":"BreadcrumbList","@id":"https:\/\/aglow.org\/es\/graficos-compartibles-2\/#breadcrumb","itemListElement":[{"@type":"ListItem","position":1,"name":"Home","item":"https:\/\/aglow.org\/es\/"},{"@type":"ListItem","position":2,"name":"Gr\u00e1ficos compartibles &#8211; 2"}]},{"@type":"WebSite","@id":"https:\/\/aglow.org\/es\/#website","url":"https:\/\/aglow.org\/es\/","name":"Aglow International","description":"","publisher":{"@id":"https:\/\/aglow.org\/es\/#organization"},"potentialAction":[{"@type":"SearchAction","target":{"@type":"EntryPoint","urlTemplate":"https:\/\/aglow.org\/es\/?s={search_term_string}"},"query-input":{"@type":"PropertyValueSpecification","valueRequired":true,"valueName":"search_term_string"}}],"inLanguage":"es"},{"@type":"Organization","@id":"https:\/\/aglow.org\/es\/#organization","name":"Aglow International","url":"https:\/\/aglow.org\/es\/","logo":{"@type":"ImageObject","inLanguage":"es","@id":"https:\/\/aglow.org\/es\/#\/schema\/logo\/image\/","url":"https:\/\/aglow.org\/wp-content\/uploads\/2025\/04\/Aglow_logo_orange_800px.png","contentUrl":"https:\/\/aglow.org\/wp-content\/uploads\/2025\/04\/Aglow_logo_orange_800px.png","width":800,"height":302,"caption":"Aglow International"},"image":{"@id":"https:\/\/aglow.org\/es\/#\/schema\/logo\/image\/"}}]}},"_links":{"self":[{"href":"https:\/\/aglow.org\/es\/wp-json\/wp\/v2\/pages\/3673","targetHints":{"allow":["GET"]}}],"collection":[{"href":"https:\/\/aglow.org\/es\/wp-json\/wp\/v2\/pages"}],"about":[{"href":"https:\/\/aglow.org\/es\/wp-json\/wp\/v2\/types\/page"}],"author":[{"embeddable":true,"href":"https:\/\/aglow.org\/es\/wp-json\/wp\/v2\/users\/3"}],"replies":[{"embeddable":true,"href":"https:\/\/aglow.org\/es\/wp-json\/wp\/v2\/comments?post=3673"}],"version-history":[{"count":3,"href":"https:\/\/aglow.org\/es\/wp-json\/wp\/v2\/pages\/3673\/revisions"}],"predecessor-version":[{"id":3677,"href":"https:\/\/aglow.org\/es\/wp-json\/wp\/v2\/pages\/3673\/revisions\/3677"}],"wp:attachment":[{"href":"https:\/\/aglow.org\/es\/wp-json\/wp\/v2\/media?parent=3673"}],"curies":[{"name":"wp","href":"https:\/\/api.w.org\/{rel}","templated":true}]}}