{"id":3184,"date":"2025-04-11T19:21:22","date_gmt":"2025-04-11T19:21:22","guid":{"rendered":"https:\/\/aglow.org\/imagenes-para-compartir\/"},"modified":"2026-03-25T20:40:25","modified_gmt":"2026-03-25T20:40:25","slug":"imagenes-para-compartir","status":"publish","type":"page","link":"https:\/\/aglow.org\/es\/imagenes-para-compartir\/","title":{"rendered":"Im\u00e1genes para compartir"},"content":{"rendered":"\n<h1>\n\t\t\tIm\u00e1genes para compartir\t<\/h1>\n\t<p>Comparte estos gr\u00e1ficos en reuniones y conferencias de Aglow, en Facebook y otras redes sociales.<\/p>\n<p>Para descargarlos, <strong>haz clic derecho<\/strong> en la imagen y selecciona \u00ab<strong>Guardar imagen como<\/strong>\u00ab.<\/p>\n<figure itemscope itemtype=\"https:\/\/schema.org\/ImageObject\">\n\t\t\t\t<img decoding=\"async\" src=\"https:\/\/aglow.org\/wp-content\/uploads\/2026\/03\/standard-SP.jpg\" alt=\"Levante una bandera\" height=\"800\" width=\"800\" title=\"Levante una bandera\" onerror=\"this.style.display='none'\" loading=\"lazy\" \/>\n\t<\/figure>\n<figure itemscope itemtype=\"https:\/\/schema.org\/ImageObject\">\n\t\t\t\t<img decoding=\"async\" src=\"https:\/\/aglow.org\/wp-content\/uploads\/2026\/02\/crush-chaos-SP-1.jpg\" alt=\"Paz\" height=\"800\" width=\"800\" title=\"crush-chaos-SP\" onerror=\"this.style.display='none'\" loading=\"lazy\" \/>\n\t<\/figure>\n<figure itemscope itemtype=\"https:\/\/schema.org\/ImageObject\">\n\t\t\t\t<img decoding=\"async\" src=\"https:\/\/aglow.org\/wp-content\/uploads\/2026\/02\/camp-SP-1.jpg\" alt=\"La Presencia de Dios es el Fuego Alrededor del Cual Acampamos\" height=\"800\" width=\"800\" title=\"La Presencia de Dios es el Fuego Alrededor del Cual Acampamos\" onerror=\"this.style.display='none'\" loading=\"lazy\" \/>\n\t<\/figure>\n<figure itemscope itemtype=\"https:\/\/schema.org\/ImageObject\">\n\t\t\t\t<img decoding=\"async\" src=\"https:\/\/aglow.org\/wp-content\/uploads\/2026\/01\/airplane-SP-1.jpg\" alt=\"avi\u00f3n\" height=\"800\" width=\"800\" title=\"avi\u00f3n\" onerror=\"this.style.display='none'\" loading=\"lazy\" \/>\n\t<\/figure>\n<figure itemscope itemtype=\"https:\/\/schema.org\/ImageObject\">\n\t\t\t\t<img decoding=\"async\" src=\"https:\/\/aglow.org\/wp-content\/uploads\/2025\/12\/prophesy-SP-1.jpg\" alt=\"\u00a1Profetice a su naci\u00f3n!\" height=\"800\" width=\"800\" title=\"\u00a1Profetice a su naci\u00f3n!\" onerror=\"this.style.display='none'\" loading=\"lazy\" \/>\n\t<\/figure>\n<figure itemscope itemtype=\"https:\/\/schema.org\/ImageObject\">\n\t\t\t\t<img decoding=\"async\" src=\"https:\/\/aglow.org\/wp-content\/uploads\/2025\/12\/hosanna-SP-2.jpg\" alt=\"hosanna-SP\" height=\"800\" width=\"800\" title=\"hosanna-SP\" onerror=\"this.style.display='none'\" loading=\"lazy\" \/>\n\t<\/figure>\n<figure itemscope itemtype=\"https:\/\/schema.org\/ImageObject\">\n\t\t\t\t<img decoding=\"async\" src=\"https:\/\/aglow.org\/wp-content\/uploads\/2025\/10\/revival-SP-1.jpg\" alt=\"\u00a1El avivamiento est\u00e1 aqu\u00ed!\" height=\"800\" width=\"800\" title=\"\u00a1El avivamiento est\u00e1 aqu\u00ed!\" onerror=\"this.style.display='none'\" loading=\"lazy\" \/>\n\t<\/figure>\n<figure itemscope itemtype=\"https:\/\/schema.org\/ImageObject\">\n\t\t\t\t<img decoding=\"async\" src=\"https:\/\/aglow.org\/wp-content\/uploads\/2025\/09\/finished-SP.jpg\" alt=\"Consumado es\" height=\"800\" width=\"800\" title=\"finished-SP\" onerror=\"this.style.display='none'\" loading=\"lazy\" \/>\n\t<\/figure>\n<figure itemscope itemtype=\"https:\/\/schema.org\/ImageObject\">\n\t\t\t\t<img decoding=\"async\" src=\"https:\/\/aglow.org\/wp-content\/uploads\/2025\/08\/champions-SP.jpg\" alt=\"Campeones\" height=\"1200\" width=\"1200\" title=\"champions-SP\" onerror=\"this.style.display='none'\" loading=\"lazy\" \/>\n\t<\/figure>\n<figure itemscope itemtype=\"https:\/\/schema.org\/ImageObject\">\n\t\t\t\t<img decoding=\"async\" src=\"https:\/\/aglow.org\/wp-content\/uploads\/2025\/07\/right-SP.jpg\" alt=\"right-SP\" height=\"800\" width=\"800\" title=\"right-SP\" onerror=\"this.style.display='none'\" loading=\"lazy\" \/>\n\t<\/figure>\n<figure itemscope itemtype=\"https:\/\/schema.org\/ImageObject\">\n\t\t\t\t<img decoding=\"async\" src=\"https:\/\/aglow.org\/wp-content\/uploads\/2025\/06\/Called-SP.jpg\" alt=\"Called-SP\" height=\"800\" width=\"800\" title=\"Called-SP\" onerror=\"this.style.display='none'\" loading=\"lazy\" \/>\n\t<\/figure>\n<figure itemscope itemtype=\"https:\/\/schema.org\/ImageObject\">\n\t\t\t\t<img decoding=\"async\" src=\"https:\/\/aglow.org\/wp-content\/uploads\/2025\/05\/awakening-SP.jpg\" alt=\"Despertar\" height=\"800\" width=\"800\" title=\"awakening-SP\" onerror=\"this.style.display='none'\" loading=\"lazy\" \/>\n\t<\/figure>\n<figure itemscope itemtype=\"https:\/\/schema.org\/ImageObject\">\n\t\t\t\t<img decoding=\"async\" src=\"https:\/\/aglow.org\/wp-content\/uploads\/2025\/04\/strategies-SP.jpg\" alt=\"strategies-SP\" height=\"800\" width=\"800\" title=\"strategies-SP\" onerror=\"this.style.display='none'\" loading=\"lazy\" \/>\n\t<\/figure>\n<figure itemscope itemtype=\"https:\/\/schema.org\/ImageObject\">\n\t\t\t\t<img decoding=\"async\" src=\"https:\/\/aglow.org\/wp-content\/uploads\/2025\/07\/call-SP.jpg\" alt=\"call-SP\" height=\"800\" width=\"800\" title=\"call-SP\" onerror=\"this.style.display='none'\" loading=\"lazy\" \/>\n\t<\/figure>\n<figure itemscope itemtype=\"https:\/\/schema.org\/ImageObject\">\n\t\t\t\t<img decoding=\"async\" src=\"https:\/\/aglow.org\/wp-content\/uploads\/2025\/08\/strength-of-the-word-SP.jpg\" alt=\"strength-of-the-word-SP\" height=\"800\" width=\"800\" title=\"strength-of-the-word-SP\" onerror=\"this.style.display='none'\" loading=\"lazy\" \/>\n\t<\/figure>\n<figure itemscope itemtype=\"https:\/\/schema.org\/ImageObject\">\n\t\t\t\t<img decoding=\"async\" src=\"https:\/\/aglow.org\/wp-content\/uploads\/2025\/08\/portion-SP.jpg\" alt=\"portion-SP\" height=\"800\" width=\"800\" title=\"portion-SP\" onerror=\"this.style.display='none'\" loading=\"lazy\" \/>\n\t<\/figure>\n<figure itemscope itemtype=\"https:\/\/schema.org\/ImageObject\">\n\t\t\t\t<img decoding=\"async\" src=\"https:\/\/aglow.org\/wp-content\/uploads\/2025\/08\/legislation-SP.jpg\" alt=\"legislation-SP\" height=\"800\" width=\"800\" title=\"legislation-SP\" onerror=\"this.style.display='none'\" loading=\"lazy\" \/>\n\t<\/figure>\n<figure itemscope itemtype=\"https:\/\/schema.org\/ImageObject\">\n\t\t\t\t<img decoding=\"async\" src=\"https:\/\/aglow.org\/wp-content\/uploads\/2025\/08\/belongs-SP.jpg\" alt=\"belongs-SP\" height=\"800\" width=\"800\" title=\"belongs-SP\" onerror=\"this.style.display='none'\" loading=\"lazy\" \/>\n\t<\/figure>\n<figure itemscope itemtype=\"https:\/\/schema.org\/ImageObject\">\n\t\t\t\t<img decoding=\"async\" src=\"https:\/\/aglow.org\/wp-content\/uploads\/2025\/08\/steady-SP.jpg\" alt=\"steady-SP\" height=\"800\" width=\"800\" title=\"steady-SP\" onerror=\"this.style.display='none'\" loading=\"lazy\" \/>\n\t<\/figure>\n<figure itemscope itemtype=\"https:\/\/schema.org\/ImageObject\">\n\t\t\t\t<img decoding=\"async\" src=\"https:\/\/aglow.org\/wp-content\/uploads\/2025\/08\/reap-SP.jpg\" alt=\"reap-SP\" height=\"1200\" width=\"1200\" title=\"reap-SP\" onerror=\"this.style.display='none'\" loading=\"lazy\" \/>\n\t<\/figure>\n<figure itemscope itemtype=\"https:\/\/schema.org\/ImageObject\">\n\t\t\t\t<img decoding=\"async\" src=\"https:\/\/aglow.org\/wp-content\/uploads\/2025\/08\/Grief-SP.jpg\" alt=\"Grief-SP\" height=\"800\" width=\"800\" title=\"Grief-SP\" onerror=\"this.style.display='none'\" loading=\"lazy\" \/>\n\t<\/figure>\n<figure itemscope itemtype=\"https:\/\/schema.org\/ImageObject\">\n\t\t\t\t<img decoding=\"async\" src=\"https:\/\/aglow.org\/wp-content\/uploads\/2025\/08\/OneWithIsrael-SP.jpg\" alt=\"OneWithIsrael-SP\" height=\"800\" width=\"800\" title=\"OneWithIsrael-SP\" onerror=\"this.style.display='none'\" loading=\"lazy\" \/>\n\t<\/figure>\n<figure itemscope itemtype=\"https:\/\/schema.org\/ImageObject\">\n\t\t\t\t<img decoding=\"async\" src=\"https:\/\/aglow.org\/wp-content\/uploads\/2025\/08\/trust-SP.jpg\" alt=\"trust-SP\" height=\"800\" width=\"800\" title=\"trust-SP\" onerror=\"this.style.display='none'\" loading=\"lazy\" \/>\n\t<\/figure>\n<figure itemscope itemtype=\"https:\/\/schema.org\/ImageObject\">\n\t\t\t\t<img decoding=\"async\" src=\"https:\/\/aglow.org\/wp-content\/uploads\/2025\/08\/sound-SP.jpg\" alt=\"sound-SP\" height=\"800\" width=\"800\" title=\"sound-SP\" onerror=\"this.style.display='none'\" loading=\"lazy\" \/>\n\t<\/figure>\n<figure itemscope itemtype=\"https:\/\/schema.org\/ImageObject\">\n\t\t\t\t<img decoding=\"async\" src=\"https:\/\/aglow.org\/wp-content\/uploads\/2025\/08\/shake-SP.jpg\" alt=\"shake-SP\" height=\"800\" width=\"800\" title=\"shake-SP\" onerror=\"this.style.display='none'\" loading=\"lazy\" \/>\n\t<\/figure>\n<figure itemscope itemtype=\"https:\/\/schema.org\/ImageObject\">\n\t\t\t\t<img decoding=\"async\" src=\"https:\/\/aglow.org\/wp-content\/uploads\/2025\/08\/share-SP.jpg\" alt=\"share-SP\" height=\"800\" width=\"800\" title=\"share-SP\" onerror=\"this.style.display='none'\" loading=\"lazy\" \/>\n\t<\/figure>\n<figure itemscope itemtype=\"https:\/\/schema.org\/ImageObject\">\n\t\t\t\t<img decoding=\"async\" src=\"https:\/\/aglow.org\/wp-content\/uploads\/2025\/08\/fire-glory-SP.jpg\" alt=\"fire-glory-SP\" height=\"800\" width=\"800\" title=\"fire-glory-SP\" onerror=\"this.style.display='none'\" loading=\"lazy\" \/>\n\t<\/figure>\n<figure itemscope itemtype=\"https:\/\/schema.org\/ImageObject\">\n\t\t\t\t<img decoding=\"async\" src=\"https:\/\/aglow.org\/wp-content\/uploads\/2025\/08\/song-SP.jpg\" alt=\"song-SP\" height=\"800\" width=\"800\" title=\"song-SP\" onerror=\"this.style.display='none'\" loading=\"lazy\" \/>\n\t<\/figure>\n<figure itemscope itemtype=\"https:\/\/schema.org\/ImageObject\">\n\t\t\t\t<img decoding=\"async\" src=\"https:\/\/aglow.org\/wp-content\/uploads\/2025\/08\/night-season-SP.jpg\" alt=\"night-season-SP\" height=\"800\" width=\"800\" title=\"night-season-SP\" onerror=\"this.style.display='none'\" loading=\"lazy\" \/>\n\t<\/figure>\n<figure itemscope itemtype=\"https:\/\/schema.org\/ImageObject\">\n\t\t\t\t<img decoding=\"async\" src=\"https:\/\/aglow.org\/wp-content\/uploads\/2025\/08\/Zion-SP.jpg\" alt=\"Zion-SP\" height=\"800\" width=\"800\" title=\"Zion-SP\" onerror=\"this.style.display='none'\" loading=\"lazy\" \/>\n\t<\/figure>\n<figure itemscope itemtype=\"https:\/\/schema.org\/ImageObject\">\n\t\t\t\t<img decoding=\"async\" src=\"https:\/\/aglow.org\/wp-content\/uploads\/2025\/08\/AppleOfHIsEye-SP.jpg\" alt=\"AppleOfHIsEye-SP\" height=\"800\" width=\"800\" title=\"AppleOfHIsEye-SP\" onerror=\"this.style.display='none'\" loading=\"lazy\" \/>\n\t<\/figure>\n<figure itemscope itemtype=\"https:\/\/schema.org\/ImageObject\">\n\t\t\t\t<img decoding=\"async\" src=\"https:\/\/aglow.org\/wp-content\/uploads\/2025\/08\/established-SP.jpg\" alt=\"established-SP\" height=\"800\" width=\"800\" title=\"established-SP\" onerror=\"this.style.display='none'\" loading=\"lazy\" \/>\n\t<\/figure>\n<figure itemscope itemtype=\"https:\/\/schema.org\/ImageObject\">\n\t\t\t\t<img decoding=\"async\" src=\"https:\/\/aglow.org\/wp-content\/uploads\/2025\/08\/open-SP.jpg\" alt=\"open-SP\" height=\"800\" width=\"800\" title=\"open-SP\" onerror=\"this.style.display='none'\" loading=\"lazy\" \/>\n\t<\/figure>\n\n","protected":false},"excerpt":{"rendered":"<p>Im\u00e1genes para compartir Comparte estos gr\u00e1ficos en reuniones y conferencias de Aglow, en Facebook y otras redes sociales. Para descargarlos, haz clic derecho en la imagen y selecciona \u00abGuardar imagen como\u00ab.<\/p>\n","protected":false},"author":3,"featured_media":0,"parent":0,"menu_order":0,"comment_status":"closed","ping_status":"closed","template":"","meta":{"footnotes":""},"class_list":["post-3184","page","type-page","status-publish","hentry"],"yoast_head":"<!-- This site is optimized with the Yoast SEO plugin v27.4 - https:\/\/yoast.com\/product\/yoast-seo-wordpress\/ -->\n<title>Im\u00e1genes para compartir - Aglow International<\/title>\n<meta name=\"robots\" content=\"index, follow, max-snippet:-1, max-image-preview:large, max-video-preview:-1\" \/>\n<link rel=\"canonical\" href=\"https:\/\/aglow.org\/es\/imagenes-para-compartir\/\" \/>\n<meta property=\"og:locale\" content=\"es_ES\" \/>\n<meta property=\"og:type\" content=\"article\" \/>\n<meta property=\"og:title\" content=\"Im\u00e1genes para compartir - Aglow International\" \/>\n<meta property=\"og:description\" content=\"Im\u00e1genes para compartir Comparte estos gr\u00e1ficos en reuniones y conferencias de Aglow, en Facebook y otras redes sociales. Para descargarlos, haz clic derecho en la imagen y selecciona \u00abGuardar imagen como\u00ab.\" \/>\n<meta property=\"og:url\" content=\"https:\/\/aglow.org\/es\/imagenes-para-compartir\/\" \/>\n<meta property=\"og:site_name\" content=\"Aglow International\" \/>\n<meta property=\"article:modified_time\" content=\"2026-03-25T20:40:25+00:00\" \/>\n<meta property=\"og:image\" content=\"https:\/\/aglow.org\/wp-content\/uploads\/2026\/03\/standard-SP.jpg\" \/>\n<meta name=\"twitter:card\" content=\"summary_large_image\" \/>\n<meta name=\"twitter:label1\" content=\"Tiempo de lectura\" \/>\n\t<meta name=\"twitter:data1\" content=\"7 minutos\" \/>\n<script type=\"application\/ld+json\" class=\"yoast-schema-graph\">{\"@context\":\"https:\\\/\\\/schema.org\",\"@graph\":[{\"@type\":\"WebPage\",\"@id\":\"https:\\\/\\\/aglow.org\\\/es\\\/imagenes-para-compartir\\\/\",\"url\":\"https:\\\/\\\/aglow.org\\\/es\\\/imagenes-para-compartir\\\/\",\"name\":\"Im\u00e1genes para compartir - Aglow International\",\"isPartOf\":{\"@id\":\"https:\\\/\\\/aglow.org\\\/es\\\/#website\"},\"primaryImageOfPage\":{\"@id\":\"https:\\\/\\\/aglow.org\\\/es\\\/imagenes-para-compartir\\\/#primaryimage\"},\"image\":{\"@id\":\"https:\\\/\\\/aglow.org\\\/es\\\/imagenes-para-compartir\\\/#primaryimage\"},\"thumbnailUrl\":\"https:\\\/\\\/aglow.org\\\/wp-content\\\/uploads\\\/2026\\\/03\\\/standard-SP.jpg\",\"datePublished\":\"2025-04-11T19:21:22+00:00\",\"dateModified\":\"2026-03-25T20:40:25+00:00\",\"breadcrumb\":{\"@id\":\"https:\\\/\\\/aglow.org\\\/es\\\/imagenes-para-compartir\\\/#breadcrumb\"},\"inLanguage\":\"es\",\"potentialAction\":[{\"@type\":\"ReadAction\",\"target\":[\"https:\\\/\\\/aglow.org\\\/es\\\/imagenes-para-compartir\\\/\"]}]},{\"@type\":\"ImageObject\",\"inLanguage\":\"es\",\"@id\":\"https:\\\/\\\/aglow.org\\\/es\\\/imagenes-para-compartir\\\/#primaryimage\",\"url\":\"https:\\\/\\\/aglow.org\\\/wp-content\\\/uploads\\\/2026\\\/03\\\/standard-SP.jpg\",\"contentUrl\":\"https:\\\/\\\/aglow.org\\\/wp-content\\\/uploads\\\/2026\\\/03\\\/standard-SP.jpg\"},{\"@type\":\"BreadcrumbList\",\"@id\":\"https:\\\/\\\/aglow.org\\\/es\\\/imagenes-para-compartir\\\/#breadcrumb\",\"itemListElement\":[{\"@type\":\"ListItem\",\"position\":1,\"name\":\"Home\",\"item\":\"https:\\\/\\\/aglow.org\\\/es\\\/\"},{\"@type\":\"ListItem\",\"position\":2,\"name\":\"Im\u00e1genes para compartir\"}]},{\"@type\":\"WebSite\",\"@id\":\"https:\\\/\\\/aglow.org\\\/es\\\/#website\",\"url\":\"https:\\\/\\\/aglow.org\\\/es\\\/\",\"name\":\"Aglow International\",\"description\":\"\",\"publisher\":{\"@id\":\"https:\\\/\\\/aglow.org\\\/es\\\/#organization\"},\"potentialAction\":[{\"@type\":\"SearchAction\",\"target\":{\"@type\":\"EntryPoint\",\"urlTemplate\":\"https:\\\/\\\/aglow.org\\\/es\\\/?s={search_term_string}\"},\"query-input\":{\"@type\":\"PropertyValueSpecification\",\"valueRequired\":true,\"valueName\":\"search_term_string\"}}],\"inLanguage\":\"es\"},{\"@type\":\"Organization\",\"@id\":\"https:\\\/\\\/aglow.org\\\/es\\\/#organization\",\"name\":\"Aglow International\",\"url\":\"https:\\\/\\\/aglow.org\\\/es\\\/\",\"logo\":{\"@type\":\"ImageObject\",\"inLanguage\":\"es\",\"@id\":\"https:\\\/\\\/aglow.org\\\/es\\\/#\\\/schema\\\/logo\\\/image\\\/\",\"url\":\"https:\\\/\\\/aglow.org\\\/wp-content\\\/uploads\\\/2025\\\/04\\\/Aglow_logo_orange_800px.png\",\"contentUrl\":\"https:\\\/\\\/aglow.org\\\/wp-content\\\/uploads\\\/2025\\\/04\\\/Aglow_logo_orange_800px.png\",\"width\":800,\"height\":302,\"caption\":\"Aglow International\"},\"image\":{\"@id\":\"https:\\\/\\\/aglow.org\\\/es\\\/#\\\/schema\\\/logo\\\/image\\\/\"}}]}<\/script>\n<!-- \/ Yoast SEO plugin. -->","yoast_head_json":{"title":"Im\u00e1genes para compartir - Aglow International","robots":{"index":"index","follow":"follow","max-snippet":"max-snippet:-1","max-image-preview":"max-image-preview:large","max-video-preview":"max-video-preview:-1"},"canonical":"https:\/\/aglow.org\/es\/imagenes-para-compartir\/","og_locale":"es_ES","og_type":"article","og_title":"Im\u00e1genes para compartir - Aglow International","og_description":"Im\u00e1genes para compartir Comparte estos gr\u00e1ficos en reuniones y conferencias de Aglow, en Facebook y otras redes sociales. Para descargarlos, haz clic derecho en la imagen y selecciona \u00abGuardar imagen como\u00ab.","og_url":"https:\/\/aglow.org\/es\/imagenes-para-compartir\/","og_site_name":"Aglow International","article_modified_time":"2026-03-25T20:40:25+00:00","og_image":[{"url":"https:\/\/aglow.org\/wp-content\/uploads\/2026\/03\/standard-SP.jpg","type":"","width":"","height":""}],"twitter_card":"summary_large_image","twitter_misc":{"Tiempo de lectura":"7 minutos"},"schema":{"@context":"https:\/\/schema.org","@graph":[{"@type":"WebPage","@id":"https:\/\/aglow.org\/es\/imagenes-para-compartir\/","url":"https:\/\/aglow.org\/es\/imagenes-para-compartir\/","name":"Im\u00e1genes para compartir - Aglow International","isPartOf":{"@id":"https:\/\/aglow.org\/es\/#website"},"primaryImageOfPage":{"@id":"https:\/\/aglow.org\/es\/imagenes-para-compartir\/#primaryimage"},"image":{"@id":"https:\/\/aglow.org\/es\/imagenes-para-compartir\/#primaryimage"},"thumbnailUrl":"https:\/\/aglow.org\/wp-content\/uploads\/2026\/03\/standard-SP.jpg","datePublished":"2025-04-11T19:21:22+00:00","dateModified":"2026-03-25T20:40:25+00:00","breadcrumb":{"@id":"https:\/\/aglow.org\/es\/imagenes-para-compartir\/#breadcrumb"},"inLanguage":"es","potentialAction":[{"@type":"ReadAction","target":["https:\/\/aglow.org\/es\/imagenes-para-compartir\/"]}]},{"@type":"ImageObject","inLanguage":"es","@id":"https:\/\/aglow.org\/es\/imagenes-para-compartir\/#primaryimage","url":"https:\/\/aglow.org\/wp-content\/uploads\/2026\/03\/standard-SP.jpg","contentUrl":"https:\/\/aglow.org\/wp-content\/uploads\/2026\/03\/standard-SP.jpg"},{"@type":"BreadcrumbList","@id":"https:\/\/aglow.org\/es\/imagenes-para-compartir\/#breadcrumb","itemListElement":[{"@type":"ListItem","position":1,"name":"Home","item":"https:\/\/aglow.org\/es\/"},{"@type":"ListItem","position":2,"name":"Im\u00e1genes para compartir"}]},{"@type":"WebSite","@id":"https:\/\/aglow.org\/es\/#website","url":"https:\/\/aglow.org\/es\/","name":"Aglow International","description":"","publisher":{"@id":"https:\/\/aglow.org\/es\/#organization"},"potentialAction":[{"@type":"SearchAction","target":{"@type":"EntryPoint","urlTemplate":"https:\/\/aglow.org\/es\/?s={search_term_string}"},"query-input":{"@type":"PropertyValueSpecification","valueRequired":true,"valueName":"search_term_string"}}],"inLanguage":"es"},{"@type":"Organization","@id":"https:\/\/aglow.org\/es\/#organization","name":"Aglow International","url":"https:\/\/aglow.org\/es\/","logo":{"@type":"ImageObject","inLanguage":"es","@id":"https:\/\/aglow.org\/es\/#\/schema\/logo\/image\/","url":"https:\/\/aglow.org\/wp-content\/uploads\/2025\/04\/Aglow_logo_orange_800px.png","contentUrl":"https:\/\/aglow.org\/wp-content\/uploads\/2025\/04\/Aglow_logo_orange_800px.png","width":800,"height":302,"caption":"Aglow International"},"image":{"@id":"https:\/\/aglow.org\/es\/#\/schema\/logo\/image\/"}}]}},"_links":{"self":[{"href":"https:\/\/aglow.org\/es\/wp-json\/wp\/v2\/pages\/3184","targetHints":{"allow":["GET"]}}],"collection":[{"href":"https:\/\/aglow.org\/es\/wp-json\/wp\/v2\/pages"}],"about":[{"href":"https:\/\/aglow.org\/es\/wp-json\/wp\/v2\/types\/page"}],"author":[{"embeddable":true,"href":"https:\/\/aglow.org\/es\/wp-json\/wp\/v2\/users\/3"}],"replies":[{"embeddable":true,"href":"https:\/\/aglow.org\/es\/wp-json\/wp\/v2\/comments?post=3184"}],"version-history":[{"count":11,"href":"https:\/\/aglow.org\/es\/wp-json\/wp\/v2\/pages\/3184\/revisions"}],"predecessor-version":[{"id":8006,"href":"https:\/\/aglow.org\/es\/wp-json\/wp\/v2\/pages\/3184\/revisions\/8006"}],"wp:attachment":[{"href":"https:\/\/aglow.org\/es\/wp-json\/wp\/v2\/media?parent=3184"}],"curies":[{"name":"wp","href":"https:\/\/api.w.org\/{rel}","templated":true}]}}